{"id":562,"date":"2022-03-22T18:29:47","date_gmt":"2022-03-22T18:29:47","guid":{"rendered":"https:\/\/shroomschocolatebars.com\/?post_type=product&#038;p=562"},"modified":"2024-09-01T01:05:14","modified_gmt":"2024-09-01T01:05:14","slug":"champignons-magiques-blue-magnolia","status":"publish","type":"product","link":"https:\/\/shroomschocolatebars.com\/fr\/product\/blue-magnolia-magic-mushrooms\/","title":{"rendered":"Champignons magiques Blue Magnolia"},"content":{"rendered":"<h2><strong>Acheter des champignons magiques Blue Magnolia en ligne<\/strong><\/h2>\n<p>Bienvenue dans notre s\u00e9lection exclusive de champignons magiques Blue Magnolia, une vari\u00e9t\u00e9 rare et tr\u00e8s recherch\u00e9e, connue pour ses effets puissants et son attrait visuel unique. Que vous soyez un psychonaute chevronn\u00e9 ou que vous exploriez le monde des champignons magiques pour la premi\u00e8re fois, Blue Magnolia vous promet un voyage d'illumination, de cr\u00e9ativit\u00e9 et d'introspection profonde.<\/p>\n<h3><strong>Qu'est-ce que les champignons magiques Blue Magnolia ?<\/strong><\/h3>\n<p>Les champignons magiques Blue Magnolia, scientifiquement connus sous le nom de <strong>Psilocybe Cubensis<\/strong>Les champignons de Paris sont une nouvelle souche extr\u00eamement puissante d\u00e9velopp\u00e9e \u00e0 partir d'\u00e9chantillons sauvages du Mississippi collect\u00e9s en 2011 par les mycologues Doc et Mycotek. Ces champignons se distinguent par leur chapeau bleu\u00e2tre avec des taches de rouille et des tiges \u00e9paisses, offrant une exp\u00e9rience visuelle et sensorielle unique.<\/p>\n<h3><strong>Caract\u00e9ristiques principales :<\/strong><\/h3>\n<ul>\n<li><strong>Souche :<\/strong> Magnolia bleu<\/li>\n<li><strong>Puissance :<\/strong> High, comparable \u00e0 la c\u00e9l\u00e8bre vari\u00e9t\u00e9 Penis Envy<\/li>\n<li><strong>Effets :<\/strong> Visuels saisissants, sens exacerb\u00e9s, exp\u00e9riences spirituelles et introspectives<\/li>\n<li><strong>Forme :<\/strong> Capsules et tiges s\u00e9ch\u00e9es de premi\u00e8re qualit\u00e9<\/li>\n<\/ul>\n<h3><strong>Effets des champignons magiques Blue Magnolia<\/strong><\/h3>\n<p>Les champignons magiques Blue Magnolia sont r\u00e9put\u00e9s pour leurs effets psychoactifs puissants. Les utilisateurs font souvent \u00e9tat d'hallucinations visuelles vives, de perceptions sensorielles accrues et d'intuitions spirituelles profondes. Les effets peuvent varier en fonction du dosage :<\/p>\n<ul>\n<li><strong>Microdose (0,2-0,5g) :<\/strong> Am\u00e9lioration subtile de l'humeur, augmentation de la cr\u00e9ativit\u00e9 et de la productivit\u00e9 sans hallucinations.<\/li>\n<li><strong>Faible dose (0,5-1,0 g) :<\/strong> Alt\u00e9rations visuelles et sensorielles l\u00e9g\u00e8res, id\u00e9ales pour les activit\u00e9s sociales et cr\u00e9atives.<\/li>\n<li><strong>Dose moyenne (1,0-2,0 g) :<\/strong> Des images fortes, de l'euphorie, une profonde introspection et un sentiment d'appartenance.<\/li>\n<li><strong>High Dose (2.5\u20135.0 g):<\/strong> Hallucinations intenses, possibilit\u00e9 de mort de l'ego et exp\u00e9riences spirituelles profondes.<\/li>\n<\/ul>\n<h3><strong>Pourquoi choisir les champignons magiques Blue Magnolia ?<\/strong><\/h3>\n<ol>\n<li><strong>Grande puissance :<\/strong> Le Blue Magnolia est connu pour ses effets puissants, ce qui en fait un favori parmi les utilisateurs exp\u00e9riment\u00e9s \u00e0 la recherche d'un voyage psych\u00e9d\u00e9lique puissant.<\/li>\n<li><strong>Avantages th\u00e9rapeutiques :<\/strong> Les utilisateurs ont fait \u00e9tat d'un soulagement du stress, de l'anxi\u00e9t\u00e9 et de la d\u00e9pression. Ces champignons favorisent \u00e9galement la cr\u00e9ativit\u00e9 et l'introspection.<\/li>\n<li><strong>Rare et exclusif :<\/strong> Cette vari\u00e9t\u00e9 est relativement nouvelle et rare sur le march\u00e9, offrant une exp\u00e9rience unique aux amateurs de champignons.<\/li>\n<\/ol>\n<h3><strong>Pourquoi nous choisir ?<\/strong><\/h3>\n<p>Chez shroomschocolatebars, nous sommes fiers de ne fournir que les meilleurs champignons magiques Penis Envy. Notre engagement envers la qualit\u00e9 et la satisfaction du client nous distingue. Nous offrons :<\/p>\n<ul>\n<li><strong>Transparence :<\/strong>\u00a0Full details about our cultivation process and third-party testing results ensure you know exactly what you\u2019re getting.<\/li>\n<li><strong><a href=\"https:\/\/shroomschocolatebars.com\/fr\/politique-dexpedition\/\">Exp\u00e9dition discr\u00e8te<\/a>:<\/strong>\u00a0Nous accordons la priorit\u00e9 \u00e0 la protection de votre vie priv\u00e9e gr\u00e2ce \u00e0 un emballage discret et \u00e0 des m\u00e9thodes d'exp\u00e9dition s\u00e9curis\u00e9es.<\/li>\n<li><strong><a href=\"https:\/\/shroomschocolatebars.com\/fr\/nous-contacter\/\">Soutien \u00e0 la client\u00e8le<\/a>:<\/strong> Notre \u00e9quipe d'assistance \u00e0 la client\u00e8le, comp\u00e9tente et amicale, est \u00e0 votre disposition pour r\u00e9pondre \u00e0 toutes vos questions.<\/li>\n<\/ul>\n<h3><strong>Conseils de dosage<\/strong><\/h3>\n<p>En raison de leur puissance \u00e9lev\u00e9e, il est essentiel de commencer par une faible dose afin d'\u00e9valuer votre tol\u00e9rance :<\/p>\n<ul>\n<li><strong>Microdose (0,2-0,5g) :<\/strong> Id\u00e9al pour les d\u00e9butants qui cherchent \u00e0 am\u00e9liorer leur humeur et leur cr\u00e9ativit\u00e9 sans effets intenses.<\/li>\n<li><strong>Petite dose (0,5-1,0g) :<\/strong> Convient \u00e0 ceux qui recherchent des effets l\u00e9gers \u00e0 mod\u00e9r\u00e9s, y compris des am\u00e9liorations visuelles et sensorielles.<\/li>\n<li><strong>Dose moyenne (1,0-2,0 g) :<\/strong> Pour une exp\u00e9rience psych\u00e9d\u00e9lique compl\u00e8te avec des images fortes et une profonde introspection.<\/li>\n<li><strong>Dose forte (2,5-5,0g) :<\/strong> Recommand\u00e9 aux utilisateurs exp\u00e9riment\u00e9s \u00e0 la recherche d'un voyage profond, susceptible de changer leur vie.<\/li>\n<\/ul>\n<h3><strong>Achat en ligne s\u00fbr et s\u00e9curis\u00e9<\/strong><\/h3>\n<p>Nous offrons une exp\u00e9rience d'achat en ligne pratique et discr\u00e8te pour les champignons magiques Blue Magnolia. Nos produits sont test\u00e9s en laboratoire pour leur qualit\u00e9 et leur puissance, ce qui vous assure de recevoir le meilleur produit possible. Profitez d'une exp\u00e9dition rapide et s\u00e9curis\u00e9e avec une livraison gratuite pour les commandes de plus de $50 au Canada.<\/p>\n<h3><strong>Satisfaction des clients<\/strong><\/h3>\n<p>Nous sommes fiers de la satisfaction de nos clients et fournissons des instructions d\u00e9taill\u00e9es sur la posologie et la s\u00e9curit\u00e9 pour chaque achat. Nos emballages sont scell\u00e9s sous vide pour garantir une fra\u00eecheur optimale et une livraison discr\u00e8te.<\/p>\n<h3><strong>Comment acheter des champignons magiques Blue Magnolia<\/strong><\/h3>\n<p>L'achat de champignons magiques Blue Magnolia est simple et s\u00e9curis\u00e9. Choisissez parmi diff\u00e9rentes quantit\u00e9s pour r\u00e9pondre \u00e0 vos besoins :<\/p>\n<ul>\n<li><strong>3.5g<\/strong><\/li>\n<li><strong>7g<\/strong><\/li>\n<li><strong>14g<\/strong><\/li>\n<li><strong>28g<\/strong><\/li>\n<\/ul>\n<p>Chaque achat est accompagn\u00e9 d'instructions d'utilisation d\u00e9taill\u00e9es et de pr\u00e9cautions de s\u00e9curit\u00e9 afin de garantir une exp\u00e9rience s\u00fbre et agr\u00e9able.<\/p>\n<h3><strong>Conclusion<\/strong><\/h3>\n<p>Laissez-vous tenter par l'exp\u00e9rience unique et puissante des champignons magiques Blue Magnolia. Que vous recherchiez des bienfaits th\u00e9rapeutiques, une am\u00e9lioration cr\u00e9ative ou un profond voyage spirituel, Blue Magnolia offre une option polyvalente et puissante. Achetez maintenant et \u00e9levez votre exp\u00e9rience psych\u00e9d\u00e9lique avec l'\u00e9l\u00e9gance et la perspicacit\u00e9 que seul Blue Magnolia peut offrir.<\/p>","protected":false},"excerpt":{"rendered":"<p><strong>Acheter les meilleurs champignons magiques Blue Magnolia<\/strong><\/p>\n<p><strong><u>Achetez plus, \u00e9conomisez plus :<\/u><\/strong><\/p>\n<ul>\n<li>28 grammes = $170<\/li>\n<\/ul>\n<p><strong>D\u00e9tails de l'exp\u00e9dition<\/strong>:<\/p>\n<ul>\n<li>Exp\u00e9dition acc\u00e9l\u00e9r\u00e9e gratuite<\/li>\n<li>Nous exp\u00e9dions dans le monde entier avec un num\u00e9ro de suivi fourni<\/li>\n<li>Emballage discret et scell\u00e9 sous vide pour pr\u00e9server votre vie priv\u00e9e<\/li>\n<\/ul>","protected":false},"featured_media":1043,"comment_status":"open","ping_status":"closed","template":"","meta":[],"product_brand":[],"product_cat":[45],"product_tag":[],"class_list":{"0":"post-562","1":"product","2":"type-product","3":"status-publish","4":"has-post-thumbnail","6":"product_cat-magic-mushroom","8":"first","9":"instock","10":"shipping-taxable","11":"purchasable","12":"product-type-simple"},"jetpack_sharing_enabled":true,"_links":{"self":[{"href":"https:\/\/shroomschocolatebars.com\/fr\/wp-json\/wp\/v2\/product\/562","targetHints":{"allow":["GET"]}}],"collection":[{"href":"https:\/\/shroomschocolatebars.com\/fr\/wp-json\/wp\/v2\/product"}],"about":[{"href":"https:\/\/shroomschocolatebars.com\/fr\/wp-json\/wp\/v2\/types\/product"}],"replies":[{"embeddable":true,"href":"https:\/\/shroomschocolatebars.com\/fr\/wp-json\/wp\/v2\/comments?post=562"}],"wp:featuredmedia":[{"embeddable":true,"href":"https:\/\/shroomschocolatebars.com\/fr\/wp-json\/wp\/v2\/media\/1043"}],"wp:attachment":[{"href":"https:\/\/shroomschocolatebars.com\/fr\/wp-json\/wp\/v2\/media?parent=562"}],"wp:term":[{"taxonomy":"product_brand","embeddable":true,"href":"https:\/\/shroomschocolatebars.com\/fr\/wp-json\/wp\/v2\/product_brand?post=562"},{"taxonomy":"product_cat","embeddable":true,"href":"https:\/\/shroomschocolatebars.com\/fr\/wp-json\/wp\/v2\/product_cat?post=562"},{"taxonomy":"product_tag","embeddable":true,"href":"https:\/\/shroomschocolatebars.com\/fr\/wp-json\/wp\/v2\/product_tag?post=562"}],"curies":[{"name":"wp","href":"https:\/\/api.w.org\/{rel}","templated":true}]}}