{"id":539,"date":"2022-03-22T05:52:45","date_gmt":"2022-03-22T05:52:45","guid":{"rendered":"https:\/\/shroomschocolatebars.com\/?post_type=product&#038;p=539"},"modified":"2024-09-01T01:05:17","modified_gmt":"2024-09-01T01:05:17","slug":"champignons-albinos-magiques","status":"publish","type":"product","link":"https:\/\/shroomschocolatebars.com\/fr\/product\/avery-albino-magic-mushrooms\/","title":{"rendered":"Champignons magiques Avery Albino"},"content":{"rendered":"<h2><strong>Acheter des champignons magiques Avery Albino<\/strong><\/h2>\n<p>Les champignons magiques Avery Albino sont une souche exceptionnelle et rare de Psilocybe cubensis qui se distingue par son apparence unique et ses effets puissants. Ce guide offre un aper\u00e7u approfondi du monde fascinant des champignons magiques Avery Albino, parfait pour les passionn\u00e9s et les novices dans le domaine des psych\u00e9d\u00e9liques.<\/p>\n<h3><strong>Apparence et g\u00e9n\u00e9tique uniques<\/strong><\/h3>\n<p>Avery Albino Magic Mushrooms are true albino shrooms, devoid of any pigment, which gives them a strikingly beautiful white appearance. They are a rare albino mutation of the Cambodian strain, known for their eye-catching bag appeal. This visual appeal is not only for show but is indicative of the meticulous cultivation process these mushrooms undergo\u200b<span class=\"\" data-state=\"closed\"><span class=\"text-token-text-secondary\"><br \/>\n<\/span><\/span><\/p>\n<h3><strong>Pourquoi nous choisir ?<\/strong><\/h3>\n<p>Chez shroomschocolatebars, nous sommes fiers de ne fournir que les meilleurs champignons magiques Penis Envy. Notre engagement envers la qualit\u00e9 et la satisfaction du client nous distingue. Nous offrons :<\/p>\n<ul>\n<li><strong>Transparence :<\/strong>\u00a0Full details about our cultivation process and third-party testing results ensure you know exactly what you\u2019re getting.<\/li>\n<li><strong><a href=\"https:\/\/shroomschocolatebars.com\/fr\/politique-dexpedition\/\">Exp\u00e9dition discr\u00e8te<\/a>:<\/strong>\u00a0Nous accordons la priorit\u00e9 \u00e0 la protection de votre vie priv\u00e9e gr\u00e2ce \u00e0 un emballage discret et \u00e0 des m\u00e9thodes d'exp\u00e9dition s\u00e9curis\u00e9es.<\/li>\n<li><strong><a href=\"https:\/\/shroomschocolatebars.com\/fr\/nous-contacter\/\">Soutien \u00e0 la client\u00e8le<\/a>:<\/strong>\u00a0Notre \u00e9quipe d'assistance \u00e0 la client\u00e8le, comp\u00e9tente et amicale, est \u00e0 votre disposition pour r\u00e9pondre \u00e0 toutes vos questions.<\/li>\n<\/ul>\n<p>&nbsp;<\/p>\n<p><strong>Puissance et effets<\/strong><\/p>\n<p>While not the strongest in the Psilocybe cubensis family, Avery Albino Magic Mushrooms are known for their well-rounded potency, offering a blend of mental and visual stimulation. Users often report an uplifting euphoria, enhanced creativity, and a profound sense of relaxation. The effects can be felt within 10 to 30 minutes of consumption and can vary from mild visual enhancements to intense visionary experiences, depending on the dosage\u200b<\/p>\n<h3><strong>Guide de dosage<\/strong><\/h3>\n<p>Understanding the correct dosage is crucial to ensure a safe and enjoyable experience. Here\u2019s a guide to help you find the right amount:<\/p>\n<ul>\n<li><strong>Microdose (0.1 \u2013 0.4 g):<\/strong> Am\u00e9lioration subtile de l'humeur et des fonctions cognitives.<\/li>\n<li><strong>Museum Dose (0.5 \u2013 1 g):<\/strong> Cr\u00e9ativit\u00e9 accrue et l\u00e9g\u00e8res modifications visuelles.<\/li>\n<li><strong>Light Dose (1 \u2013 2 g):<\/strong> L\u00e9g\u00e8re am\u00e9lioration visuelle et sensorielle.<\/li>\n<li><strong>Standard Dose (2 \u2013 3.5 g):<\/strong> Exp\u00e9rience psych\u00e9d\u00e9lique compl\u00e8te avec des effets visuels et mentaux notables.<\/li>\n<li><strong>High Dose (3.5 \u2013 5 g):<\/strong> Des images intenses et une profonde introspection.<\/li>\n<li><strong>Heroic Dose (5 \u2013 10 g):<\/strong> Des exp\u00e9riences profondes et transformatrices.<\/li>\n<li><strong>God Dose (10 g+) :<\/strong> Extremely intense, for very experienced users only\u200b<\/li>\n<\/ul>\n<h3><strong>M\u00e9thodes de consommation<\/strong><\/h3>\n<p>Les champignons magiques Avery Albino peuvent \u00eatre consomm\u00e9s de diff\u00e9rentes mani\u00e8res :<\/p>\n<ul>\n<li><strong>Mastication et d\u00e9glutition :<\/strong> La m\u00e9thode la plus simple. M\u00e2chez bien pour renforcer les effets.<\/li>\n<li><strong>Infusion de th\u00e9 :<\/strong> Faites infuser les champignons dans de l'eau chaude, en \u00e9vitant les temp\u00e9ratures d'\u00e9bullition pour pr\u00e9server leur puissance. M\u00e9langez-les \u00e0 votre th\u00e9 pr\u00e9f\u00e9r\u00e9 pour en rehausser la saveur.<\/li>\n<li><strong>G\u00e9lules :<\/strong> Id\u00e9al pour le microdosage. R\u00e9duisez les champignons en poudre et remplissez des capsules vides pour une exp\u00e9rience discr\u00e8te et sans go\u00fbt.<\/li>\n<li><strong>Les comestibles :<\/strong> Incorporez-les dans les aliments, mais \u00e9vitez de les cuire \u00e0 haute temp\u00e9rature. Ajoutez-les aux sauces ou aux garnitures apr\u00e8s la cuisson.<\/li>\n<li><strong>Lemon Tek :<\/strong> Grind into a powder, mix with lemon juice, let sit for 20 minutes, then dilute with water and drink. This method can amplify the effects\u200b<span class=\"\" data-state=\"closed\"><span class=\"text-token-text-secondary\">\u00a0<\/span><\/span><\/li>\n<\/ul>\n<h3><strong>Avantages et potentiel th\u00e9rapeutique<\/strong><\/h3>\n<p>La recherche et les preuves anecdotiques sugg\u00e8rent que les champignons magiques, y compris l'Avery Albino, peuvent offrir plusieurs avantages th\u00e9rapeutiques :<\/p>\n<ul>\n<li><strong>Sant\u00e9 mentale :<\/strong> Potentiel de r\u00e9duction des sympt\u00f4mes de l'anxi\u00e9t\u00e9, de la d\u00e9pression et du syndrome de stress post-traumatique.<\/li>\n<li><strong>Traitement des addictions :<\/strong> Aide au sevrage tabagique et \u00e0 la r\u00e9duction de la d\u00e9pendance \u00e0 l'alcool.<\/li>\n<li><strong>Am\u00e9lioration de la cr\u00e9ativit\u00e9 :<\/strong> Users often report heightened creative thinking and problem-solving abilities during and after the experience\u200b<span class=\"\" data-state=\"closed\"><span class=\"text-token-text-secondary\"> (<\/span><a href=\"https:\/\/shroomschocolatebars.com\/fr\/\">Dispensaire Magic Mushrooms<\/a><span class=\"text-token-text-secondary\">)<\/span><\/span>\u200b.<\/li>\n<\/ul>\n<h3><strong>Risques et pr\u00e9cautions<\/strong><\/h3>\n<p>While generally safe, magic mushrooms can pose risks, especially for inexperienced users. Possible side effects include nausea, dizziness, and confusion. It&#8217;s essential to be in a comfortable, safe environment and to start with a lower dose to gauge your tolerance. If you experience a bad trip, remember to stay calm and that the effects are temporary\u200b<\/p>\n<h3><strong>Perspectives de culture<\/strong><\/h3>\n<p>Avery Albino Magic Mushrooms are relatively easy to grow for those with some cultivation experience. They thrive on substrates like rye grain, bird seed, BRF (brown rice flour), and coco coir. This strain is ideal for intermediate growers looking to expand their repertoire with a visually stunning and potent mushroom\u200b<span class=\"\" data-state=\"closed\"><span class=\"text-token-text-secondary\">\u00a0<\/span><\/span><\/p>\n<h3><strong>T\u00e9moignages de clients<\/strong><\/h3>\n<p><strong>Brendon Lion :<\/strong> &#8220;I initially got these as a free gift with my golden teachers. I love them so much that they\u2019ve become my new regular go-to. You guys never disappoint! Thanks a bunch.&#8221;<\/p>\n<p><strong>Steph :<\/strong> &#8220;These left me feeling like I was wrapped up in a hug of warm sunshine. The physical effects are so nice, lovely visuals, euphoria. And I barely ate a gram. These might be my new favorite.&#8221;<\/p>\n<p><strong>La Jordanie :<\/strong> &#8220;Love them. Great time outdoors. Very clean nice high. Quality product.&#8221;<\/p>\n<h3><strong>R\u00e9flexions finales<\/strong><\/h3>\n<p>Avery Albino Magic Mushrooms offer a unique combination of beauty, potency, and versatility, making them a highly sought-after strain for both recreational and therapeutic use. Whether you&#8217;re an experienced psychonaut or a curious newcomer, these mushrooms promise a memorable and enriching experience.<\/p>","protected":false},"excerpt":{"rendered":"<p><strong>Acheter les meilleurs champignons magiques albinos Avery<\/strong><\/p>\n<p><strong><u>Achetez plus, \u00e9conomisez plus :<\/u><\/strong><\/p>\n<ul>\n<li>28 grammes = $170<\/li>\n<\/ul>\n<p><strong>D\u00e9tails de l'exp\u00e9dition<\/strong>:<\/p>\n<ul>\n<li>Exp\u00e9dition acc\u00e9l\u00e9r\u00e9e gratuite<\/li>\n<li>Nous exp\u00e9dions dans le monde entier avec un num\u00e9ro de suivi fourni<\/li>\n<li>Emballage discret et scell\u00e9 sous vide pour pr\u00e9server votre vie priv\u00e9e<\/li>\n<\/ul>","protected":false},"featured_media":1467,"comment_status":"open","ping_status":"closed","template":"","meta":[],"product_brand":[],"product_cat":[45],"product_tag":[],"class_list":{"0":"post-539","1":"product","2":"type-product","3":"status-publish","4":"has-post-thumbnail","6":"product_cat-magic-mushroom","8":"first","9":"instock","10":"shipping-taxable","11":"purchasable","12":"product-type-simple"},"jetpack_sharing_enabled":true,"_links":{"self":[{"href":"https:\/\/shroomschocolatebars.com\/fr\/wp-json\/wp\/v2\/product\/539","targetHints":{"allow":["GET"]}}],"collection":[{"href":"https:\/\/shroomschocolatebars.com\/fr\/wp-json\/wp\/v2\/product"}],"about":[{"href":"https:\/\/shroomschocolatebars.com\/fr\/wp-json\/wp\/v2\/types\/product"}],"replies":[{"embeddable":true,"href":"https:\/\/shroomschocolatebars.com\/fr\/wp-json\/wp\/v2\/comments?post=539"}],"wp:featuredmedia":[{"embeddable":true,"href":"https:\/\/shroomschocolatebars.com\/fr\/wp-json\/wp\/v2\/media\/1467"}],"wp:attachment":[{"href":"https:\/\/shroomschocolatebars.com\/fr\/wp-json\/wp\/v2\/media?parent=539"}],"wp:term":[{"taxonomy":"product_brand","embeddable":true,"href":"https:\/\/shroomschocolatebars.com\/fr\/wp-json\/wp\/v2\/product_brand?post=539"},{"taxonomy":"product_cat","embeddable":true,"href":"https:\/\/shroomschocolatebars.com\/fr\/wp-json\/wp\/v2\/product_cat?post=539"},{"taxonomy":"product_tag","embeddable":true,"href":"https:\/\/shroomschocolatebars.com\/fr\/wp-json\/wp\/v2\/product_tag?post=539"}],"curies":[{"name":"wp","href":"https:\/\/api.w.org\/{rel}","templated":true}]}}