{"id":476,"date":"2022-03-20T05:30:35","date_gmt":"2022-03-20T05:30:35","guid":{"rendered":"https:\/\/shroomschocolatebars.com\/?post_type=product&#038;p=476"},"modified":"2024-09-01T01:05:21","modified_gmt":"2024-09-01T01:05:21","slug":"do-shrooms-show-up-on-a-drug-test","status":"publish","type":"product","link":"https:\/\/shroomschocolatebars.com\/fr\/product\/apex-magic-mushrooms\/","title":{"rendered":"Champignons magiques APEX"},"content":{"rendered":"<h2><strong>Acheter des champignons magiques APEX<\/strong><\/h2>\n<p>Les champignons magiques APEX, scientifiquement connus sous le nom de Psilocybe Cubensis APEX, sont un ajout remarquable au monde des psych\u00e9d\u00e9liques. Cette vari\u00e9t\u00e9 unique est un hybride du c\u00e9l\u00e8bre Albino Penis Envy (APE) et d'une autre vari\u00e9t\u00e9 de Psilocybe Cubensis, ce qui donne une exp\u00e9rience puissante et transformatrice.<\/p>\n<h3><strong>Qu'est-ce qui rend les champignons magiques APEX uniques ?<\/strong><\/h3>\n<p>Les champignons magiques APEX se distinguent par leur puissance exceptionnelle et leur lign\u00e9e intrigante. Bien qu'ils n'aient pas l'apparence frappante de leur parent APE, avec leurs tiges claires et leurs chapeaux dor\u00e9s p\u00e2les, leurs effets sont loin d'\u00eatre insignifiants. Ces champignons sont r\u00e9put\u00e9s pour leurs puissants effets psych\u00e9d\u00e9liques, ce qui en fait les favoris des consommateurs exp\u00e9riment\u00e9s.<\/p>\n<h3><strong>Puissance et effets<\/strong><\/h3>\n<p>Le voyage commence dans les 10 \u00e0 30 minutes qui suivent la consommation. Les usagers font souvent \u00e9tat d'une am\u00e9lioration de l'humeur caract\u00e9ris\u00e9e par l'euphorie et l'excitation. Selon le dosage, les am\u00e9liorations visuelles peuvent aller de l\u00e9g\u00e8res \u00e0 intenses, les objets semblant respirer et la nature plus vivante. Cette vari\u00e9t\u00e9 est particuli\u00e8rement connue pour sa capacit\u00e9 \u00e0 induire des pens\u00e9es introspectives profondes et une appr\u00e9ciation profonde de la musique et de l'art. Un voyage typique dure entre 3 et 6 heures, selon la dose.<\/p>\n<h3><strong>Recommandations de dosage<\/strong><\/h3>\n<ul>\n<li><strong>Microdose (0,05-0,25g) :<\/strong> Id\u00e9al pour am\u00e9liorer la cr\u00e9ativit\u00e9 et la concentration sans effets psych\u00e9d\u00e9liques perceptibles.<\/li>\n<li><strong>Mini-dose (0,25-0,75g) :<\/strong> Effets l\u00e9gers, convenant aux personnes qui ne connaissent pas les psych\u00e9d\u00e9liques.<\/li>\n<li><strong>Dose de mus\u00e9e (0,5-1,5g) :<\/strong> Commun pour une exp\u00e9rience mod\u00e9r\u00e9e avec des effets visuels et introspectifs significatifs.<\/li>\n<li><strong>Dose mod\u00e9r\u00e9e (2 \u00e0 3,5 g) :<\/strong> Exp\u00e9riences visuelles et sensorielles intenses, recommand\u00e9es aux utilisateurs plus exp\u00e9riment\u00e9s.<\/li>\n<li><strong>Dose \u00e9lev\u00e9e (3,5g+) :<\/strong> Effets profonds et potentiellement \u00e9crasants, r\u00e9serv\u00e9s aux psychonautes chevronn\u00e9s.<\/li>\n<\/ul>\n<h3><strong>Utilisation s\u00fbre et responsable<\/strong><\/h3>\n<p>Se lancer dans un voyage avec les champignons magiques APEX n\u00e9cessite un engagement en mati\u00e8re de s\u00e9curit\u00e9 et d'exploration r\u00e9fl\u00e9chie. Il est essentiel de consommer ces champignons dans un environnement confortable avec des compagnons de confiance. Commencez par une dose plus faible pour \u00e9valuer votre sensibilit\u00e9 et augmentez-la progressivement \u00e0 mesure que vous vous familiarisez avec leurs effets.<\/p>\n<h3><strong>Comment consommer les champignons magiques de l'APEX<\/strong><\/h3>\n<ol>\n<li><strong>M\u00e2chez et avalez :<\/strong> La m\u00e9thode la plus simple. Le fait de bien m\u00e2cher les champignons permet de lib\u00e9rer leurs compos\u00e9s actifs.<\/li>\n<li><strong>Infusion d'un th\u00e9 :<\/strong> \u00c9crasez les champignons et faites-les infuser dans de l'eau chaude (non bouillante) pour obtenir une tisane apaisante. L'ajout de votre ar\u00f4me pr\u00e9f\u00e9r\u00e9 peut en rehausser le go\u00fbt.<\/li>\n<li><strong>G\u00e9lules :<\/strong> Id\u00e9ales pour le microdosage, les g\u00e9lules constituent un moyen discret et insipide de consommer des champignons magiques.<\/li>\n<li><strong>Les boissons \u00e0 base de psilocybine :<\/strong> Incorporez les champignons dans vos plats pr\u00e9f\u00e9r\u00e9s, mais \u00e9vitez les fortes chaleurs pour pr\u00e9server leur puissance.<\/li>\n<li><strong>Lemon Tek :<\/strong> R\u00e9duire les champignons en poudre, les faire tremper dans du jus de citron pendant 20 minutes, puis les diluer dans de l'eau et les boire. Cette m\u00e9thode peut intensifier les effets.<\/li>\n<\/ol>\n<h3><strong>Avantages spirituels et th\u00e9rapeutiques<\/strong><\/h3>\n<p>Beyond recreational use, APEX Magic Mushrooms are revered for their potential to facilitate spiritual awakenings and therapeutic insights. Users often describe experiences of interconnectedness, exploration of existential realms, and profound journeys into the subconscious. Research suggests that psilocybin, the active compound in these mushrooms, can aid in mental health treatments, including alleviating depression and anxiety, and even assisting in smoking cessation\u200b<span class=\"\" data-state=\"closed\"><span class=\"text-token-text-secondary\">\u00a0<\/span><\/span><\/p>\n<h3><strong>Achats et conditionnement<\/strong><\/h3>\n<p>APEX Magic Mushrooms are available in various quantities to suit your needs, from 1 gram to 28 grams. Each order is discreetly packaged in vacuum-sealed, smell-proof packaging to ensure privacy and freshness during shipping. Orders over a certain amount may qualify for free expedited shipping\u200b<\/p>\n<p><strong>Conclusion<\/strong><\/p>\n<p>APEX Magic Mushrooms offer an extraordinary experience for those seeking to explore the depths of their consciousness and the vibrant world of psychedelics. Whether you are a seasoned explorer or a curious newcomer, these mushrooms promise a transformative journey. Embrace the mystical odyssey with APEX Magic Mushrooms and discover the extraordinary realms that await\u200b.<\/p>\n<div class=\"css-a5m6co-text css-p8ym46-fontFamily css-11397xj-fontSize css-15qzf5r-display css-7bji7i-wordBreak\" style=\"text-align: center;\">\n<div class=\"css-a5m6co-text css-p8ym46-fontFamily css-11397xj-fontSize css-15qzf5r-display css-7bji7i-wordBreak\" style=\"text-align: center;\">\n<div class=\"css-a5m6co-text css-p8ym46-fontFamily css-11397xj-fontSize css-15qzf5r-display css-7bji7i-wordBreak\" style=\"text-align: center;\">\n<div class=\"css-a5m6co-text css-p8ym46-fontFamily css-11397xj-fontSize css-15qzf5r-display css-7bji7i-wordBreak\" style=\"text-align: center;\">\n<div class=\"css-a5m6co-text css-p8ym46-fontFamily css-11397xj-fontSize css-15qzf5r-display css-7bji7i-wordBreak\" style=\"text-align: center;\"><\/div>\n<\/div>\n<\/div>\n<\/div>\n<\/div>","protected":false},"excerpt":{"rendered":"<p><strong>Acheter les meilleurs champignons magiques APEX<\/strong><\/p>\n<p><strong><u>Achetez plus, \u00e9conomisez plus :<\/u><\/strong><\/p>\n<ul>\n<li>28 grammes = $170<\/li>\n<\/ul>\n<p><strong>D\u00e9tails de l'exp\u00e9dition<\/strong>:<\/p>\n<ul>\n<li>Exp\u00e9dition acc\u00e9l\u00e9r\u00e9e gratuite<\/li>\n<li>Nous exp\u00e9dions dans le monde entier avec un num\u00e9ro de suivi fourni<\/li>\n<li>Emballage discret et scell\u00e9 sous vide pour pr\u00e9server votre vie priv\u00e9e<\/li>\n<\/ul>","protected":false},"featured_media":931,"comment_status":"open","ping_status":"closed","template":"","meta":[],"product_brand":[],"product_cat":[45],"product_tag":[],"class_list":{"0":"post-476","1":"product","2":"type-product","3":"status-publish","4":"has-post-thumbnail","6":"product_cat-magic-mushroom","8":"first","9":"instock","10":"shipping-taxable","11":"purchasable","12":"product-type-simple"},"jetpack_sharing_enabled":true,"_links":{"self":[{"href":"https:\/\/shroomschocolatebars.com\/fr\/wp-json\/wp\/v2\/product\/476","targetHints":{"allow":["GET"]}}],"collection":[{"href":"https:\/\/shroomschocolatebars.com\/fr\/wp-json\/wp\/v2\/product"}],"about":[{"href":"https:\/\/shroomschocolatebars.com\/fr\/wp-json\/wp\/v2\/types\/product"}],"replies":[{"embeddable":true,"href":"https:\/\/shroomschocolatebars.com\/fr\/wp-json\/wp\/v2\/comments?post=476"}],"wp:featuredmedia":[{"embeddable":true,"href":"https:\/\/shroomschocolatebars.com\/fr\/wp-json\/wp\/v2\/media\/931"}],"wp:attachment":[{"href":"https:\/\/shroomschocolatebars.com\/fr\/wp-json\/wp\/v2\/media?parent=476"}],"wp:term":[{"taxonomy":"product_brand","embeddable":true,"href":"https:\/\/shroomschocolatebars.com\/fr\/wp-json\/wp\/v2\/product_brand?post=476"},{"taxonomy":"product_cat","embeddable":true,"href":"https:\/\/shroomschocolatebars.com\/fr\/wp-json\/wp\/v2\/product_cat?post=476"},{"taxonomy":"product_tag","embeddable":true,"href":"https:\/\/shroomschocolatebars.com\/fr\/wp-json\/wp\/v2\/product_tag?post=476"}],"curies":[{"name":"wp","href":"https:\/\/api.w.org\/{rel}","templated":true}]}}