{"id":470,"date":"2022-03-20T05:21:07","date_gmt":"2022-03-20T05:21:07","guid":{"rendered":"https:\/\/shroomschocolatebars.com\/?post_type=product&#038;p=470"},"modified":"2024-09-01T01:05:23","modified_gmt":"2024-09-01T01:05:23","slug":"champignons-magiques-damazonie","status":"publish","type":"product","link":"https:\/\/shroomschocolatebars.com\/fr\/product\/amazonian-magic-mushrooms\/","title":{"rendered":"Champignons magiques d'Amazonie"},"content":{"rendered":"<h2><strong>Acheter des champignons magiques amazoniens\u00a0<\/strong><\/h2>\n<p>Les champignons magiques d'Amazonie, connus sous le nom scientifique de <em>Psilocybe cubensis<\/em>Les champignons psych\u00e9d\u00e9liques sont une vari\u00e9t\u00e9 puissante et recherch\u00e9e de champignons psych\u00e9d\u00e9liques. Originaires des for\u00eats tropicales luxuriantes de l'Amazonie, ces champignons ont une riche histoire d'utilisation dans les rituels spirituels et chamaniques. Aujourd'hui, ils sont populaires parmi les psychonautes et les consommateurs r\u00e9cr\u00e9atifs pour leurs effets hallucinog\u00e8nes profonds, offrant un voyage dans l'introspection, l'euphorie et la stimulation visuelle.<\/p>\n<h3><strong>Qu'est-ce qui rend les champignons magiques amazoniens uniques ?<\/strong><\/h3>\n<p>Les champignons magiques d'Amazonie sont v\u00e9n\u00e9r\u00e9s pour leur teneur \u00e9lev\u00e9e en psilocybine, qui induit des trips puissants et saisissants. Les utilisateurs font souvent \u00e9tat d'hallucinations visuelles et auditives intenses, d'un sentiment profond de connexion avec la nature et d'un profond sentiment d'euphorie. Ces champignons sont id\u00e9aux pour ceux qui recherchent une exp\u00e9rience psych\u00e9d\u00e9lique forte et transformatrice.<\/p>\n<h4>Caract\u00e9ristiques principales :<\/h4>\n<ul>\n<li><strong>Origine :<\/strong> For\u00eat amazonienne<\/li>\n<li><strong>Esp\u00e8ce :<\/strong> Psilocybe cubensis<\/li>\n<li><strong>Puissance :<\/strong> Haut<\/li>\n<li><strong>Effets :<\/strong> Euphorie, hallucinations visuelles et auditives, \u00e9veil spirituel, introspection profonde<\/li>\n<\/ul>\n<h3><strong>Effets et exp\u00e9rience<\/strong><\/h3>\n<p>Lorsque vous consommez des champignons magiques amazoniens, vous pouvez vous attendre \u00e0 un voyage qui dure entre 4 et 6 heures. Le voyage commence g\u00e9n\u00e9ralement par un sentiment d'euphorie et de l\u00e9g\u00e8ret\u00e9, qui se transforme progressivement en distorsions visuelles et auditives plus intenses. De nombreux utilisateurs rapportent avoir v\u00e9cu des exp\u00e9riences profondes, des perc\u00e9es \u00e9motionnelles et un sens accru de la cr\u00e9ativit\u00e9.<\/p>\n<h4><strong>Effets communs :<\/strong><\/h4>\n<ul>\n<li><strong>Euphorie :<\/strong> Un sentiment accru de bonheur et de bien-\u00eatre.<\/li>\n<li><strong>Hallucinations visuelles :<\/strong> Couleurs vives, motifs et mouvements dans l'environnement.<\/li>\n<li><strong>Hallucinations auditives :<\/strong> Perception accrue des sons, conduisant souvent \u00e0 des hallucinations auditives.<\/li>\n<li><strong>Introspection :<\/strong> Des pens\u00e9es profondes et r\u00e9fl\u00e9chies et un sentiment d'\u00e9veil spirituel.<\/li>\n<\/ul>\n<h3><strong>Comment utiliser les champignons magiques amazoniens en toute s\u00e9curit\u00e9 ?<\/strong><\/h3>\n<p>Safety is paramount when embarking on a psychedelic journey. Start with a low dose, especially if you are new to magic mushrooms. This allows you to gauge your body&#8217;s reaction and avoid an overwhelming experience. Always consume mushrooms in a safe, comfortable environment, ideally with a trusted friend who can act as a trip sitter.<\/p>\n<h3><strong>Pourquoi nous choisir ?<\/strong><\/h3>\n<p>Chez shroomschocolatebars, nous sommes fiers de ne fournir que les meilleurs champignons magiques Penis Envy. Notre engagement envers la qualit\u00e9 et la satisfaction du client nous distingue. Nous offrons :<\/p>\n<ul>\n<li><strong>Transparence :<\/strong>\u00a0Full details about our cultivation process and third-party testing results ensure you know exactly what you\u2019re getting.<\/li>\n<li><strong><a href=\"https:\/\/shroomschocolatebars.com\/fr\/politique-dexpedition\/\">Exp\u00e9dition discr\u00e8te<\/a>:<\/strong>\u00a0Nous accordons la priorit\u00e9 \u00e0 la protection de votre vie priv\u00e9e gr\u00e2ce \u00e0 un emballage discret et \u00e0 des m\u00e9thodes d'exp\u00e9dition s\u00e9curis\u00e9es.<\/li>\n<li><strong><a href=\"https:\/\/shroomschocolatebars.com\/fr\/nous-contacter\/\">Soutien \u00e0 la client\u00e8le<\/a>:<\/strong>\u00a0Notre \u00e9quipe d'assistance \u00e0 la client\u00e8le, comp\u00e9tente et amicale, est \u00e0 votre disposition pour r\u00e9pondre \u00e0 toutes vos questions.<\/li>\n<\/ul>\n<h4><strong>Guide de dosage :<\/strong><\/h4>\n<ul>\n<li><strong>Microdose :<\/strong> 0.1 &#8211; 0.5 grams for subtle effects.<\/li>\n<li><strong>Faible dose :<\/strong> 0.5 &#8211; 1.5 grams for a mild trip.<\/li>\n<li><strong>Dose mod\u00e9r\u00e9e :<\/strong> 1.5 &#8211; 3 grams for a standard psychedelic experience.<\/li>\n<li><strong>Dose \u00e9lev\u00e9e :<\/strong> 3 &#8211; 5 grams for a profound and intense journey.<\/li>\n<\/ul>\n<h3><strong>Les bienfaits des champignons magiques amazoniens<\/strong><\/h3>\n<p>Au-del\u00e0 de leur usage r\u00e9cr\u00e9atif, les champignons magiques d'Amazonie ont \u00e9t\u00e9 \u00e9tudi\u00e9s pour leurs bienfaits th\u00e9rapeutiques potentiels. La recherche indique que la psilocybine, le compos\u00e9 actif de ces champignons, peut aider \u00e0 traiter des troubles tels que la d\u00e9pression, l'anxi\u00e9t\u00e9, le syndrome de stress post-traumatique et la d\u00e9pendance. De nombreux utilisateurs trouvent que ces champignons procurent un sentiment de clart\u00e9 et de lib\u00e9ration \u00e9motionnelle, contribuant ainsi au d\u00e9veloppement personnel et \u00e0 la gu\u00e9rison.<\/p>\n<h4><strong>Avantages th\u00e9rapeutiques :<\/strong><\/h4>\n<ul>\n<li><strong>Sant\u00e9 mentale :<\/strong> Traitement potentiel de la d\u00e9pression, de l'anxi\u00e9t\u00e9 et du syndrome de stress post-traumatique.<\/li>\n<li><strong>Addiction :<\/strong> Aide \u00e0 g\u00e9rer et \u00e0 surmonter les d\u00e9pendances, notamment \u00e0 l'alcool et \u00e0 la nicotine.<\/li>\n<li><strong>Lib\u00e9ration \u00e9motionnelle :<\/strong> Facilite les perc\u00e9es \u00e9motionnelles et le d\u00e9veloppement personnel.<\/li>\n<\/ul>\n<h3><strong>Comment acheter des champignons magiques amazoniens en ligne<\/strong><\/h3>\n<p>Achat de l'Amazone <a href=\"https:\/\/shroomschocolatebars.com\/fr\/categorie-produit\/champignon-magique\/\">Champignons magiques<\/a> en ligne n'a jamais \u00e9t\u00e9 aussi facile. Veillez \u00e0 choisir un vendeur r\u00e9put\u00e9 qui propose des produits de haute qualit\u00e9, test\u00e9s en laboratoire. Recherchez un emballage discret et un service d'exp\u00e9dition fiable afin de pr\u00e9server votre vie priv\u00e9e et de garantir une exp\u00e9rience d'achat transparente.<\/p>\n<h4><strong>Ce qu'il faut rechercher chez un fournisseur :<\/strong><\/h4>\n<ul>\n<li><strong>Assurance qualit\u00e9 :<\/strong> Champignons test\u00e9s en laboratoire pour garantir la s\u00e9curit\u00e9 et la puissance.<\/li>\n<li><strong>Emballage discret :<\/strong> Emballage s\u00e9curis\u00e9 et non marqu\u00e9 pour pr\u00e9server la confidentialit\u00e9.<\/li>\n<li><strong>Exp\u00e9dition fiable :<\/strong> Options d'exp\u00e9dition rapides et fiables avec suivi.<\/li>\n<li><strong>Soutien \u00e0 la client\u00e8le :<\/strong> Personnel comp\u00e9tent pour r\u00e9pondre \u00e0 toutes les questions ou pr\u00e9occupations.<\/li>\n<\/ul>\n<h3><strong>Questions fr\u00e9quemment pos\u00e9es<\/strong><\/h3>\n<p><strong>Q : Comment consommer les champignons magiques amazoniens ?<\/strong> R : Il existe plusieurs fa\u00e7ons de consommer des champignons magiques, notamment en les m\u00e2chant directement, en les faisant infuser ou en les incorporant \u00e0 la nourriture. La mastication permet d'obtenir les effets les plus rapides, tandis que le th\u00e9 peut \u00eatre plus facile pour l'estomac.<\/p>\n<p><strong>Q : Les champignons magiques amazoniens sont-ils l\u00e9gaux ?<\/strong> R : La l\u00e9galit\u00e9 des champignons magiques varie selon les pays et les r\u00e9gions. V\u00e9rifiez toujours la l\u00e9gislation locale avant d'acheter ou de consommer ces champignons.<\/p>\n<p><strong>Q : Que dois-je faire en cas de mauvais voyage ?<\/strong> R : Si vous faites un mauvais voyage, essayez de rester calme et rappelez-vous que les effets sont temporaires. La pr\u00e9sence d'un ami de confiance peut vous r\u00e9conforter et vous rassurer. Une respiration profonde et un changement d'environnement peuvent \u00e9galement contribuer \u00e0 apaiser l'anxi\u00e9t\u00e9.<\/p>\n<p><strong>Q : Puis-je faire un microdosage avec Amazonian Magic Mushrooms ?<\/strong> R : Oui, le microdosage consiste \u00e0 prendre de tr\u00e8s petites quantit\u00e9s de champignons pour ressentir des bienfaits subtils sans les effets psych\u00e9d\u00e9liques complets. Cela peut am\u00e9liorer la cr\u00e9ativit\u00e9, la concentration et le bien-\u00eatre g\u00e9n\u00e9ral.<\/p>\n<h3><strong>Conclusion<\/strong><\/h3>\n<p>Amazonian Magic Mushrooms offer a powerful and transformative psychedelic experience. Whether you&#8217;re seeking spiritual enlightenment, therapeutic benefits, or a recreational journey, these mushrooms provide an unparalleled adventure into the mind&#8217;s depths. Always prioritize safety, start with a low dose, and choose a reputable vendor to ensure a positive and enlightening experience.<\/p>\n<p>Pour plus d'informations sur l'achat et l'utilisation des champignons magiques d'Amazonie, visitez notre site Web. <a href=\"https:\/\/shroomschocolatebars.com\/fr\/boutique\/\">boutique<\/a><\/p>","protected":false},"excerpt":{"rendered":"<p><strong>Acheter les meilleurs champignons magiques d'Amazonie<\/strong><\/p>\n<p><strong><u>Achetez plus, \u00e9conomisez plus :<\/u><\/strong><\/p>\n<ul>\n<li>28 grammes = $170<\/li>\n<\/ul>\n<p><strong>D\u00e9tails de l'exp\u00e9dition<\/strong>:<\/p>\n<ul>\n<li>Exp\u00e9dition acc\u00e9l\u00e9r\u00e9e gratuite<\/li>\n<li>Nous exp\u00e9dions dans le monde entier avec un num\u00e9ro de suivi fourni<\/li>\n<li>Emballage discret et scell\u00e9 sous vide pour pr\u00e9server votre vie priv\u00e9e<\/li>\n<\/ul>","protected":false},"featured_media":1145,"comment_status":"open","ping_status":"closed","template":"","meta":[],"product_brand":[],"product_cat":[45],"product_tag":[],"class_list":{"0":"post-470","1":"product","2":"type-product","3":"status-publish","4":"has-post-thumbnail","6":"product_cat-magic-mushroom","8":"first","9":"instock","10":"shipping-taxable","11":"purchasable","12":"product-type-simple"},"jetpack_sharing_enabled":true,"_links":{"self":[{"href":"https:\/\/shroomschocolatebars.com\/fr\/wp-json\/wp\/v2\/product\/470","targetHints":{"allow":["GET"]}}],"collection":[{"href":"https:\/\/shroomschocolatebars.com\/fr\/wp-json\/wp\/v2\/product"}],"about":[{"href":"https:\/\/shroomschocolatebars.com\/fr\/wp-json\/wp\/v2\/types\/product"}],"replies":[{"embeddable":true,"href":"https:\/\/shroomschocolatebars.com\/fr\/wp-json\/wp\/v2\/comments?post=470"}],"wp:featuredmedia":[{"embeddable":true,"href":"https:\/\/shroomschocolatebars.com\/fr\/wp-json\/wp\/v2\/media\/1145"}],"wp:attachment":[{"href":"https:\/\/shroomschocolatebars.com\/fr\/wp-json\/wp\/v2\/media?parent=470"}],"wp:term":[{"taxonomy":"product_brand","embeddable":true,"href":"https:\/\/shroomschocolatebars.com\/fr\/wp-json\/wp\/v2\/product_brand?post=470"},{"taxonomy":"product_cat","embeddable":true,"href":"https:\/\/shroomschocolatebars.com\/fr\/wp-json\/wp\/v2\/product_cat?post=470"},{"taxonomy":"product_tag","embeddable":true,"href":"https:\/\/shroomschocolatebars.com\/fr\/wp-json\/wp\/v2\/product_tag?post=470"}],"curies":[{"name":"wp","href":"https:\/\/api.w.org\/{rel}","templated":true}]}}