{"id":434,"date":"2022-03-20T03:23:19","date_gmt":"2022-03-20T03:23:19","guid":{"rendered":"https:\/\/shroomschocolatebars.com\/?post_type=product&#038;p=434"},"modified":"2024-10-10T02:36:54","modified_gmt":"2024-10-10T02:36:54","slug":"alacabenzi-magic-mushrooms","status":"publish","type":"product","link":"https:\/\/shroomschocolatebars.com\/fr\/product\/alacabenzi-magic-mushrooms\/","title":{"rendered":"Champignons magiques Alacabenzi"},"content":{"rendered":"<h2><strong>Acheter des champignons magiques Alacabenzi<\/strong><\/h2>\n<p>Les champignons magiques Alacabenzi sont une vari\u00e9t\u00e9 unique et populaire de Psilocybe cubensis connue pour ses effets psych\u00e9d\u00e9liques \u00e9quilibr\u00e9s et mod\u00e9r\u00e9s. Cette vari\u00e9t\u00e9 est particuli\u00e8rement appr\u00e9ci\u00e9e des d\u00e9butants en raison de sa nature douce et de son exp\u00e9rience \u00e9quilibr\u00e9e, ce qui en fait un point d'entr\u00e9e parfait dans le monde des champignons magiques.<\/p>\n<h3><strong>Origines et contexte g\u00e9n\u00e9tique<\/strong><\/h3>\n<p>The Alacabenzi strain is theorized to be a hybrid of two prominent strains: the Mexican cubensis and the Alabama cubensis. This combination brings together the potent, introspective qualities of the Mexican strain and the robust, sizable nature of the Alabama strain. The result is a mushroom that is both large and spiritually resonant, providing a deeply satisfying experience for users\u200b<span class=\"\" data-state=\"closed\"><span class=\"text-token-text-secondary\">\u00a0<\/span><\/span><\/p>\n<h3><strong>Caract\u00e9ristiques physiques<\/strong><\/h3>\n<p>Alacabenzi mushrooms typically exhibit medium-sized caps that are light yellow in color, with slender and slightly curved stems. They are known for their resilience and robust growth, making them a favorite among cultivators. The strain\u2019s fruiting bodies can vary in size, with caps ranging from 1 to 4 cm and stems that can reach lengths of over 12 inches in optimal growing conditions\u200b<span class=\"\" data-state=\"closed\"><span class=\"text-token-text-secondary\">\u00a0<\/span><\/span><\/p>\n<h3><strong>Effets et exp\u00e9rience<\/strong><\/h3>\n<p>The effects of Alacabenzi Magic Mushrooms are generally described as producing a deep body high and altered spatial awareness rather than intense visual hallucinations. This makes them an excellent choice for those looking for a relaxing and meditative experience. Users often compare the sensation to being &#8220;stoned&#8221; on strong cannabis edibles, with effects that include mild euphoria, enhanced creativity, and a sense of physical relaxation. In higher doses, users might experience slight distortions in balance and equilibrium\u200b \u200b.<\/p>\n<h3><strong>Guide de dosage<\/strong><\/h3>\n<p>Le dosage ad\u00e9quat des champignons magiques Alacabenzi d\u00e9pend de la tol\u00e9rance individuelle et des effets d\u00e9sir\u00e9s. Voici un guide g\u00e9n\u00e9ral de dosage pour vous aider \u00e0 d\u00e9marrer :<\/p>\n<ul>\n<li><strong>Dose de cr\u00e9ativit\u00e9 :<\/strong> 0,5 \u00e0 1,25 grammes<\/li>\n<li><strong>Dose r\u00e9cr\u00e9ative moyenne :<\/strong> 1,5 \u00e0 2 grammes<\/li>\n<li><strong>Dose r\u00e9cr\u00e9ative compl\u00e8te :<\/strong> 2 \u00e0 3,5 grammes<\/li>\n<li><strong>Dose r\u00e9cr\u00e9ative compl\u00e8te exp\u00e9riment\u00e9e :<\/strong> 3,5 \u00e0 5 grammes<\/li>\n<li><strong>Dose h\u00e9ro\u00efque :<\/strong> 5 to 7+ grams\u200b<span class=\"\" data-state=\"closed\"><span class=\"text-token-text-secondary\">\u00a0<\/span><\/span><\/li>\n<\/ul>\n<h3><strong>Culture et croissance<\/strong><\/h3>\n<p>Alacabenzi mushrooms are relatively easy to cultivate, making them a good choice for novice growers. They prefer substrates like rye grain or a mixture of coconut coir, vermiculite, and gypsum (CVG). The strain is known for its aggressive colonization and resistance to contamination, which contributes to its popularity among home cultivators\u200b<\/p>\n<h3><strong>Pourquoi nous choisir ?<\/strong><\/h3>\n<p>Chez shroomschocolatebars, nous sommes fiers de ne fournir que les meilleurs champignons magiques Penis Envy. Notre engagement envers la qualit\u00e9 et la satisfaction du client nous distingue. Nous offrons :<\/p>\n<ul>\n<li><strong>Transparence :<\/strong>\u00a0Full details about our cultivation process and third-party testing results ensure you know exactly what you\u2019re getting.<\/li>\n<li><strong><a href=\"https:\/\/shroomschocolatebars.com\/fr\/shipping-policy\/\">Exp\u00e9dition discr\u00e8te<\/a>:<\/strong>\u00a0Nous accordons la priorit\u00e9 \u00e0 la protection de votre vie priv\u00e9e gr\u00e2ce \u00e0 un emballage discret et \u00e0 des m\u00e9thodes d'exp\u00e9dition s\u00e9curis\u00e9es.<\/li>\n<li><strong><a href=\"https:\/\/shroomschocolatebars.com\/fr\/contact-us\/\">Soutien \u00e0 la client\u00e8le<\/a>:<\/strong>\u00a0Notre \u00e9quipe d'assistance \u00e0 la client\u00e8le, comp\u00e9tente et amicale, est \u00e0 votre disposition pour r\u00e9pondre \u00e0 toutes vos questions.<\/li>\n<\/ul>\n<h3><strong>Acheter des champignons magiques Alacabenzi<\/strong><\/h3>\n<p>When purchasing Alacabenzi Magic Mushrooms, it&#8217;s essential to source them from reputable vendors to ensure quality and safety. You can find these mushrooms in various quantities, ranging from small amounts for personal use to larger quantities for extended use or sharing.<\/p>\n<p>Pour des produits connexes, vous pouvez explorer :<\/p>\n<ul>\n<li><a href=\"https:\/\/shroomschocolatebars.com\/fr\/produit-2\/albino-penis-envy\/\" target=\"_new\" rel=\"noreferrer noopener\">Envie d'un p\u00e9nis albinos<\/a><\/li>\n<li><a href=\"https:\/\/shroomschocolatebars.com\/fr\/produit-2\/amazonian-magic-mushrooms\/\" target=\"_new\" rel=\"noreferrer noopener\">Champignons magiques d'Amazonie<\/a><\/li>\n<li><a href=\"https:\/\/shroomschocolatebars.com\/fr\/produit-2\/arenal-volcano-magic-mushrooms\/\" target=\"_new\" rel=\"noreferrer noopener\">Champignons magiques du volcan Arenal<\/a><\/li>\n<\/ul>\n<h3><strong>Conclusion<\/strong><\/h3>\n<p>Alacabenzi Magic Mushrooms offer a balanced and accessible psychedelic experience, making them ideal for both beginners and experienced users. Their unique combination of effects, ease of cultivation, and historical significance make them a noteworthy strain in the world of psilocybin mushrooms. Whether you\u2019re seeking a gentle introduction to psychedelics or a reliable option for a relaxing and introspective journey, Alacabenzi mushrooms are a versatile and rewarding choice.<\/p>","protected":false},"excerpt":{"rendered":"<p><strong>Acheter les meilleurs champignons magiques Alacabenzi<\/strong><\/p>\n<p><strong><u>Achetez plus, \u00e9conomisez plus :<\/u><\/strong><\/p>\n<ul>\n<li>28 grammes = $170<\/li>\n<\/ul>\n<p><strong>D\u00e9tails de l'exp\u00e9dition<\/strong>:<\/p>\n<ul>\n<li>Exp\u00e9dition acc\u00e9l\u00e9r\u00e9e gratuite<\/li>\n<li>Nous exp\u00e9dions dans le monde entier avec un num\u00e9ro de suivi fourni<\/li>\n<li>Emballage discret et scell\u00e9 sous vide pour pr\u00e9server votre vie priv\u00e9e<\/li>\n<\/ul>","protected":false},"featured_media":1482,"comment_status":"open","ping_status":"closed","template":"","meta":[],"product_brand":[],"product_cat":[45],"product_tag":[],"class_list":{"0":"post-434","1":"product","2":"type-product","3":"status-publish","4":"has-post-thumbnail","6":"product_cat-magic-mushroom","8":"first","9":"instock","10":"shipping-taxable","11":"purchasable","12":"product-type-simple"},"jetpack_sharing_enabled":true,"_links":{"self":[{"href":"https:\/\/shroomschocolatebars.com\/fr\/wp-json\/wp\/v2\/product\/434","targetHints":{"allow":["GET"]}}],"collection":[{"href":"https:\/\/shroomschocolatebars.com\/fr\/wp-json\/wp\/v2\/product"}],"about":[{"href":"https:\/\/shroomschocolatebars.com\/fr\/wp-json\/wp\/v2\/types\/product"}],"replies":[{"embeddable":true,"href":"https:\/\/shroomschocolatebars.com\/fr\/wp-json\/wp\/v2\/comments?post=434"}],"wp:featuredmedia":[{"embeddable":true,"href":"https:\/\/shroomschocolatebars.com\/fr\/wp-json\/wp\/v2\/media\/1482"}],"wp:attachment":[{"href":"https:\/\/shroomschocolatebars.com\/fr\/wp-json\/wp\/v2\/media?parent=434"}],"wp:term":[{"taxonomy":"product_brand","embeddable":true,"href":"https:\/\/shroomschocolatebars.com\/fr\/wp-json\/wp\/v2\/product_brand?post=434"},{"taxonomy":"product_cat","embeddable":true,"href":"https:\/\/shroomschocolatebars.com\/fr\/wp-json\/wp\/v2\/product_cat?post=434"},{"taxonomy":"product_tag","embeddable":true,"href":"https:\/\/shroomschocolatebars.com\/fr\/wp-json\/wp\/v2\/product_tag?post=434"}],"curies":[{"name":"wp","href":"https:\/\/api.w.org\/{rel}","templated":true}]}}