{"id":1578,"date":"2024-07-29T12:18:57","date_gmt":"2024-07-29T12:18:57","guid":{"rendered":"https:\/\/shroomschocolatebars.com\/?post_type=product&#038;p=1578"},"modified":"2024-09-01T01:16:51","modified_gmt":"2024-09-01T01:16:51","slug":"polkadot-blueberry-shot-2","status":"publish","type":"product","link":"https:\/\/shroomschocolatebars.com\/fr\/product\/polkadot-blueberry-shot-2\/","title":{"rendered":"Polkadot Blueberry Shot"},"content":{"rendered":"<h2><strong>Acheter Polkadot Blueberry Shot : Une explosion de baies<\/strong><\/h2>\n<p>Profitez de la fusion ultime de la saveur et de la puissance avec notre Polkadot Blueberry Shot. Cet \u00e9lixir v\u00e9g\u00e9talien et sans gluten combine l'essence riche et sucr\u00e9e des myrtilles avec les effets puissants de la psilocybine, offrant une mani\u00e8re unique et rafra\u00eechissante de profiter des bienfaits des champignons magiques. Parfait pour les psychonautes chevronn\u00e9s et les nouveaux venus curieux, le Polkadot Blueberry Shot promet un voyage de plaisir sensoriel et de clart\u00e9 mentale.<\/p>\n<h3><strong>Qu'est-ce que le Polkadot Blueberry Shot ?<\/strong><\/h3>\n<p>Le Polkadot Blueberry Shot est une potion m\u00e9ticuleusement con\u00e7ue pour offrir le go\u00fbt enchanteur des myrtilles tout en procurant les bienfaits th\u00e9rapeutiques de la psilocybine. Gr\u00e2ce \u00e0 la technologie innovante Nitrogen Pressurized Instant Release, chaque shot pr\u00e9serve les propri\u00e9t\u00e9s naturelles des champignons, garantissant une exp\u00e9rience puissante et coh\u00e9rente. Ce shot de 4 grammes infus\u00e9 \u00e0 la psilocybine est facile \u00e0 consommer et parfait pour le microdosage, offrant un moyen pratique et agr\u00e9able d'explorer le monde des psych\u00e9d\u00e9liques.<\/p>\n<h3><strong>Principales caract\u00e9ristiques et avantages<\/strong><\/h3>\n<ul>\n<li><strong>Profil de saveur<\/strong>: Savourez une explosion de fra\u00eecheur fruit\u00e9e avec le go\u00fbt riche et sucr\u00e9 des myrtilles \u00e0 chaque gorg\u00e9e.<\/li>\n<li><strong>Conscience de la sant\u00e9<\/strong>: V\u00e9g\u00e9talien et sans gluten, notre Blueberry Shot r\u00e9pond \u00e0 diverses pr\u00e9f\u00e9rences alimentaires.<\/li>\n<li><strong>Effets puissants<\/strong>: Chaque shot contient 4 grammes de psilocybine, connue pour ses effets puissants sur le corps et l'esprit.<\/li>\n<li><strong>Consommation pratique<\/strong>Il est facile \u00e0 boire et parfait pour une utilisation en d\u00e9placement, ce qui en fait une option sans probl\u00e8me pour les microdoseurs.<\/li>\n<\/ul>\n<h3><strong>Guide de dosage<\/strong><\/h3>\n<p>Il est essentiel de comprendre le dosage correct pour que l'exp\u00e9rience soit s\u00fbre et agr\u00e9able. Voici un guide g\u00e9n\u00e9ral pour vous aider \u00e0 d\u00e9marrer :<\/p>\n<ul>\n<li><strong>Microdose<\/strong>: Stimule l'esprit, id\u00e9al pour am\u00e9liorer la cr\u00e9ativit\u00e9 et la concentration. Dose recommand\u00e9e : 0,1-0,3 grammes.<\/li>\n<li><strong>Dose th\u00e9rapeutique<\/strong>: Permet de vivre une exp\u00e9rience de conscience et d'\u00e9l\u00e9vation, parfaite \u00e0 des fins th\u00e9rapeutiques. Dose recommand\u00e9e : 0,5-1 gramme.<\/li>\n<li><strong>Mode Dieu<\/strong>: Effets hallucinog\u00e8nes intenses, adapt\u00e9s aux utilisateurs exp\u00e9riment\u00e9s. Dose recommand\u00e9e : 2-4 grammes.<\/li>\n<\/ul>\n<p>Always start with a lower dose and gradually increase it to find the optimal level for your body. It&#8217;s important to consume in a safe, quiet environment to fully enjoy the hallucinogenic experience. Avoid operating vehicles or machinery during and after consumption.<\/p>\n<h3><strong>Comment l'utiliser<\/strong><\/h3>\n<p>Pour une exp\u00e9rience optimale, r\u00e9frig\u00e9rez votre Polkadot Blueberry Shot et consommez-le dans le mois qui suit son ouverture. Cela garantit un go\u00fbt frais et une puissance maximale. Agitez bien avant de boire pour r\u00e9partir uniform\u00e9ment la psilocybine.<\/p>\n<h3><strong>Pourquoi choisir Polkadot Blueberry Shot ?<\/strong><\/h3>\n<p>Notre engagement en faveur de la qualit\u00e9 est \u00e9vident dans tous les aspects du Polkadot Blueberry Shot. De l'approvisionnement en myrtilles biologiques issues du commerce \u00e9quitable \u00e0 l'utilisation d'emballages respectueux de l'environnement, nous nous effor\u00e7ons de fournir un produit luxueux et responsable. La technologie innovante de lib\u00e9ration instantan\u00e9e sous pression d'azote garantit une exp\u00e9rience puissante et agr\u00e9able \u00e0 chaque fois.<\/p>\n<h3><strong>Avis des clients<\/strong><\/h3>\n<p>Bien qu'il n'y ait pas encore de commentaires, les clients peuvent \u00eatre les premiers \u00e0 partager leurs exp\u00e9riences et aider les autres \u00e0 prendre des d\u00e9cisions \u00e9clair\u00e9es. Nous vous encourageons \u00e0 nous faire part de vos commentaires et nous sommes impatients de conna\u00eetre votre exp\u00e9rience avec notre Polkadot Blueberry Shot.<\/p>\n<h3>Produits apparent\u00e9s<\/h3>\n<p>D\u00e9couvrez d'autres options d\u00e9licieuses dans notre gamme Polkadot :<\/p>\n<ul>\n<li><a href=\"https:\/\/shroomschocolatebars.com\/fr\/categorie-produit\/acheter-polkadot-potion-magique-de-champignons\/\" target=\"_new\" rel=\"noreferrer noopener\">Shot Polkadot Fruit Punch<\/a><\/li>\n<li><a href=\"https:\/\/shroomschocolatebars.com\/fr\/produit\/polkadot-grape-shot\/\" target=\"_new\" rel=\"noreferrer noopener\">Shot de raisin Polkadot<\/a><\/li>\n<\/ul>\n<h3><strong>Conclusion<\/strong><\/h3>\n<p>The Polkadot Blueberry Shot is more than just a drink; it&#8217;s a gateway to a world of mental clarity, creativity, and sensory delight. Whether you&#8217;re looking to microdose for cognitive enhancement or seeking a profound psychedelic journey, this blueberry-infused shot is your perfect companion. Embrace the berry bliss and elevate your experience with the Polkadot Blueberry Shot today.<\/p>\n<p>Pour plus d'informations et pour effectuer des achats, visitez notre site web. <a href=\"https:\/\/shroomschocolatebars.com\/fr\/categorie-produit\/acheter-polkadot-potion-magique-de-champignons\/\" target=\"_new\" rel=\"noreferrer noopener\">page produit<\/a>.<\/p>","protected":false},"excerpt":{"rendered":"<p>The Polkadot Blueberry Shot is more than just a drink; it&#8217;s a gateway to a world of mental clarity, creativity, and sensory delight. Whether you&#8217;re looking to microdose for cognitive enhancement or seeking a profound psychedelic journey, this blueberry-infused shot is your perfect companion. Embrace the berry bliss and elevate your experience with the Polkadot Blueberry Shot today.<\/p>","protected":false},"featured_media":1583,"comment_status":"open","ping_status":"closed","template":"","meta":[],"product_brand":[],"product_cat":[332],"product_tag":[],"class_list":{"0":"post-1578","1":"product","2":"type-product","3":"status-publish","4":"has-post-thumbnail","6":"product_cat-buy-polkadot-magic-mushroom-potion","8":"first","9":"instock","10":"shipping-taxable","11":"purchasable","12":"product-type-simple"},"jetpack_sharing_enabled":true,"_links":{"self":[{"href":"https:\/\/shroomschocolatebars.com\/fr\/wp-json\/wp\/v2\/product\/1578","targetHints":{"allow":["GET"]}}],"collection":[{"href":"https:\/\/shroomschocolatebars.com\/fr\/wp-json\/wp\/v2\/product"}],"about":[{"href":"https:\/\/shroomschocolatebars.com\/fr\/wp-json\/wp\/v2\/types\/product"}],"replies":[{"embeddable":true,"href":"https:\/\/shroomschocolatebars.com\/fr\/wp-json\/wp\/v2\/comments?post=1578"}],"wp:featuredmedia":[{"embeddable":true,"href":"https:\/\/shroomschocolatebars.com\/fr\/wp-json\/wp\/v2\/media\/1583"}],"wp:attachment":[{"href":"https:\/\/shroomschocolatebars.com\/fr\/wp-json\/wp\/v2\/media?parent=1578"}],"wp:term":[{"taxonomy":"product_brand","embeddable":true,"href":"https:\/\/shroomschocolatebars.com\/fr\/wp-json\/wp\/v2\/product_brand?post=1578"},{"taxonomy":"product_cat","embeddable":true,"href":"https:\/\/shroomschocolatebars.com\/fr\/wp-json\/wp\/v2\/product_cat?post=1578"},{"taxonomy":"product_tag","embeddable":true,"href":"https:\/\/shroomschocolatebars.com\/fr\/wp-json\/wp\/v2\/product_tag?post=1578"}],"curies":[{"name":"wp","href":"https:\/\/api.w.org\/{rel}","templated":true}]}}