{"id":1498,"date":"2024-07-29T08:41:54","date_gmt":"2024-07-29T08:41:54","guid":{"rendered":"https:\/\/shroomschocolatebars.com\/?post_type=product&#038;p=1498"},"modified":"2024-09-01T00:59:06","modified_gmt":"2024-09-01T00:59:06","slug":"barre-chocolatee-caramel-macchiato-polkadot","status":"publish","type":"product","link":"https:\/\/shroomschocolatebars.com\/fr\/product\/polkadot-caramel-macchiato-chocolate-bar\/","title":{"rendered":"Barre chocolat\u00e9e au caramel et macchiato Polkadot"},"content":{"rendered":"<h3><strong>Acheter la barre chocolat\u00e9e Polkadot Caramel Macchiato<\/strong><\/h3>\n<p>Bienvenue dans le monde d\u00e9licieux des barres de chocolat caramel macchiato Polkadot, o\u00f9 la qualit\u00e9 sup\u00e9rieure rencontre une saveur extraordinaire. Con\u00e7ue pour ceux qui ont envie d'une exp\u00e9rience chocolat\u00e9e unique et luxueuse, cette d\u00e9licieuse friandise marie harmonieusement le riche go\u00fbt du caramel macchiato au chocolat belge le plus fin. Notre barre chocolat\u00e9e Polkadot Caramel Macchiato n'est pas seulement un r\u00e9gal pour vos papilles, mais aussi un voyage dans le monde des champignons magiques, con\u00e7u pour offrir une exp\u00e9rience \u00e0 la fois agr\u00e9able et th\u00e9rapeutique.<\/p>\n<h4><strong>Profil de saveur exquis<\/strong><\/h4>\n<p>Laissez-vous tenter par la texture lisse et velout\u00e9e du chocolat belge de haute qualit\u00e9, rehauss\u00e9e par la saveur distincte et d\u00e9licieuse du caramel macchiato. Chaque bouch\u00e9e offre un m\u00e9lange harmonieux de chocolat riche et cr\u00e9meux et du go\u00fbt sucr\u00e9 et beurr\u00e9 du caramel, compl\u00e9t\u00e9 par un soup\u00e7on subtil de caf\u00e9 qui rehausse l'exp\u00e9rience sensorielle globale. Les champignons magiques infus\u00e9s \u00e0 l'int\u00e9rieur ajoutent une note terreuse, cr\u00e9ant un voyage gustatif \u00e9quilibr\u00e9 et inoubliable.<\/p>\n<h4><strong>Les bienfaits du champignon magique au chocolat<\/strong><\/h4>\n<p>Our Polkadot Caramel Macchiato Chocolate Bar isn&#8217;t just a tasty indulgence; it&#8217;s packed with the potential health benefits of psilocybin mushrooms. Psilocybin has been known to promote mental well-being by enhancing mood, increasing creativity, and improving focus. Research has shown that psilocybin can help reconnect brain networks, aiding in the treatment of conditions such as depression, anxiety, PTSD, and addiction\u200b<span class=\"\" data-state=\"closed\"><span class=\"text-token-text-secondary\"> (<\/span><a class=\"text-green-600 !no-underline\" href=\"https:\/\/shroomschocolatebars.com\/fr\/\" target=\"_blank\" rel=\"noopener noreferrer\">barres de chocolat aux champignons<\/a><span class=\"text-token-text-secondary\">)<\/span><\/span>\u200b\u200b<\/p>\n<h4><strong>Guide de microdosage<\/strong><\/h4>\n<p>Afin d'optimiser votre exp\u00e9rience avec les barres de chocolat au caramel et macchiato Polkadot, nous fournissons un guide de dosage pour vous aider \u00e0 choisir la quantit\u00e9 adapt\u00e9e \u00e0 vos besoins :<\/p>\n<ul>\n<li><strong>Microdose (1-3 pi\u00e8ces) :<\/strong> Id\u00e9al pour stimuler l'esprit et procurer une exp\u00e9rience subtile et stimulante sans effets psychoactifs significatifs.<\/li>\n<li><strong>Dose th\u00e9rapeutique (4-9 pi\u00e8ces) :<\/strong> Convient pour un \u00e9tat de conscience et d'\u00e9l\u00e9vation, parfait pour les moments th\u00e9rapeutiques et une introspection plus profonde.<\/li>\n<li><strong>Mode Dieu (10-15 pi\u00e8ces) :<\/strong> Recommand\u00e9 pour une exp\u00e9rience intense et immersive o\u00f9 les am\u00e9liorations visuelles et sensorielles sont pr\u00e9dominantes. \u00c0 consommer en toute s\u00e9curit\u00e9 et en \u00e9vitant de conduire des v\u00e9hicules.<\/li>\n<\/ul>\n<h4><strong>Informations nutritionnelles<\/strong><\/h4>\n<p>Each Polkadot Caramel Macchiato Chocolate Bar is crafted with care, ensuring you enjoy every bite. Here&#8217;s the nutritional breakdown per serving:<\/p>\n<ul>\n<li><strong>Taille de la portion :<\/strong> 1 carr\u00e9<\/li>\n<li><strong>Portions par barre :<\/strong> 20<\/li>\n<li><strong>Teneur en psilocybine :<\/strong> 500 mg par pi\u00e8ce, 10 000 mg par barre<\/li>\n<li><strong>Calories :<\/strong> 17<\/li>\n<li><strong>Mati\u00e8res grasses totales :<\/strong> 1g<\/li>\n<li><strong>Graisses satur\u00e9es :<\/strong> 1g<\/li>\n<li><strong>Cholest\u00e9rol :<\/strong> 1mg<\/li>\n<li><strong>Sodium :<\/strong> 1mg<\/li>\n<li><strong>Glucides totaux :<\/strong> 2g<\/li>\n<li><strong>Sucres totaux :<\/strong> 2g<\/li>\n<li><strong>Prot\u00e9ines :<\/strong> 0g<\/li>\n<\/ul>\n<h4><strong>Production durable et \u00e9thique<\/strong><\/h4>\n<p>Nous sommes fiers de veiller \u00e0 ce que nos barres de chocolat Polkadot Caramel Macchiato soient non seulement d\u00e9licieuses, mais aussi produites de mani\u00e8re \u00e9thique. Notre chocolat provient de cacao cultiv\u00e9 de mani\u00e8re durable et nous veillons \u00e0 ce que nos processus de production soient respectueux de l'environnement. L'emballage a \u00e9t\u00e9 con\u00e7u dans le respect de l'environnement, ce qui en fait un plaisir sans culpabilit\u00e9 \u00e0 plus d'un titre.<\/p>\n<h4><strong>Pourquoi choisir les barres de chocolat Polkadot ?<\/strong><\/h4>\n<ul>\n<li><strong>Ingr\u00e9dients de premi\u00e8re qualit\u00e9 :<\/strong> Nos tablettes de chocolat sont fabriqu\u00e9es avec le meilleur chocolat belge, ce qui leur conf\u00e8re une texture riche et onctueuse.<\/li>\n<li><strong>Saveurs uniques :<\/strong> La combinaison du caramel macchiato et du chocolat donne un go\u00fbt distinctif et agr\u00e9able.<\/li>\n<li><strong>Avantages pour la sant\u00e9 :<\/strong> Infus\u00e9es de champignons magiques, nos barres offrent des avantages th\u00e9rapeutiques potentiels, am\u00e9liorant le bien-\u00eatre mental.<\/li>\n<li><strong>Production \u00e9thique :<\/strong> D'origine durable et respectueuses de l'environnement, nos barres chocolat\u00e9es sont un choix responsable pour les consommateurs consciencieux.<\/li>\n<\/ul>\n<h4><strong>Avis des clients<\/strong><\/h4>\n<p>Nos clients aiment les barres chocolat\u00e9es Polkadot Caramel Macchiato pour leur go\u00fbt exquis et leurs effets b\u00e9n\u00e9fiques :<\/p>\n<ul>\n<li><strong>Adam Peebles :<\/strong> &#8220;These are a revelation! The rich cocoa perfectly complements the earthy mushroom undertones, creating a taste experience unlike any other.&#8221;<\/li>\n<li><strong>Mark Jance :<\/strong> &#8220;As a wellness enthusiast, I&#8217;m always on the hunt for healthy alternatives. These psilocybin chocolate bars hit the mark!&#8221;<\/li>\n<li><strong>Serge Hertzog :<\/strong> &#8220;The blend of flavors is unique and exciting, and the health benefits add a guilt-free dimension to my chocolate indulgence.&#8221;<\/li>\n<\/ul>\n<h4><strong>En savoir plus<\/strong><\/h4>\n<p>D\u00e9couvrez notre gamme compl\u00e8te de tablettes de chocolat Polkadot et d'autres produits comestibles \u00e0 base de champignons magiques :<\/p>\n<ul>\n<li><a href=\"https:\/\/shroomschocolatebars.com\/fr\/categorie-produit\/barres-chocolatees-polkadot\/\" target=\"_new\" rel=\"noreferrer noopener\">Barres chocolat\u00e9es Polkadot<\/a><\/li>\n<li><a href=\"https:\/\/shroomschocolatebars.com\/fr\/produit\/barre-de-chocolat-apple-jacks-polkadot\/\" target=\"_new\" rel=\"noreferrer noopener\">Barre chocolat\u00e9e Polkadot Apple Jacks<\/a><\/li>\n<li><a href=\"https:\/\/shroomschocolatebars.com\/fr\/produit\/polkadot-chocolat\/\" target=\"_new\" rel=\"noreferrer noopener\">Barre chocolat\u00e9e Polkadot Apple Pie<\/a><\/li>\n<li><a href=\"https:\/\/shroomschocolatebars.com\/fr\/produit\/barre-de-chocolat-au-beurre-et-aux-noix-de-pecan-polkadot\/\" target=\"_new\" rel=\"noreferrer noopener\">Barre chocolat\u00e9e au beurre et aux noix de p\u00e9can Polkadot<\/a><\/li>\n<\/ul>","protected":false},"excerpt":{"rendered":"<p>Bienvenue dans le monde d\u00e9licieux des barres de chocolat caramel macchiato Polkadot, o\u00f9 la qualit\u00e9 sup\u00e9rieure rencontre une saveur extraordinaire. Con\u00e7ue pour ceux qui ont envie d'une exp\u00e9rience chocolat\u00e9e unique et luxueuse, cette d\u00e9licieuse friandise marie harmonieusement le riche go\u00fbt du caramel macchiato au chocolat belge le plus fin. Notre barre chocolat\u00e9e Polkadot Caramel Macchiato n'est pas seulement un r\u00e9gal pour vos papilles, mais aussi un voyage dans le monde des champignons magiques, con\u00e7u pour offrir une exp\u00e9rience \u00e0 la fois agr\u00e9able et th\u00e9rapeutique.<\/p>","protected":false},"featured_media":1499,"comment_status":"open","ping_status":"closed","template":"","meta":[],"product_brand":[],"product_cat":[331],"product_tag":[],"class_list":{"0":"post-1498","1":"product","2":"type-product","3":"status-publish","4":"has-post-thumbnail","6":"product_cat-polkadot-chocolate-bars","8":"first","9":"instock","10":"shipping-taxable","11":"purchasable","12":"product-type-simple"},"jetpack_sharing_enabled":true,"_links":{"self":[{"href":"https:\/\/shroomschocolatebars.com\/fr\/wp-json\/wp\/v2\/product\/1498","targetHints":{"allow":["GET"]}}],"collection":[{"href":"https:\/\/shroomschocolatebars.com\/fr\/wp-json\/wp\/v2\/product"}],"about":[{"href":"https:\/\/shroomschocolatebars.com\/fr\/wp-json\/wp\/v2\/types\/product"}],"replies":[{"embeddable":true,"href":"https:\/\/shroomschocolatebars.com\/fr\/wp-json\/wp\/v2\/comments?post=1498"}],"wp:featuredmedia":[{"embeddable":true,"href":"https:\/\/shroomschocolatebars.com\/fr\/wp-json\/wp\/v2\/media\/1499"}],"wp:attachment":[{"href":"https:\/\/shroomschocolatebars.com\/fr\/wp-json\/wp\/v2\/media?parent=1498"}],"wp:term":[{"taxonomy":"product_brand","embeddable":true,"href":"https:\/\/shroomschocolatebars.com\/fr\/wp-json\/wp\/v2\/product_brand?post=1498"},{"taxonomy":"product_cat","embeddable":true,"href":"https:\/\/shroomschocolatebars.com\/fr\/wp-json\/wp\/v2\/product_cat?post=1498"},{"taxonomy":"product_tag","embeddable":true,"href":"https:\/\/shroomschocolatebars.com\/fr\/wp-json\/wp\/v2\/product_tag?post=1498"}],"curies":[{"name":"wp","href":"https:\/\/api.w.org\/{rel}","templated":true}]}}