{"id":1305,"date":"2024-07-22T16:23:42","date_gmt":"2024-07-22T16:23:42","guid":{"rendered":"https:\/\/shroomschocolatebars.com\/?page_id=1305"},"modified":"2024-07-22T16:26:35","modified_gmt":"2024-07-22T16:26:35","slug":"a-propos-de-nous","status":"publish","type":"page","link":"https:\/\/shroomschocolatebars.com\/fr\/about-us\/","title":{"rendered":"A propos de nous"},"content":{"rendered":"<p class=\"has-medium-font-size\">\u00c0 propos de nous<\/p>\n\n\n\n<p class=\"has-medium-font-size\">Bienvenue chez Shrooms Chocolate Bars ! Depuis 10 ans, nous nous consacrons \u00e0 la fabrication de tablettes de chocolat aux champignons exquises qui associent le chocolat gourmet aux champignons les plus fins. Notre parcours a commenc\u00e9 par une passion pour la cr\u00e9ation de friandises uniques, d\u00e9licieuses et respectueuses de la sant\u00e9.<\/p>\n\n\n\n<p class=\"has-medium-font-size\">Chez Shrooms Chocolate Bars, nous croyons \u00e0 la magie des champignons et \u00e0 la joie du chocolat. Notre mission est d'offrir une exp\u00e9rience gustative unique qui non seulement ravit vos sens, mais favorise \u00e9galement votre bien-\u00eatre. Nous sommes fiers d'utiliser des ingr\u00e9dients de premi\u00e8re qualit\u00e9, un approvisionnement durable et des recettes innovantes pour vous offrir les meilleures tablettes de chocolat aux champignons du march\u00e9.<\/p>\n\n\n\n<p class=\"has-medium-font-size\">Notre engagement en faveur de la qualit\u00e9 et de la satisfaction du client est au c\u0153ur de nos activit\u00e9s depuis le premier jour. Nous sommes reconnaissants du soutien et de la confiance de nos fid\u00e8les clients, qui ont rendu notre voyage possible. Rejoignez-nous pour continuer \u00e0 explorer de nouvelles saveurs et \u00e0 partager les merveilles du chocolat aux champignons avec le monde entier.<\/p>\n\n\n\n<p class=\"has-medium-font-size\">Merci d'avoir choisi les barres chocolat\u00e9es Shrooms. Nous nous r\u00e9jouissons de pouvoir vous servir pendant de nombreuses ann\u00e9es encore.<\/p>","protected":false},"excerpt":{"rendered":"<p>About Us Welcome to Shrooms Chocolate Bars! For the past 10 years, we have been dedicated to crafting exquisite mushroom chocolate bars that combine gourmet chocolate with the finest mushrooms. Our journey began with a passion for creating unique, delicious, and health-conscious treats. At Shrooms Chocolate Bars, we believe in the magic of mushrooms and [&#8230;]\n","protected":false},"author":1,"featured_media":0,"parent":0,"menu_order":0,"comment_status":"closed","ping_status":"closed","template":"","meta":{"footnotes":""},"class_list":["post-1305","page","type-page","status-publish","hentry"],"jetpack_sharing_enabled":true,"_links":{"self":[{"href":"https:\/\/shroomschocolatebars.com\/fr\/wp-json\/wp\/v2\/pages\/1305","targetHints":{"allow":["GET"]}}],"collection":[{"href":"https:\/\/shroomschocolatebars.com\/fr\/wp-json\/wp\/v2\/pages"}],"about":[{"href":"https:\/\/shroomschocolatebars.com\/fr\/wp-json\/wp\/v2\/types\/page"}],"author":[{"embeddable":true,"href":"https:\/\/shroomschocolatebars.com\/fr\/wp-json\/wp\/v2\/users\/1"}],"replies":[{"embeddable":true,"href":"https:\/\/shroomschocolatebars.com\/fr\/wp-json\/wp\/v2\/comments?post=1305"}],"version-history":[{"count":0,"href":"https:\/\/shroomschocolatebars.com\/fr\/wp-json\/wp\/v2\/pages\/1305\/revisions"}],"wp:attachment":[{"href":"https:\/\/shroomschocolatebars.com\/fr\/wp-json\/wp\/v2\/media?parent=1305"}],"curies":[{"name":"wp","href":"https:\/\/api.w.org\/{rel}","templated":true}]}}