{"id":924,"date":"2022-05-26T03:01:08","date_gmt":"2022-05-26T03:01:08","guid":{"rendered":"https:\/\/shroomschocolatebars.com\/?post_type=product&#038;p=924"},"modified":"2025-07-30T04:15:16","modified_gmt":"2025-07-30T04:15:16","slug":"sieni-gummies","status":"publish","type":"product","link":"https:\/\/shroomschocolatebars.com\/fi\/product\/infinite-rx-shroom-infused-albino-penis-envy-gummies\/","title":{"rendered":"INfinite Rx Shroom Infused Albino Penis Envy purukumit"},"content":{"rendered":"<h2><strong>INfinite Rx Shroom Infused Albino Penis Envy Gummies Tuotekuvaus<\/strong><\/h2>\n<h4><strong>Tutustu valtaan INfinite Rx Shroom Infused Albino Penis Envy -kumien voimalla<\/strong><\/h4>\n<p>Koe psilosybiinin kulutuksen uusi alue INfinite Rx Shroom Infused Albino Penis Envy Gummiesin kanssa. N\u00e4m\u00e4 gourmet-purukumit on suunniteltu tarjoamaan k\u00e4tev\u00e4, maukas ja voimakas tapa nauttia taikasienien hy\u00f6dyist\u00e4. Erityisesti niille, jotka arvostavat hienompia asioita psykedeelisiss\u00e4 kokemuksissa, n\u00e4m\u00e4 purukumit ovat poikkeuksellinen valinta. INfinite Rx Shroom Infused Albino Penis Envy -kumimakeiset<\/p>\n<h3><strong>Tuotteen kohokohdat<\/strong><\/h3>\n<ul>\n<li><strong>Voimakas psilosybiinipitoisuus<\/strong>: Each gummy is infused with 1000 mg of the powerful Albino Penis Envy (A.P.E) magic mushroom strain, making them suitable for seasoned psychonauts.<\/li>\n<li><strong>Herkullisia makuja<\/strong>: Nauti valikoimasta makuja, kuten kirsikka, mansikka, mustikka, appelsiini, lime ja sitruuna, jotka takaavat nautinnollisen kokemuksen jokaisella suupalalla.<\/li>\n<li><strong>K\u00e4tev\u00e4 annostelu<\/strong>: Pakkauksessa on nelj\u00e4 purukumia, joissa on yhteens\u00e4 2000 mg psilosybiini\u00e4, joten annostelu on yksinkertaista ja johdonmukaista.<\/li>\n<\/ul>\n<h3><strong>Why Choose INfinite Rx Shroom-Infused Gummies?<\/strong><\/h3>\n<h4>Parannettu sulavuus<\/h4>\n<p>One of the key advantages of consuming INfinite Rx gummies is their enhanced digestibility. Unlike traditional dried mushrooms, these gummies are easy on the stomach, reducing the likelihood of gastrointestinal discomfort, often referred to as &#8220;gut rot.&#8221; This means you can enjoy your journey without the unpleasant physical side effects.<\/p>\n<h4>Erinomainen maku<\/h4>\n<p>INfinite Rx -purukumit peitt\u00e4v\u00e4t raakojen sienten usein ep\u00e4miellytt\u00e4v\u00e4n maun herkullisilla, hedelm\u00e4isill\u00e4 mauilla. T\u00e4m\u00e4 tekee kulutuskokemuksesta paljon miellytt\u00e4v\u00e4mm\u00e4n, jolloin voit keskitty\u00e4 vaikutuksiin eik\u00e4 makuun.<\/p>\n<h4>Nopeasti vaikuttava ja hallittu korkea<\/h4>\n<p>These gummies are designed to be fast-acting, with effects typically beginning within 30\u201345 minutes of consumption. Additionally, the experience lasts about half as long as that of traditional magic mushrooms, giving you better control over the duration of your trip. This is particularly beneficial for those who need to plan their experiences around other commitments.<\/p>\n<h3><strong>Annostus ja k\u00e4ytt\u00f6ohjeet<\/strong><\/h3>\n<p>For those new to psilocybin, it&#8217;s recommended to start with half a gummy to assess tolerance. Experienced users may consume one to two gummies based on their preference. Allow up to 45 minutes for the effects to start before considering an additional dose.<\/p>\n<h3><strong>Ainesosat<\/strong><\/h3>\n<ul>\n<li>Sokeri<\/li>\n<li>Gelatiini<\/li>\n<li>Maissisiirappi<\/li>\n<li>Sitruunahappo<\/li>\n<li>Luonnolliset ja keinotekoiset aromit<\/li>\n<li>Keinotekoinen v\u00e4ri<\/li>\n<li>Kookos\u00f6ljy<\/li>\n<li>Psilosybiinisienet<\/li>\n<\/ul>\n<h3><strong>Terveyshy\u00f6dyt<\/strong><\/h3>\n<p>INfinite Rx Shroom Infused Albino Penis Envy Gummiesin nauttiminen voi tarjota lukuisia etuja, kuten lis\u00e4\u00e4ntynyt luovuus, parantunut mieliala ja mahdolliset terapeuttiset vaikutukset mielenterveysongelmiin, kuten masennukseen ja PTSD:hen. Albino Penis Envy -kanta on tunnettu erityisesti sen tehosta ja ainutlaatuisista psykotrooppisista ominaisuuksista, mik\u00e4 tekee n\u00e4ist\u00e4 purukumeista tehokkaan ty\u00f6kalun henkil\u00f6kohtaiseen tutkimiseen ja kasvuun.<\/p>\n<h3><strong>K\u00e4ytt\u00e4jien suosittelut<\/strong><\/h3>\n<ul>\n<li><strong>Lynda F.<\/strong> &#8211; &#8220;These gummies are amazing! The taste is fantastic, and the effects are just what I needed for my spiritual journey. Highly recommend for anyone experienced with psychedelics.&#8221;<\/li>\n<li><strong>Daniel M.<\/strong> &#8211; &#8220;Took two gummies and felt incredible. Planning to try four next time. These are perfect for a controlled, enjoyable trip.&#8221;<\/li>\n<\/ul>\n<h3><strong>Lis\u00e4tietoja<\/strong><\/h3>\n<ul>\n<li><strong>Varastointi<\/strong>: S\u00e4ilyt\u00e4 viile\u00e4ss\u00e4 ja kuivassa paikassa suojattuna suoralta auringonvalolta tehon ja tuoreuden s\u00e4ilytt\u00e4miseksi.<\/li>\n<li><strong>Varoitus<\/strong>: S\u00e4ilytett\u00e4v\u00e4 lasten ja lemmikkiel\u00e4inten ulottumattomissa. \u00c4l\u00e4 k\u00e4yt\u00e4, jos olet raskaana tai imet\u00e4t. Keskustele terveydenhuollon ammattilaisen kanssa, jos sinulla on jokin sairaus tai k\u00e4yt\u00e4t l\u00e4\u00e4kkeit\u00e4.<\/li>\n<\/ul>\n<h3><strong>Aiheeseen liittyv\u00e4t tuotteet<\/strong><\/h3>\n<ul>\n<li><strong>INfinite Rx Shroom Infused Heart Gummies (sieni-infuusioitu syd\u00e4n)<\/strong>: Pienempi annosvaihtoehto niille, jotka haluavat mikroannostella tai etsi\u00e4 kevyemp\u00e4\u00e4 kokemusta.<\/li>\n<li><strong>Wonder Psilosybiinisuklaapatukat<\/strong>: Niille, jotka pit\u00e4v\u00e4t suklaasta enemm\u00e4n kuin purukumista, n\u00e4m\u00e4 patukat tarjoavat herkullisen vaihtoehdon.<\/li>\n<\/ul>\n<h3><strong>P\u00e4\u00e4telm\u00e4<\/strong><\/h3>\n<p>INfinite Rx Shroom Infused Albino Penis Envy Gummies tarjoaa erinomaisen psilosybiinikokemuksen, jossa yhdistyv\u00e4t teho, maku ja mukavuus. Olitpa sitten kokenut psykonautti tai halusitpa syvent\u00e4\u00e4 psykedeelist\u00e4 harjoitteluasi, n\u00e4m\u00e4 purukumit ovat erinomainen valinta. Kohota matkaasi INfinite Rx:n luotettavalla laadulla.<\/p>\n<p>Jos haluat lis\u00e4tietoja tai tehd\u00e4 ostoksen, k\u00e4y osoitteessa osoitteessa <a href=\"https:\/\/shroomschocolatebars.com\/fi\/shop\/\">kauppasivu\u00a0<\/a><\/p>\n<p>By optimizing your product description with relevant keywords and phrases such as &#8220;Albino Penis Envy gummies,&#8221; &#8220;psilocybin-infused,&#8221; and &#8220;magic mushrooms,&#8221; you can enhance your search engine rankings and attract more customers searching for these specific products\u200b.<\/p>","protected":false},"excerpt":{"rendered":"<p class=\"product_title entry-title\"><strong>INfinite Rx Shroom Infused Albino Penis Envy Edition Large Heart Gummies Edibles (4000mg)<\/strong><\/p>\n<p>&nbsp;<\/p>","protected":false},"featured_media":922,"comment_status":"open","ping_status":"closed","template":"","meta":[],"product_brand":[],"product_cat":[234],"product_tag":[],"class_list":{"0":"post-924","1":"product","2":"type-product","3":"status-publish","4":"has-post-thumbnail","6":"product_cat-buy-lsd-sheets-online","8":"first","9":"instock","10":"shipping-taxable","11":"purchasable","12":"product-type-simple"},"jetpack_sharing_enabled":true,"_links":{"self":[{"href":"https:\/\/shroomschocolatebars.com\/fi\/wp-json\/wp\/v2\/product\/924","targetHints":{"allow":["GET"]}}],"collection":[{"href":"https:\/\/shroomschocolatebars.com\/fi\/wp-json\/wp\/v2\/product"}],"about":[{"href":"https:\/\/shroomschocolatebars.com\/fi\/wp-json\/wp\/v2\/types\/product"}],"replies":[{"embeddable":true,"href":"https:\/\/shroomschocolatebars.com\/fi\/wp-json\/wp\/v2\/comments?post=924"}],"wp:featuredmedia":[{"embeddable":true,"href":"https:\/\/shroomschocolatebars.com\/fi\/wp-json\/wp\/v2\/media\/922"}],"wp:attachment":[{"href":"https:\/\/shroomschocolatebars.com\/fi\/wp-json\/wp\/v2\/media?parent=924"}],"wp:term":[{"taxonomy":"product_brand","embeddable":true,"href":"https:\/\/shroomschocolatebars.com\/fi\/wp-json\/wp\/v2\/product_brand?post=924"},{"taxonomy":"product_cat","embeddable":true,"href":"https:\/\/shroomschocolatebars.com\/fi\/wp-json\/wp\/v2\/product_cat?post=924"},{"taxonomy":"product_tag","embeddable":true,"href":"https:\/\/shroomschocolatebars.com\/fi\/wp-json\/wp\/v2\/product_tag?post=924"}],"curies":[{"name":"wp","href":"https:\/\/api.w.org\/{rel}","templated":true}]}}