{"id":918,"date":"2022-05-26T02:14:27","date_gmt":"2022-05-26T02:14:27","guid":{"rendered":"https:\/\/shroomschocolatebars.com\/?post_type=product&#038;p=918"},"modified":"2024-09-01T01:12:07","modified_gmt":"2024-09-01T01:12:07","slug":"osta-psilosybiini","status":"publish","type":"product","link":"https:\/\/shroomschocolatebars.com\/fi\/product\/seremoni-psilocybin-chocolate-bar-sea-salt-golden-teacher-mushrooms\/","title":{"rendered":"Seremoni Psilocybin Chocolate Bar Sea Salt &#038; Golden Teacher Mushrooms"},"content":{"rendered":"<h3><strong>Seremoni Psilosybiinisuklaapatukka Merisuola &amp; Kultaiset opettajan sienet<\/strong><\/h3>\n<hr \/>\n<h4><strong>Johdanto<\/strong><\/h4>\n<p>The <strong>Seremoni Psilosybiinisuklaapatukka (merisuola &amp; kultaiset opettajasienet)<\/strong> on ensiluokkainen sekoitus, joka on suunniteltu niille, jotka etsiv\u00e4t ainutlaatuista ja hienostunutta psilosybiinikokemusta. T\u00e4m\u00e4 suklaapatukka yhdist\u00e4\u00e4 reilun kaupan luomukaakaon t\u00e4ytel\u00e4isen maun, merisuolan hienovaraista rapeutta ja Golden Teacher -sienien voimakkaita vaikutuksia, ja se tarjoaa sek\u00e4 ihastuttavan maun ett\u00e4 ikimuistoisen matkan.<\/p>\n<h4><strong>T\u00e4rkeimm\u00e4t ominaisuudet<\/strong><\/h4>\n<ol>\n<li><strong>Ainesosat ja makuprofiili<\/strong>:\n<ul>\n<li><strong>Reilun kaupan luomukaakao<\/strong>: Hankittu kest\u00e4vilt\u00e4 tiloilta, mik\u00e4 takaa laadun ja eettiset standardit.<\/li>\n<li><strong>Merisuola<\/strong>: Lis\u00e4\u00e4 herkk\u00e4\u00e4 rapeutta ja parantaa yleist\u00e4 makua.<\/li>\n<li><strong>Kultaiset opettajan sienet<\/strong>: Tunnetaan niiden johdonmukaisesta tehosta ja valaisevista vaikutuksista.<\/li>\n<li><strong>Muut ainesosat<\/strong>: Kaakaopavut, sokeri, kaakaovoi, P.Cubensis (Golden Teacher), soijalesitiini, vanilja. Saattaa sis\u00e4lt\u00e4\u00e4 j\u00e4\u00e4mi\u00e4 maidosta ja p\u00e4hkin\u00f6ist\u00e4.<\/li>\n<\/ul>\n<\/li>\n<li><strong>Annostus ja k\u00e4ytt\u00f6<\/strong>:\n<ul>\n<li>Jokainen patukka sis\u00e4lt\u00e4\u00e4 3 grammaa Golden Teacher -sieni\u00e4.<\/li>\n<li>Jaettu 15 osaan, joista jokainen tarjoaa 200 mg:n annoksen.<\/li>\n<li>Suositeltu annostus: Aloita matalalta ja siirry hitaasti. Odota 20-40 minuuttia vaikutusten ilmenemiseen.<\/li>\n<\/ul>\n<\/li>\n<li><strong>Muoto ja pakkaus<\/strong>:\n<ul>\n<li>50 gramman karkaistu tumma suklaapatukka.<\/li>\n<li>Helppok\u00e4ytt\u00f6inen ja ihanteellinen sek\u00e4 mikroannosteluun ett\u00e4 jakamiseen.<\/li>\n<li>Huomaamaton, tyhji\u00f6pakattu pakkaus s\u00e4ilytt\u00e4\u00e4 tuoreuden ja yksityisyyden.<\/li>\n<\/ul>\n<\/li>\n<li><strong>Varastointi ja k\u00e4sittely<\/strong>:\n<ul>\n<li>Due to the sensitive nature of chocolate, especially during warmer months, it&#8217;s recommended to store the bar in a cool, dry place.<\/li>\n<li>J\u00e4\u00e4pakkaukset ja eristetyt postituspakkaukset sis\u00e4ltyv\u00e4t pakkaukseen, jotta ne eiv\u00e4t p\u00e4\u00e4se sulamaan kuljetuksen aikana.<\/li>\n<\/ul>\n<\/li>\n<\/ol>\n<h4><strong>Edut ja kokemus<\/strong><\/h4>\n<p>The <strong>Seremoni Psilosybiinisuklaapatukka<\/strong> on t\u00e4ydellinen niille, jotka haluavat tutkia psilosybiinin hy\u00f6tyj\u00e4 hallitusti ja nautinnollisesti. Golden Teacher -sienet ovat tunnettuja kyvyst\u00e4\u00e4n edist\u00e4\u00e4 itsetutkiskelua, luovuutta ja henkist\u00e4 oivallusta. Kun ne yhdistet\u00e4\u00e4n tumman suklaan ja merisuolan ylelliseen makuun, k\u00e4ytt\u00e4j\u00e4t voivat odottaa kokonaisvaltaista kokemusta, joka kutkuttaa makuhermoja ja tarjoaa samalla lempe\u00e4n, valaisevan tripin. Seremoni Psilocybin Chocolate Bar Merisuola &amp; Kultaiset Opettajasienet<\/p>\n<h3><\/h3>\n<h4>Kuinka k\u00e4ytt\u00e4\u00e4<\/h4>\n<ol>\n<li><strong>Mikroannostelu<\/strong>:\n<ul>\n<li>Ihanteellinen p\u00e4ivitt\u00e4isten toimintojen tehostamiseen, luovuuden lis\u00e4\u00e4miseen ja mielialan parantamiseen ilman voimakkaita psykedeelisi\u00e4 vaikutuksia.<\/li>\n<li>Kuluta yksi pala (200 mg) osana mikroannosteluohjelmaasi.<\/li>\n<\/ul>\n<\/li>\n<li><strong>T\u00e4ysi annos<\/strong>:\n<ul>\n<li>Jos haluat syv\u00e4llisemm\u00e4n kokemuksen, harkitse useamman palan nauttimista, riippuen sietokyvyst\u00e4si ja haluamastasi intensiteetist\u00e4.<\/li>\n<li>Always start with a lower dose to gauge your body&#8217;s response before increasing.<\/li>\n<\/ul>\n<\/li>\n<li><strong>Turvallisuus ja varotoimet<\/strong>:\n<ul>\n<li>S\u00e4ilytett\u00e4v\u00e4 lasten ulottumattomissa.<\/li>\n<li>S\u00e4ilyt\u00e4 turvallisessa paikassa suojattuna suoralta auringonvalolta.<\/li>\n<li>Huomioi paikallinen s\u00e4\u00e4 tilatessasi sulamisen est\u00e4miseksi.<\/li>\n<\/ul>\n<\/li>\n<\/ol>\n<h4><strong>Asiakkaiden arvostelut ja suosittelut<\/strong><\/h4>\n<p>Monet k\u00e4ytt\u00e4j\u00e4t ovat ylist\u00e4neet Seremoni Psilocybin Chocolate Baria sen poikkeuksellisesta mausta ja luotettavista vaikutuksista. Merisuolan ja t\u00e4ytel\u00e4isen kaakaon sekoitus t\u00e4ydent\u00e4\u00e4 Golden Teacher -sienien maanl\u00e4heisi\u00e4 s\u00e4vyj\u00e4 ja tarjoaa miellytt\u00e4v\u00e4n aistikokemuksen.<\/p>\n<blockquote><p>&#8220;The best way to enjoy my psilocybin journey! The taste is incredible, and the effects are just as described \u2013 mellow and enlightening.&#8221; &#8211; <strong>Tyytyv\u00e4inen asiakas<\/strong><\/p><\/blockquote>\n<blockquote><p>&#8220;Perfect for microdosing. I love that each piece is precisely dosed, making it easy to control my intake.&#8221; &#8211; <strong>Onnellinen k\u00e4ytt\u00e4j\u00e4<\/strong><\/p><\/blockquote>\n<p>Lis\u00e4tietoja ja ostokset l\u00f6yd\u00e4t tuotesivuiltamme osoitteessa <a href=\"https:\/\/shroomschocolatebars.com\/fi\/\" target=\"_new\" rel=\"noreferrer noopener\">shroomschocolatebars.com<\/a>\u200b<span class=\"\" data-state=\"closed\"><span class=\"text-token-text-secondary\">\u00a0<\/span><\/span><\/p>","protected":false},"excerpt":{"rendered":"<h4><strong>Osto- ja toimitustiedot<\/strong><\/h4>\n<ul>\n<li><strong>Hinta<\/strong>: $75,00 per tanko.<\/li>\n<li><strong>Toimitus<\/strong>: Ilmainen pikatoimitus<\/li>\n<li><strong>Pakkaus<\/strong>: Huomaamaton ja tyhji\u00f6pakattu yksityisyyden ja tuoreuden takaamiseksi.<\/li>\n<\/ul>","protected":false},"featured_media":1075,"comment_status":"open","ping_status":"closed","template":"","meta":[],"product_brand":[],"product_cat":[35],"product_tag":[],"class_list":{"0":"post-918","1":"product","2":"type-product","3":"status-publish","4":"has-post-thumbnail","6":"product_cat-mushroom-chocolate-bars","8":"first","9":"instock","10":"shipping-taxable","11":"purchasable","12":"product-type-simple"},"jetpack_sharing_enabled":true,"_links":{"self":[{"href":"https:\/\/shroomschocolatebars.com\/fi\/wp-json\/wp\/v2\/product\/918","targetHints":{"allow":["GET"]}}],"collection":[{"href":"https:\/\/shroomschocolatebars.com\/fi\/wp-json\/wp\/v2\/product"}],"about":[{"href":"https:\/\/shroomschocolatebars.com\/fi\/wp-json\/wp\/v2\/types\/product"}],"replies":[{"embeddable":true,"href":"https:\/\/shroomschocolatebars.com\/fi\/wp-json\/wp\/v2\/comments?post=918"}],"wp:featuredmedia":[{"embeddable":true,"href":"https:\/\/shroomschocolatebars.com\/fi\/wp-json\/wp\/v2\/media\/1075"}],"wp:attachment":[{"href":"https:\/\/shroomschocolatebars.com\/fi\/wp-json\/wp\/v2\/media?parent=918"}],"wp:term":[{"taxonomy":"product_brand","embeddable":true,"href":"https:\/\/shroomschocolatebars.com\/fi\/wp-json\/wp\/v2\/product_brand?post=918"},{"taxonomy":"product_cat","embeddable":true,"href":"https:\/\/shroomschocolatebars.com\/fi\/wp-json\/wp\/v2\/product_cat?post=918"},{"taxonomy":"product_tag","embeddable":true,"href":"https:\/\/shroomschocolatebars.com\/fi\/wp-json\/wp\/v2\/product_tag?post=918"}],"curies":[{"name":"wp","href":"https:\/\/api.w.org\/{rel}","templated":true}]}}