{"id":685,"date":"2022-03-30T08:35:15","date_gmt":"2022-03-30T08:35:15","guid":{"rendered":"https:\/\/shroomschocolatebars.com\/?post_type=product&#038;p=685"},"modified":"2024-09-01T01:04:46","modified_gmt":"2024-09-01T01:04:46","slug":"peniksen-himoitsee","status":"publish","type":"product","link":"https:\/\/shroomschocolatebars.com\/fi\/product\/penis-envy-xl-magic-mushrooms\/","title":{"rendered":"Penis Envy XL Taikasienet"},"content":{"rendered":"<h3><strong>Osta Penis Envy XL sienet verkossa<\/strong><\/h3>\n<p><strong>Tutustu Potency of Penis Envy XL Magic Mushrooms teho<\/strong><\/p>\n<p>Tutustu Penis Envy XL -taikasienien (Psilocybe Cubensis Penis Envy) ainutlaatuiseen vahvuuteen, joka on tunnettu psilosybiinikantojen poikkeuksellisesta tehosta.<\/p>\n<p><strong>Miksi Penis Envy -sienet erottuvat edukseen<\/strong><\/p>\n<p>Lue, miksi Penis Envy -sienet ovat maailmanlaajuisesti tunnustettu vahvin Psilocybe Cubensis -kanta, joka hallitsee kaupallisia sienimarkkinoita.<\/p>\n<p><strong>Penis Envy XL:n ainutlaatuisten ominaisuuksien ymm\u00e4rt\u00e4minen<\/strong><\/p>\n<p>Tutustu Penis Envy XL:n erityispiirteisiin, mukaan lukien niiden fallosmainen muoto, paksut varret ja tihe\u00e4t, eritt\u00e4in suuret hedelm\u00e4elimet.<\/p>\n<p><strong>Annostussuositukset turvallista kulutusta varten<\/strong><\/p>\n<p>Get essential tips on dosing Penis Envy XL mushrooms, from the recommended &#8220;museum dose&#8221; for beginners to moderate doses for more experienced users.<\/p>\n<p><strong>Koe parannettu visuaalisuus ja euforiaa<\/strong><\/p>\n<p>Tutustu siihen, miten Penis Envy XL -sienet voivat parantaa mielialaasi ja tarjota voimakkaita visuaalisia kokemuksia, jotka tekev\u00e4t musiikista ja taiteesta merkityksellisemp\u00e4\u00e4.<\/p>\n<p><strong>Turvallinen k\u00e4ytt\u00f6 ja vastuullinen kulutus<\/strong><\/p>\n<p>Opi vastuullisen kulutuksen merkitys ja miten luoda turvallinen ja positiivinen ymp\u00e4rist\u00f6 psykedeeliselle matkallesi.<\/p>\n<p>K\u00e4y meid\u00e4n<a href=\"https:\/\/shroomschocolatebars.com\/fi\/tuote-osasto\/taikasieni\/\"> taikasieni<\/a> luokkasivu l\u00f6yt\u00e4\u00e4ksesi muita kantoja, joita on varastossa.<\/p>","protected":false},"excerpt":{"rendered":"<p><strong>Osta paras Penis Envy XL Taikasienet<\/strong><\/p>\n<p><strong><u>Osta enemm\u00e4n, s\u00e4\u00e4st\u00e4 enemm\u00e4n:<\/u><\/strong><\/p>\n<ul>\n<li>28 grammaa = $170<\/li>\n<\/ul>\n<p><strong>Toimitustiedot<\/strong>:<\/p>\n<ul>\n<li>Ilmainen nopeutettu toimitus<\/li>\n<li>Toimitamme maailmanlaajuisesti seurantanumeron kanssa<\/li>\n<li>Huomaamaton ja tyhji\u00f6pakattu pakkaus yksityisyytt\u00e4si varten.<\/li>\n<\/ul>","protected":false},"featured_media":1127,"comment_status":"open","ping_status":"closed","template":"","meta":[],"product_brand":[],"product_cat":[45],"product_tag":[],"class_list":{"0":"post-685","1":"product","2":"type-product","3":"status-publish","4":"has-post-thumbnail","6":"product_cat-magic-mushroom","8":"first","9":"instock","10":"shipping-taxable","11":"purchasable","12":"product-type-simple"},"jetpack_sharing_enabled":true,"_links":{"self":[{"href":"https:\/\/shroomschocolatebars.com\/fi\/wp-json\/wp\/v2\/product\/685","targetHints":{"allow":["GET"]}}],"collection":[{"href":"https:\/\/shroomschocolatebars.com\/fi\/wp-json\/wp\/v2\/product"}],"about":[{"href":"https:\/\/shroomschocolatebars.com\/fi\/wp-json\/wp\/v2\/types\/product"}],"replies":[{"embeddable":true,"href":"https:\/\/shroomschocolatebars.com\/fi\/wp-json\/wp\/v2\/comments?post=685"}],"wp:featuredmedia":[{"embeddable":true,"href":"https:\/\/shroomschocolatebars.com\/fi\/wp-json\/wp\/v2\/media\/1127"}],"wp:attachment":[{"href":"https:\/\/shroomschocolatebars.com\/fi\/wp-json\/wp\/v2\/media?parent=685"}],"wp:term":[{"taxonomy":"product_brand","embeddable":true,"href":"https:\/\/shroomschocolatebars.com\/fi\/wp-json\/wp\/v2\/product_brand?post=685"},{"taxonomy":"product_cat","embeddable":true,"href":"https:\/\/shroomschocolatebars.com\/fi\/wp-json\/wp\/v2\/product_cat?post=685"},{"taxonomy":"product_tag","embeddable":true,"href":"https:\/\/shroomschocolatebars.com\/fi\/wp-json\/wp\/v2\/product_tag?post=685"}],"curies":[{"name":"wp","href":"https:\/\/api.w.org\/{rel}","templated":true}]}}