{"id":678,"date":"2022-03-30T08:04:53","date_gmt":"2022-03-30T08:04:53","guid":{"rendered":"https:\/\/shroomschocolatebars.com\/?post_type=product&#038;p=678"},"modified":"2024-09-01T01:04:47","modified_gmt":"2024-09-01T01:04:47","slug":"penis-kateus-sienet","status":"publish","type":"product","link":"https:\/\/shroomschocolatebars.com\/fi\/product\/penis-envy-magic-mushroom\/","title":{"rendered":"Penis Envy Magic Mushroom"},"content":{"rendered":"<h2><strong>Osta Penis Envy Magic Mushroom verkossa<\/strong><\/h2>\n<p>Tervetuloa Penis Envy Magic Mushroomsin perimm\u00e4iseen l\u00e4hteeseen, joka on ensisijainen valinta niille, jotka etsiv\u00e4t vertaansa vailla olevaa psykedeelist\u00e4 matkaa. Penis Envy Magic Mushrooms on tunnettu tehostaan ja ainutlaatuisista vaikutuksistaan, ja se on saavuttanut maineen yhten\u00e4 halutuimmista lajikkeista taikasienien maailmassa. Tutustu siihen, miksi n\u00e4m\u00e4 poikkeukselliset sienet ovat niin harrastajien kuin asiantuntijoidenkin arvostamia.<\/p>\n<h3><strong>Mit\u00e4 ovat Penis Envy Magic Mushrooms?<\/strong><\/h3>\n<p>Penis Envy -taikasienet (Psilocybe cubensis Penis Envy) ovat omaleimainen ja eritt\u00e4in voimakas psykedeelinen sienikanta. Ne erottuvat paitsi vaikuttavan tehonsa my\u00f6s ainutlaatuisen ulkon\u00e4k\u00f6ns\u00e4 ansiosta. Penis Envy -sienet, joille on ominaista niiden fallosmainen muoto ja vaalea v\u00e4ritys, ovat kuuluisia voimakkaista vaikutuksistaan, ja ne ovat usein ensisijainen valinta niille, jotka etsiv\u00e4t syv\u00e4llist\u00e4 psykedeelist\u00e4 kokemusta.<\/p>\n<h4><strong>T\u00e4rkeimm\u00e4t ominaisuudet ja edut<\/strong><\/h4>\n<ol>\n<li><strong>Poikkeuksellinen teho:<\/strong> Penis Envy Magic Mushrooms tunnetaan poikkeuksellisesta tehostaan, joka usein tuottaa voimakkaampia ja pitk\u00e4kestoisempia vaikutuksia kuin muut kannat. T\u00e4m\u00e4 tekee niist\u00e4 ihanteellisia kokeneille k\u00e4ytt\u00e4jille, jotka etsiv\u00e4t syvemp\u00e4\u00e4, transformatiivisempaa matkaa.<\/li>\n<li><strong>Ainutlaatuiset vaikutukset:<\/strong> Penis Envy -sienien vaikutukset voivat vaihdella tehostetusta aistihavainnosta syv\u00e4lliseen itsetutkiskeluun. K\u00e4ytt\u00e4j\u00e4t raportoivat usein lis\u00e4\u00e4ntyneest\u00e4 yhteenkuuluvuuden tunteesta ja parantuneesta kyvyst\u00e4 tutkia sis\u00e4ist\u00e4 tietoisuuttaan.<\/li>\n<li><strong>Korkea laatu:<\/strong> Penis Envy Magic Mushrooms viljell\u00e4\u00e4n tiukoissa olosuhteissa korkeimman laadun varmistamiseksi. Jokainen er\u00e4 testataan tiukasti tehon ja puhtauden takaamiseksi, jotta saat joka kerta ensiluokkaisen tuotteen.<\/li>\n<li><strong>Monipuolinen k\u00e4ytt\u00f6:<\/strong> Whether you&#8217;re an experienced psychonaut or a curious newcomer, Penis Envy mushrooms offer a versatile range of uses. They can be consumed in various ways, including in dried form, capsules, or as part of a psychedelic tea.<\/li>\n<\/ol>\n<h3><strong>Kuinka k\u00e4ytt\u00e4\u00e4 Penis Envy Magic Mushroomsia<\/strong><\/h3>\n<p>Parhaan kokemuksen saamiseksi on t\u00e4rke\u00e4\u00e4 k\u00e4ytt\u00e4\u00e4 Penis Envy Magic Mushroomsia vastuullisesti. T\u00e4ss\u00e4 on muutamia vinkkej\u00e4 turvalliseen ja nautinnolliseen matkaan:<\/p>\n<ul>\n<li><strong>Aloita pienell\u00e4 annoksella:<\/strong> Due to their potency, it\u2019s advisable to start with a small dose, especially if you are new to psychedelics. A small dose can provide a good introduction without overwhelming effects.<\/li>\n<li><strong>Aseta ja aseta:<\/strong> Varmista, ett\u00e4 olet mukavassa ja turvallisessa ymp\u00e4rist\u00f6ss\u00e4. Positiivinen asenne ja turvallinen ymp\u00e4rist\u00f6 ovat ratkaisevia psykedeelisen kokemuksen kannalta.<\/li>\n<li><strong>Pysy nesteytettyn\u00e4:<\/strong> Juo runsaasti vett\u00e4 koko matkan ajan, jotta pysyt nesteytettyn\u00e4 ja tuet yleist\u00e4 hyvinvointiasi.<\/li>\n<li><strong>Ota matkanvahti:<\/strong> If you\u2019re new to psychedelics or trying a high dose, having a sober, experienced trip sitter can provide additional safety and support.<\/li>\n<\/ul>\n<h3><strong>Miksi valita meid\u00e4t?<\/strong><\/h3>\n<p>Me shroomschocolatebarsilla olemme ylpeit\u00e4 siit\u00e4, ett\u00e4 tarjoamme vain hienoimpia Penis Envy Magic Mushrooms -sieni\u00e4. Sitoutumisemme laatuun ja asiakastyytyv\u00e4isyyteen erottaa meid\u00e4t muista. Tarjoamme:<\/p>\n<ul>\n<li><strong>Avoimuus:<\/strong> Full details about our cultivation process and third-party testing results ensure you know exactly what you&#8217;re getting.<\/li>\n<li><strong><a href=\"https:\/\/shroomschocolatebars.com\/fi\/merenkulkupolitiikka\/\">Hienovarainen merenkulku<\/a>:<\/strong> Asetamme yksityisyytesi etusijalle huomaamattomilla pakkauksilla ja turvallisilla toimitusmenetelmill\u00e4.<\/li>\n<li><strong><a href=\"https:\/\/shroomschocolatebars.com\/fi\/ota-yhteytta\/\">Asiakastuki<\/a>:<\/strong> Asiantunteva ja yst\u00e4v\u00e4llinen asiakastukitiimimme auttaa sinua kaikissa kysymyksiss\u00e4 ja huolenaiheissa.<\/li>\n<\/ul>\n<h3><strong>Usein kysytyt kysymykset (FAQ)<\/strong><\/h3>\n<ol>\n<li><strong>Ovatko Penis Envy Magic Mushrooms Legal?<\/strong><br \/>\nTaikasienien laillisuus vaihtelee paikkakunnittain. Tarkista paikalliset lait ja m\u00e4\u00e4r\u00e4ykset ennen Penis Envy -taikasienien ostamista tai k\u00e4ytt\u00f6\u00e4.<\/li>\n<li><strong>Miten minun pit\u00e4isi s\u00e4ilytt\u00e4\u00e4 sieni\u00e4?<\/strong><br \/>\nS\u00e4ilyt\u00e4 Penis Envy -taikasieni\u00e4si viile\u00e4ss\u00e4, kuivassa paikassa, jossa ei ole suoraa auringonvaloa. Asianmukainen s\u00e4ilytys auttaa s\u00e4ilytt\u00e4m\u00e4\u00e4n niiden tehon ja tuoreuden.<\/li>\n<li><strong>Voinko k\u00e4ytt\u00e4\u00e4 Penis Envy -sieni\u00e4 terapeuttisiin tarkoituksiin?<\/strong><br \/>\nVaikka monet k\u00e4ytt\u00e4j\u00e4t raportoivat terapeuttisista hy\u00f6dyist\u00e4, kuten lis\u00e4\u00e4ntyneest\u00e4 itsetuntemuksesta ja emotionaalisesta paranemisesta, suosittelemme, ett\u00e4 otat yhteytt\u00e4 terveydenhuollon ammattilaiseen ennen kuin k\u00e4yt\u00e4t psykedeelisi\u00e4 aineita terapeuttisiin tarkoituksiin.<\/li>\n<li><strong>Kuinka kauan vaikutukset kest\u00e4v\u00e4t?<\/strong><br \/>\nPenis Envy Magic Mushroomsin vaikutukset kest\u00e4v\u00e4t tyypillisesti 4-6 tuntia annoksesta ja yksil\u00f6llisest\u00e4 herkkyydest\u00e4 riippuen.<\/li>\n<\/ol>\n<h4><strong>Tutustu psykedeelisen kokemuksen huipentumaan<\/strong><\/h4>\n<p>Penis Envy Magic Mushrooms are not just a product; they are a gateway to a profound and transformative experience. Whether you&#8217;re exploring the depths of your consciousness or seeking a new perspective, our Penis Envy Magic Mushrooms offer an unparalleled journey. Explore our selection today and embark on an extraordinary adventure.<\/p>\n<p>Jos haluat lis\u00e4tietoja tai tehd\u00e4 tilauksen, ota meihin yhteytt\u00e4 osoitteessa <a href=\"mailto:support@shroomschocolatebars.com\">support@shroomschocolatebars.com<\/a>. Liity lukemattomiin muihin, jotka ovat l\u00f6yt\u00e4neet Penis Envy Magic Mushroomsin poikkeuksellisen maailman ja nostavat psykedeeliset kokemuksesi uusiin korkeuksiin.<\/p>","protected":false},"excerpt":{"rendered":"<p><strong>Osta paras Penis Envy Magic Mushrooms.<\/strong><\/p>\n<p><strong><u>Osta enemm\u00e4n, s\u00e4\u00e4st\u00e4 enemm\u00e4n:<\/u><\/strong><\/p>\n<ul>\n<li>28 grammaa = $170<\/li>\n<\/ul>\n<p><strong>Toimitustiedot<\/strong>:<\/p>\n<ul>\n<li>Ilmainen nopeutettu toimitus<\/li>\n<li>Toimitamme maailmanlaajuisesti seurantanumeron kanssa<\/li>\n<li>Huomaamaton ja tyhji\u00f6pakattu pakkaus yksityisyytt\u00e4si varten.<\/li>\n<\/ul>","protected":false},"featured_media":1126,"comment_status":"open","ping_status":"closed","template":"","meta":[],"product_brand":[],"product_cat":[45],"product_tag":[],"class_list":{"0":"post-678","1":"product","2":"type-product","3":"status-publish","4":"has-post-thumbnail","6":"product_cat-magic-mushroom","8":"first","9":"instock","10":"shipping-taxable","11":"purchasable","12":"product-type-simple"},"jetpack_sharing_enabled":true,"_links":{"self":[{"href":"https:\/\/shroomschocolatebars.com\/fi\/wp-json\/wp\/v2\/product\/678","targetHints":{"allow":["GET"]}}],"collection":[{"href":"https:\/\/shroomschocolatebars.com\/fi\/wp-json\/wp\/v2\/product"}],"about":[{"href":"https:\/\/shroomschocolatebars.com\/fi\/wp-json\/wp\/v2\/types\/product"}],"replies":[{"embeddable":true,"href":"https:\/\/shroomschocolatebars.com\/fi\/wp-json\/wp\/v2\/comments?post=678"}],"wp:featuredmedia":[{"embeddable":true,"href":"https:\/\/shroomschocolatebars.com\/fi\/wp-json\/wp\/v2\/media\/1126"}],"wp:attachment":[{"href":"https:\/\/shroomschocolatebars.com\/fi\/wp-json\/wp\/v2\/media?parent=678"}],"wp:term":[{"taxonomy":"product_brand","embeddable":true,"href":"https:\/\/shroomschocolatebars.com\/fi\/wp-json\/wp\/v2\/product_brand?post=678"},{"taxonomy":"product_cat","embeddable":true,"href":"https:\/\/shroomschocolatebars.com\/fi\/wp-json\/wp\/v2\/product_cat?post=678"},{"taxonomy":"product_tag","embeddable":true,"href":"https:\/\/shroomschocolatebars.com\/fi\/wp-json\/wp\/v2\/product_tag?post=678"}],"curies":[{"name":"wp","href":"https:\/\/api.w.org\/{rel}","templated":true}]}}