{"id":662,"date":"2022-03-26T16:52:10","date_gmt":"2022-03-26T16:52:10","guid":{"rendered":"https:\/\/shroomschocolatebars.com\/?post_type=product&#038;p=662"},"modified":"2024-09-01T01:04:48","modified_gmt":"2024-09-01T01:04:48","slug":"peniskateus-taikasienet","status":"publish","type":"product","link":"https:\/\/shroomschocolatebars.com\/fi\/product\/penis-envy-magic-mushrooms\/","title":{"rendered":"Pearly Gates Taikasienet"},"content":{"rendered":"<h2><strong>Osta Pearly Gates Magic Mushrooms<\/strong><\/h2>\n<p>Welcome to the world of Pearly Gates Magic Mushrooms, where every journey promises a profound and transformative experience. Whether you&#8217;re a seasoned psychonaut or a curious explorer, Pearly Gates offers a unique blend of mystical benefits that set it apart from other strains. In this comprehensive guide, we delve into what makes Pearly Gates a top choice for those seeking enlightenment, creativity, and personal growth. Pearly Gates Magic Mushrooms<\/p>\n<h3><strong>Mit\u00e4 ovat Pearly Gatesin taikasienet?<\/strong><\/h3>\n<p>Pearly Gates Magic Mushrooms, tieteellisesti tunnettu nimell\u00e4 <em>Psilocybe cubensis Pearly Gates (helmi\u00e4isportit)<\/em>ovat psykedeelisyhteis\u00f6n arvostama kanta. N\u00e4m\u00e4 sienet tunnetaan voimakkaista vaikutuksistaan ja erityisist\u00e4 ominaisuuksistaan, ja ne tarjoavat poikkeuksellisen matkan tietoisuuden maailmoihin. Pearly Gatesilla on historia, jonka juuret ovat hengellisess\u00e4 tutkimuksessa ja terapeuttisessa k\u00e4yt\u00f6ss\u00e4, ja niit\u00e4 juhlitaan niiden kyvyst\u00e4 avata ovia ajatusten ja ymm\u00e4rryksen uusiin ulottuvuuksiin.<\/p>\n<h3><strong>Miksi valita Pearly Gates Magic Mushrooms?<\/strong><\/h3>\n<p><strong>1. Ainutlaatuiset vaikutukset ja hy\u00f6dyt<\/strong><\/p>\n<p>Pearly Gates -taikasienet ovat kuuluisia syv\u00e4llisist\u00e4 ja monikerroksisista vaikutuksistaan. K\u00e4ytt\u00e4j\u00e4t raportoivat erilaisista kokemuksista, jotka vaihtelevat voimakkaista visuaalisista ja auditiivisista hallusinaatioista syviin, itsetutkiskeleviin oivalluksiin. Pearly Gatesin vaikutukset voivat vaihdella annoksesta riippuen, mik\u00e4 tekee niist\u00e4 monipuolisia sek\u00e4 virkistys- ett\u00e4 terapeuttiseen k\u00e4ytt\u00f6\u00f6n. Yleisi\u00e4 hy\u00f6tyj\u00e4 ovat mm:<\/p>\n<ul>\n<li><strong>Parannettu luovuus<\/strong>: Pearly Gates voi edist\u00e4\u00e4 luovaa ajattelua ja ongelmanratkaisutaitoja. Monet taiteilijat ja innovaattorit turvautuvat n\u00e4ihin sieniin avatakseen uusia ideoita ja n\u00e4k\u00f6kulmia.<\/li>\n<li><strong>Emotionaalinen parantuminen<\/strong>: Niille, jotka etsiv\u00e4t tunnekatarsista, Pearly Gates voi helpottaa syv\u00e4llisi\u00e4 henkil\u00f6kohtaisia paljastuksia ja parantumista. Kokemuksen introspektiivinen luonne johtaa usein merkitt\u00e4viin emotionaalisiin l\u00e4pimurtoihin.<\/li>\n<li><strong>Henkinen kasvu<\/strong>: Pearly Gatesia kunnioitetaan niiden kyvyst\u00e4 saada aikaan hengellisi\u00e4 kokemuksia ja lis\u00e4\u00e4ntynyt tunne yhteydest\u00e4 maailmankaikkeuteen.<\/li>\n<\/ul>\n<h3><strong>2. Teho ja laatu<\/strong><\/h3>\n<p>Yksi Pearly Gates Magic Mushrooms -sienien erityispiirteist\u00e4 on niiden teho. T\u00e4m\u00e4 kanta on tunnettu siit\u00e4, ett\u00e4 se tarjoaa voimakkaan, mutta hallittavissa olevan psykedeelisen kokemuksen. Sieni\u00e4 viljell\u00e4\u00e4n optimaalisissa olosuhteissa parhaan laadun, tehon ja johdonmukaisuuden varmistamiseksi. Jokainen er\u00e4 testataan tiukasti puhtauden ja tehokkuuden s\u00e4ilytt\u00e4miseksi.<\/p>\n<h3><strong>3. Turvallinen ja vastuullinen k\u00e4ytt\u00f6<\/strong><\/h3>\n<p>Turvallisuus on ensiarvoisen t\u00e4rke\u00e4\u00e4 psykedeelisten aineiden k\u00e4yt\u00f6n yhteydess\u00e4. Pearly Gates -taikasienet on parasta nauttia valvotussa ymp\u00e4rist\u00f6ss\u00e4 asianmukaisessa ohjauksessa. Tarjoamme kattavaa tietoa annostelusta, valmistuksesta ja asetuksista, jotta voimme varmistaa turvallisen ja antoisan kokemuksen. Sitoutumisemme laatuun ja koulutukseen tukee vastuullista k\u00e4ytt\u00f6\u00e4 ja maksimoi Pearly Gatesin hy\u00f6dyt.<\/p>\n<h3><strong>Kuinka k\u00e4ytt\u00e4\u00e4 Pearly Gatesin taikasieni\u00e4<\/strong><\/h3>\n<h3><strong>1. Annostusohjeet<\/strong><\/h3>\n<p>Determining the right dosage is crucial for a positive experience with Pearly Gates. We recommend starting with a low dose, especially for first-time users. The effects can be potent, and it&#8217;s essential to gauge your sensitivity before increasing the amount. Typical dosages include:<\/p>\n<ul>\n<li><strong>Mikroannos<\/strong>: 0.1 to 0.3 grams\u2014ideal for subtle enhancements in mood and creativity.<\/li>\n<li><strong>Kohtalainen annos<\/strong>: 0,5-1 grammaa; sopii syvemp\u00e4\u00e4n itsetutkiskeluun ja lieviin hallusinaatioihin.<\/li>\n<li><strong>T\u00e4ysi annos<\/strong>: 2 to 3 grams\u2014for a profound psychedelic journey with intense visuals and emotional insights.<\/li>\n<\/ul>\n<h4><strong>2. Valmistus ja kulutus<\/strong><\/h4>\n<p>Pearly Gatesin taikasieni\u00e4 voi nauttia eri tavoin, joista jokainen tarjoaa erilaisen kokemuksen. Yleisi\u00e4 menetelmi\u00e4 ovat mm:<\/p>\n<ul>\n<li><strong>Tuoreet tai kuivatut<\/strong>: Sienten nauttiminen luonnollisessa muodossaan, joko tuoreina tai kuivattuina, tarjoaa perinteisen l\u00e4hestymistavan.<\/li>\n<li><strong>Tee<\/strong>: Pearly Gatesin keitt\u00e4minen teeksi voi parantaa imeytymist\u00e4 ja v\u00e4hent\u00e4\u00e4 vatsavaivoja.<\/li>\n<li><strong>Kapselit<\/strong>: Kapselit tarjoavat tarkan ja huomaamattoman tavan sienien nauttimiseen niille, jotka haluavat k\u00e4tev\u00e4mm\u00e4n menetelm\u00e4n.<\/li>\n<\/ul>\n<h3><strong>3. Asetelma ja ajattelutapa<\/strong><\/h3>\n<p>Creating the right environment is essential for a successful experience with Pearly Gates. Choose a comfortable, safe space where you feel at ease. Setting a positive intention and having a clear mindset can significantly influence the outcome of your journey. Consider having a trusted friend or guide present if you&#8217;re new to psychedelics.<\/p>\n<h3><strong>Miksi valita meid\u00e4t?<\/strong><\/h3>\n<p>Me shroomschocolatebarsilla olemme ylpeit\u00e4 siit\u00e4, ett\u00e4 tarjoamme vain hienoimpia Pearly Gatesin taikasieni\u00e4. Sitoutumisemme laatuun ja asiakastyytyv\u00e4isyyteen erottaa meid\u00e4t muista. Tarjoamme:<\/p>\n<ul>\n<li><strong>Avoimuus:<\/strong>\u00a0Full details about our cultivation process and third-party testing results ensure you know exactly what you\u2019re getting.<\/li>\n<li><strong><a href=\"https:\/\/shroomschocolatebars.com\/fi\/merenkulkupolitiikka\/\">Hienovarainen merenkulku<\/a>:<\/strong>\u00a0Asetamme yksityisyytesi etusijalle huomaamattomilla pakkauksilla ja turvallisilla toimitusmenetelmill\u00e4.<\/li>\n<li><strong><a href=\"https:\/\/shroomschocolatebars.com\/fi\/ota-yhteytta\/\">Asiakastuki<\/a>:<\/strong>\u00a0Asiantunteva ja yst\u00e4v\u00e4llinen asiakastukitiimimme auttaa sinua kaikissa kysymyksiss\u00e4 ja huolenaiheissa.<\/li>\n<\/ul>\n<h2><strong>Asiakkaiden suosittelut<\/strong><\/h2>\n<p>Don\u2019t just take our word for it \u2013 hear from those who have embarked on journeys with Pearly Gates Magic Mushrooms:<\/p>\n<ul>\n<li><strong>Sarah M.<\/strong>: \u201cPearly Gates took me on a spiritual journey like no other. The clarity and insights I gained were truly transformative. Highly recommend for anyone seeking deeper understanding.\u201d<\/li>\n<li><strong>John D.<\/strong>: \u201cAs an artist, Pearly Gates has opened new channels of creativity for me. The visuals and ideas that flowed during my experience were incredible.\u201d<\/li>\n<\/ul>\n<h3><strong>P\u00e4\u00e4telm\u00e4<\/strong><\/h3>\n<p>Pearly Gates Magic Mushrooms are more than just a psychedelic experience; they are a gateway to profound personal growth, creativity, and spiritual exploration. With their potent effects and unique qualities, they stand out in the world of magic mushrooms. Whether you\u2019re seeking emotional healing, creative inspiration, or a spiritual awakening, Pearly Gates offers a transformative journey that can enrich your life.<\/p>","protected":false},"excerpt":{"rendered":"<p><strong>Osta parhaat Pearly Gates Magic Mushrooms -sienet<\/strong><\/p>\n<p><strong><u>Osta enemm\u00e4n, s\u00e4\u00e4st\u00e4 enemm\u00e4n:<\/u><\/strong><\/p>\n<ul>\n<li>28 grammaa = $170<\/li>\n<\/ul>\n<p><strong>Toimitustiedot<\/strong>:<\/p>\n<ul>\n<li>Ilmainen nopeutettu toimitus<\/li>\n<li>Toimitamme maailmanlaajuisesti seurantanumeron kanssa<\/li>\n<li>Huomaamaton ja tyhji\u00f6pakattu pakkaus yksityisyytt\u00e4si varten.<\/li>\n<\/ul>","protected":false},"featured_media":1445,"comment_status":"open","ping_status":"closed","template":"","meta":[],"product_brand":[],"product_cat":[45],"product_tag":[],"class_list":{"0":"post-662","1":"product","2":"type-product","3":"status-publish","4":"has-post-thumbnail","6":"product_cat-magic-mushroom","8":"first","9":"instock","10":"shipping-taxable","11":"purchasable","12":"product-type-simple"},"jetpack_sharing_enabled":true,"_links":{"self":[{"href":"https:\/\/shroomschocolatebars.com\/fi\/wp-json\/wp\/v2\/product\/662","targetHints":{"allow":["GET"]}}],"collection":[{"href":"https:\/\/shroomschocolatebars.com\/fi\/wp-json\/wp\/v2\/product"}],"about":[{"href":"https:\/\/shroomschocolatebars.com\/fi\/wp-json\/wp\/v2\/types\/product"}],"replies":[{"embeddable":true,"href":"https:\/\/shroomschocolatebars.com\/fi\/wp-json\/wp\/v2\/comments?post=662"}],"wp:featuredmedia":[{"embeddable":true,"href":"https:\/\/shroomschocolatebars.com\/fi\/wp-json\/wp\/v2\/media\/1445"}],"wp:attachment":[{"href":"https:\/\/shroomschocolatebars.com\/fi\/wp-json\/wp\/v2\/media?parent=662"}],"wp:term":[{"taxonomy":"product_brand","embeddable":true,"href":"https:\/\/shroomschocolatebars.com\/fi\/wp-json\/wp\/v2\/product_brand?post=662"},{"taxonomy":"product_cat","embeddable":true,"href":"https:\/\/shroomschocolatebars.com\/fi\/wp-json\/wp\/v2\/product_cat?post=662"},{"taxonomy":"product_tag","embeddable":true,"href":"https:\/\/shroomschocolatebars.com\/fi\/wp-json\/wp\/v2\/product_tag?post=662"}],"curies":[{"name":"wp","href":"https:\/\/api.w.org\/{rel}","templated":true}]}}