{"id":646,"date":"2022-03-26T03:26:10","date_gmt":"2022-03-26T03:26:10","guid":{"rendered":"https:\/\/shroomschocolatebars.com\/?post_type=product&#038;p=646"},"modified":"2024-09-01T01:04:53","modified_gmt":"2024-09-01T01:04:53","slug":"gorlinin-taikasienet","status":"publish","type":"product","link":"https:\/\/shroomschocolatebars.com\/fi\/product\/gorlin-magic-mushrooms\/","title":{"rendered":"Gorlinin taikasienet"},"content":{"rendered":"<h2><strong>Buy Gorlin Magic Mushrooms &#8211; Experience the Power of Premium Psilocybin<\/strong><\/h2>\n<p>Etsitk\u00f6 ensiluokkaista psykedeelist\u00e4 kokemusta? \u00c4l\u00e4 katso kauemmas! Meid\u00e4n <strong>Gorlinin taikasienet<\/strong> tarjoavat erinomaista laatua, joka erottuu psilosybiinisienien maailmasta. Gorlin Magic Mushrooms tunnetaan voimakkaista vaikutuksistaan ja poikkeuksellisesta laadustaan, ja ne ovat porttisi transformatiiviselle matkalle.<\/p>\n<h3><strong>Miksi ostaa Gorlin Magic Mushrooms?<\/strong><\/h3>\n<p>Kun olet <strong>ostaa Gorlin Magic Mushrooms<\/strong>, you\u2019re choosing a product that is carefully cultivated and expertly handled to ensure the highest potency and purity. These mushrooms, also known as <strong>Gorlin Psilosybiinisienet<\/strong>ovat tunnettuja omaleimaisista vaikutuksistaan ja rikkaista, mukaansatempaavista kokemuksistaan. Olitpa kokenut psykonautti tai uusi taikasienien maailmassa, Gorlin Magic Mushrooms tarjoaa vertaansa vailla olevan kokemuksen.<\/p>\n<h4><strong>T\u00e4rkeimm\u00e4t ominaisuudet:<\/strong><\/h4>\n<ul>\n<li><strong>Korkea teho:<\/strong> Jokainen Gorlin Magic Mushrooms -sienten er\u00e4 testataan tehon osalta, mik\u00e4 varmistaa, ett\u00e4 saat tehokkaimman ja tehokkaimman saatavilla olevan tuotteen. T\u00e4m\u00e4 takaa, ett\u00e4 psykedeelinen kokemuksesi on niin voimakas ja merkityksellinen kuin haluat.<\/li>\n<li><strong>Poikkeuksellinen laatu:<\/strong> Hankimme Gorlin Magic Mushrooms -sienet luotettavilta toimittajilta, jotka noudattavat tiukkoja laatustandardeja. Sienemme kasvatetaan optimaalisissa olosuhteissa, mik\u00e4 takaa, ett\u00e4 niiss\u00e4 ei ole ep\u00e4puhtauksia ja ett\u00e4 ne tuottavat parhaat mahdolliset tulokset.<\/li>\n<li><strong>Johdonmukaisuus:<\/strong> Sitoutumisemme laatuun tarkoittaa, ett\u00e4 jokainen Gorlin Magic Mushrooms -ostos on teholtaan ja vaikutuksiltaan johdonmukainen. T\u00e4m\u00e4 luotettavuus on ratkaisevan t\u00e4rke\u00e4\u00e4 niille, jotka etsiv\u00e4t ennustettavaa ja hallittua psykedeelist\u00e4 kokemusta.<\/li>\n<\/ul>\n<h3><strong>Gorlin Magic Mushroomsin edut<\/strong><\/h3>\n<p>Gorlin Magic Mushrooms are celebrated for their unique effects and potential benefits. Here\u2019s why you should consider including them in your psychedelic journey:<\/p>\n<ul>\n<li><strong>Parannettu havaintokyky:<\/strong> Koe kohonneet aistit ja syvempi yhteys ymp\u00e4rist\u00f6\u00f6n. Ne ovat tunnettuja kyvyst\u00e4\u00e4n vahvistaa aistihavainnointia, mik\u00e4 saa aikaan syv\u00e4llisemm\u00e4n ja el\u00e4v\u00e4mm\u00e4n kokemuksen.<\/li>\n<li><strong>Luova oivallus:<\/strong> Monet k\u00e4ytt\u00e4j\u00e4t raportoivat kokeneensa luovuuden ja ongelmanratkaisukyvyn lis\u00e4\u00e4ntyneen. Olitpa sitten taiteilija, joka etsii inspiraatiota, tai joku, joka etsii uusia n\u00e4k\u00f6kulmia, Gorlin Magic Mushrooms voi tarjota syv\u00e4llisi\u00e4 oivalluksia.<\/li>\n<li><strong>Emotionaalinen parantuminen:<\/strong> Psilosybiinisieni\u00e4, mukaan lukien Gorlin Magic Mushrooms, k\u00e4ytet\u00e4\u00e4n usein niiden terapeuttisen potentiaalin vuoksi. Ne voivat auttaa sinua kohtaamaan ja k\u00e4sittelem\u00e4\u00e4n tunnekysymyksi\u00e4, mik\u00e4 johtaa henkil\u00f6kohtaiseen kasvuun ja paranemiseen.<\/li>\n<\/ul>\n<h3><strong>Kuinka k\u00e4ytt\u00e4\u00e4 Gorlin Magic Mushrooms<\/strong><\/h3>\n<p>Gorlin Magic Mushroomsin vastuullinen k\u00e4ytt\u00f6 on avainasemassa turvallisen ja palkitsevan kokemuksen varmistamisessa. Seuraavassa on muutamia ohjeita, joiden avulla saat ostoksestasi kaiken irti:<\/p>\n<ul>\n<li><strong>Annostus:<\/strong> Aloita pienell\u00e4 annoksella sietokyvyn arvioimiseksi. Maagisten sienien vaikutukset voivat vaihdella yksil\u00f6n ja sienien voimakkuuden mukaan. Tyypillinen aloitusannos on 1-2 grammaa. Lis\u00e4\u00e4 asteittain halutessasi, mutta toimi aina varoen.<\/li>\n<li><strong>Asetelma:<\/strong> Valitse mukava ja turvallinen ymp\u00e4rist\u00f6 kokemusta varten. Tuttu ja turvallinen ymp\u00e4rist\u00f6 voi parantaa matkaasi ja v\u00e4hent\u00e4\u00e4 ahdistusta.<\/li>\n<li><strong>Seuraa:<\/strong> Harkitse luotettavan yst\u00e4v\u00e4n tai oppaan ottamista mukaasi kokemuksesi ajaksi, varsinkin jos taikasienet ovat sinulle uusia. Heid\u00e4n tukensa voi olla korvaamatonta matkallasi.<\/li>\n<\/ul>\n<h3><strong>Miksi ostaa meilt\u00e4?<\/strong><\/h3>\n<p>Kun p\u00e4\u00e4t\u00e4t ostaa Gorlin Magic Mushrooms meilt\u00e4, voit olla varma seuraavista:<\/p>\n<ul>\n<li><strong><a href=\"https:\/\/shroomschocolatebars.com\/fi\/merenkulkupolitiikka\/\">Hienovarainen merenkulku<\/a>:<\/strong> Ymm\u00e4rr\u00e4mme yksityisyyden merkityksen, joten varmistamme, ett\u00e4 kaikki tilaukset l\u00e4hetet\u00e4\u00e4n huomaamattomasti ja turvallisesti.<\/li>\n<li><strong>Asiakastyytyv\u00e4isyys:<\/strong> Asiakaspalvelutiimimme auttaa sinua kaikissa kysymyksiss\u00e4 ja huolenaiheissa. Tyytyv\u00e4isyytesi on etusijalla.<\/li>\n<li><strong>Kilpailukykyinen hinnoittelu:<\/strong> Tarjoamme parasta laatua Gorlin Magic Mushrooms kilpailukykyiseen hintaan. Sitoutumisemme arvoon takaa, ett\u00e4 saat poikkeuksellisia tuotteita rikkomatta pankkia.<\/li>\n<\/ul>\n<h3>Aiheeseen liittyv\u00e4t tuotteet<\/h3>\n<p>Tutustu valikoimaamme muita laadukkaita taikasieni\u00e4, jotka parantavat psykedeelist\u00e4 kokemustasi. Valikoimaamme kuuluu:<\/p>\n<ul>\n<li><strong><a href=\"https:\/\/shroomschocolatebars.com\/fi\/tuote\/kultainen-opettaja-sieni\/\">Kultaiset opettajat Taikasienet<\/a>:<\/strong> Ne ovat tunnettuja oivaltavista ja valaisevista vaikutuksistaan, ja ne sopivat t\u00e4ydellisesti niille, jotka etsiv\u00e4t viisautta ja selkeytt\u00e4.<\/li>\n<li><strong><a href=\"https:\/\/shroomschocolatebars.com\/fi\/tuote\/penis-kateus-sienet\/\">Penis Envy Magic Mushroom<\/a>:<\/strong> Ihanteellinen aloittelijoille, sill\u00e4 se tarjoaa tasapainoisen ja miellytt\u00e4v\u00e4n kokemuksen.<\/li>\n<li><strong>Albino A+ Taikasienet:<\/strong> Tunnetaan niiden ainutlaatuisesta ulkon\u00e4\u00f6st\u00e4 ja voimakkaista vaikutuksista.<\/li>\n<\/ul>\n<h3><strong>Usein kysytyt kysymykset<\/strong><\/h3>\n<p><strong>K: Mit\u00e4 ovat Gorlinin taikasienet?<\/strong><br \/>\nV: Gorlin Magic Mushrooms on voimakas psilosybiinisienikanta, joka tunnetaan korkealaatuisista vaikutuksistaan ja intensiivisist\u00e4 kokemuksistaan.<\/p>\n<p><strong>K: Miten minun pit\u00e4isi s\u00e4ilytt\u00e4\u00e4 Gorlin Magic Mushrooms -sieni?<\/strong><br \/>\nV: S\u00e4ilyt\u00e4 ne viile\u00e4ss\u00e4, kuivassa paikassa ilmatiiviiss\u00e4 astiassa, jotta niiden teho ja tuoreus s\u00e4ilyv\u00e4t.<\/p>\n<p><strong>K: Liittyyk\u00f6 taikasienien k\u00e4ytt\u00f6\u00f6n riskej\u00e4?<\/strong><br \/>\nA: As with any psychedelic substance, it\u2019s important to use magic mushrooms responsibly. Ensure you are in a safe environment and start with a low dose to gauge your reaction.<\/p>\n<p><strong>K: Miten voin ottaa yhteytt\u00e4 asiakaspalveluun?<\/strong><br \/>\nA: You can reach our customer service team through our website&#8217;s contact form or via email at <a href=\"mailto:support@shroomschocolatebars.com\">support@shroomschocolatebars.com<\/a><\/p>\n<h3><strong>P\u00e4\u00e4telm\u00e4<\/strong><\/h3>\n<p>Valitsemalla <strong>ostaa Gorlin Magic Mushrooms<\/strong> on sijoitus laadukkaaseen, mullistavaan kokemukseen. Ensiluokkainen tuotteemme takaa tehon, puhtauden ja johdonmukaisuuden, mik\u00e4 takaa ikimuistoisen ja vaikuttavan matkan. Tutustu mahdollisiin hy\u00f6tyihin ja selvit\u00e4, miksi Gorlin Magic Mushrooms on ykk\u00f6svalinta niille, jotka etsiv\u00e4t syv\u00e4llist\u00e4 psykedeelist\u00e4 seikkailua.<\/p>\n<p>Jos haluat lis\u00e4tietoja tai tehd\u00e4 tilauksen, k\u00e4y verkkosivuillamme t\u00e4n\u00e4\u00e4n. Syleile Gorlin Magic Mushroomsin voimaa ja l\u00e4hde l\u00f6yt\u00e4misen ja valaistumisen matkalle!<\/p>","protected":false},"excerpt":{"rendered":"<p><strong>Osta parhaat Gorlin Magic Mushrooms<\/strong><\/p>\n<p><strong><u>Osta enemm\u00e4n, s\u00e4\u00e4st\u00e4 enemm\u00e4n:<\/u><\/strong><\/p>\n<ul>\n<li>28 grammaa = $170<\/li>\n<\/ul>\n<p><strong>Toimitustiedot<\/strong>:<\/p>\n<ul>\n<li>Ilmainen nopeutettu toimitus<\/li>\n<li>Toimitamme maailmanlaajuisesti seurantanumeron kanssa<\/li>\n<li>Huomaamaton ja tyhji\u00f6pakattu pakkaus yksityisyytt\u00e4si varten.<\/li>\n<\/ul>","protected":false},"featured_media":1121,"comment_status":"open","ping_status":"closed","template":"","meta":[],"product_brand":[],"product_cat":[45],"product_tag":[],"class_list":{"0":"post-646","1":"product","2":"type-product","3":"status-publish","4":"has-post-thumbnail","6":"product_cat-magic-mushroom","8":"first","9":"instock","10":"shipping-taxable","11":"purchasable","12":"product-type-simple"},"jetpack_sharing_enabled":true,"_links":{"self":[{"href":"https:\/\/shroomschocolatebars.com\/fi\/wp-json\/wp\/v2\/product\/646","targetHints":{"allow":["GET"]}}],"collection":[{"href":"https:\/\/shroomschocolatebars.com\/fi\/wp-json\/wp\/v2\/product"}],"about":[{"href":"https:\/\/shroomschocolatebars.com\/fi\/wp-json\/wp\/v2\/types\/product"}],"replies":[{"embeddable":true,"href":"https:\/\/shroomschocolatebars.com\/fi\/wp-json\/wp\/v2\/comments?post=646"}],"wp:featuredmedia":[{"embeddable":true,"href":"https:\/\/shroomschocolatebars.com\/fi\/wp-json\/wp\/v2\/media\/1121"}],"wp:attachment":[{"href":"https:\/\/shroomschocolatebars.com\/fi\/wp-json\/wp\/v2\/media?parent=646"}],"wp:term":[{"taxonomy":"product_brand","embeddable":true,"href":"https:\/\/shroomschocolatebars.com\/fi\/wp-json\/wp\/v2\/product_brand?post=646"},{"taxonomy":"product_cat","embeddable":true,"href":"https:\/\/shroomschocolatebars.com\/fi\/wp-json\/wp\/v2\/product_cat?post=646"},{"taxonomy":"product_tag","embeddable":true,"href":"https:\/\/shroomschocolatebars.com\/fi\/wp-json\/wp\/v2\/product_tag?post=646"}],"curies":[{"name":"wp","href":"https:\/\/api.w.org\/{rel}","templated":true}]}}