{"id":620,"date":"2022-03-23T11:00:25","date_gmt":"2022-03-23T11:00:25","guid":{"rendered":"https:\/\/shroomschocolatebars.com\/?post_type=product&#038;p=620"},"modified":"2024-09-01T01:05:00","modified_gmt":"2024-09-01T01:05:00","slug":"hiipija-taikasienet","status":"publish","type":"product","link":"https:\/\/shroomschocolatebars.com\/fi\/product\/creeper-magic-mushrooms\/","title":{"rendered":"Creeper Magic sienet"},"content":{"rendered":"<h2><strong>Osta Creeper Magic Mushrooms\u00a0<\/strong><\/h2>\n<p>Oletko valmis kokeilemaan yht\u00e4 kiehtovimmista taikasienist\u00e4? \u00c4l\u00e4 katso kauemmas kuin premium Creeper Magic Mushrooms, joka on nyt ostettavissa. Voimakkaista vaikutuksistaan ja ainutlaatuisista ominaisuuksistaan tunnetut Creeper Magic Mushrooms tarjoavat matkan, jollaista ei ole ennen n\u00e4hty. Tutustu, miksi t\u00e4m\u00e4 kanta on harrastajien suosiossa ja mik\u00e4 erottaa sen muista.<\/p>\n<h3><strong>Mit\u00e4 ovat Creeper Magic Mushrooms?<\/strong><\/h3>\n<p>Creeper Magic Mushrooms, scientifically known as Psilocybe cubensis &#8220;Creeper,&#8221; are a renowned variety of psychedelic mushrooms. They are celebrated for their powerful effects and distinctive growth patterns. This strain is a popular choice among both novice and seasoned users due to its balanced and versatile effects.<\/p>\n<h3><strong>Creeper Magic -sienien ainutlaatuiset ominaisuudet<\/strong><\/h3>\n<ul>\n<li><strong>Teho ja vaikutukset:<\/strong> Creeper Magic Mushrooms -sieni\u00e4 arvostetaan niiden voimakkaista mutta hallittavista vaikutuksista. K\u00e4ytt\u00e4j\u00e4t raportoivat usein syv\u00e4st\u00e4 euforiasta, parantuneesta aistihavainnosta ja eloisista visuaalisista hallusinaatioista. Vaikutukset voivat olla sek\u00e4 sis\u00e4\u00e4np\u00e4in suuntautuvia ett\u00e4 ulosp\u00e4in suuntautuvia, mik\u00e4 tekee siit\u00e4 suosikkia erilaisissa psykedeelisiss\u00e4 kokemuksissa.<\/li>\n<li><strong>Ulkon\u00e4k\u00f6:<\/strong> N\u00e4ill\u00e4 sienill\u00e4 on ainutlaatuinen ulkon\u00e4k\u00f6, joka erottaa ne muista. Niill\u00e4 on tyypillisesti vaaleanruskeasta kullanv\u00e4riseen vaihteleva lakki, jossa on tunnusomainen aaltoileva reuna. Varret ovat paksut ja tukevat, ja niiss\u00e4 on usein valkoinen tai vaalea v\u00e4ri.<\/li>\n<li><strong>Kasvu ja viljely:<\/strong> Creeper Magic Mushrooms are known for their robust and resilient nature. They thrive in a variety of conditions, making them a great choice for those interested in cultivating their own psychedelic mushrooms. Whether you&#8217;re an experienced grower or just starting out, Creeper Magic Mushrooms are relatively easy to cultivate.<\/li>\n<\/ul>\n<h3><strong>Miksi ostaa Creeper Magic Mushrooms?<\/strong><\/h3>\n<p>When you buy Creeper Magic Mushrooms from us, you\u2019re choosing a premium product that guarantees quality and consistency. Here\u2019s why you should make your purchase today:<\/p>\n<ol>\n<li><strong>Korkea laatu:<\/strong> Creeper Magic -sienet viljell\u00e4\u00e4n ja korjataan huolellisesti, jotta varmistetaan paras laatu. Jokainen er\u00e4 testataan tehon ja puhtauden osalta, jotta saat parhaan mahdollisen kokemuksen.<\/li>\n<li><strong>Luotettava hankinta:<\/strong> Hankimme sienet hyv\u00e4maineisilta viljelij\u00f6ilt\u00e4, jotka noudattavat tiukkoja laadunvalvontatoimenpiteit\u00e4. N\u00e4in varmistetaan, ett\u00e4 saat tuotteen, joka on sek\u00e4 voimakas ett\u00e4 turvallinen.<\/li>\n<li><strong>Hienovarainen toimitus:<\/strong> Ymm\u00e4rr\u00e4mme yksityisyyden merkityksen. Hienovaraiset pakkaus- ja l\u00e4hetysmenetelm\u00e4mme takaavat, ett\u00e4 ostoksesi saapuu perille turvallisesti ja turvallisesti her\u00e4tt\u00e4m\u00e4tt\u00e4 ei-toivottua huomiota.<\/li>\n<li><strong>Asiakastyytyv\u00e4isyys:<\/strong> Olemme sitoutuneet tyytyv\u00e4isyyteesi. Jos sinulla on kysytt\u00e4v\u00e4\u00e4 tai huolenaiheita Creeper Magic -sienest\u00e4mme, asiakaspalvelutiimimme auttaa sinua.<\/li>\n<\/ol>\n<h3><strong>Kuinka k\u00e4ytt\u00e4\u00e4 Creeper Magic Mushrooms<\/strong><\/h3>\n<p>Creeper Magic Mushroomsin vastuullinen k\u00e4ytt\u00f6 on avain positiiviseen kokemukseen. Seuraavassa on muutamia vinkkej\u00e4, joiden avulla saat ostoksestasi kaiken irti:<\/p>\n<ul>\n<li><strong>Aloita pienest\u00e4:<\/strong> If you\u2019re new to this strain or magic mushrooms in general, start with a smaller dose to gauge your sensitivity.<\/li>\n<li><strong>Aseta ja aseta:<\/strong> Varmista, ett\u00e4 olet mukavassa ja turvallisessa ymp\u00e4rist\u00f6ss\u00e4. Ymp\u00e4rist\u00f6 voi vaikuttaa merkitt\u00e4v\u00e4sti kokemukseesi, joten valitse paikka, jossa tunnet olosi rennoksi ja turvalliseksi.<\/li>\n<li><strong>Hydratoi ja valmistaudu:<\/strong> Pysy nesteytettyn\u00e4 ja pid\u00e4 ev\u00e4it\u00e4 saatavilla. Hyvin valmistautuminen voi parantaa kokemusta ja v\u00e4hent\u00e4\u00e4 ep\u00e4mukavuutta.<\/li>\n<li><strong>Ota matkanvahti:<\/strong> For those who are new or unsure, having a sober friend or \u201ctrip sitter\u201d can provide reassurance and support throughout the experience.<\/li>\n<\/ul>\n<h3><strong>Miksi valita meid\u00e4t?<\/strong><\/h3>\n<p>Osoitteessa <a href=\"https:\/\/shroomschocolatebars.com\/fi\/\">shroomschocolatebars<\/a>, olemme ylpeit\u00e4 siit\u00e4, ett\u00e4 tarjoamme vain parhaita Penis Envy Magic Mushrooms. Sitoutumisemme laatuun ja asiakastyytyv\u00e4isyyteen erottaa meid\u00e4t muista. Tarjoamme:<\/p>\n<ul>\n<li><strong>Avoimuus:<\/strong>\u00a0Full details about our cultivation process and third-party testing results ensure you know exactly what you\u2019re getting.<\/li>\n<li><strong><a href=\"https:\/\/shroomschocolatebars.com\/fi\/merenkulkupolitiikka\/\">Hienovarainen merenkulku<\/a>:<\/strong>\u00a0Asetamme yksityisyytesi etusijalle huomaamattomilla pakkauksilla ja turvallisilla toimitusmenetelmill\u00e4.<\/li>\n<li><strong><a href=\"https:\/\/shroomschocolatebars.com\/fi\/ota-yhteytta\/\">Asiakastuki<\/a>:<\/strong>\u00a0Asiantunteva ja yst\u00e4v\u00e4llinen asiakastukitiimimme auttaa sinua kaikissa kysymyksiss\u00e4 ja huolenaiheissa.<\/li>\n<\/ul>\n<h3><strong><br \/>\nAsiakkaiden arvostelut<\/strong><\/h3>\n<p>Our customers rave about the quality and effects of our Creeper Magic Mushrooms. Here\u2019s what a few of them have to say:<\/p>\n<ul>\n<li><em>\u201cThe Creeper Magic Mushrooms exceeded my expectations. The effects were both intense and enjoyable, and the quality was top-notch.\u201d<\/em> \u2013 Alex R.<\/li>\n<li><em>\u201cI\u2019ve tried various strains, but Creeper is by far my favorite. The experience was mind-expanding and deeply introspective.\u201d<\/em> \u2013 Jamie L.<\/li>\n<li><em>\u201cFast shipping and discreet packaging made my purchase hassle-free. The mushrooms were fresh and potent. Highly recommend!\u201d<\/em> \u2013 Taylor M.<\/li>\n<\/ul>\n<h3><strong>Usein kysytyt kysymykset (FAQ)<\/strong><\/h3>\n<p><strong>K: Ovatko Creeper Magic Mushrooms laillisia?<\/strong><br \/>\nV: Taikasienien laillisuus vaihtelee paikkakunnittain. Tarkista paikalliset lait ja m\u00e4\u00e4r\u00e4ykset ennen ostamista.<\/p>\n<p><strong>K: Miten minun pit\u00e4isi s\u00e4ilytt\u00e4\u00e4 Creeper Magic Mushrooms?<\/strong><br \/>\nV: S\u00e4ilyt\u00e4 niit\u00e4 viile\u00e4ss\u00e4 ja kuivassa paikassa, jossa ei ole suoraa auringonvaloa. Asianmukainen s\u00e4ilytys auttaa s\u00e4ilytt\u00e4m\u00e4\u00e4n niiden tehon ja tuoreuden.<\/p>\n<p><strong>K: Mit\u00e4 minun pit\u00e4isi tehd\u00e4, jos koen huonon matkan?<\/strong><br \/>\nA: If you\u2019re experiencing discomfort or anxiety, try to stay calm and remind yourself that the effects are temporary. Having a trusted friend or trip sitter can also provide support.<\/p>\n<p><strong>K: Voinko k\u00e4ytt\u00e4\u00e4 Creeper Magic Mushroomsia terapeuttisiin tarkoituksiin?<\/strong><br \/>\nA: Many users report therapeutic benefits, but it\u2019s important to approach these substances with caution and respect. Consult with a healthcare professional if you have any concerns.<\/p>\n<h3><strong>Tilaa Creeper Magic Mushrooms t\u00e4n\u00e4\u00e4n<\/strong><\/h3>\n<p>Ready to embark on a remarkable psychedelic journey? Don\u2019t wait \u2013 order your Creeper Magic Mushrooms now and experience the magic for yourself. We offer secure online ordering and fast shipping to ensure you get your mushrooms quickly and safely.<\/p>\n<p>Jos haluat parhaat verkossa saatavilla olevat Creeper Magic Mushrooms -sienet, valitse meid\u00e4t. Paranna kokemustasi laadulla ja luotettavuudella, johon voit luottaa.<\/p>","protected":false},"excerpt":{"rendered":"<p><strong>Osta parhaat Creeper Magic Mushrooms<\/strong><\/p>\n<p><strong><u>Osta enemm\u00e4n, s\u00e4\u00e4st\u00e4 enemm\u00e4n:<\/u><\/strong><\/p>\n<ul>\n<li>28 grammaa = $170<\/li>\n<\/ul>\n<p><strong>Toimitustiedot<\/strong>:<\/p>\n<ul>\n<li>Ilmainen nopeutettu toimitus<\/li>\n<li>Toimitamme maailmanlaajuisesti seurantanumeron kanssa<\/li>\n<li>Huomaamaton ja tyhji\u00f6pakattu pakkaus yksityisyytt\u00e4si varten.<\/li>\n<\/ul>","protected":false},"featured_media":1454,"comment_status":"open","ping_status":"closed","template":"","meta":[],"product_brand":[],"product_cat":[45],"product_tag":[],"class_list":{"0":"post-620","1":"product","2":"type-product","3":"status-publish","4":"has-post-thumbnail","6":"product_cat-magic-mushroom","8":"first","9":"instock","10":"shipping-taxable","11":"purchasable","12":"product-type-simple"},"jetpack_sharing_enabled":true,"_links":{"self":[{"href":"https:\/\/shroomschocolatebars.com\/fi\/wp-json\/wp\/v2\/product\/620","targetHints":{"allow":["GET"]}}],"collection":[{"href":"https:\/\/shroomschocolatebars.com\/fi\/wp-json\/wp\/v2\/product"}],"about":[{"href":"https:\/\/shroomschocolatebars.com\/fi\/wp-json\/wp\/v2\/types\/product"}],"replies":[{"embeddable":true,"href":"https:\/\/shroomschocolatebars.com\/fi\/wp-json\/wp\/v2\/comments?post=620"}],"wp:featuredmedia":[{"embeddable":true,"href":"https:\/\/shroomschocolatebars.com\/fi\/wp-json\/wp\/v2\/media\/1454"}],"wp:attachment":[{"href":"https:\/\/shroomschocolatebars.com\/fi\/wp-json\/wp\/v2\/media?parent=620"}],"wp:term":[{"taxonomy":"product_brand","embeddable":true,"href":"https:\/\/shroomschocolatebars.com\/fi\/wp-json\/wp\/v2\/product_brand?post=620"},{"taxonomy":"product_cat","embeddable":true,"href":"https:\/\/shroomschocolatebars.com\/fi\/wp-json\/wp\/v2\/product_cat?post=620"},{"taxonomy":"product_tag","embeddable":true,"href":"https:\/\/shroomschocolatebars.com\/fi\/wp-json\/wp\/v2\/product_tag?post=620"}],"curies":[{"name":"wp","href":"https:\/\/api.w.org\/{rel}","templated":true}]}}