{"id":602,"date":"2022-03-23T09:29:29","date_gmt":"2022-03-23T09:29:29","guid":{"rendered":"https:\/\/shroomschocolatebars.com\/?post_type=product&#038;p=602"},"modified":"2024-09-01T01:05:07","modified_gmt":"2024-09-01T01:05:07","slug":"dino-muna-taikasienet","status":"publish","type":"product","link":"https:\/\/shroomschocolatebars.com\/fi\/product\/dino-egg-magic-mushrooms\/","title":{"rendered":"Dino Egg Taikasienet"},"content":{"rendered":"<h2><strong>Osta Dino Egg Magic Mushrooms<\/strong><\/h2>\n<p>Tutustu Dino Egg Magic Mushrooms -lajikkeen voimakkaisiin ja ainutlaatuisiin vaikutuksiin, sill\u00e4 se on harvinainen ja eritt\u00e4in haluttu lajike, joka tunnetaan poikkeuksellisesta tehosta ja kiehtovista ominaisuuksista. N\u00e4m\u00e4 taikasienet sopivat t\u00e4ydellisesti psykonauteille, jotka etsiv\u00e4t voimakasta ja immersiivist\u00e4 kokemusta, ja ne tarjoavat yhdistelm\u00e4n intensiivist\u00e4 visuaalisuutta ja syv\u00e4\u00e4 itsetutkiskelua, mik\u00e4 tekee niist\u00e4 huippuvalinnan kokeneille k\u00e4ytt\u00e4jille.<\/p>\n<h4><strong>Dino Egg Magic Mushrooms -ohjelman t\u00e4rkeimm\u00e4t ominaisuudet<\/strong><\/h4>\n<ol>\n<li><strong>Poikkeuksellinen teho<\/strong>: Korkeasta psilosybiinipitoisuudestaan tunnetut Dino Egg Magic Mushrooms tuottavat voimakkaan ja transformatiivisen psykedeelisen kokemuksen, joka sopii kokeneille k\u00e4ytt\u00e4jille.<\/li>\n<li><strong>Ainutlaatuinen ulkon\u00e4k\u00f6<\/strong>: Characterized by their dense, rounded caps and robust stems, these mushrooms resemble the mythical &#8216;Dino Eggs,&#8217; making them a visually intriguing choice.<\/li>\n<li><strong>Syv\u00e4t vaikutukset<\/strong>: K\u00e4ytt\u00e4j\u00e4t raportoivat usein eloisista visuaalisista hallusinaatioista, syvist\u00e4 tunne\u00e4lyist\u00e4 ja lis\u00e4\u00e4ntyneest\u00e4 yhteydest\u00e4 maailmankaikkeuteen, mik\u00e4 tekee niist\u00e4 t\u00e4ydellisi\u00e4 hengellisille matkoille ja itsetutkiskeleviin kokemuksiin.<\/li>\n<li><strong>Rikas perint\u00f6<\/strong>: Dino Egg Magic Mushrooms on harvinainen lajike, joka tarjoaa ainutlaatuisen ja voimakkaan kokemuksen, joka juontaa juurensa psykedeelisen tutkimuksen rikkaaseen historiaan.<\/li>\n<\/ol>\n<h4><strong>Dino Egg Magic Mushroomsin edut<\/strong><\/h4>\n<ul>\n<li><strong>Parannettu luovuus<\/strong>: Koe luovan ajattelun ja ongelmanratkaisukyvyn nousu, ihanteellinen taiteellisiin ja \u00e4lyllisiin teht\u00e4viin.<\/li>\n<li><strong>Emotionaalinen oivallus<\/strong>: Syv\u00e4t vaikutukset voivat johtaa merkitt\u00e4viin henkil\u00f6kohtaisiin oivalluksiin ja emotionaalisiin l\u00e4pimurtoihin, jotka edist\u00e4v\u00e4t paranemista ja itsetuntemusta.<\/li>\n<li><strong>Henkinen tutkimusmatkailu<\/strong>: Monet k\u00e4ytt\u00e4j\u00e4t raportoivat syv\u00e4st\u00e4 yhteyden ja ykseyden tunteesta maailmankaikkeuden kanssa, joten se sopii t\u00e4ydellisesti hengellisiin matkoihin ja itsetutkiskeleviin kokemuksiin.<\/li>\n<li><strong>Mielialan parantaminen<\/strong>: Ylent\u00e4v\u00e4t vaikutukset voivat auttaa lievitt\u00e4m\u00e4\u00e4n masennuksen ja ahdistuksen oireita ja edist\u00e4\u00e4 hyvinvoinnin ja positiivisuuden tunnetta.<\/li>\n<\/ul>\n<h4><strong>K\u00e4ytt\u00f6vihjeit\u00e4 optimaaliseen k\u00e4ytt\u00f6kokemukseen<\/strong><\/h4>\n<ol>\n<li><strong>Aloita matalalta, mene hitaasti<\/strong>: Aloita pienell\u00e4 annoksella sietokyvyn arvioimiseksi ja lis\u00e4\u00e4 sit\u00e4 v\u00e4hitellen tarpeen mukaan haluttujen vaikutusten saavuttamiseksi.<\/li>\n<li><strong>Aseta ja aseta<\/strong>: Varmista, ett\u00e4 olet turvallisessa ja mukavassa ymp\u00e4rist\u00f6ss\u00e4 ja ett\u00e4 sinulla on oikea asenne maksimoida kokemuksesi.<\/li>\n<li><strong>Pysy nesteytettyn\u00e4<\/strong>: Pid\u00e4 vett\u00e4 l\u00e4hell\u00e4si, jotta pysyt nesteytettyn\u00e4 koko matkan ajan.<\/li>\n<li><strong>Sekoita ja nauti<\/strong>: Helposti sis\u00e4llytt\u00e4\u00e4 sienet teet\u00e4 tai aterioita saumaton ja nautinnollinen kulutuskokemus.<\/li>\n<\/ol>\n<h3><strong>Miksi valita meid\u00e4t?<\/strong><\/h3>\n<p>Osoitteessa <a href=\"https:\/\/shroomschocolatebars.com\/fi\/\">shroomschocolatebars<\/a>, olemme ylpeit\u00e4 siit\u00e4, ett\u00e4 tarjoamme vain parhaita Penis Envy Magic Mushrooms. Sitoutumisemme laatuun ja asiakastyytyv\u00e4isyyteen erottaa meid\u00e4t muista. Tarjoamme:<\/p>\n<ul>\n<li><strong>Avoimuus:<\/strong>\u00a0Full details about our cultivation process and third-party testing results ensure you know exactly what you\u2019re getting.<\/li>\n<li><strong><a href=\"https:\/\/shroomschocolatebars.com\/fi\/merenkulkupolitiikka\/\">Hienovarainen merenkulku<\/a>:<\/strong>\u00a0Asetamme yksityisyytesi etusijalle huomaamattomilla pakkauksilla ja turvallisilla toimitusmenetelmill\u00e4.<\/li>\n<li><strong><a href=\"https:\/\/shroomschocolatebars.com\/fi\/ota-yhteytta\/\">Asiakastuki<\/a>:<\/strong> Asiantunteva ja yst\u00e4v\u00e4llinen asiakastukitiimimme auttaa sinua kaikissa kysymyksiss\u00e4 ja huolenaiheissa.<\/li>\n<\/ul>\n<h4><strong><br \/>\nSuositellut annostustasot<\/strong><\/h4>\n<ul>\n<li><strong>Microdose (0.2\u20130.5 g)<\/strong>: Parempi luovuus ja ajatusten virtaus.<\/li>\n<li><strong>Pieni annos (0,8-1 g)<\/strong>: Samanlainen kuin ruoho, mutta painottuu visuaalisuuteen, kesto noin 3 tuntia.<\/li>\n<li><strong>Kohtalainen annos (1-2g)<\/strong>: Ihanteellinen aloittelijoille, jossa on liev\u00e4st\u00e4 voimakkaaseen vaihteleva visuaalisuus.<\/li>\n<li><strong>Standardiannos (2-3g)<\/strong>: Tuottaa klassisia psykedeelisi\u00e4 kokemuksia intensiivisill\u00e4 visuaalisilla kuvilla ja ajatussilmukoilla.<\/li>\n<li><strong>Suuri annos (3-5g)<\/strong>: Kokeneille k\u00e4ytt\u00e4jille, tarjoaa syv\u00e4llisi\u00e4 henkisi\u00e4 ja hengellisi\u00e4 matkoja.<\/li>\n<li><strong>Sankariannos (7-10g tai enemm\u00e4n)<\/strong>: Ei suositella ego-kuoleman ja eksistentiaalisen kriisin riskin vuoksi, mutta kykenee syv\u00e4lliseen el\u00e4m\u00e4\u00e4n.<\/li>\n<\/ul>\n<h4><strong>K\u00e4ytt\u00e4jien arvostelut<\/strong><\/h4>\n<ul>\n<li><strong>Rodrigo Jimenez<\/strong>: \u201cWhat an experience!!!!! 1.5g of Mushroom Tea had me on a spiritual trip, Loved it!\u201d<\/li>\n<li><strong>McGregor<\/strong>: \u201cThis is an absolute must for anyone looking to experience a strong mushroom strain. After trying it, I could feel the effects almost immediately and they lasted for hours!\u201d<\/li>\n<li><strong>Carlos Stanley<\/strong>: \u201cI\u2019ve been dealing with chronic fatigue for years, and it was taking a toll on my quality of life. Since incorporating magic mushrooms into my routine, I\u2019ve experienced a noticeable increase in energy and vitality.\u201d<\/li>\n<\/ul>\n<h4><strong>Osta Dino Egg Magic Mushrooms verkossa<\/strong><\/h4>\n<p>Korosta psykedeelist\u00e4 matkaasi Dino Egg Magic Mushroomsin avulla, joka tarjoaa voimakkaan, ainutlaatuisen ja transformatiivisen kokemuksen. T\u00e4ydellinen kokeneille k\u00e4ytt\u00e4jille, jotka etsiv\u00e4t voimakasta, introspektiivist\u00e4 matkaa. Koe poikkeuksellista ja avaa uusia tietoisuuden alueita Dino Egg Magic Mushroomsin avulla. L\u00e4hde psykedeeliseen seikkailuun jo t\u00e4n\u00e4\u00e4n.<\/p>\n<p>Lis\u00e4tietoa ja ostoksia varten k\u00e4y osoitteessa <a href=\"https:\/\/shroomschocolatebars.com\/fi\/shop\/\">shop<\/a><\/p>","protected":false},"excerpt":{"rendered":"<p><strong>Osta paras Dino Egg Magic Mushrooms paras Dino Egg Magic Mushrooms<\/strong><\/p>\n<p><strong><u>Osta enemm\u00e4n, s\u00e4\u00e4st\u00e4 enemm\u00e4n:<\/u><\/strong><\/p>\n<ul>\n<li>28 grammaa = $170<\/li>\n<\/ul>\n<p><strong>Toimitustiedot<\/strong>:<\/p>\n<ul>\n<li>Ilmainen nopeutettu toimitus<\/li>\n<li>Toimitamme maailmanlaajuisesti seurantanumeron kanssa<\/li>\n<li>Huomaamaton ja tyhji\u00f6pakattu pakkaus yksityisyytt\u00e4si varten.<\/li>\n<\/ul>","protected":false},"featured_media":1138,"comment_status":"open","ping_status":"closed","template":"","meta":[],"product_brand":[],"product_cat":[45],"product_tag":[],"class_list":{"0":"post-602","1":"product","2":"type-product","3":"status-publish","4":"has-post-thumbnail","6":"product_cat-magic-mushroom","8":"first","9":"outofstock","10":"shipping-taxable","11":"product-type-variable"},"jetpack_sharing_enabled":true,"_links":{"self":[{"href":"https:\/\/shroomschocolatebars.com\/fi\/wp-json\/wp\/v2\/product\/602","targetHints":{"allow":["GET"]}}],"collection":[{"href":"https:\/\/shroomschocolatebars.com\/fi\/wp-json\/wp\/v2\/product"}],"about":[{"href":"https:\/\/shroomschocolatebars.com\/fi\/wp-json\/wp\/v2\/types\/product"}],"replies":[{"embeddable":true,"href":"https:\/\/shroomschocolatebars.com\/fi\/wp-json\/wp\/v2\/comments?post=602"}],"wp:featuredmedia":[{"embeddable":true,"href":"https:\/\/shroomschocolatebars.com\/fi\/wp-json\/wp\/v2\/media\/1138"}],"wp:attachment":[{"href":"https:\/\/shroomschocolatebars.com\/fi\/wp-json\/wp\/v2\/media?parent=602"}],"wp:term":[{"taxonomy":"product_brand","embeddable":true,"href":"https:\/\/shroomschocolatebars.com\/fi\/wp-json\/wp\/v2\/product_brand?post=602"},{"taxonomy":"product_cat","embeddable":true,"href":"https:\/\/shroomschocolatebars.com\/fi\/wp-json\/wp\/v2\/product_cat?post=602"},{"taxonomy":"product_tag","embeddable":true,"href":"https:\/\/shroomschocolatebars.com\/fi\/wp-json\/wp\/v2\/product_tag?post=602"}],"curies":[{"name":"wp","href":"https:\/\/api.w.org\/{rel}","templated":true}]}}