{"id":596,"date":"2022-03-23T09:07:17","date_gmt":"2022-03-23T09:07:17","guid":{"rendered":"https:\/\/shroomschocolatebars.com\/?post_type=product&#038;p=596"},"modified":"2024-09-01T01:05:08","modified_gmt":"2024-09-01T01:05:08","slug":"myytavat-sienet","status":"publish","type":"product","link":"https:\/\/shroomschocolatebars.com\/fi\/product\/burmese-magic-mushrooms\/","title":{"rendered":"Burman taikasienet"},"content":{"rendered":"<h2><strong>Osta Burman taikasieni\u00e4 verkossa<\/strong><\/h2>\n<p>Tervetuloa perimm\u00e4iseen m\u00e4\u00e4r\u00e4np\u00e4\u00e4h\u00e4n ostamaan burmalaisia taikasieni\u00e4, jotka ovat tunnettuja niiden poikkeuksellisesta tehosta ja ainutlaatuisista vaikutuksista. Kattava oppaamme antaa sinulle kaikki tiedot, joita tarvitset tietoon perustuvan ostoksen tekemiseen, varmistaen ikimuistoisen ja turvallisen kokemuksen.<\/p>\n<h3><strong>Mit\u00e4 ovat burmalaiset taikasienet?<\/strong><\/h3>\n<p>Burman taikasienet kuuluvat Psilocybe Cubensis -lajiin, joka on yksi suosituimmista ja laajimmin kulutetuista taikasienist\u00e4. T\u00e4m\u00e4n kannan l\u00f6ysi alun perin John W. Allen, amat\u00f6\u00f6ri-etnomykologi, Burmassa (nykyisess\u00e4 Myanmarissa). N\u00e4m\u00e4 sienet ovat tunnettuja nopeasta kasvustaan ja korkeasta tehostaan, mik\u00e4 tekee niist\u00e4 sek\u00e4 aloittelevien ett\u00e4 kokeneiden psykonauttien suosikkeja.<\/p>\n<h4><strong>Miksi valita Burman taikasienet?<\/strong><\/h4>\n<ol>\n<li><strong>Korkea teho<\/strong>: Burman taikasienet ovat kuuluisia keskim\u00e4\u00e4r\u00e4ist\u00e4 suuremmasta tehostaan. Ne tuottavat voimakkaita psykoaktiivisia vaikutuksia, jotka voivat tarjota syv\u00e4llisen ja introspektiivisen kokemuksen.<\/li>\n<li><strong>Visuaaliset ja henkiset vaikutukset<\/strong>: K\u00e4ytt\u00e4j\u00e4t raportoivat voimakkaista visuaalisista parannuksista, euforiasta ja syv\u00e4llisest\u00e4 itsetutkiskelusta. Kokemus voi vaihdella annostuksen ja yksil\u00f6llisen sietokyvyn mukaan, mutta tyypillisesti siihen kuuluu musiikin ja taiteen arvostuksen lis\u00e4\u00e4ntyminen sek\u00e4 tunne yhteydest\u00e4 luontoon.<\/li>\n<li><strong>Monipuolisuus<\/strong>: Etsitp\u00e4 sitten liev\u00e4\u00e4 matkaa tai intensiivisemp\u00e4\u00e4 matkaa, Burman taikasienet voidaan annostella mieltymyksesi mukaan.<\/li>\n<\/ol>\n<h4><strong>Kulutusmenetelm\u00e4t<\/strong><\/h4>\n<ol>\n<li><strong>Pureskelu ja nieleminen<\/strong>: Suoraviivaisin menetelm\u00e4. Pureskele sienet huolellisesti, jotta kaikki psykoaktiiviset yhdisteet vapautuvat ja imeytyv\u00e4t. Vaikutukset alkavat yleens\u00e4 45 minuutin kuluessa.<\/li>\n<li><strong>Taikasieni tee<\/strong>: T\u00e4m\u00e4 menetelm\u00e4 auttaa peitt\u00e4m\u00e4\u00e4n sienien maanl\u00e4heisen maun. Pilko tai murskaa sienet, hauduta niit\u00e4 kuumassa vedess\u00e4 10-15 minuuttia, siivil\u00f6i ja nauti.<\/li>\n<li><strong>Ruoan kanssa sekoittaminen<\/strong>: Lis\u00e4\u00e4 jauhettuja sieni\u00e4 suosikkiruokiin, kuten smoothieihin tai suklaaseen, jotta niiden nauttiminen olisi maukkaampaa.<\/li>\n<\/ol>\n<h4><strong>Annostussuositukset<\/strong><\/h4>\n<ul>\n<li><strong>Mikroannos (0,1-0,3 grammaa)<\/strong>: Aistitason alapuolella olevat vaikutukset, jotka voivat lis\u00e4t\u00e4 luovuutta ja v\u00e4hent\u00e4\u00e4 ahdistusta ilman havaittavia psykedeelisi\u00e4 vaikutuksia.<\/li>\n<li><strong>Museoannos (0,5-1,5 grammaa)<\/strong>: Liev\u00e4t psykoaktiiviset vaikutukset, jotka sopivat kevyeen ja hallittavaan kokemukseen.<\/li>\n<li><strong>Kohtalainen annos (2-3,5 grammaa)<\/strong>: Tarjoaa t\u00e4ydellisen psykedeelisen kokemuksen, jossa on merkitt\u00e4vi\u00e4 visuaalisia ja auditiivisia parannuksia.<\/li>\n<li><strong>Suuri annos (4 grammaa ja enemm\u00e4n)<\/strong>: Intensiivisi\u00e4 ja syv\u00e4llisi\u00e4 kokemuksia, suositellaan vain kokeneille k\u00e4ytt\u00e4jille.<\/li>\n<\/ul>\n<h3><strong>Miksi valita meid\u00e4t?<\/strong><\/h3>\n<p>Me shroomschocolatebarsilla olemme ylpeit\u00e4 siit\u00e4, ett\u00e4 tarjoamme vain hienoimpia Penis Envy Magic Mushrooms -sieni\u00e4. Sitoutumisemme laatuun ja asiakastyytyv\u00e4isyyteen erottaa meid\u00e4t muista. Tarjoamme:<\/p>\n<ul>\n<li><strong>Avoimuus:<\/strong>\u00a0Full details about our cultivation process and third-party testing results ensure you know exactly what you\u2019re getting.<\/li>\n<li><strong><a href=\"https:\/\/shroomschocolatebars.com\/fi\/merenkulkupolitiikka\/\">Hienovarainen merenkulku<\/a>:<\/strong>\u00a0Asetamme yksityisyytesi etusijalle huomaamattomilla pakkauksilla ja turvallisilla toimitusmenetelmill\u00e4.<\/li>\n<li><strong><a href=\"https:\/\/shroomschocolatebars.com\/fi\/ota-yhteytta\/\">Asiakastuki<\/a>:<\/strong>\u00a0Asiantunteva ja yst\u00e4v\u00e4llinen asiakastukitiimimme auttaa sinua kaikissa kysymyksiss\u00e4 ja huolenaiheissa.<\/li>\n<\/ul>\n<h3><strong>Asiakkaiden arvostelut<\/strong><\/h3>\n<p>Asiakkaamme kehuvat Burman taikasieniemme tasaista laatua ja voimakkaita vaikutuksia. T\u00e4ss\u00e4 on muutamia suositteluja:<\/p>\n<ul>\n<li>&#8220;A truly enlightening experience! The visuals were incredible, and I felt a deep connection with nature.&#8221; &#8211; Alex P.<\/li>\n<li>&#8220;Perfect for a weekend trip. The effects were strong but manageable, and the shipping was super fast!&#8221; &#8211; Jamie L.<\/li>\n<\/ul>\n<h3><strong>Aiheeseen liittyv\u00e4t tuotteet<\/strong><\/h3>\n<p>Jos pid\u00e4t burmalaisista taikasienist\u00e4, saatat my\u00f6s pit\u00e4\u00e4 niist\u00e4:<\/p>\n<ul>\n<li><strong>Kultainen opettaja Taikasienet<\/strong>: ovat tunnettuja tasapainoisista vaikutuksistaan ja henkisist\u00e4 kokemuksistaan.<\/li>\n<li><strong>Amazonian taikasienet<\/strong>: Tunnettuja voimakkaista n\u00e4k\u00f6- ja kuuloharhoista.<\/li>\n<\/ul>\n<h3><strong>P\u00e4\u00e4telm\u00e4<\/strong><\/h3>\n<p>Burmese Magic Mushrooms offer a potent and profound psychedelic experience. Whether you&#8217;re a first-timer or an experienced psychonaut, these mushrooms can provide a memorable journey into the depths of your consciousness. Purchase your Burmese Magic Mushrooms from our trusted online store and embark on a transformative adventure.<\/p>","protected":false},"excerpt":{"rendered":"<p><strong>Osta parhaat Burman taikasienet<\/strong><\/p>\n<p><strong><u>Osta enemm\u00e4n, s\u00e4\u00e4st\u00e4 enemm\u00e4n:<\/u><\/strong><\/p>\n<ul>\n<li>28 grammaa = $170<\/li>\n<\/ul>\n<p><strong>Toimitustiedot<\/strong>:<\/p>\n<ul>\n<li>Ilmainen nopeutettu toimitus<\/li>\n<li>Toimitamme maailmanlaajuisesti seurantanumeron kanssa<\/li>\n<li>Huomaamaton ja tyhji\u00f6pakattu pakkaus yksityisyytt\u00e4si varten.<\/li>\n<\/ul>","protected":false},"featured_media":1132,"comment_status":"open","ping_status":"closed","template":"","meta":[],"product_brand":[],"product_cat":[45],"product_tag":[],"class_list":{"0":"post-596","1":"product","2":"type-product","3":"status-publish","4":"has-post-thumbnail","6":"product_cat-magic-mushroom","8":"first","9":"instock","10":"shipping-taxable","11":"purchasable","12":"product-type-simple"},"jetpack_sharing_enabled":true,"_links":{"self":[{"href":"https:\/\/shroomschocolatebars.com\/fi\/wp-json\/wp\/v2\/product\/596","targetHints":{"allow":["GET"]}}],"collection":[{"href":"https:\/\/shroomschocolatebars.com\/fi\/wp-json\/wp\/v2\/product"}],"about":[{"href":"https:\/\/shroomschocolatebars.com\/fi\/wp-json\/wp\/v2\/types\/product"}],"replies":[{"embeddable":true,"href":"https:\/\/shroomschocolatebars.com\/fi\/wp-json\/wp\/v2\/comments?post=596"}],"wp:featuredmedia":[{"embeddable":true,"href":"https:\/\/shroomschocolatebars.com\/fi\/wp-json\/wp\/v2\/media\/1132"}],"wp:attachment":[{"href":"https:\/\/shroomschocolatebars.com\/fi\/wp-json\/wp\/v2\/media?parent=596"}],"wp:term":[{"taxonomy":"product_brand","embeddable":true,"href":"https:\/\/shroomschocolatebars.com\/fi\/wp-json\/wp\/v2\/product_brand?post=596"},{"taxonomy":"product_cat","embeddable":true,"href":"https:\/\/shroomschocolatebars.com\/fi\/wp-json\/wp\/v2\/product_cat?post=596"},{"taxonomy":"product_tag","embeddable":true,"href":"https:\/\/shroomschocolatebars.com\/fi\/wp-json\/wp\/v2\/product_tag?post=596"}],"curies":[{"name":"wp","href":"https:\/\/api.w.org\/{rel}","templated":true}]}}