{"id":562,"date":"2022-03-22T18:29:47","date_gmt":"2022-03-22T18:29:47","guid":{"rendered":"https:\/\/shroomschocolatebars.com\/?post_type=product&#038;p=562"},"modified":"2024-09-01T01:05:14","modified_gmt":"2024-09-01T01:05:14","slug":"sininen-magnolia-taikasienet","status":"publish","type":"product","link":"https:\/\/shroomschocolatebars.com\/fi\/product\/blue-magnolia-magic-mushrooms\/","title":{"rendered":"Sininen Magnolia Taikasienet"},"content":{"rendered":"<h2><strong>Osta Blue Magnolia Magic Mushrooms verkossa<\/strong><\/h2>\n<p>Tervetuloa yksinoikeudella valikoimiimme Blue Magnolia Magic Mushrooms, harvinainen ja eritt\u00e4in haluttu lajike, joka tunnetaan voimakkaista vaikutuksistaan ja ainutlaatuisesta visuaalisesta ilmeest\u00e4\u00e4n. Olitpa kokenut psykonautti tai tutustumassa taikasienien maailmaan ensimm\u00e4ist\u00e4 kertaa, Blue Magnolia lupaa valaistumisen, luovuuden ja syv\u00e4n itsetutkiskelun matkan.<\/p>\n<h3><strong>Mit\u00e4 ovat Blue Magnolia Magic Mushrooms?<\/strong><\/h3>\n<p>Blue Magnolia Magic Mushrooms, tieteellisesti tunnettu nimell\u00e4 <strong>Psilocybe Cubensis<\/strong>ovat uudempi ja eritt\u00e4in voimakas kanta, joka on kehitetty villist\u00e4 Mississippin n\u00e4ytteest\u00e4, jonka mykologit Doc ja Mycotek ker\u00e4siv\u00e4t vuonna 2011. N\u00e4m\u00e4 sienet erottuvat sinert\u00e4vist\u00e4, ruostepilkullisista lakkeistaan ja paksuista varsiosistaan, jotka tarjoavat ainutlaatuisen visuaalisen ja aistillisen kokemuksen.<\/p>\n<h3><strong>T\u00e4rkeimm\u00e4t ominaisuudet:<\/strong><\/h3>\n<ul>\n<li><strong>Kanta:<\/strong> Sininen Magnolia<\/li>\n<li><strong>Teho:<\/strong> Korkea, verrattavissa kuuluisaan Penis Envy -kantaan.<\/li>\n<li><strong>Vaikutukset:<\/strong> El\u00e4v\u00e4 visuaalisuus, aistien kohottaminen, henkiset ja introspektiiviset kokemukset.<\/li>\n<li><strong>Lomake:<\/strong> Kuivatut korkit ja varret<\/li>\n<\/ul>\n<h3><strong>Blue Magnolia Magic Mushroomsin vaikutukset<\/strong><\/h3>\n<p>Blue Magnolia Magic Mushrooms tunnetaan voimakkaista psykoaktiivisista vaikutuksistaan. K\u00e4ytt\u00e4j\u00e4t raportoivat usein eloisista visuaalisista hallusinaatioista, tehostuneesta aistihavainnosta ja syv\u00e4llisist\u00e4 henkisist\u00e4 oivalluksista. Vaikutukset voivat vaihdella annoksen mukaan:<\/p>\n<ul>\n<li><strong>Mikroannos (0,2-0,5 g):<\/strong> Hienovarainen mielialan kohotus, lis\u00e4\u00e4ntynyt luovuus ja tuottavuus ilman hallusinaatioita.<\/li>\n<li><strong>Pieni annos (0,5-1,0 g):<\/strong> Lievi\u00e4 n\u00e4k\u00f6- ja aistimuutoksia, ihanteellinen sosiaalisiin tiloihin ja luoviin ponnisteluihin.<\/li>\n<li><strong>Keskisuuri annos (1,0-2,0 g):<\/strong> Vahva visuaalisuus, euforia, syv\u00e4 itsetutkiskelu ja yhteenkuuluvuuden tunne.<\/li>\n<li><strong>High Dose (2.5\u20135.0 g):<\/strong> Voimakkaita hallusinaatioita, mahdollisuus egon kuolemaan ja syv\u00e4llisi\u00e4 hengellisi\u00e4 kokemuksia.<\/li>\n<\/ul>\n<h3><strong>Miksi valita Blue Magnolia Magic Mushrooms?<\/strong><\/h3>\n<ol>\n<li><strong>Korkea teho:<\/strong> Blue Magnolia on tunnettu voimakkaista vaikutuksistaan, mik\u00e4 tekee siit\u00e4 kokeneiden k\u00e4ytt\u00e4jien suosikin, jotka etsiv\u00e4t voimakasta psykedeelist\u00e4 matkaa.<\/li>\n<li><strong>Terapeuttiset hy\u00f6dyt:<\/strong> K\u00e4ytt\u00e4j\u00e4t ovat raportoineet helpotuksesta stressiin, ahdistukseen ja masennukseen. N\u00e4m\u00e4 sienet edist\u00e4v\u00e4t my\u00f6s luovuutta ja itsetutkiskelua.<\/li>\n<li><strong>Harvinainen ja eksklusiivinen:<\/strong> T\u00e4m\u00e4 kanta on suhteellisen uusi ja harvinainen markkinoilla, ja se tarjoaa ainutlaatuisen kokemuksen sieniharrastajille.<\/li>\n<\/ol>\n<h3><strong>Miksi valita meid\u00e4t?<\/strong><\/h3>\n<p>Me shroomschocolatebarsilla olemme ylpeit\u00e4 siit\u00e4, ett\u00e4 tarjoamme vain hienoimpia Penis Envy Magic Mushrooms -sieni\u00e4. Sitoutumisemme laatuun ja asiakastyytyv\u00e4isyyteen erottaa meid\u00e4t muista. Tarjoamme:<\/p>\n<ul>\n<li><strong>Avoimuus:<\/strong>\u00a0Full details about our cultivation process and third-party testing results ensure you know exactly what you\u2019re getting.<\/li>\n<li><strong><a href=\"https:\/\/shroomschocolatebars.com\/fi\/merenkulkupolitiikka\/\">Hienovarainen merenkulku<\/a>:<\/strong>\u00a0Asetamme yksityisyytesi etusijalle huomaamattomilla pakkauksilla ja turvallisilla toimitusmenetelmill\u00e4.<\/li>\n<li><strong><a href=\"https:\/\/shroomschocolatebars.com\/fi\/ota-yhteytta\/\">Asiakastuki<\/a>:<\/strong> Asiantunteva ja yst\u00e4v\u00e4llinen asiakastukitiimimme auttaa sinua kaikissa kysymyksiss\u00e4 ja huolenaiheissa.<\/li>\n<\/ul>\n<h3><strong>Annostusohjeet<\/strong><\/h3>\n<p>Niiden suuren tehon vuoksi on t\u00e4rke\u00e4\u00e4 aloittaa pienell\u00e4 annoksella, jotta voit arvioida sietokyky\u00e4si:<\/p>\n<ul>\n<li><strong>Mikroannos (0,2-0,5 g):<\/strong> Ihanteellinen aloittelijoille, jotka haluavat parantaa mielialaansa ja luovuuttaan ilman voimakkaita vaikutuksia.<\/li>\n<li><strong>Pieni annos (0,5-1,0 g):<\/strong> Sopii niille, jotka etsiv\u00e4t lievi\u00e4 tai kohtalaisia vaikutuksia, mukaan lukien visuaaliset ja aistien parannukset.<\/li>\n<li><strong>Keskim\u00e4\u00e4r\u00e4inen annos (1.0-2.0g):<\/strong> T\u00e4ydellinen psykedeelinen kokemus, jossa on vahvat visuaaliset elementit ja syv\u00e4llinen itsetutkiskelu.<\/li>\n<li><strong>Vahva annos (2,5-5,0 g):<\/strong> Suositellaan kokeneille k\u00e4ytt\u00e4jille, jotka etsiv\u00e4t syv\u00e4llist\u00e4, mahdollisesti el\u00e4m\u00e4\u00e4 muuttavaa matkaa.<\/li>\n<\/ul>\n<h3><strong>Turvallinen ja turvallinen verkkokauppa<\/strong><\/h3>\n<p>Tarjoamme k\u00e4tev\u00e4n ja huomaamattoman ostokokemuksen Blue Magnolia Magic Mushrooms -sienten verkkokaupasta. Tuotteemme ovat laboratoriotestattuja laadun ja tehon osalta, mik\u00e4 takaa, ett\u00e4 saat parhaan mahdollisen tuotteen. Nauti nopeasta ja turvallisesta toimituksesta ja ilmaisesta toimituksesta yli $50 tilauksille Kanadan sis\u00e4ll\u00e4.<\/p>\n<h3><strong>Asiakastyytyv\u00e4isyys<\/strong><\/h3>\n<p>Olemme ylpeit\u00e4 asiakastyytyv\u00e4isyydest\u00e4 ja annamme yksityiskohtaiset annostelu- ja turvallisuusohjeet jokaisen ostoksen yhteydess\u00e4. Pakkauksemme on tyhji\u00f6pakattu huipputuoreuden ja huomaamattoman toimituksen varmistamiseksi.<\/p>\n<h3><strong>Miten ostaa Blue Magnolia Magic Mushrooms -sienten ostaminen<\/strong><\/h3>\n<p>Blue Magnolia Magic Mushroomsin ostaminen on yksinkertaista ja turvallista. Valitse erilaisista m\u00e4\u00e4rist\u00e4 tarpeisiisi sopivia:<\/p>\n<ul>\n<li><strong>3.5g<\/strong><\/li>\n<li><strong>7g<\/strong><\/li>\n<li><strong>14g<\/strong><\/li>\n<li><strong>28g<\/strong><\/li>\n<\/ul>\n<p>Jokaisen ostoksen mukana toimitetaan yksityiskohtaiset k\u00e4ytt\u00f6ohjeet ja turvatoimet turvallisen ja miellytt\u00e4v\u00e4n k\u00e4ytt\u00f6kokemuksen varmistamiseksi.<\/p>\n<h3><strong>P\u00e4\u00e4telm\u00e4<\/strong><\/h3>\n<p>Nauti Blue Magnolia Magic Mushroomsin ainutlaatuisesta ja voimakkaasta kokemuksesta. Olitpa sitten etsim\u00e4ss\u00e4 terapeuttisia hy\u00f6tyj\u00e4, luovuuden parantamista tai syv\u00e4llist\u00e4 henkist\u00e4 matkaa, Blue Magnolia tarjoaa monipuolisen ja voimakkaan vaihtoehdon. Osta nyt ja kohota psykedeelist\u00e4 kokemustasi eleganssilla ja oivalluksella, jota vain Blue Magnolia voi tarjota.<\/p>","protected":false},"excerpt":{"rendered":"<p><strong>Osta parhaat Blue Magnolia Magic Mushrooms -sienet<\/strong><\/p>\n<p><strong><u>Osta enemm\u00e4n, s\u00e4\u00e4st\u00e4 enemm\u00e4n:<\/u><\/strong><\/p>\n<ul>\n<li>28 grammaa = $170<\/li>\n<\/ul>\n<p><strong>Toimitustiedot<\/strong>:<\/p>\n<ul>\n<li>Ilmainen nopeutettu toimitus<\/li>\n<li>Toimitamme maailmanlaajuisesti seurantanumeron kanssa<\/li>\n<li>Huomaamaton ja tyhji\u00f6pakattu pakkaus yksityisyytt\u00e4si varten.<\/li>\n<\/ul>","protected":false},"featured_media":1043,"comment_status":"open","ping_status":"closed","template":"","meta":[],"product_brand":[],"product_cat":[45],"product_tag":[],"class_list":{"0":"post-562","1":"product","2":"type-product","3":"status-publish","4":"has-post-thumbnail","6":"product_cat-magic-mushroom","8":"first","9":"instock","10":"shipping-taxable","11":"purchasable","12":"product-type-simple"},"jetpack_sharing_enabled":true,"_links":{"self":[{"href":"https:\/\/shroomschocolatebars.com\/fi\/wp-json\/wp\/v2\/product\/562","targetHints":{"allow":["GET"]}}],"collection":[{"href":"https:\/\/shroomschocolatebars.com\/fi\/wp-json\/wp\/v2\/product"}],"about":[{"href":"https:\/\/shroomschocolatebars.com\/fi\/wp-json\/wp\/v2\/types\/product"}],"replies":[{"embeddable":true,"href":"https:\/\/shroomschocolatebars.com\/fi\/wp-json\/wp\/v2\/comments?post=562"}],"wp:featuredmedia":[{"embeddable":true,"href":"https:\/\/shroomschocolatebars.com\/fi\/wp-json\/wp\/v2\/media\/1043"}],"wp:attachment":[{"href":"https:\/\/shroomschocolatebars.com\/fi\/wp-json\/wp\/v2\/media?parent=562"}],"wp:term":[{"taxonomy":"product_brand","embeddable":true,"href":"https:\/\/shroomschocolatebars.com\/fi\/wp-json\/wp\/v2\/product_brand?post=562"},{"taxonomy":"product_cat","embeddable":true,"href":"https:\/\/shroomschocolatebars.com\/fi\/wp-json\/wp\/v2\/product_cat?post=562"},{"taxonomy":"product_tag","embeddable":true,"href":"https:\/\/shroomschocolatebars.com\/fi\/wp-json\/wp\/v2\/product_tag?post=562"}],"curies":[{"name":"wp","href":"https:\/\/api.w.org\/{rel}","templated":true}]}}