{"id":470,"date":"2022-03-20T05:21:07","date_gmt":"2022-03-20T05:21:07","guid":{"rendered":"https:\/\/shroomschocolatebars.com\/?post_type=product&#038;p=470"},"modified":"2024-09-01T01:05:23","modified_gmt":"2024-09-01T01:05:23","slug":"savustussienet-2","status":"publish","type":"product","link":"https:\/\/shroomschocolatebars.com\/fi\/product\/amazonian-magic-mushrooms\/","title":{"rendered":"Amazonian taikasienet"},"content":{"rendered":"<h2><strong>Osta Amazonian Magic Mushrooms\u00a0<\/strong><\/h2>\n<p>Amazonian taikasienet, jotka tunnetaan tieteellisesti nimell\u00e4 <em>Psilocybe cubensis<\/em>ovat voimakkaita ja haluttuja psykedeelisi\u00e4 sieni\u00e4. N\u00e4m\u00e4 sienet ovat per\u00e4isin Amazonin rehevist\u00e4 sademetsist\u00e4, ja niit\u00e4 on k\u00e4ytetty pitk\u00e4\u00e4n hengellisiss\u00e4 ja shamaanirituaaleissa. Nyky\u00e4\u00e4n ne ovat suosittuja psykonauttien ja virkistysk\u00e4ytt\u00e4jien keskuudessa niiden syvien hallusinogeenisten vaikutusten vuoksi, jotka tarjoavat matkan itsetutkiskeluun, euforiaan ja visuaaliseen stimulaatioon.<\/p>\n<h3><strong>Mik\u00e4 tekee Amazonian taikasienist\u00e4 ainutlaatuisia?<\/strong><\/h3>\n<p>Amazonian taikasieni\u00e4 arvostetaan niiden korkean psilosybiinipitoisuuden vuoksi, joka saa aikaan voimakkaita ja el\u00e4vi\u00e4 matkoja. K\u00e4ytt\u00e4j\u00e4t raportoivat usein voimakkaista visuaalisista ja auditiivisista hallusinaatioista, syv\u00e4st\u00e4 yhteydest\u00e4 luontoon ja syv\u00e4llisest\u00e4 euforiasta. N\u00e4m\u00e4 sienet ovat ihanteellisia niille, jotka etsiv\u00e4t voimakasta ja transformatiivista psykedeelist\u00e4 kokemusta.<\/p>\n<h4>T\u00e4rkeimm\u00e4t ominaisuudet:<\/h4>\n<ul>\n<li><strong>Alkuper\u00e4:<\/strong> Amazonin sademets\u00e4<\/li>\n<li><strong>Laji:<\/strong> Psilocybe cubensis<\/li>\n<li><strong>Teho:<\/strong> Korkea<\/li>\n<li><strong>Vaikutukset:<\/strong> Euforia, n\u00e4k\u00f6- ja kuuloharhat, henkinen her\u00e4\u00e4minen, syv\u00e4 itsetutkiskelu.<\/li>\n<\/ul>\n<h3><strong>Vaikutukset ja kokemukset<\/strong><\/h3>\n<p>Kun k\u00e4yt\u00e4t Amazonian taikasieni\u00e4, voit odottaa matkan kest\u00e4v\u00e4n 4-6 tuntia. Matka alkaa yleens\u00e4 euforian ja keveyden tunteella, joka johtaa v\u00e4hitellen voimakkaampiin visuaalisiin ja auditiivisiin v\u00e4\u00e4ristymiin. Monet k\u00e4ytt\u00e4j\u00e4t raportoivat kokevansa syv\u00e4llisi\u00e4 oivalluksia, emotionaalisia l\u00e4pimurtoja ja kohonnutta luovuuden tunnetta.<\/p>\n<h4><strong>Yleiset vaikutukset:<\/strong><\/h4>\n<ul>\n<li><strong>Euforia:<\/strong> Kohonnut onnellisuuden ja hyvinvoinnin tunne.<\/li>\n<li><strong>Visuaaliset hallusinaatiot:<\/strong> Kirkkaat v\u00e4rit, kuviot ja liike ymp\u00e4rist\u00f6ss\u00e4.<\/li>\n<li><strong>Kuuloharhat:<\/strong> \u00c4\u00e4nien tehostunut havaitseminen, joka johtaa usein kuuloharhoihin.<\/li>\n<li><strong>Itsetutkiskelu:<\/strong> Syvi\u00e4, pohdiskelevia ajatuksia ja henkisen her\u00e4\u00e4misen tunnetta.<\/li>\n<\/ul>\n<h3><strong>Kuinka k\u00e4ytt\u00e4\u00e4 turvallisesti Amazonian taikasieni\u00e4<\/strong><\/h3>\n<p>Safety is paramount when embarking on a psychedelic journey. Start with a low dose, especially if you are new to magic mushrooms. This allows you to gauge your body&#8217;s reaction and avoid an overwhelming experience. Always consume mushrooms in a safe, comfortable environment, ideally with a trusted friend who can act as a trip sitter.<\/p>\n<h3><strong>Miksi valita meid\u00e4t?<\/strong><\/h3>\n<p>Me shroomschocolatebarsilla olemme ylpeit\u00e4 siit\u00e4, ett\u00e4 tarjoamme vain hienoimpia Penis Envy Magic Mushrooms -sieni\u00e4. Sitoutumisemme laatuun ja asiakastyytyv\u00e4isyyteen erottaa meid\u00e4t muista. Tarjoamme:<\/p>\n<ul>\n<li><strong>Avoimuus:<\/strong>\u00a0Full details about our cultivation process and third-party testing results ensure you know exactly what you\u2019re getting.<\/li>\n<li><strong><a href=\"https:\/\/shroomschocolatebars.com\/fi\/merenkulkupolitiikka\/\">Hienovarainen merenkulku<\/a>:<\/strong>\u00a0Asetamme yksityisyytesi etusijalle huomaamattomilla pakkauksilla ja turvallisilla toimitusmenetelmill\u00e4.<\/li>\n<li><strong><a href=\"https:\/\/shroomschocolatebars.com\/fi\/ota-yhteytta\/\">Asiakastuki<\/a>:<\/strong>\u00a0Asiantunteva ja yst\u00e4v\u00e4llinen asiakastukitiimimme auttaa sinua kaikissa kysymyksiss\u00e4 ja huolenaiheissa.<\/li>\n<\/ul>\n<h4><strong>Annostusopas:<\/strong><\/h4>\n<ul>\n<li><strong>Mikroannos:<\/strong> 0.1 &#8211; 0.5 grams for subtle effects.<\/li>\n<li><strong>Pieni annos:<\/strong> 0.5 &#8211; 1.5 grams for a mild trip.<\/li>\n<li><strong>Kohtalainen annos:<\/strong> 1.5 &#8211; 3 grams for a standard psychedelic experience.<\/li>\n<li><strong>Korkea annos:<\/strong> 3 &#8211; 5 grams for a profound and intense journey.<\/li>\n<\/ul>\n<h3><strong>Amazonian taikasienien edut<\/strong><\/h3>\n<p>Virkistysk\u00e4yt\u00f6n lis\u00e4ksi Amazonian taikasieni\u00e4 on tutkittu niiden mahdollisten terapeuttisten hy\u00f6tyjen vuoksi. Tutkimukset osoittavat, ett\u00e4 psilosybiini, joka on n\u00e4iden sienien aktiivinen yhdiste, voi auttaa esimerkiksi masennuksen, ahdistuksen, PTSD:n ja riippuvuuden hoidossa. Monet k\u00e4ytt\u00e4j\u00e4t kokevat, ett\u00e4 n\u00e4m\u00e4 sienet tarjoavat selkeytt\u00e4 ja emotionaalista vapautumista, mik\u00e4 auttaa henkil\u00f6kohtaisessa kasvussa ja paranemisessa.<\/p>\n<h4><strong>Terapeuttiset hy\u00f6dyt:<\/strong><\/h4>\n<ul>\n<li><strong>Mielenterveys:<\/strong> Mahdollinen hoito masennukseen, ahdistukseen ja PTSD:hen.<\/li>\n<li><strong>Riippuvuus:<\/strong> Auttaa hallitsemaan ja voittamaan riippuvuudet, erityisesti alkoholin ja nikotiinin.<\/li>\n<li><strong>Emotionaalinen vapautuminen:<\/strong> Helpottaa emotionaalisia l\u00e4pimurtoja ja henkil\u00f6kohtaista kasvua.<\/li>\n<\/ul>\n<h3><strong>Miten ostaa Amazonian Magic Mushrooms Online<\/strong><\/h3>\n<p>Ostaminen Amazonian <a href=\"https:\/\/shroomschocolatebars.com\/fi\/tuote-osasto\/taikasieni\/\">Taikasienet<\/a> verkossa ei ole koskaan ollut helpompaa. Varmista, ett\u00e4 valitset hyv\u00e4maineisen myyj\u00e4n, joka tarjoaa korkealaatuisia, laboratoriotestattuja tuotteita. Etsi huomaamaton pakkaus ja luotettava toimitus, jotta yksityisyytesi s\u00e4ilyy ja ostokokemus on saumaton.<\/p>\n<h4><strong>Mit\u00e4 etsi\u00e4 myyj\u00e4lt\u00e4:<\/strong><\/h4>\n<ul>\n<li><strong>Laadunvarmistus:<\/strong> Laboratoriossa testatut sienet turvallisuuden ja tehon varmistamiseksi.<\/li>\n<li><strong>Huomaamaton pakkaus:<\/strong> Turvallinen, merkitsem\u00e4t\u00f6n pakkaus yksityisyyden s\u00e4ilytt\u00e4miseksi.<\/li>\n<li><strong>Luotettava toimitus:<\/strong> Nopeat ja luotettavat toimitusvaihtoehdot, joissa on seuranta.<\/li>\n<li><strong>Asiakastuki:<\/strong> Asiantunteva henkil\u00f6kunta auttaa kaikissa kysymyksiss\u00e4 ja huolenaiheissa.<\/li>\n<\/ul>\n<h3><strong>Usein kysytyt kysymykset<\/strong><\/h3>\n<p><strong>K: Miten kulutan Amazonian taikasieni\u00e4?<\/strong> V: Maagisia sieni\u00e4 voi nauttia monella eri tavalla, esimerkiksi pureskelemalla niit\u00e4 suoraan, keitt\u00e4m\u00e4ll\u00e4 niist\u00e4 teet\u00e4 tai lis\u00e4\u00e4m\u00e4ll\u00e4 niit\u00e4 ruokaan. Pureskelemalla vaikutukset alkavat nopeimmin, kun taas tee voi olla helpompaa vatsalle.<\/p>\n<p><strong>K: Ovatko Amazonian taikasienet laillisia?<\/strong> V: Taikasienien laillisuus vaihtelee maittain ja alueittain. Tarkista aina paikalliset lait ennen sienien ostamista tai nauttimista.<\/p>\n<p><strong>K: Mit\u00e4 minun pit\u00e4isi tehd\u00e4, jos minulla on huono matka?<\/strong> V: Jos koet huonon tripin, yrit\u00e4 pysy\u00e4 rauhallisena ja muistuta itse\u00e4si siit\u00e4, ett\u00e4 vaikutukset ovat v\u00e4liaikaisia. Luotettavan yst\u00e4v\u00e4n l\u00e4sn\u00e4olo voi lohduttaa ja rauhoittaa. Syv\u00e4 hengitys ja ymp\u00e4rist\u00f6n vaihtaminen voivat my\u00f6s helpottaa ahdistusta.<\/p>\n<p><strong>K: Voinko annostella mikroannoksen Amazonian Magic Mushroomsin kanssa?<\/strong> V: Kyll\u00e4, mikroannostelussa k\u00e4ytet\u00e4\u00e4n hyvin pieni\u00e4 m\u00e4\u00e4ri\u00e4 sieni\u00e4, jotta saadaan hienovaraisia hy\u00f6tyj\u00e4 ilman t\u00e4ysi\u00e4 psykedeelisi\u00e4 vaikutuksia. T\u00e4m\u00e4 voi parantaa luovuutta, keskittymist\u00e4 ja yleist\u00e4 hyvinvointia.<\/p>\n<h3><strong>P\u00e4\u00e4telm\u00e4<\/strong><\/h3>\n<p>Amazonian Magic Mushrooms offer a powerful and transformative psychedelic experience. Whether you&#8217;re seeking spiritual enlightenment, therapeutic benefits, or a recreational journey, these mushrooms provide an unparalleled adventure into the mind&#8217;s depths. Always prioritize safety, start with a low dose, and choose a reputable vendor to ensure a positive and enlightening experience.<\/p>\n<p>Lis\u00e4tietoja Amazonian Magic Mushrooms -sienten ostamisesta ja k\u00e4ytt\u00e4misest\u00e4 l\u00f6yd\u00e4t osoitteesta <a href=\"https:\/\/shroomschocolatebars.com\/fi\/shop\/\">shop<\/a><\/p>","protected":false},"excerpt":{"rendered":"<p><strong>Osta paras Amazonian Magic Mushrooms<\/strong><\/p>\n<p><strong><u>Osta enemm\u00e4n, s\u00e4\u00e4st\u00e4 enemm\u00e4n:<\/u><\/strong><\/p>\n<ul>\n<li>28 grammaa = $170<\/li>\n<\/ul>\n<p><strong>Toimitustiedot<\/strong>:<\/p>\n<ul>\n<li>Ilmainen nopeutettu toimitus<\/li>\n<li>Toimitamme maailmanlaajuisesti seurantanumeron kanssa<\/li>\n<li>Huomaamaton ja tyhji\u00f6pakattu pakkaus yksityisyytt\u00e4si varten.<\/li>\n<\/ul>","protected":false},"featured_media":1145,"comment_status":"open","ping_status":"closed","template":"","meta":[],"product_brand":[],"product_cat":[45],"product_tag":[],"class_list":{"0":"post-470","1":"product","2":"type-product","3":"status-publish","4":"has-post-thumbnail","6":"product_cat-magic-mushroom","8":"first","9":"instock","10":"shipping-taxable","11":"purchasable","12":"product-type-simple"},"jetpack_sharing_enabled":true,"_links":{"self":[{"href":"https:\/\/shroomschocolatebars.com\/fi\/wp-json\/wp\/v2\/product\/470","targetHints":{"allow":["GET"]}}],"collection":[{"href":"https:\/\/shroomschocolatebars.com\/fi\/wp-json\/wp\/v2\/product"}],"about":[{"href":"https:\/\/shroomschocolatebars.com\/fi\/wp-json\/wp\/v2\/types\/product"}],"replies":[{"embeddable":true,"href":"https:\/\/shroomschocolatebars.com\/fi\/wp-json\/wp\/v2\/comments?post=470"}],"wp:featuredmedia":[{"embeddable":true,"href":"https:\/\/shroomschocolatebars.com\/fi\/wp-json\/wp\/v2\/media\/1145"}],"wp:attachment":[{"href":"https:\/\/shroomschocolatebars.com\/fi\/wp-json\/wp\/v2\/media?parent=470"}],"wp:term":[{"taxonomy":"product_brand","embeddable":true,"href":"https:\/\/shroomschocolatebars.com\/fi\/wp-json\/wp\/v2\/product_brand?post=470"},{"taxonomy":"product_cat","embeddable":true,"href":"https:\/\/shroomschocolatebars.com\/fi\/wp-json\/wp\/v2\/product_cat?post=470"},{"taxonomy":"product_tag","embeddable":true,"href":"https:\/\/shroomschocolatebars.com\/fi\/wp-json\/wp\/v2\/product_tag?post=470"}],"curies":[{"name":"wp","href":"https:\/\/api.w.org\/{rel}","templated":true}]}}