{"id":458,"date":"2022-03-20T04:44:12","date_gmt":"2022-03-20T04:44:12","guid":{"rendered":"https:\/\/shroomschocolatebars.com\/?post_type=product&#038;p=458"},"modified":"2024-09-01T01:05:27","modified_gmt":"2024-09-01T01:05:27","slug":"albiinon-penis-kateus","status":"publish","type":"product","link":"https:\/\/shroomschocolatebars.com\/fi\/product\/albino-penis-envy\/","title":{"rendered":"Albino Penis Envy Magic Mushrooms Taikasienet"},"content":{"rendered":"<h3><strong>Osta Albino Penis Envy Taikasienet<\/strong><\/h3>\n<p>Tervetuloa perimm\u00e4inen l\u00e4hde Albino Penis Envy Magic Mushrooms. Tutustu t\u00e4m\u00e4n kysytyn Psilocybe cubensis -kannan poikkeukselliseen tehoon, ainutlaatuisiin ominaisuuksiin ja syv\u00e4llisiin vaikutuksiin.<\/p>\n<h3><strong>Mit\u00e4 ovat Albino Penis Envy Magic Mushrooms?<\/strong><\/h3>\n<p>Albino Penis Envy (APE) mushrooms are a rare and potent strain of Psilocybe cubensis, known for their distinct appearance and powerful psychedelic effects. This strain is a hybrid of the popular Penis Envy and the rare PF Albino strains, resulting in a mushroom that is visually striking and highly potent\u200b <span class=\"\" data-state=\"closed\"><span class=\"text-token-text-secondary\">(<\/span><a class=\"text-green-600 !no-underline\" href=\"https:\/\/shroomschocolatebars.com\/fi\/tuote-osasto\/taikasieni\/\" target=\"_blank\" rel=\"noopener noreferrer\">Osta taikasieni\u00e4 USA<\/a><span class=\"text-token-text-secondary\">)<\/span><\/span>\u200b.<\/p>\n<h3><strong>Ulkon\u00e4k\u00f6 ja ominaisuudet<\/strong><\/h3>\n<p>APE mushrooms are notable for their ghostly, almost milky white appearance. They have thick, dense stems and small caps that often remain partially closed even at full maturity. When bruised, the stems exhibit a bluish hue, indicating the presence of psilocybin\u200b. This albinism contributes to their unique look and enhances their potency.<\/p>\n<h4><strong>Teho ja vaikutukset<\/strong><\/h4>\n<p>Albino Penis Envy mushrooms are renowned for their high psilocybin content, making them one of the most potent strains available. Users report profound psychedelic experiences characterized by intense visual and auditory hallucinations, deep introspection, and a sense of interconnectedness with the universe. The potency of these mushrooms often results in a longer-lasting and more intense experience compared to other strains\u200b<span class=\"\" data-state=\"closed\"><span class=\"text-token-text-secondary\"> (<\/span><a class=\"text-green-600 !no-underline\" href=\"https:\/\/shroomschocolatebars.com\/fi\/tuote-osasto\/taikasieni\/\" target=\"_blank\" rel=\"noopener noreferrer\">Osta taikasieni\u00e4 USA<\/a><span class=\"text-token-text-secondary\">)<\/span><\/span>\u200b\u200b<\/p>\n<p><strong>Albino Penis Envy -sienten edut<\/strong><\/p>\n<p>Taikasienet, mukaan lukien Albino Penis Envy, tarjoavat lukuisia mahdollisia etuja. Tutkimukset ja anekdoottiset todisteet viittaavat siihen, ett\u00e4 psilosybiini, n\u00e4iden sienien aktiivinen yhdiste, voi:<\/p>\n<ul>\n<li>Alleviate symptoms of depression and anxiety\u200b<span class=\"\" data-state=\"closed\"><span class=\"text-token-text-secondary\"> (<\/span><a href=\"https:\/\/shroomschocolatebars.com\/fi\/tuote-osasto\/taikasieni\/\">Magic Mushrooms apteekki<\/a><span class=\"text-token-text-secondary\">)<\/span><\/span>\u200b<\/li>\n<li>Enhance neuroplasticity, aiding in brain growth and learning\u200b \u200b<\/li>\n<li>Help treat cluster headaches and obsessive-compulsive disorder (OCD)\u200b \u200b<\/li>\n<li>Assist in addiction recovery, particularly for alcohol and smoking cessation\u200b \u200b<\/li>\n<\/ul>\n<h4><strong>Kuinka k\u00e4ytt\u00e4\u00e4 Albino Penis Envy -sieni\u00e4<\/strong><\/h4>\n<p>Niiden suuren tehon vuoksi on eritt\u00e4in t\u00e4rke\u00e4\u00e4 l\u00e4hesty\u00e4 APE-sieni\u00e4 varoen, erityisesti ensikertalaisille k\u00e4ytt\u00e4jille. Yleinen suositus on aloittaa pienell\u00e4 annoksella ja lis\u00e4t\u00e4 sit\u00e4 v\u00e4hitellen tarpeen mukaan, jotta voit arvioida sietokyky\u00e4si ja kokemustasi. N\u00e4it\u00e4 sieni\u00e4 kulutetaan tyypillisesti kuivattuina, teess\u00e4 tai sy\u00f6t\u00e4viin tuotteisiin helpommin nautittaviksi.<\/p>\n<h3><strong>Miksi valita meid\u00e4t?<\/strong><\/h3>\n<p>Me shroomschocolatebarsilla olemme ylpeit\u00e4 siit\u00e4, ett\u00e4 tarjoamme vain hienoimpia Penis Envy Magic Mushrooms -sieni\u00e4. Sitoutumisemme laatuun ja asiakastyytyv\u00e4isyyteen erottaa meid\u00e4t muista. Tarjoamme:<\/p>\n<ul>\n<li><strong>Avoimuus:<\/strong>\u00a0Full details about our cultivation process and third-party testing results ensure you know exactly what you\u2019re getting.<\/li>\n<li><strong><a href=\"https:\/\/shroomschocolatebars.com\/fi\/merenkulkupolitiikka\/\">Hienovarainen merenkulku<\/a>:<\/strong>\u00a0Asetamme yksityisyytesi etusijalle huomaamattomilla pakkauksilla ja turvallisilla toimitusmenetelmill\u00e4.<\/li>\n<li><strong><a href=\"https:\/\/shroomschocolatebars.com\/fi\/ota-yhteytta\/\">Asiakastuki<\/a>:<\/strong>\u00a0Asiantunteva ja yst\u00e4v\u00e4llinen asiakastukitiimimme auttaa sinua kaikissa kysymyksiss\u00e4 ja huolenaiheissa.<\/li>\n<\/ul>\n<h4><strong>Albino Penis Envy -sienien kasvattaminen Albino Penis Envy -sienet<\/strong><\/h4>\n<p>Omien Albino Penis Envy -sienien viljelyst\u00e4 kiinnostuneiden on t\u00e4rke\u00e4\u00e4 ymm\u00e4rt\u00e4\u00e4 erityiset vaatimukset ja haasteet. N\u00e4m\u00e4 sienet vaativat tarkat olosuhteet menesty\u00e4kseen:<\/p>\n<ul>\n<li><strong>Substraatin valmistelu<\/strong>: Use a nutrient-rich substrate, such as brown rice flour and vermiculite, and sterilize it to eliminate contaminants\u200b<span class=\"\" data-state=\"closed\"><span class=\"text-token-text-secondary\">\u00a0<\/span><\/span><\/li>\n<li><strong>Inokulaatio ja kolonisaatio<\/strong>: Inject the substrate with APE spores using a sterilized syringe, and maintain a temperature of 75-81\u00b0F (24-27\u00b0C) and humidity levels of 90-95% for optimal colonization\u200b<span class=\"\" data-state=\"closed\"><span class=\"text-token-text-secondary\">\u00a0<\/span><\/span><\/li>\n<li><strong>Hedelm\u00f6intiolosuhteet<\/strong>: Once colonized, adjust the environment to encourage fruiting by lowering the temperature slightly, providing indirect light, and maintaining proper humidity\u200b<span class=\"\" data-state=\"closed\"><span class=\"text-token-text-secondary\">\u00a0<\/span><\/span><\/li>\n<li><strong>Sadonkorjuu<\/strong>: Harvest the mushrooms when the caps are fully expanded but before the veil breaks for maximum potency\u200b .<\/li>\n<\/ul>\n<h4><strong>Oikeudelliset n\u00e4k\u00f6kohdat<\/strong><\/h4>\n<p>On t\u00e4rke\u00e4\u00e4 huomata, ett\u00e4 psilosybiinisienien viljely\u00e4 ja kulutusta s\u00e4\u00e4nnell\u00e4\u00e4n tai se on monilla alueilla laitonta. Varmista, ett\u00e4 olet perehtynyt paikallisiin lakeihin ja m\u00e4\u00e4r\u00e4yksiin ennen kuin ostat tai kasvatat Albino Penis Envy -sieni\u00e4.<\/p>\n<div class=\"css-a5m6co-text css-p8ym46-fontFamily css-11397xj-fontSize css-15qzf5r-display css-7bji7i-wordBreak\" style=\"text-align: center;\">\n<div class=\"css-a5m6co-text css-p8ym46-fontFamily css-11397xj-fontSize css-15qzf5r-display css-7bji7i-wordBreak\" style=\"text-align: center;\">\n<div class=\"css-a5m6co-text css-p8ym46-fontFamily css-11397xj-fontSize css-15qzf5r-display css-7bji7i-wordBreak\" style=\"text-align: center;\"><\/div>\n<\/div>\n<\/div>","protected":false},"excerpt":{"rendered":"<p><strong>Osta paras Albino Penis Envy Magic Mushrooms Albino Penis Envy Magic Mushrooms<\/strong><\/p>\n<p><strong><u>Osta enemm\u00e4n, s\u00e4\u00e4st\u00e4 enemm\u00e4n:<\/u><\/strong><\/p>\n<ul>\n<li>28 grammaa = $170<\/li>\n<\/ul>\n<p><strong>Toimitustiedot<\/strong>:<\/p>\n<ul>\n<li>Ilmainen nopeutettu toimitus<\/li>\n<li>Toimitamme maailmanlaajuisesti seurantanumeron kanssa<\/li>\n<li>Huomaamaton ja tyhji\u00f6pakattu pakkaus yksityisyytt\u00e4si varten.<\/li>\n<\/ul>","protected":false},"featured_media":1476,"comment_status":"open","ping_status":"closed","template":"","meta":[],"product_brand":[],"product_cat":[45],"product_tag":[],"class_list":{"0":"post-458","1":"product","2":"type-product","3":"status-publish","4":"has-post-thumbnail","6":"product_cat-magic-mushroom","8":"first","9":"instock","10":"shipping-taxable","11":"purchasable","12":"product-type-simple"},"jetpack_sharing_enabled":true,"_links":{"self":[{"href":"https:\/\/shroomschocolatebars.com\/fi\/wp-json\/wp\/v2\/product\/458","targetHints":{"allow":["GET"]}}],"collection":[{"href":"https:\/\/shroomschocolatebars.com\/fi\/wp-json\/wp\/v2\/product"}],"about":[{"href":"https:\/\/shroomschocolatebars.com\/fi\/wp-json\/wp\/v2\/types\/product"}],"replies":[{"embeddable":true,"href":"https:\/\/shroomschocolatebars.com\/fi\/wp-json\/wp\/v2\/comments?post=458"}],"wp:featuredmedia":[{"embeddable":true,"href":"https:\/\/shroomschocolatebars.com\/fi\/wp-json\/wp\/v2\/media\/1476"}],"wp:attachment":[{"href":"https:\/\/shroomschocolatebars.com\/fi\/wp-json\/wp\/v2\/media?parent=458"}],"wp:term":[{"taxonomy":"product_brand","embeddable":true,"href":"https:\/\/shroomschocolatebars.com\/fi\/wp-json\/wp\/v2\/product_brand?post=458"},{"taxonomy":"product_cat","embeddable":true,"href":"https:\/\/shroomschocolatebars.com\/fi\/wp-json\/wp\/v2\/product_cat?post=458"},{"taxonomy":"product_tag","embeddable":true,"href":"https:\/\/shroomschocolatebars.com\/fi\/wp-json\/wp\/v2\/product_tag?post=458"}],"curies":[{"name":"wp","href":"https:\/\/api.w.org\/{rel}","templated":true}]}}