{"id":428,"date":"2022-03-20T02:55:14","date_gmt":"2022-03-20T02:55:14","guid":{"rendered":"https:\/\/shroomschocolatebars.com\/?post_type=product&#038;p=428"},"modified":"2024-09-01T01:05:35","modified_gmt":"2024-09-01T01:05:35","slug":"afrikkalaiset-transkei-taikasienet","status":"publish","type":"product","link":"https:\/\/shroomschocolatebars.com\/fi\/product\/african-transkei-magic-mushrooms\/","title":{"rendered":"Afrikkalainen Transkei Magic Mushrooms"},"content":{"rendered":"<h2><strong>Osta Afrikkalainen Transkei Magic Mushrooms<\/strong><\/h2>\n<p>African Transkei Magic Mushrooms, joka tunnetaan my\u00f6s nimell\u00e4 South African Transkei (SAT), on ainutlaatuinen Psilocybe cubensis -kanta, joka on per\u00e4isin Etel\u00e4-Afrikan Wild Coast -alueelta. N\u00e4m\u00e4 vuonna 2002 l\u00f6ydetyt sienet ovat tunnettuja kohtuullisesta tehosta, ainutlaatuisista visuaalisista vaikutuksista ja syv\u00e4llisist\u00e4 mystisist\u00e4 kokemuksista. Ihanteelliset sek\u00e4 aloittelijoille ett\u00e4 kokeneille k\u00e4ytt\u00e4jille, afrikkalaiset Transkei-sienet tarjoavat monipuolisen psykedeelisen matkan.<\/p>\n<h3><strong>Tuotteen kuvaus<\/strong><\/h3>\n<p>Afrikkalaisille Transkei Magic Mushrooms -sienille on ominaista niiden hoikat, pitk\u00e4t parsanmuotoiset varret ja pienet, karamellinv\u00e4riset korkit. N\u00e4m\u00e4 sienet ovat paitsi visuaalisesti erottuvia my\u00f6s tunnettuja voimakkaasta aisti- ja visuaalisesta stimulaatiostaan, mik\u00e4 tekee niist\u00e4 psykonauttien suosikkeja. K\u00e4ytt\u00e4j\u00e4t raportoivat usein eloisista visuaalisista kokemuksista, tanssivista valoista geometrisiin muotoihin, erityisesti suuremmilla annoksilla. Lajiketta ylistet\u00e4\u00e4n siit\u00e4, ett\u00e4 se saa aikaan henkisen ja itsetutkiskelevan tripin, jota usein kuvaillaan syv\u00e4ksi yhteydeksi muinaiseen viisauteen.<\/p>\n<h3><strong>Annostusopas<\/strong><\/h3>\n<ol>\n<li><strong>Microdose (0.2 \u2013 0.5 grams)<\/strong>: Ihanteellinen aloittelijoille, t\u00e4m\u00e4 annos tarjoaa hienovaraisia vaikutuksia, kuten liev\u00e4\u00e4 energiannousua, lis\u00e4\u00e4ntynytt\u00e4 luovuutta ja parantunutta mielialaa ilman merkitt\u00e4vi\u00e4 visuaalisia muutoksia.<\/li>\n<li><strong>Light Dose (0.5 \u2013 1.0 grams)<\/strong>: Tarjoaa lempe\u00e4n, euforisen huuman, joka sopii sosiaalisiin tiloihin ja luovaan toimintaan.<\/li>\n<li><strong>Common Dose (1.0 \u2013 2.0 grams)<\/strong>: Kohtalainen annos, joka sopii t\u00e4ydellist\u00e4 psykedeelist\u00e4 kokemusta etsiville, joilla on el\u00e4vi\u00e4 visuaalisia kuvia, syv\u00e4llisi\u00e4 keskusteluja ja syv\u00e4llinen kehon huuma.<\/li>\n<li><strong>Strong Dose (2.5 \u2013 5.0 grams)<\/strong>: Kokeneille k\u00e4ytt\u00e4jille t\u00e4m\u00e4 annos johtaa klassiseen, intensiiviseen psykedeeliseen trippiin, johon liittyy merkitt\u00e4vi\u00e4 aistimuutoksia ja mystisi\u00e4 kokemuksia.<\/li>\n<li><strong>Raskas annos (5,0+ grammaa)<\/strong>: T\u00e4m\u00e4 annos on varattu kokeneimmille, ja se voi aiheuttaa egon kuoleman, syvi\u00e4 yhteyksi\u00e4 maailmankaikkeuteen ja eritt\u00e4in voimakkaita visuaalisia ja tunnetiloja.<\/li>\n<\/ol>\n<h3><strong>Vaikutukset ja kokemukset<\/strong><\/h3>\n<p>The effects of African Transkei Magic Mushrooms typically commence within 30 minutes to an hour after ingestion and can last for 4 to 6 hours. The initial phase, known as the &#8216;come-up,&#8217; involves heightened sensory perception, mood shifts, and euphoria. During the peak, users experience vivid visuals, introspection, and a sense of unity with their surroundings. The &#8216;afterglow&#8217; phase brings a period of mental clarity and satisfaction, making the entire trip a fulfilling experience.<\/p>\n<h3><strong>Terapeuttiset hy\u00f6dyt<\/strong><\/h3>\n<p>Psilosybiinill\u00e4, joka on afrikkalaisten Transkei-sienien aktiivinen yhdiste, on osoitettu olevan potentiaalisia terapeuttisia hy\u00f6tyj\u00e4. Tutkimukset viittaavat sen tehokkuuteen sellaisten sairauksien kuin masennuksen, ahdistuksen ja PTSD:n hoidossa. Psilosybiinin mahdollistamat syv\u00e4lliset introspektiiviset kokemukset voivat auttaa mielenterveyden hoidossa tarjoamalla uusia n\u00e4k\u00f6kulmia ja emotionaalista vapautumista.<\/p>\n<h3><strong>Oikeudellinen asema<\/strong><\/h3>\n<p>Afrikkalaisten Transkei Magic Mushrooms -sienien laillisuus vaihtelee alueittain. Monissa paikoissa, kuten Yhdysvalloissa ja Euroopassa, psilosybiinisienet luokitellaan valvotuiksi aineiksi, mik\u00e4 tekee niiden myynnist\u00e4, hallussapidosta ja kulutuksesta laitonta. Joillakin alueilla l\u00e4\u00e4kinn\u00e4llinen tai tutkimusk\u00e4ytt\u00f6 on kuitenkin sallittua tiukkojen m\u00e4\u00e4r\u00e4ysten mukaisesti. Tarkista aina paikalliset lait ennen n\u00e4iden sienien ostamista tai k\u00e4ytt\u00f6\u00e4.<\/p>\n<h4><strong>Aiheeseen liittyv\u00e4t tuotteet<\/strong><\/h4>\n<ol>\n<li><strong><a href=\"https:\/\/shroomschocolatebars.com\/fi\/tuote\/albiinon-penis-kateus\/\" target=\"_new\" rel=\"noreferrer noopener\">Albino penis kateus<\/a><\/strong>: Toinen voimakas ja visuaalisesti stimuloiva lajike, ihanteellinen niille, jotka etsiv\u00e4t vahvaa psykedeelist\u00e4 kokemusta.<\/li>\n<li><strong><a href=\"https:\/\/shroomschocolatebars.com\/fi\/tuote\/savustussienet-2\/\" target=\"_new\" rel=\"noreferrer noopener\">Amazonian taikasienet<\/a><\/strong>: N\u00e4m\u00e4 sienet ovat tunnettuja korkeasta tehostaan ja rikkaasta historiastaan, ja ne tarjoavat syv\u00e4llisen, uppoutuvan matkan.<\/li>\n<li><strong><a href=\"https:\/\/shroomschocolatebars.com\/fi\/tuote\/magic-mushrooms-texas\/\" target=\"_new\" rel=\"noreferrer noopener\">Arenal Volcano Taikasienet<\/a><\/strong>: Ainutlaatuinen kanta, joka tarjoaa voimakkaan visuaalisen ja henkisen tripin, joka sopii t\u00e4ydellisesti kokeneille k\u00e4ytt\u00e4jille.<\/li>\n<\/ol>\n<h4><strong>P\u00e4\u00e4telm\u00e4<\/strong><\/h4>\n<p>Afrikkalainen Transkei Magic Mushrooms tarjoaa ainutlaatuisen ja monipuolisen psykedeelisen kokemuksen, joka ulottuu hienovaraisista mikroannosteluvaikutuksista syv\u00e4llisiin mystisiin matkoihin. Olitpa noviisi tai kokenut psykonautti, n\u00e4m\u00e4 sienet tarjoavat vastuullisesti k\u00e4ytettyn\u00e4 turvallisen ja rikastuttavan matkan. Varmista aina, ett\u00e4 noudatat paikallisia lakeja ja ohjeita, jotta voit nauttia psykedeelisest\u00e4 kokemuksestasi turvallisesti.<\/p>","protected":false},"excerpt":{"rendered":"<p><strong>Osta parhaat Afrikkalainen Transkei Magic Mushrooms<\/strong><\/p>\n<p><strong><u>Osta enemm\u00e4n, s\u00e4\u00e4st\u00e4 enemm\u00e4n:<\/u><\/strong><\/p>\n<ul>\n<li>28 grammaa = $170<\/li>\n<\/ul>\n<p><strong>Toimitustiedot<\/strong>:<\/p>\n<ul>\n<li>Ilmainen nopeutettu toimitus<\/li>\n<li>Toimitamme maailmanlaajuisesti seurantanumeron kanssa<\/li>\n<li>Huomaamaton ja tyhji\u00f6pakattu pakkaus yksityisyytt\u00e4si varten.<\/li>\n<\/ul>","protected":false},"featured_media":1119,"comment_status":"open","ping_status":"closed","template":"","meta":[],"product_brand":[],"product_cat":[45],"product_tag":[],"class_list":{"0":"post-428","1":"product","2":"type-product","3":"status-publish","4":"has-post-thumbnail","6":"product_cat-magic-mushroom","8":"first","9":"instock","10":"shipping-taxable","11":"purchasable","12":"product-type-simple"},"jetpack_sharing_enabled":true,"_links":{"self":[{"href":"https:\/\/shroomschocolatebars.com\/fi\/wp-json\/wp\/v2\/product\/428","targetHints":{"allow":["GET"]}}],"collection":[{"href":"https:\/\/shroomschocolatebars.com\/fi\/wp-json\/wp\/v2\/product"}],"about":[{"href":"https:\/\/shroomschocolatebars.com\/fi\/wp-json\/wp\/v2\/types\/product"}],"replies":[{"embeddable":true,"href":"https:\/\/shroomschocolatebars.com\/fi\/wp-json\/wp\/v2\/comments?post=428"}],"wp:featuredmedia":[{"embeddable":true,"href":"https:\/\/shroomschocolatebars.com\/fi\/wp-json\/wp\/v2\/media\/1119"}],"wp:attachment":[{"href":"https:\/\/shroomschocolatebars.com\/fi\/wp-json\/wp\/v2\/media?parent=428"}],"wp:term":[{"taxonomy":"product_brand","embeddable":true,"href":"https:\/\/shroomschocolatebars.com\/fi\/wp-json\/wp\/v2\/product_brand?post=428"},{"taxonomy":"product_cat","embeddable":true,"href":"https:\/\/shroomschocolatebars.com\/fi\/wp-json\/wp\/v2\/product_cat?post=428"},{"taxonomy":"product_tag","embeddable":true,"href":"https:\/\/shroomschocolatebars.com\/fi\/wp-json\/wp\/v2\/product_tag?post=428"}],"curies":[{"name":"wp","href":"https:\/\/api.w.org\/{rel}","templated":true}]}}