{"id":386,"date":"2022-03-19T08:11:19","date_gmt":"2022-03-19T08:11:19","guid":{"rendered":"https:\/\/shroomschocolatebars.com\/?post_type=product&#038;p=386"},"modified":"2024-09-01T01:08:30","modified_gmt":"2024-09-01T01:08:30","slug":"suklaa-sienet","status":"publish","type":"product","link":"https:\/\/shroomschocolatebars.com\/fi\/product\/oneup-strawberries-and-cream-mushroom-bars\/","title":{"rendered":"Oneup Mansikoita ja kermaa sienipatukat"},"content":{"rendered":"<h2><strong>Osta Oneup Mansikoita ja kermasieni\u00e4 -patukoita<\/strong><\/h2>\n<p>N\u00e4m\u00e4 ensiluokkaiset patukat on valmistettu huolellisesti, jotta ne tarjoavat poikkeuksellisen hyv\u00e4n maun ja psykedeelisten vaikutusten yhdistelm\u00e4n, mik\u00e4 tekee niist\u00e4 huippuvalinnan sek\u00e4 aloittelijoille ett\u00e4 kokeneille psykonauteille. Oneup Strawberries and Cream Mushroom Bars -patukkamme on suunniteltu tarjoamaan ainutlaatuinen, maukas ja voimakas matka, joka erottuu markkinoilla.<\/p>\n<h2><strong>Tuotteen ominaisuudet:<\/strong><\/h2>\n<p><strong>Korkealaatuiset ainesosat:<\/strong> Jokainen Oneup Strawberries and Cream Mushroom Bar on valmistettu hienoimmista ainesosista turvallisen, nautinnollisen ja tehokkaan psykedeelisen kokemuksen takaamiseksi. Asetamme laadun ja johdonmukaisuuden etusijalle jokaisessa patukassa ja tarjoamme luotettavan tuotteen, johon voit luottaa.<\/p>\n<p><strong>Herkullinen maku:<\/strong> Nauti mansikoiden ja kerman makeasta ja kermaisesta mausta jokaisella suupalalla. Oneup-sienipatukoissamme yhdistyv\u00e4t taikasienien voimakkaat vaikutukset herkulliseen makuun, mik\u00e4 tekee niist\u00e4 nautinnon nauttia.<\/p>\n<p><strong>K\u00e4tev\u00e4 ja huomaamaton:<\/strong> Oneup Strawberries and Cream Mushroom -patukat on pakattu pieneen ja huomaamattomaan muotoon, ja ne sopivat t\u00e4ydellisesti liikkeell\u00e4 olevaan kulutukseen. Nauti psykedeelisest\u00e4 kokemuksestasi miss\u00e4 tahansa, milloin tahansa, helposti ja k\u00e4tev\u00e4sti.<\/p>\n<p><strong>Ihanteellinen mikroannosteluun:<\/strong> Whether you\u2019re new to psychedelics or an experienced user, our Oneup Strawberries and Cream Mushroom Bars are perfect for microdosing. The precise dosage allows for controlled and consistent effects, ideal for both beginners and experienced users.<\/p>\n<p><strong>Nopeavaikutteinen ja pitk\u00e4kestoinen:<\/strong> Experience the effects quickly and enjoy a prolonged journey. Our bars are designed to provide a fast onset of effects, ensuring you don\u2019t have to wait long to start your psychedelic adventure.<\/p>\n<p><strong>Turvallisuus ja testaus:<\/strong> Turvallisuutesi on etusijalla. Oneup Strawberries and Cream Mushroom Bars -patukoille tehd\u00e4\u00e4n tiukat testit, jotta ne t\u00e4ytt\u00e4v\u00e4t korkeimmat turvallisuusstandardit. K\u00e4yt\u00e4mme vain parhaita ainesosia ja valmistusprosesseja taataksemme turvallisen ja luotettavan tuotteen.<\/p>\n<h3><strong>K\u00e4ytt\u00f6opas:<\/strong><\/h3>\n<ol>\n<li><strong>Annostus:<\/strong> Jos haluat liev\u00e4n kokemuksen, aloita pienell\u00e4 palalla patukkaa (noin 1-2 neli\u00f6t\u00e4). Voimakkaampaa vaikutusta varten voit lis\u00e4t\u00e4 annostusta v\u00e4hitellen. Aloita aina pienemm\u00e4ll\u00e4 annoksella sietokyvyn arvioimiseksi.<\/li>\n<li><strong>Kulutus:<\/strong> Kuluta haluamasi m\u00e4\u00e4r\u00e4 ja odota noin 30-45 minuuttia, jotta vaikutukset alkavat vaikuttaa. \u00c4l\u00e4 kuluta enemp\u00e4\u00e4 ennen kuin tunnet ensimm\u00e4iset vaikutukset.<\/li>\n<li><strong>Varastointi:<\/strong> S\u00e4ilyt\u00e4 Oneup Strawberries and Cream Mushroom Bars -patukoita viile\u00e4ss\u00e4 ja kuivassa paikassa, jossa ne eiv\u00e4t p\u00e4\u00e4se suoraan auringonvaloon. Pid\u00e4 ne lasten ja lemmikkiel\u00e4inten ulottumattomissa.<\/li>\n<li><strong>Varotoimet:<\/strong> \u00c4l\u00e4 sekoita alkoholin tai muiden aineiden kanssa. V\u00e4lt\u00e4 ajamista tai raskaiden koneiden k\u00e4ytt\u00f6\u00e4, kun olet vaikutuksen alaisena. Keskustele terveydenhuollon ammattilaisen kanssa, jos sinulla on sairauksia tai k\u00e4yt\u00e4t l\u00e4\u00e4kkeit\u00e4.<\/li>\n<\/ol>\n<h3><strong>Miksi valita Oneup Strawberries and Cream Mushroom Bars?<\/strong><\/h3>\n<p><strong>Poikkeuksellinen laatu:<\/strong> Sitoutumisemme laatuun takaa, ett\u00e4 saat tuotteen, joka on turvallinen, tehokas ja miellytt\u00e4v\u00e4.<\/p>\n<p><strong>Vastustamaton maku:<\/strong> Mansikan ja kerman maku tekee kulutuksesta ihastuttavan kokemuksen, toisin kuin muut markkinoilla olevat tuotteet.<\/p>\n<p><strong>Johdonmukainen teho:<\/strong> Jokainen patukka tarjoaa johdonmukaisen ja luotettavan psykedeelisen kokemuksen, joten tied\u00e4t tarkalleen, mit\u00e4 odottaa joka kerta.<\/p>\n<p><strong>Mukavuus:<\/strong> Pienen, huomaamattoman pakkauksen ansiosta voit ottaa Oneup Mushroom Bar -patukan mukaasi minne tahansa, joten voit nauttia psykedeelisest\u00e4 matkastasi helposti milloin ja miss\u00e4 tahansa.<\/p>\n<p><strong>Asiakastyytyv\u00e4isyys:<\/strong> Asiakkaamme kehuvat Oneup Strawberries and Cream Mushroom Bars -patukoiden tehokkuutta ja makua. Liity monien tyytyv\u00e4isten k\u00e4ytt\u00e4jien joukkoon, jotka ovat tehneet Oneup Mushroom Bars -patukoista psykedeelisten aineiden valintansa.<\/p>\n<p>Tutustu koko valikoimaan <a href=\"https:\/\/shroomschocolatebars.com\/fi\/tuote-osasto\/one-up-sienipatukat\/\" target=\"_new\" rel=\"noreferrer noopener\">Oneup sienipatukat<\/a> ja l\u00f6yd\u00e4 t\u00e4ydellinen lis\u00e4 psykedeeliseen kokemukseesi. Ota matka vastaan ja kohota mielesi Oneup Strawberries and Cream Mushroom Bars -patukoilla, jotka ovat ensiluokkainen valinta psykedeelisille. Tilaa nyt ja koe ero!<\/p>","protected":false},"excerpt":{"rendered":"<p><strong>Korkealaatuiset ainesosat:<\/strong> Jokainen Oneup Strawberries and Cream Mushroom Bar on valmistettu hienoimmista ainesosista turvallisen, nautinnollisen ja tehokkaan psykedeelisen kokemuksen takaamiseksi. Asetamme laadun ja johdonmukaisuuden etusijalle jokaisessa patukassa ja tarjoamme luotettavan tuotteen, johon voit luottaa.<\/p>","protected":false},"featured_media":1161,"comment_status":"open","ping_status":"closed","template":"","meta":[],"product_brand":[],"product_cat":[60],"product_tag":[],"class_list":{"0":"post-386","1":"product","2":"type-product","3":"status-publish","4":"has-post-thumbnail","6":"product_cat-one-up-mushroom-bars-2","8":"first","9":"instock","10":"shipping-taxable","11":"purchasable","12":"product-type-simple"},"jetpack_sharing_enabled":true,"_links":{"self":[{"href":"https:\/\/shroomschocolatebars.com\/fi\/wp-json\/wp\/v2\/product\/386","targetHints":{"allow":["GET"]}}],"collection":[{"href":"https:\/\/shroomschocolatebars.com\/fi\/wp-json\/wp\/v2\/product"}],"about":[{"href":"https:\/\/shroomschocolatebars.com\/fi\/wp-json\/wp\/v2\/types\/product"}],"replies":[{"embeddable":true,"href":"https:\/\/shroomschocolatebars.com\/fi\/wp-json\/wp\/v2\/comments?post=386"}],"wp:featuredmedia":[{"embeddable":true,"href":"https:\/\/shroomschocolatebars.com\/fi\/wp-json\/wp\/v2\/media\/1161"}],"wp:attachment":[{"href":"https:\/\/shroomschocolatebars.com\/fi\/wp-json\/wp\/v2\/media?parent=386"}],"wp:term":[{"taxonomy":"product_brand","embeddable":true,"href":"https:\/\/shroomschocolatebars.com\/fi\/wp-json\/wp\/v2\/product_brand?post=386"},{"taxonomy":"product_cat","embeddable":true,"href":"https:\/\/shroomschocolatebars.com\/fi\/wp-json\/wp\/v2\/product_cat?post=386"},{"taxonomy":"product_tag","embeddable":true,"href":"https:\/\/shroomschocolatebars.com\/fi\/wp-json\/wp\/v2\/product_tag?post=386"}],"curies":[{"name":"wp","href":"https:\/\/api.w.org\/{rel}","templated":true}]}}