{"id":375,"date":"2022-03-18T15:46:36","date_gmt":"2022-03-18T15:46:36","guid":{"rendered":"https:\/\/shroomschocolatebars.com\/?post_type=product&#038;p=375"},"modified":"2024-09-01T01:08:36","modified_gmt":"2024-09-01T01:08:36","slug":"one-up-kekseja-ja-kermasienipatukoita-2","status":"publish","type":"product","link":"https:\/\/shroomschocolatebars.com\/fi\/product\/one-up-cookies-and-cream-mushroom-bars-2\/","title":{"rendered":"One Up Keksit ja kermaiset sienipatukat"},"content":{"rendered":"<p><strong>Osta One Up Cookies and Cream -sienipatukat<\/strong><\/p>\n<p>One Up Cookies and Cream Mushroom Bars -patukoiden avulla p\u00e4\u00e4set nauttimaan makujen poikkeuksellisesta yhdistelm\u00e4st\u00e4. N\u00e4iss\u00e4 herkullisissa herkuissa yhdistyv\u00e4t belgialaisen suklaan t\u00e4ytel\u00e4inen maku ja psilosybiinisienien ainutlaatuiset hy\u00f6dyt, mik\u00e4 luo aisteillesi todella vertaansa vailla olevan kokemuksen.<\/p>\n<h3><strong>Tuotteen yleiskatsaus<\/strong><\/h3>\n<p>Jokainen One Up Cookies and Cream Mushroom -patukka sis\u00e4lt\u00e4\u00e4 kaksitoista palaa hienoa suklaata, ja jokainen pala sis\u00e4lt\u00e4\u00e4 tarkasti annosteltuna 290 mg psilosybiini\u00e4. T\u00e4m\u00e4 tarkka mittaus takaa, ett\u00e4 voit nauttia t\u00e4ydellisen tasapainon maun ja vaikutuksen v\u00e4lill\u00e4 ilman sienien nauttimiseen usein liittyv\u00e4\u00e4 rakeista koostumusta.<\/p>\n<p><strong>Miksi valita One Up Cookies and Cream Mushroom Bars?<\/strong><\/p>\n<ul>\n<li><strong>Ensiluokkaiset ainesosat<\/strong>: Valmistettu hienoimmasta belgialaisesta suklaasta.<\/li>\n<li><strong>T\u00e4ydellinen annostus<\/strong>: Jokainen pala on annosteltu tarkasti, jotta kokemus olisi johdonmukainen.<\/li>\n<li><strong>Maku ja vaikutus<\/strong>: Nauti keksien ja kerman ihanasta yhdistelm\u00e4st\u00e4 psilosybiinin mielenmuutosvaikutusten kanssa.<\/li>\n<\/ul>\n<h3><strong>Psilosybiinisienien edut<\/strong><\/h3>\n<p>Psilosybiinisieni\u00e4 on k\u00e4ytetty vuosisatojen ajan niiden l\u00e4\u00e4kinn\u00e4llisten ja mielt\u00e4 muuttavien ominaisuuksien vuoksi. N\u00e4iden sienten nauttiminen voi johtaa erilaisiin hy\u00f6tyihin, kuten:<\/p>\n<ul>\n<li><strong>Parannettu luovuus<\/strong>: Monet k\u00e4ytt\u00e4j\u00e4t raportoivat lis\u00e4\u00e4ntyneest\u00e4 luovuudesta ja uusista n\u00e4k\u00f6kulmista.<\/li>\n<li><strong>Stressin lievitt\u00e4minen<\/strong>: Psilosybiini voi v\u00e4hent\u00e4\u00e4 ahdistusta ja edist\u00e4\u00e4 rentoutumista.<\/li>\n<li><strong>Parantunut mieliala<\/strong>: Koe euforian tunne ja parempi mieliala.<\/li>\n<li><strong>Lis\u00e4\u00e4ntynyt keskittyminen<\/strong>: Jotkut k\u00e4ytt\u00e4j\u00e4t huomaavat, ett\u00e4 keskittyminen ja henkinen selkeys ovat parantuneet.<\/li>\n<\/ul>\n<h3><strong>Annostusopas<\/strong><\/h3>\n<p>Oikean annostuksen ymm\u00e4rt\u00e4minen on ratkaisevan t\u00e4rke\u00e4\u00e4 turvallisen ja miellytt\u00e4v\u00e4n kokemuksen varmistamiseksi:<\/p>\n<ul>\n<li><strong>Mikroannostelu<\/strong>: Aloittelijoille, aloita 1 kappaleella (290 mg), jotta voit arvioida sietokyky\u00e4si.<\/li>\n<li><strong>Kohtalainen annos<\/strong>: Nauti 2-4 kappaletta saadaksesi voimakkaamman vaikutuksen, ihanteellinen rentoutumiseen ja liev\u00e4\u00e4n euforiaan.<\/li>\n<li><strong>Suurempi annos<\/strong>: 5-8 kappaletta voi tarjota intensiivisemm\u00e4n kokemuksen, suositellaan kokeneille k\u00e4ytt\u00e4jille.<\/li>\n<\/ul>\n<h3><strong>Miten kuluttaa<\/strong><\/h3>\n<ol>\n<li><strong>Aloita hitaasti<\/strong>: If you are new to psilocybin, begin with a lower dose to understand your body&#8217;s reaction.<\/li>\n<li><strong>Turvallinen ymp\u00e4rist\u00f6<\/strong>: Varmista, ett\u00e4 olet mukavassa ja turvallisessa tilassa, mieluiten yst\u00e4vien tai l\u00e4heisten kanssa.<\/li>\n<li><strong>Hydrate<\/strong>: Juo runsaasti vett\u00e4, jotta pysyt nesteytettyn\u00e4 koko kokemuksesi ajan.<\/li>\n<\/ol>\n<h3><strong>K\u00e4ytt\u00e4j\u00e4kokemus<\/strong><\/h3>\n<p>Monet One Up Cookies and Cream Mushroom Bars -patukoiden k\u00e4ytt\u00e4j\u00e4t ovat jakaneet positiivisia kokemuksia, jotka korostavat sile\u00e4\u00e4 koostumusta, herkullista makua ja psilosybiinin tasapainoisia vaikutuksia. N\u00e4m\u00e4 patukat sopivat erinomaisesti sek\u00e4 virkistys- ett\u00e4 terapeuttiseen k\u00e4ytt\u00f6\u00f6n ja tarjoavat monipuolisen tavan nauttia pilosybiinisienien hy\u00f6dyist\u00e4.<\/p>\n<h3><strong>Sis\u00e4iset linkit liittyviin tuotteisiin<\/strong><\/h3>\n<p>Tutustu muihin tuotteisiin One Up Mushroom Bars -mallistossa:<\/p>\n<ul>\n<li><a href=\"https:\/\/shroomschocolatebars.com\/fi\/tuote-osasto\/one-up-sienipatukat\/\" target=\"_new\" rel=\"noreferrer noopener\">One Up sienipatukoiden kokoelma<\/a><\/li>\n<li><a href=\"https:\/\/shroomschocolatebars.com\/fi\/tuote\/suklaa-sienet\/\" target=\"_new\" rel=\"noreferrer noopener\">One Up Mansikoita ja kermasieni\u00e4 sienipatukat<\/a><\/li>\n<\/ul>\n<h3>P\u00e4\u00e4telm\u00e4<\/h3>\n<p>One Up Cookies and Cream Mushroom Bars on poikkeuksellinen valinta niille, jotka etsiv\u00e4t ensiluokkaista psilosybiinikokemusta. Herkullisen makunsa, tarkan annostelunsa ja lukuisten hy\u00f6tyjens\u00e4 ansiosta n\u00e4m\u00e4 patukat ovat t\u00e4ydellisi\u00e4 sek\u00e4 uusille ett\u00e4 kokeneille k\u00e4ytt\u00e4jille. Tee ostoksesi t\u00e4n\u00e4\u00e4n ja l\u00e4hde makuel\u00e4mykselliseen seikkailuun One Up Mushroom Bars -patukoiden kanssa.<\/p>\n<p>Jos haluat lis\u00e4tietoja ja tehd\u00e4 ostoksen, k\u00e4y osoitteessa osoitteessa <a href=\"https:\/\/shroomschocolatebars.com\/fi\/tuote-osasto\/one-up-sienipatukat\/\" target=\"_new\" rel=\"noreferrer noopener\">One Up sienipatukoiden kokoelma<\/a>.<\/p>","protected":false},"excerpt":{"rendered":"<p style=\"text-align: left;\">One Up Cookies and Cream Mushroom Bars -patukoiden avulla p\u00e4\u00e4set nauttimaan makujen poikkeuksellisesta yhdistelm\u00e4st\u00e4. N\u00e4iss\u00e4 herkullisissa herkuissa yhdistyv\u00e4t belgialaisen suklaan t\u00e4ytel\u00e4inen maku ja psilosybiinisienien ainutlaatuiset hy\u00f6dyt, mik\u00e4 luo aisteillesi todella vertaansa vailla olevan kokemuksen.<\/p>","protected":false},"featured_media":1589,"comment_status":"open","ping_status":"closed","template":"","meta":[],"product_brand":[],"product_cat":[60],"product_tag":[],"class_list":{"0":"post-375","1":"product","2":"type-product","3":"status-publish","4":"has-post-thumbnail","6":"product_cat-one-up-mushroom-bars-2","8":"first","9":"instock","10":"shipping-taxable","11":"purchasable","12":"product-type-simple"},"jetpack_sharing_enabled":true,"_links":{"self":[{"href":"https:\/\/shroomschocolatebars.com\/fi\/wp-json\/wp\/v2\/product\/375","targetHints":{"allow":["GET"]}}],"collection":[{"href":"https:\/\/shroomschocolatebars.com\/fi\/wp-json\/wp\/v2\/product"}],"about":[{"href":"https:\/\/shroomschocolatebars.com\/fi\/wp-json\/wp\/v2\/types\/product"}],"replies":[{"embeddable":true,"href":"https:\/\/shroomschocolatebars.com\/fi\/wp-json\/wp\/v2\/comments?post=375"}],"wp:featuredmedia":[{"embeddable":true,"href":"https:\/\/shroomschocolatebars.com\/fi\/wp-json\/wp\/v2\/media\/1589"}],"wp:attachment":[{"href":"https:\/\/shroomschocolatebars.com\/fi\/wp-json\/wp\/v2\/media?parent=375"}],"wp:term":[{"taxonomy":"product_brand","embeddable":true,"href":"https:\/\/shroomschocolatebars.com\/fi\/wp-json\/wp\/v2\/product_brand?post=375"},{"taxonomy":"product_cat","embeddable":true,"href":"https:\/\/shroomschocolatebars.com\/fi\/wp-json\/wp\/v2\/product_cat?post=375"},{"taxonomy":"product_tag","embeddable":true,"href":"https:\/\/shroomschocolatebars.com\/fi\/wp-json\/wp\/v2\/product_tag?post=375"}],"curies":[{"name":"wp","href":"https:\/\/api.w.org\/{rel}","templated":true}]}}