{"id":1578,"date":"2024-07-29T12:18:57","date_gmt":"2024-07-29T12:18:57","guid":{"rendered":"https:\/\/shroomschocolatebars.com\/?post_type=product&#038;p=1578"},"modified":"2024-09-01T01:16:51","modified_gmt":"2024-09-01T01:16:51","slug":"polkadot-mustikka-shot-2","status":"publish","type":"product","link":"https:\/\/shroomschocolatebars.com\/fi\/product\/polkadot-blueberry-shot-2\/","title":{"rendered":"Polkadot mustikka Shot"},"content":{"rendered":"<h2><strong>Osta Polkadot Blueberry Shot: Berry Bliss: A Burst of Berry Bliss<\/strong><\/h2>\n<p>P\u00e4\u00e4set nauttimaan makujen ja tehon \u00e4\u00e4rimm\u00e4isest\u00e4 fuusiosta Polkadot Blueberry Shot -juomallamme. T\u00e4ss\u00e4 vegaanisessa, gluteenittomassa eliksiiriss\u00e4 yhdistyv\u00e4t mustikoiden runsas, makea olemus ja psilosybiinin voimakkaat vaikutukset, mik\u00e4 tarjoaa ainutlaatuisen ja virkist\u00e4v\u00e4n tavan nauttia taikasienien hy\u00f6dyist\u00e4. Polkadot Blueberry Shot sopii sek\u00e4 kokeneille psykonauteille ett\u00e4 uteliaille uusille tulokkaille, ja se lupaa aistien nautinnon ja henkisen selkeyden matkan.<\/p>\n<h3><strong>Mik\u00e4 on Polkadot Blueberry Shot?<\/strong><\/h3>\n<p>Polkadot Blueberry Shot on huolellisesti valmistettu juoma, joka on suunniteltu tarjoamaan mustikan lumoava maku ja psilosybiinin terapeuttiset hy\u00f6dyt. K\u00e4ytt\u00e4m\u00e4ll\u00e4 innovatiivista Nitrogen Pressurized Instant Release -teknologiaa jokainen shotti s\u00e4ilytt\u00e4\u00e4 sienien luonnolliset ominaisuudet, mik\u00e4 takaa voimakkaan ja johdonmukaisen kokemuksen. T\u00e4m\u00e4 4 gramman psilosybiinill\u00e4 t\u00e4ytetty shotti on helppo nauttia ja sopii t\u00e4ydellisesti mikroannosteluun, tarjoten k\u00e4tev\u00e4n ja nautinnollisen tavan tutustua psykedeelien maailmaan.<\/p>\n<h3><strong>T\u00e4rkeimm\u00e4t ominaisuudet ja edut<\/strong><\/h3>\n<ul>\n<li><strong>Makuprofiili<\/strong>: Nauti hedelm\u00e4isen raikkaasta ja makeasta mustikan mausta joka kulauksessa.<\/li>\n<li><strong>Terveystietoinen<\/strong>: Vegaaninen ja gluteeniton, mustikka-annoksemme sopii erilaisiin ruokavaliotottumuksiin.<\/li>\n<li><strong>Voimakkaat vaikutukset<\/strong>: Jokainen annos sis\u00e4lt\u00e4\u00e4 4 grammaa psilosybiini\u00e4, joka tunnetaan voimakkaista vaikutuksistaan mieleen ja kehoon.<\/li>\n<li><strong>K\u00e4tev\u00e4 kulutus<\/strong>: helppo juoda ja t\u00e4ydellinen liikkeell\u00e4 k\u00e4ytett\u00e4v\u00e4ksi, joten se on vaivaton vaihtoehto mikroannostelijoille.<\/li>\n<\/ul>\n<h3><strong>Annostusopas<\/strong><\/h3>\n<p>Oikean annostuksen ymm\u00e4rt\u00e4minen on ratkaisevan t\u00e4rke\u00e4\u00e4 turvallisen ja nautinnollisen kokemuksen kannalta. T\u00e4ss\u00e4 on yleinen opas, joka auttaa sinua alkuun:<\/p>\n<ul>\n<li><strong>Mikroannos<\/strong>: Stimuloi mielt\u00e4, ihanteellinen luovuuden ja keskittymisen edist\u00e4miseen. Suositeltu annos: 0,1-0,3 grammaa.<\/li>\n<li><strong>Terapeuttinen annos<\/strong>: Tarjoaa tietoisuuteen perustuvan ja kohottavan kokemuksen, joka sopii erinomaisesti terapeuttisiin tarkoituksiin. Suositeltu annos: 0,5-1 grammaa.<\/li>\n<li><strong>Jumala-tila<\/strong>: Voimakkaat hallusinogeeniset vaikutukset, sopii kokeneille k\u00e4ytt\u00e4jille. Suositeltu annos: 2-4 grammaa.<\/li>\n<\/ul>\n<p>Always start with a lower dose and gradually increase it to find the optimal level for your body. It&#8217;s important to consume in a safe, quiet environment to fully enjoy the hallucinogenic experience. Avoid operating vehicles or machinery during and after consumption.<\/p>\n<h3><strong>Kuinka k\u00e4ytt\u00e4\u00e4<\/strong><\/h3>\n<p>Parhaan kokemuksen saat, kun s\u00e4ilyt\u00e4t Polkadot Blueberry Shot -juomasi j\u00e4\u00e4kaapissa ja nautit sen kuukauden kuluessa avaamisesta. T\u00e4m\u00e4 takaa tuoreimman maun ja maksimaalisen tehon. Ravista hyvin ennen juomista, jotta psilosybiinipitoisuus jakautuu tasaisesti.<\/p>\n<h3><strong>Miksi valita Polkadot Blueberry Shot?<\/strong><\/h3>\n<p>Sitoutumisemme laatuun n\u00e4kyy Polkadot Blueberry Shot -juoman jokaisella osa-alueella. Pyrimme tarjoamaan ylellisen ja vastuullisen tuotteen aina luonnonmukaisten, reilun kaupan mustikoiden hankinnasta ymp\u00e4rist\u00f6yst\u00e4v\u00e4lliseen pakkaukseen. Innovatiivinen Nitrogen Pressurized Instant Release -tekniikka takaa, ett\u00e4 saat joka kerta voimakkaan ja nautinnollisen kokemuksen.<\/p>\n<h3><strong>Asiakkaiden arvostelut<\/strong><\/h3>\n<p>Vaikka arvosteluja ei viel\u00e4 ole, asiakkaat voivat olla ensimm\u00e4isin\u00e4 jakamassa kokemuksiaan ja auttaa muita tekem\u00e4\u00e4n tietoon perustuvia p\u00e4\u00e4t\u00f6ksi\u00e4. Kannustamme palautteen antamiseen ja odotamme innolla, ett\u00e4 kuulemme matkoistasi Polkadot Blueberry Shot -juomamme kanssa.<\/p>\n<h3>Aiheeseen liittyv\u00e4t tuotteet<\/h3>\n<p>Tutustu muihin ihastuttaviin vaihtoehtoihin Polkadot-valikoimassamme:<\/p>\n<ul>\n<li><a href=\"https:\/\/shroomschocolatebars.com\/fi\/tuote-osasto\/ostaa-polkadot-taikasieni-taikajuomaa\/\" target=\"_new\" rel=\"noreferrer noopener\">Polkadot Fruit Punch Shot<\/a><\/li>\n<li><a href=\"https:\/\/shroomschocolatebars.com\/fi\/tuote\/polkadot-grape-shot\/\" target=\"_new\" rel=\"noreferrer noopener\">Polkadot Grape Shot<\/a><\/li>\n<\/ul>\n<h3><strong>P\u00e4\u00e4telm\u00e4<\/strong><\/h3>\n<p>The Polkadot Blueberry Shot is more than just a drink; it&#8217;s a gateway to a world of mental clarity, creativity, and sensory delight. Whether you&#8217;re looking to microdose for cognitive enhancement or seeking a profound psychedelic journey, this blueberry-infused shot is your perfect companion. Embrace the berry bliss and elevate your experience with the Polkadot Blueberry Shot today.<\/p>\n<p>Jos haluat lis\u00e4tietoja ja tehd\u00e4 ostoksia, k\u00e4y osoitteessa osoitteessa <a href=\"https:\/\/shroomschocolatebars.com\/fi\/tuote-osasto\/ostaa-polkadot-taikasieni-taikajuomaa\/\" target=\"_new\" rel=\"noreferrer noopener\">tuotesivu<\/a>.<\/p>","protected":false},"excerpt":{"rendered":"<p>The Polkadot Blueberry Shot is more than just a drink; it&#8217;s a gateway to a world of mental clarity, creativity, and sensory delight. Whether you&#8217;re looking to microdose for cognitive enhancement or seeking a profound psychedelic journey, this blueberry-infused shot is your perfect companion. Embrace the berry bliss and elevate your experience with the Polkadot Blueberry Shot today.<\/p>","protected":false},"featured_media":1583,"comment_status":"open","ping_status":"closed","template":"","meta":[],"product_brand":[],"product_cat":[332],"product_tag":[],"class_list":{"0":"post-1578","1":"product","2":"type-product","3":"status-publish","4":"has-post-thumbnail","6":"product_cat-buy-polkadot-magic-mushroom-potion","8":"first","9":"instock","10":"shipping-taxable","11":"purchasable","12":"product-type-simple"},"jetpack_sharing_enabled":true,"_links":{"self":[{"href":"https:\/\/shroomschocolatebars.com\/fi\/wp-json\/wp\/v2\/product\/1578","targetHints":{"allow":["GET"]}}],"collection":[{"href":"https:\/\/shroomschocolatebars.com\/fi\/wp-json\/wp\/v2\/product"}],"about":[{"href":"https:\/\/shroomschocolatebars.com\/fi\/wp-json\/wp\/v2\/types\/product"}],"replies":[{"embeddable":true,"href":"https:\/\/shroomschocolatebars.com\/fi\/wp-json\/wp\/v2\/comments?post=1578"}],"wp:featuredmedia":[{"embeddable":true,"href":"https:\/\/shroomschocolatebars.com\/fi\/wp-json\/wp\/v2\/media\/1583"}],"wp:attachment":[{"href":"https:\/\/shroomschocolatebars.com\/fi\/wp-json\/wp\/v2\/media?parent=1578"}],"wp:term":[{"taxonomy":"product_brand","embeddable":true,"href":"https:\/\/shroomschocolatebars.com\/fi\/wp-json\/wp\/v2\/product_brand?post=1578"},{"taxonomy":"product_cat","embeddable":true,"href":"https:\/\/shroomschocolatebars.com\/fi\/wp-json\/wp\/v2\/product_cat?post=1578"},{"taxonomy":"product_tag","embeddable":true,"href":"https:\/\/shroomschocolatebars.com\/fi\/wp-json\/wp\/v2\/product_tag?post=1578"}],"curies":[{"name":"wp","href":"https:\/\/api.w.org\/{rel}","templated":true}]}}