{"id":1563,"date":"2024-07-29T12:00:09","date_gmt":"2024-07-29T12:00:09","guid":{"rendered":"https:\/\/shroomschocolatebars.com\/?post_type=product&#038;p=1563"},"modified":"2024-09-01T00:57:53","modified_gmt":"2024-09-01T00:57:53","slug":"polkadot-keksit-ja-kerma-tryffelit","status":"publish","type":"product","link":"https:\/\/shroomschocolatebars.com\/fi\/product\/polkadot-cookies-and-cream-truffles\/","title":{"rendered":"Polkadot Cookies and Cream tryffelit"},"content":{"rendered":"<h2><strong>Osta Polkadot Cookies and Cream Tryffelit<\/strong><\/h2>\n<p>P\u00e4\u00e4set nauttimaan Polkadot Cookies and Cream Trufflesin hienosta mausta, joka on taivaallinen sekoitus kermaista valkoista suklaata ja rapeita keksipaloja. Jokainen tryffeli lupaa nostalgisen matkan takaisin lapsuuden makuihin ja tarjoaa samalla hienostuneen herkun makuel\u00e4myksen. Hienoimmista raaka-aineista valmistetut tryffelit eiv\u00e4t ole vain v\u00e4lipala vaan ylellinen kokemus.<\/p>\n<h3><strong>Poikkeukselliset ominaisuudet<\/strong><\/h3>\n<ul>\n<li><strong>Ensiluokkaiset ainesosat<\/strong>: Belgialaisesta valkosuklaasta valmistetut Polkadot Cookies and Cream Truffles -ruokakeksit ja kerma - tryffelit ovat koostumukseltaan sileit\u00e4 ja samettisia, jotka sulavat suussa. Oreo-keksej\u00e4 muistuttava sis\u00e4inen t\u00e4yte lis\u00e4\u00e4 ihastuttavan rapeutta.<\/li>\n<li><strong>K\u00e4sity\u00f6l\u00e4isl\u00e4ht\u00f6inen k\u00e4sity\u00f6taito<\/strong>: Jokainen tryffeli valmistetaan huolellisesti k\u00e4sity\u00f6n\u00e4 korkeimman laadun varmistamiseksi. K\u00e4sity\u00f6l\u00e4isl\u00e4hestymistapa takaa, ett\u00e4 jokainen pala on mestariteos.<\/li>\n<li><strong>Gluteeniton<\/strong>: Nauti n\u00e4ist\u00e4 tryffeleist\u00e4 huoletta, sill\u00e4 ne on valmistettu gluteenittomiksi, joten ne sopivat my\u00f6s niille, joilla on ruokavaliorajoituksia.<\/li>\n<li><strong>Taikasieni-infuusio<\/strong>: Each pack contains 500 milligrams of premium magic mushrooms, making these truffles a unique blend of joy, luxury, and unmatched flavor\u200b<\/li>\n<\/ul>\n<h3><strong>Annostusopas<\/strong><\/h3>\n<p>Oikean annostuksen ymm\u00e4rt\u00e4minen on t\u00e4rke\u00e4\u00e4, jotta voit nauttia Polkadot Cookies and Cream Truffles -juustosta t\u00e4ysin siemauksin:<\/p>\n<ul>\n<li><strong>Mikroannos<\/strong>: 1-3 kappaletta. T\u00e4m\u00e4 stimuloi mielt\u00e4 ja lis\u00e4\u00e4 luovuutta ilman voimakkaita hallusinogeenisia vaikutuksia.<\/li>\n<li><strong>Terapeuttinen annos<\/strong>: 4-9 kappaletta. T\u00e4m\u00e4 valikoima tarjoaa mieleen painuvan ja kohottavan kokemuksen, joka sopii t\u00e4ydellisesti terapeuttiseen istuntoon.<\/li>\n<li><strong>Jumala-tila<\/strong>: 10-15 pieces. This level is for experienced users seeking a profound psychedelic journey where even walls might seem to melt\u200b<span class=\"\" data-state=\"closed\"><span class=\"text-token-text-secondary\">\u00a0<\/span><\/span><\/li>\n<\/ul>\n<h3><strong>Terveyshy\u00f6dyt<\/strong><\/h3>\n<p>Polkadot Cookies and Cream Truffles on enemm\u00e4n kuin vain herkullinen herkku. Ne tarjoavat erilaisia terveyshy\u00f6tyj\u00e4 psilosybiinipitoisuutensa ansiosta:<\/p>\n<ul>\n<li><strong>Mielenterveys<\/strong>: Psilocybin has been known to help with PTSD, anxiety, and depression. It can provide a sense of calm and reduce stress levels\u200b<\/li>\n<li><strong>Fyysinen hyvinvointi<\/strong>: Many users report relief from chronic pain and insomnia. The truffles can help improve sleep quality and provide pain relief without the need for traditional medication\u200b<span class=\"\" data-state=\"closed\"><span class=\"text-token-text-secondary\">\u00a0<\/span><\/span><\/li>\n<\/ul>\n<h3><strong>Kuinka nauttia<\/strong><\/h3>\n<p>Jokainen pakkaus sis\u00e4lt\u00e4\u00e4 nelj\u00e4 yksitt\u00e4in k\u00e4\u00e4ritty\u00e4 tryffeli\u00e4 tuoreuden ja helppok\u00e4ytt\u00f6isyyden varmistamiseksi. N\u00e4m\u00e4 tryffelit sopivat erinomaisesti harkituksi lahjaksi tai henkil\u00f6kohtaiseksi herkuksi, ja niit\u00e4 voi nauttia erilaisissa ymp\u00e4rist\u00f6iss\u00e4:<\/p>\n<ul>\n<li><strong>Lahjoitus<\/strong>: Ylellinen ja ainutlaatuinen lahja erityisiin tilaisuuksiin.<\/li>\n<li><strong>Henkil\u00f6kohtainen hemmottelu<\/strong>: Hemmottele itse\u00e4si hetki puhdasta autuutta n\u00e4ill\u00e4 herkullisilla tryffeleill\u00e4.<\/li>\n<li><strong>Jakaminen<\/strong>: T\u00e4ydellinen jaettavaksi yst\u00e4vien kanssa kokoontumisissa tai intiimeiss\u00e4 tilaisuuksissa.<\/li>\n<\/ul>\n<h3><strong>Aiheeseen liittyv\u00e4t tuotteet<\/strong><\/h3>\n<p>Laajenna makuel\u00e4myst\u00e4si muilla Polkadot-tuotteillamme:<\/p>\n<ul>\n<li><a href=\"https:\/\/shroomschocolatebars.com\/fi\/tuote\/polkadot-milano-magic-mushroom-belgian-chocolate-bar\/\" target=\"_new\" rel=\"noreferrer noopener\">Polkadot Milano Magic Mushroom belgialainen suklaapatukka<\/a><\/li>\n<li><a href=\"https:\/\/shroomschocolatebars.com\/fi\/tuote\/polkadot-berries-and-cream-truffles\/\" target=\"_new\" rel=\"noreferrer noopener\">Polkadot Marjat ja kerma tryffelit<\/a><\/li>\n<li><a href=\"https:\/\/shroomschocolatebars.com\/fi\/tuote\/polkadot-mustikkahillo-tryffelit\/\" target=\"_new\" rel=\"noreferrer noopener\">Polkadot mustikkahillo tryffelit<\/a><\/li>\n<\/ul>\n<p>Tutustu lis\u00e4\u00e4 ihastuttaviin tuotteisiimme meid\u00e4n <a href=\"https:\/\/shroomschocolatebars.com\/fi\/tuote-osasto\/polkadot-suklaapatukat\/\" target=\"_new\" rel=\"noreferrer noopener\">Polkadot-suklaapatukoiden kokoelma<\/a>.<\/p>","protected":false},"excerpt":{"rendered":"<p>P\u00e4\u00e4set nauttimaan Polkadot Cookies and Cream Trufflesin hienosta mausta, joka on taivaallinen sekoitus kermaista valkoista suklaata ja rapeita keksipaloja. Jokainen tryffeli lupaa nostalgisen matkan takaisin lapsuuden makuihin ja tarjoaa samalla hienostuneen herkun makuel\u00e4myksen. Hienoimmista raaka-aineista valmistetut tryffelit eiv\u00e4t ole vain v\u00e4lipala vaan ylellinen kokemus.<\/p>","protected":false},"featured_media":1568,"comment_status":"open","ping_status":"closed","template":"","meta":[],"product_brand":[],"product_cat":[331],"product_tag":[],"class_list":{"0":"post-1563","1":"product","2":"type-product","3":"status-publish","4":"has-post-thumbnail","6":"product_cat-polkadot-chocolate-bars","8":"first","9":"instock","10":"shipping-taxable","11":"purchasable","12":"product-type-simple"},"jetpack_sharing_enabled":true,"_links":{"self":[{"href":"https:\/\/shroomschocolatebars.com\/fi\/wp-json\/wp\/v2\/product\/1563","targetHints":{"allow":["GET"]}}],"collection":[{"href":"https:\/\/shroomschocolatebars.com\/fi\/wp-json\/wp\/v2\/product"}],"about":[{"href":"https:\/\/shroomschocolatebars.com\/fi\/wp-json\/wp\/v2\/types\/product"}],"replies":[{"embeddable":true,"href":"https:\/\/shroomschocolatebars.com\/fi\/wp-json\/wp\/v2\/comments?post=1563"}],"wp:featuredmedia":[{"embeddable":true,"href":"https:\/\/shroomschocolatebars.com\/fi\/wp-json\/wp\/v2\/media\/1568"}],"wp:attachment":[{"href":"https:\/\/shroomschocolatebars.com\/fi\/wp-json\/wp\/v2\/media?parent=1563"}],"wp:term":[{"taxonomy":"product_brand","embeddable":true,"href":"https:\/\/shroomschocolatebars.com\/fi\/wp-json\/wp\/v2\/product_brand?post=1563"},{"taxonomy":"product_cat","embeddable":true,"href":"https:\/\/shroomschocolatebars.com\/fi\/wp-json\/wp\/v2\/product_cat?post=1563"},{"taxonomy":"product_tag","embeddable":true,"href":"https:\/\/shroomschocolatebars.com\/fi\/wp-json\/wp\/v2\/product_tag?post=1563"}],"curies":[{"name":"wp","href":"https:\/\/api.w.org\/{rel}","templated":true}]}}