{"id":1562,"date":"2024-07-29T11:56:49","date_gmt":"2024-07-29T11:56:49","guid":{"rendered":"https:\/\/shroomschocolatebars.com\/?post_type=product&#038;p=1562"},"modified":"2024-09-01T00:57:55","modified_gmt":"2024-09-01T00:57:55","slug":"polkadot-mustikkahillo-tryffelit","status":"publish","type":"product","link":"https:\/\/shroomschocolatebars.com\/fi\/product\/polkadot-blueberry-jam-truffles\/","title":{"rendered":"Polkadot mustikkahillo tryffelit"},"content":{"rendered":"<h2><strong>Osta Polkadot Mustikkahillo tryffelit<\/strong><\/h2>\n<p>Nauti t\u00e4ytel\u00e4isen tumman suklaan ja elinvoimaisen mustikkahillon hienosta yhdistelm\u00e4st\u00e4 Polkadot Mustikkahillo tryffeleiss\u00e4. N\u00e4m\u00e4 dekadentit herkut on suunniteltu niille, joilla on vaativa maku ja jotka arvostavat herkuttelua. Hienoimmasta belgialaisesta suklaasta valmistetut ja t\u00e4ytetyt mustikkahillon t\u00e4ytteell\u00e4, jokainen tryffeli lupaa makujen sinfoniaa, joka tanssii kielell\u00e4si ja j\u00e4\u00e4 mieleesi.<\/p>\n<h4><strong>Ylelliset ominaisuudet<\/strong><\/h4>\n<ul>\n<li><strong>Gourmet belgialainen suklaa:<\/strong> Tryffelimme on valmistettu hienoimmasta kaakaosta, joka tarjoaa syv\u00e4n ja intensiivisen suklaakokemuksen.<\/li>\n<li><strong>Eloisa mustikkat\u00e4yte:<\/strong> Mustikkahillon makea ja kirpe\u00e4 keskiosa muodostaa virkist\u00e4v\u00e4n kontrastin t\u00e4ytel\u00e4iselle tummalle suklaalle, mik\u00e4 luo ihastuttavan tasapainon jokaiseen suupalaan.<\/li>\n<li><strong>K\u00e4sity\u00f6l\u00e4islaatu:<\/strong> Jokainen tryffeli valmistetaan k\u00e4sity\u00f6n\u00e4 tarkasti, ja jokainen tryffeli kuvastaa sitoutumistamme laatuun ja makuun.<\/li>\n<li><strong>Tietoinen hemmottelu:<\/strong> N\u00e4m\u00e4 gluteenittomat ja vegaaniyst\u00e4v\u00e4lliset tryffelit sopivat monenlaisiin ruokavalioihin ja ilment\u00e4v\u00e4t sitoutumistamme osallisuuteen ja eettiseen tuotantoon.<\/li>\n<\/ul>\n<h3><strong>Perimm\u00e4inen suklaakokemus<\/strong><\/h3>\n<p>Polkadot Blueberry Jam Truffles ei ole pelkk\u00e4\u00e4 suklaata, vaan matka hienostuneen nautinnon maailmaan. Jokainen pakkaus sis\u00e4lt\u00e4\u00e4 nelj\u00e4 yksitt\u00e4in pakattua tryffeli\u00e4, mik\u00e4 takaa, ett\u00e4 jokainen nautintohetki on yht\u00e4 tuore ja hieno kuin edellinenkin. Jokaisessa pakkauksessa on 500 milligrammaa ensiluokkaisia taikasieni\u00e4, joten n\u00e4m\u00e4 tryffelit tarjoavat ainutlaatuisen ja syv\u00e4llisen maku- ja el\u00e4myssyvyyden.<\/p>\n<h4><strong>T\u00e4ydellinen jokaiseen tilaisuuteen<\/strong><\/h4>\n<p>Olipa kyseess\u00e4 sitten lahja rakkaalle tai herkuttelu itsellesi, Polkadot Blueberry Jam Truffles sopii t\u00e4ydellisesti jokaiseen tilaisuuteen. Niiden ylellinen rakenne ja hieno maku tekev\u00e4t niist\u00e4 ihanteellisen valinnan intiimeihin kokoontumisiin tai ylenpalttisiin juhliin.<\/p>\n<h3><strong>Annostusopas<\/strong><\/h3>\n<p>Niille, jotka ovat uusia taikasienill\u00e4 t\u00e4ytettyjen suklaiden parissa, on t\u00e4rke\u00e4\u00e4 aloittaa pienell\u00e4 annoksella, jotta voit arvioida sietokyky\u00e4si. Kukin pakkaus Polkadot Blueberry Jam Truffles sis\u00e4lt\u00e4\u00e4 500 milligrammaa taikasieni\u00e4 jaettuna nelj\u00e4\u00e4n tryffeliin. Aloita yhdell\u00e4 tryffelill\u00e4 (125 milligrammaa) ja odota v\u00e4hint\u00e4\u00e4n tunti vaikutusten arvioimiseksi ennen kuin nautit lis\u00e4\u00e4. Kuluta aina vastuullisesti ja turvallisessa ymp\u00e4rist\u00f6ss\u00e4.<\/p>\n<h3><strong>Miksi valita Polkadot?<\/strong><\/h3>\n<ol>\n<li><strong>K\u00e4sity\u00f6taito:<\/strong> Jokainen tryffeli on osoitus omistautumisestamme hienoimpien suklaakokemusten luomiseen.<\/li>\n<li><strong>Laadukkaat ainesosat:<\/strong> Ne on hankittu parhailta suklaata valmistavilta yrityksilt\u00e4 ja niihin on lis\u00e4tty ensiluokkaisia taikasieni\u00e4, mik\u00e4 takaa ylellisen ja ainutlaatuisen kokemuksen.<\/li>\n<li><strong>Innovatiiviset maut:<\/strong> Tumman suklaan ja mustikkahillon yhdistelm\u00e4 on perinteisten tryffelien uusi k\u00e4\u00e4nne, joka tarjoaa ainutlaatuisen makuel\u00e4myksen.<\/li>\n<\/ol>\n<h3><strong>Aiheeseen liittyv\u00e4t tuotteet<\/strong><\/h3>\n<p>Tutustu muihin ihastuttaviin tuotteisiimme l\u00f6yt\u00e4\u00e4ksesi t\u00e4ydellisen t\u00e4ydennyksen Polkadot Blueberry Jam Truffles -juustolle:<\/p>\n<ul>\n<li><a href=\"https:\/\/shroomschocolatebars.com\/fi\/tuote\/polkadot-berries-and-cream-truffles\/\" target=\"_new\" rel=\"noreferrer noopener\">Polkadot Marjat ja kerma tryffelit<\/a><\/li>\n<li><a href=\"https:\/\/shroomschocolatebars.com\/fi\/tuote\/polkadot-milano-magic-mushroom-belgian-chocolate-bar\/\" target=\"_new\" rel=\"noreferrer noopener\">Polkadot Milano Magic Mushroom belgialainen suklaapatukka<\/a><\/li>\n<li><a href=\"https:\/\/shroomschocolatebars.com\/fi\/tuote-osasto\/polkadot-suklaapatukat\/\" target=\"_new\" rel=\"noreferrer noopener\">Polkadot-suklaapatukoiden kokoelma<\/a><\/li>\n<\/ul>\n<h3><strong>Asiakkaiden arvostelut<\/strong><\/h3>\n<p>Asiakkaamme kehuvat Polkadot Blueberry Jam Trufflesin ihastuttavaa kokemusta:<\/p>\n<ul>\n<li><strong>Owens Rell:<\/strong> &#8220;This helps me with my anxiety, can&#8217;t stop taking it. I feel so attached.&#8221;<\/li>\n<li><strong>Mia:<\/strong> &#8220;Shopping at BA Sickodot Shop is like entering a treasure trove of amazing finds! I can\u2019t recommend them enough.&#8221;<\/li>\n<li><strong>Jacob:<\/strong> &#8220;Every purchase from BA Sickodot Shop feels like a special indulgence \u2013 that\u2019s how good their products are!&#8221;<\/li>\n<\/ul>\n<h3><strong>L\u00f6yd\u00e4 lis\u00e4\u00e4<\/strong><\/h3>\n<p>Liity mukaan t\u00e4h\u00e4n makujen ja ylellisyyden matkaan Polkadot Blueberry Jam Trufflesin kanssa. Olitpa sitten hienojen suklaiden tuntija tai halusitpa tutustua taikasienill\u00e4 t\u00e4ytettyjen herkkujen maailmaan, n\u00e4m\u00e4 tryffelit lupaavat vertaansa vailla olevan kokemuksen. Nauti makujen ja rakenteiden monimutkaisista kerroksista, jotka tekev\u00e4t Polkadotista gourmet-herkkujen tunnusmerkin.<\/p>","protected":false},"excerpt":{"rendered":"<p>Polkadot Blueberry Jam Truffles ei ole pelkk\u00e4\u00e4 suklaata, vaan matka hienostuneen nautinnon maailmaan. Jokainen pakkaus sis\u00e4lt\u00e4\u00e4 nelj\u00e4 yksitt\u00e4in pakattua tryffeli\u00e4, mik\u00e4 takaa, ett\u00e4 jokainen nautintohetki on yht\u00e4 tuore ja hieno kuin edellinenkin. Jokaisessa pakkauksessa on 500 milligrammaa ensiluokkaisia taikasieni\u00e4, joten n\u00e4m\u00e4 tryffelit tarjoavat ainutlaatuisen ja syv\u00e4llisen maku- ja el\u00e4myssyvyyden.<\/p>","protected":false},"featured_media":1567,"comment_status":"open","ping_status":"closed","template":"","meta":[],"product_brand":[],"product_cat":[331],"product_tag":[],"class_list":{"0":"post-1562","1":"product","2":"type-product","3":"status-publish","4":"has-post-thumbnail","6":"product_cat-polkadot-chocolate-bars","8":"first","9":"instock","10":"shipping-taxable","11":"purchasable","12":"product-type-simple"},"jetpack_sharing_enabled":true,"_links":{"self":[{"href":"https:\/\/shroomschocolatebars.com\/fi\/wp-json\/wp\/v2\/product\/1562","targetHints":{"allow":["GET"]}}],"collection":[{"href":"https:\/\/shroomschocolatebars.com\/fi\/wp-json\/wp\/v2\/product"}],"about":[{"href":"https:\/\/shroomschocolatebars.com\/fi\/wp-json\/wp\/v2\/types\/product"}],"replies":[{"embeddable":true,"href":"https:\/\/shroomschocolatebars.com\/fi\/wp-json\/wp\/v2\/comments?post=1562"}],"wp:featuredmedia":[{"embeddable":true,"href":"https:\/\/shroomschocolatebars.com\/fi\/wp-json\/wp\/v2\/media\/1567"}],"wp:attachment":[{"href":"https:\/\/shroomschocolatebars.com\/fi\/wp-json\/wp\/v2\/media?parent=1562"}],"wp:term":[{"taxonomy":"product_brand","embeddable":true,"href":"https:\/\/shroomschocolatebars.com\/fi\/wp-json\/wp\/v2\/product_brand?post=1562"},{"taxonomy":"product_cat","embeddable":true,"href":"https:\/\/shroomschocolatebars.com\/fi\/wp-json\/wp\/v2\/product_cat?post=1562"},{"taxonomy":"product_tag","embeddable":true,"href":"https:\/\/shroomschocolatebars.com\/fi\/wp-json\/wp\/v2\/product_tag?post=1562"}],"curies":[{"name":"wp","href":"https:\/\/api.w.org\/{rel}","templated":true}]}}