{"id":1558,"date":"2024-07-29T11:36:17","date_gmt":"2024-07-29T11:36:17","guid":{"rendered":"https:\/\/shroomschocolatebars.com\/?post_type=product&#038;p=1558"},"modified":"2024-09-01T00:58:01","modified_gmt":"2024-09-01T00:58:01","slug":"polkadot-whoppers-suklaa-2","status":"publish","type":"product","link":"https:\/\/shroomschocolatebars.com\/fi\/product\/polkadot-whoppers-chocolate-2\/","title":{"rendered":"Polkadot Whoppers suklaa"},"content":{"rendered":"<h2><strong>Osta Polkadot Whoppers suklaapatukka<\/strong><\/h2>\n<p>Hemmottele itse\u00e4si t\u00e4ydellisell\u00e4 suklaakokemuksella Polkadot Whoppers -suklaapatukalla. T\u00e4ss\u00e4 Polkadot Chocolate -yhti\u00f6n jumalaisessa luomuksessa ylellisess\u00e4 patukassa yhdistyv\u00e4t Whoppersin mallaskuulojen vastustamaton rapeus ja ensiluokkaisen suklaan pehme\u00e4 t\u00e4ytel\u00e4isyys. T\u00e4ydellisesti suklaan yst\u00e4ville suunniteltu herkku tarjoaa ihastuttavan yhdistelm\u00e4n tekstuureja ja makuja, jotka nostavat naposteluhetkesi aivan uudelle tasolle.<\/p>\n<h3><strong>Polkadot Whoppers -suklaapatukan julkistaminen<\/strong><\/h3>\n<p>The Polkadot Whoppers Chocolate Bar is not just a snack; it\u2019s a culinary masterpiece designed to captivate your senses. Each bite delivers a unique fusion of crunchy malt balls coated in silky milk chocolate, offering a satisfying crunch and a creamy melt-in-your-mouth experience. This bar is perfect for those who crave a blend of classic comfort and gourmet innovation.<\/p>\n<h4><strong>Miksi valita Polkadot Whoppers -suklaapatukka?<\/strong><\/h4>\n<ol>\n<li><strong>Poikkeuksellinen laatu:<\/strong> Made with the finest ingredients, including high-quality chocolate and Whoppers malt balls, this bar is a testament to Polkadot Chocolate\u2019s commitment to excellence. The premium chocolate couverture envelops each malt ball, creating a symphony of flavors and textures in every bite.<\/li>\n<li><strong>Vastustamaton maku:<\/strong> Polkadot Whoppers -suklaapatukassa yhdistyv\u00e4t maitosuklaan t\u00e4ytel\u00e4iset, kermaiset s\u00e4vyt ja Whoppersin maltainen rapeus. T\u00e4m\u00e4 harmoninen sekoitus luo makuel\u00e4myksen, joka on sek\u00e4 tuttu ett\u00e4 erikoinen.<\/li>\n<li><strong>Valmistettu nautintoa varten:<\/strong> Whether you\u2019re unwinding after a long day or sharing a treat with friends and family, this chocolate bar is designed to enhance any occasion. Its gourmet touch makes it a perfect gift for chocolate enthusiasts or a special indulgence for yourself.<\/li>\n<\/ol>\n<h3><strong>Koe Polkadot-suklaan parhaat puolet<\/strong><\/h3>\n<p>Polkadot Whoppers -suklaapatukka on osa Polkadot-suklaapatukoiden eksklusiivista mallistoa, joista jokainen on valmistettu tarjoamaan vertaansa vailla olevaa makua ja laatua. Tutustu koko valikoimaan herkullisia vaihtoehtoja, mukaan lukien <a href=\"https:\/\/shroomschocolatebars.com\/fi\/tuote\/polkadot-milano-magic-mushroom-belgian-chocolate-bar\/\" target=\"_new\" rel=\"noreferrer noopener\">Polkadot Milano Magic Mushroom belgialainen suklaapatukka<\/a>, <a href=\"https:\/\/shroomschocolatebars.com\/fi\/tuote\/polkadot-salted-pretzel-chocolate\/\" target=\"_new\" rel=\"noreferrer noopener\">Polkadot suolatut suolaiset rinkelit suklaa<\/a>ja <a href=\"https:\/\/shroomschocolatebars.com\/fi\/tuote\/polkadot-toblerone-suklaa\/\" target=\"_new\" rel=\"noreferrer noopener\">Polkadot Toblerone-suklaa<\/a>, l\u00f6yt\u00e4\u00e4ksesi lis\u00e4\u00e4 tapoja nauttia Polkadot-suklaan ylellisyydest\u00e4.<\/p>\n<h3><strong>Ravitsemustiedot ja annosteluopas<\/strong><\/h3>\n<h4><strong>Ravitsemukselliset tiedot<\/strong><\/h4>\n<ul>\n<li><strong>Annoskoko:<\/strong> 1 patukka (noin 50 g)<\/li>\n<li><strong>Kaloreita:<\/strong> 250<\/li>\n<li><strong>Rasvan kokonaism\u00e4\u00e4r\u00e4:<\/strong> 15g<\/li>\n<li><strong>Tyydyttynyt rasva:<\/strong> 8g<\/li>\n<li><strong>Kolesteroli:<\/strong> 20mg<\/li>\n<li><strong>Natrium:<\/strong> 40mg<\/li>\n<li><strong>Hiilihydraatit yhteens\u00e4:<\/strong> 28g<\/li>\n<li><strong>Ravintokuitu:<\/strong> 1g<\/li>\n<li><strong>Sokerit:<\/strong> 25g<\/li>\n<li><strong>Proteiini:<\/strong> 3g<\/li>\n<\/ul>\n<h4><strong>Annostusopas<\/strong><\/h4>\n<p>Parhaan kokemuksen saat nauttimalla yhden Polkadot Whoppers -suklaapatukan yhten\u00e4 annoksena. Patukka on suunniteltu nautittavaksi, joten ota aikaa ja nauti jokainen suupala. Jos suklaa on uutta herkkusuklaata tai jos haluat tarkkailla kalorim\u00e4\u00e4r\u00e4\u00e4ns\u00e4, kannattaa harkita patukan jakamista pienempiin paloihin, joita voit nauttia p\u00e4iv\u00e4n mittaan.<\/p>\n<p><strong>T\u00e4rke\u00e4 huomautus:<\/strong> While Polkadot Whoppers Chocolate Bar is crafted with premium ingredients, it should be consumed as part of a balanced diet. If you have dietary restrictions or allergies, please check the product&#8217;s ingredient list or consult with a healthcare professional before consumption.<\/p>\n<h3><strong>T\u00e4ydelliset parit ja tarjoiluehdotukset<\/strong><\/h3>\n<ol>\n<li><strong>Kuuman juoman kanssa:<\/strong> Paranna suklaakokemustasi yhdist\u00e4m\u00e4ll\u00e4 Polkadot Whoppers -suklaapatukka kuuman kahvin tai kaakaon kanssa. Juoman l\u00e4mp\u00f6 t\u00e4ydent\u00e4\u00e4 suklaan kermaista koostumusta ja mallaskuulojen rapeutta.<\/li>\n<li><strong>J\u00e4lkiruoan lis\u00e4n\u00e4:<\/strong> Murenna patukka j\u00e4\u00e4tel\u00f6n tai jogurtin p\u00e4\u00e4lle ja lis\u00e4\u00e4 j\u00e4lkiruokaan ihastuttavan rapeutta ja t\u00e4ytel\u00e4ist\u00e4 suklaan makua. T\u00e4m\u00e4 monipuolinen patukka sopii t\u00e4ydellisesti erilaisten makeiden herkkujen kohottamiseen.<\/li>\n<li><strong>Lahjojen antaminen:<\/strong> Polkadot Whoppers -suklaapatukka on erinomainen lahja syntym\u00e4p\u00e4iville, juhlap\u00e4iville tai mihin tahansa erityistilaisuuteen. Sen hienostunut maku ja tyylik\u00e4s pakkaus tekev\u00e4t varmasti vaikutuksen kaikkiin, jotka sen saavat.<\/li>\n<\/ol>\n<h3><strong>Miksi ostaa Polkadot Whoppers -suklaapatukkaa?<\/strong><\/h3>\n<p>Polkadot Whoppers -suklaapatukan ostaminen tarkoittaa investointia ensiluokkaiseen suklaakokemukseen, jossa yhdistyv\u00e4t klassinen vetovoima ja gourmet-laatu. Jokainen patukka on valmistettu huolella ja yksityiskohtiin kiinnitetty huomio, mik\u00e4 takaa tuotteen, joka erottuu suklaaherkkujen tungoksessa. T\u00e4m\u00e4 suklaapatukka, jossa on kermaista maitosuklaata ja rapeita mallaskuulaleita, on jokaisen suklaaharrastajan pakko kokeilla.<\/p>\n<p>Tutustu tarkemmin Polkadot-suklaan tarjontaan ja tutustu t\u00e4ydelliseen valikoimaan gourmet-suklaapatukoita. Vieraile <a href=\"https:\/\/shroomschocolatebars.com\/fi\/tuote-osasto\/polkadot-suklaapatukat\/\" target=\"_new\" rel=\"noreferrer noopener\">Polkadot-suklaapatukat<\/a> sivulla tutustu monipuoliseen makuvalikoimaamme ja l\u00f6yd\u00e4 uusi suosikkiherkkusi.<\/p>\n<h3><strong>Asiakkaiden arvostelut ja suosittelut<\/strong><\/h3>\n<p>Don\u2019t just take our word for it\u2014see what our customers are saying about the Polkadot Whoppers Chocolate Bar. With rave reviews praising its exceptional taste and quality, it\u2019s clear that this chocolate bar is making a lasting impression. Check out our customer reviews to see why the Polkadot Whoppers Chocolate Bar is quickly becoming a favorite among chocolate lovers.<\/p>","protected":false},"excerpt":{"rendered":"<p>Buy Polkadot Whoppers Chocolate Bar Indulge in the ultimate chocolate experience with the Polkadot Whoppers Chocolate Bar. A divine creation by Polkadot Chocolate, this luxurious bar blends the irresistible crunch of Whoppers malt balls with the smooth richness of premium chocolate. Perfectly crafted for chocolate lovers, this treat offers a delightful combination of textures and [&#8230;]\n","protected":false},"featured_media":1560,"comment_status":"open","ping_status":"closed","template":"","meta":[],"product_brand":[],"product_cat":[331],"product_tag":[],"class_list":{"0":"post-1558","1":"product","2":"type-product","3":"status-publish","4":"has-post-thumbnail","6":"product_cat-polkadot-chocolate-bars","8":"first","9":"instock","10":"shipping-taxable","11":"purchasable","12":"product-type-simple"},"jetpack_sharing_enabled":true,"_links":{"self":[{"href":"https:\/\/shroomschocolatebars.com\/fi\/wp-json\/wp\/v2\/product\/1558","targetHints":{"allow":["GET"]}}],"collection":[{"href":"https:\/\/shroomschocolatebars.com\/fi\/wp-json\/wp\/v2\/product"}],"about":[{"href":"https:\/\/shroomschocolatebars.com\/fi\/wp-json\/wp\/v2\/types\/product"}],"replies":[{"embeddable":true,"href":"https:\/\/shroomschocolatebars.com\/fi\/wp-json\/wp\/v2\/comments?post=1558"}],"wp:featuredmedia":[{"embeddable":true,"href":"https:\/\/shroomschocolatebars.com\/fi\/wp-json\/wp\/v2\/media\/1560"}],"wp:attachment":[{"href":"https:\/\/shroomschocolatebars.com\/fi\/wp-json\/wp\/v2\/media?parent=1558"}],"wp:term":[{"taxonomy":"product_brand","embeddable":true,"href":"https:\/\/shroomschocolatebars.com\/fi\/wp-json\/wp\/v2\/product_brand?post=1558"},{"taxonomy":"product_cat","embeddable":true,"href":"https:\/\/shroomschocolatebars.com\/fi\/wp-json\/wp\/v2\/product_cat?post=1558"},{"taxonomy":"product_tag","embeddable":true,"href":"https:\/\/shroomschocolatebars.com\/fi\/wp-json\/wp\/v2\/product_tag?post=1558"}],"curies":[{"name":"wp","href":"https:\/\/api.w.org\/{rel}","templated":true}]}}