{"id":1520,"date":"2024-07-29T09:45:28","date_gmt":"2024-07-29T09:45:28","guid":{"rendered":"https:\/\/shroomschocolatebars.com\/?post_type=product&#038;p=1520"},"modified":"2024-09-01T00:58:42","modified_gmt":"2024-09-01T00:58:42","slug":"polkadot-hedelmainen-pebbles-suklaapatukka-2","status":"publish","type":"product","link":"https:\/\/shroomschocolatebars.com\/fi\/product\/polkadot-fruity-pebbles-chocolate-bar-2\/","title":{"rendered":"Polkadot Fruity Pebbles suklaapatukka"},"content":{"rendered":"<h2><strong>Osta Polkadot Fruity Pebbles -suklaapatukka<\/strong><\/h2>\n<p>Polkadot Fruity Pebbles -suklaapatukka on ihastuttava yhdistelm\u00e4 eloisaa Fruity Pebbles -muroa ja t\u00e4ytel\u00e4ist\u00e4 belgialaista valkosuklaata, joka on suunniteltu tarjoamaan ainutlaatuisen aistimatkan. T\u00e4m\u00e4 patukka ei ole vain herkkua makunystyr\u00f6ille, vaan my\u00f6s lippu maagiseen kokemukseen taikasieni-infuusion ansiosta.<\/p>\n<h3><strong>T\u00e4rkeimm\u00e4t ominaisuudet:<\/strong><\/h3>\n<ul>\n<li><strong>Ensiluokkaiset ainesosat:<\/strong> Parhaasta belgialaisesta valkosuklaasta valmistettu patukka tarjoaa pehme\u00e4n, kermaisen rakenteen, joka t\u00e4ydent\u00e4\u00e4 t\u00e4ydellisesti Fruity Pebbles -murojen rapeutta ja makua.<\/li>\n<li><strong>Taikasieni-infuusio:<\/strong> Sis\u00e4lt\u00e4\u00e4 4 grammaa taikasieni\u00e4, jotka tarjoavat mieton, itsetutkiskelevan matkan, joka voi lis\u00e4t\u00e4 luovuutta ja itsetutkiskelua.<\/li>\n<li><strong>Nostalginen ja leikkis\u00e4:<\/strong> Fruity Pebblesin ja kermaisen valkosuklaan yhdistelm\u00e4 tuo mieleen lapsuusmuistot ja tarjoaa samalla hienostuneen twistin.<\/li>\n<li><strong>Kest\u00e4v\u00e4sti hankittu:<\/strong> Valmistuksessa on sitouduttu eettiseen hankintaan, jotta voit nauttia herkusta hyv\u00e4ll\u00e4 omallatunnolla.<\/li>\n<\/ul>\n<h3><strong>Annostusopas:<\/strong><\/h3>\n<ul>\n<li><strong>Mikroannos (1-3 kappaletta):<\/strong> Ihanteellinen aloittelijoille tai niille, jotka haluavat parantaa luovuutta ja keskittymist\u00e4 ilman voimakkaita psykoaktiivisia vaikutuksia.<\/li>\n<li><strong>Terapeuttinen annos (4-9 kpl):<\/strong> Tarjoaa syv\u00e4llisemm\u00e4n kokemuksen, edist\u00e4\u00e4 tietoisuutta ja syvemp\u00e4\u00e4 yhteytt\u00e4 ymp\u00e4rist\u00f6\u00f6n.<\/li>\n<li><strong>God Mode (10-15 kappaletta):<\/strong> Kokeneille k\u00e4ytt\u00e4jille, jotka etsiv\u00e4t t\u00e4ydellist\u00e4 psykedeelist\u00e4 kokemusta, mukaan lukien visuaaliset vaikutukset ja muuttuneet k\u00e4sitykset.<\/li>\n<\/ul>\n<h3><strong>Miksi valita Polkadot Fruity Pebbles -suklaapatukka?<\/strong><\/h3>\n<p>This chocolate bar is perfect for the adventurous at heart, those who appreciate a blend of creativity, quality, and nostalgia. Whether you&#8217;re enjoying a night in or exploring nature, this bar promises an unforgettable experience.<\/p>\n<h3><strong>Terveysvaikutukset:<\/strong><\/h3>\n<p>The psilocybin and psilocin in the magic mushrooms are known for their potential therapeutic benefits, including reducing stress and depression, enhancing creativity, and even helping with addiction recovery\u200b<span class=\"\" data-state=\"closed\"><span class=\"text-token-text-secondary\"> .<\/span><\/span><\/p>\n<p><strong>Tutustu lis\u00e4\u00e4 Polkadot-suklaapatukoihin:<\/strong><\/p>\n<ul>\n<li><a href=\"https:\/\/shroomschocolatebars.com\/fi\/tuote\/polkadot-ferrero-rocher-chocolate-bar\/\" target=\"_new\" rel=\"noreferrer noopener\">Polkadot Ferrero Rocher suklaapatukka<\/a><\/li>\n<li><a href=\"https:\/\/shroomschocolatebars.com\/fi\/tuote\/polkadot-cookies-cacao-chocolate-bar\/\" target=\"_new\" rel=\"noreferrer noopener\">Polkadot Cookies &amp; Cacao suklaapatukka<\/a><\/li>\n<li><a href=\"https:\/\/shroomschocolatebars.com\/fi\/tuote\/polkadot-kuorrutetut-hiutaleet-maaginen-sieni-suklaapatukka\/\" target=\"_new\" rel=\"noreferrer noopener\">Polkadot Frosted Flakes Magic Mushroom suklaapatukka<\/a><\/li>\n<li><a href=\"https:\/\/shroomschocolatebars.com\/fi\/tuote\/polkadot-kaneli-toast-krunssi-suklaapatukka\/\" target=\"_new\" rel=\"noreferrer noopener\">Polkadot Cinnamon Toast Crunch suklaapatukka<\/a><\/li>\n<\/ul>\n<p><strong>Mist\u00e4 ostaa:<\/strong><\/p>\n<p>Voit ostaa Polkadot Fruity Pebbles -suklaapatukan ja muita lajikkeita osoitteesta <a href=\"https:\/\/shroomschocolatebars.com\/fi\/tuote-osasto\/polkadot-suklaapatukat\/\" target=\"_new\" rel=\"noreferrer noopener\">Polkadot-suklaapatukoiden kokoelma<\/a>.<\/p>\n<p>Hemmottele itse\u00e4si Polkadot-suklaapatukoiden v\u00e4rikk\u00e4\u00e4ss\u00e4 ja lumoavassa maailmassa ja anna jokaisen puraisun vied\u00e4 sinut omituisen ihmeen ja leikkis\u00e4n nautinnon maailmaan.<\/p>","protected":false},"excerpt":{"rendered":"<p>Polkadot Fruity Pebbles -suklaapatukka on ihastuttava yhdistelm\u00e4 eloisaa Fruity Pebbles -muroa ja t\u00e4ytel\u00e4ist\u00e4 belgialaista valkosuklaata, joka on suunniteltu tarjoamaan ainutlaatuisen aistimatkan. T\u00e4m\u00e4 patukka ei ole vain herkkua makunystyr\u00f6ille, vaan my\u00f6s lippu maagiseen kokemukseen taikasieni-infuusion ansiosta.<\/p>","protected":false},"featured_media":1524,"comment_status":"open","ping_status":"closed","template":"","meta":[],"product_brand":[],"product_cat":[331],"product_tag":[],"class_list":{"0":"post-1520","1":"product","2":"type-product","3":"status-publish","4":"has-post-thumbnail","6":"product_cat-polkadot-chocolate-bars","8":"first","9":"instock","10":"shipping-taxable","11":"purchasable","12":"product-type-simple"},"jetpack_sharing_enabled":true,"_links":{"self":[{"href":"https:\/\/shroomschocolatebars.com\/fi\/wp-json\/wp\/v2\/product\/1520","targetHints":{"allow":["GET"]}}],"collection":[{"href":"https:\/\/shroomschocolatebars.com\/fi\/wp-json\/wp\/v2\/product"}],"about":[{"href":"https:\/\/shroomschocolatebars.com\/fi\/wp-json\/wp\/v2\/types\/product"}],"replies":[{"embeddable":true,"href":"https:\/\/shroomschocolatebars.com\/fi\/wp-json\/wp\/v2\/comments?post=1520"}],"wp:featuredmedia":[{"embeddable":true,"href":"https:\/\/shroomschocolatebars.com\/fi\/wp-json\/wp\/v2\/media\/1524"}],"wp:attachment":[{"href":"https:\/\/shroomschocolatebars.com\/fi\/wp-json\/wp\/v2\/media?parent=1520"}],"wp:term":[{"taxonomy":"product_brand","embeddable":true,"href":"https:\/\/shroomschocolatebars.com\/fi\/wp-json\/wp\/v2\/product_brand?post=1520"},{"taxonomy":"product_cat","embeddable":true,"href":"https:\/\/shroomschocolatebars.com\/fi\/wp-json\/wp\/v2\/product_cat?post=1520"},{"taxonomy":"product_tag","embeddable":true,"href":"https:\/\/shroomschocolatebars.com\/fi\/wp-json\/wp\/v2\/product_tag?post=1520"}],"curies":[{"name":"wp","href":"https:\/\/api.w.org\/{rel}","templated":true}]}}