{"id":1506,"date":"2024-07-29T09:06:17","date_gmt":"2024-07-29T09:06:17","guid":{"rendered":"https:\/\/shroomschocolatebars.com\/?post_type=product&#038;p=1506"},"modified":"2024-09-01T00:58:54","modified_gmt":"2024-09-01T00:58:54","slug":"polkadot-cookies-kaakao-suklaapatukka-2","status":"publish","type":"product","link":"https:\/\/shroomschocolatebars.com\/fi\/product\/polkadot-cookies-cacao-chocolate-bar-2\/","title":{"rendered":"Polkadot Cookies &#038; Cacao Chocolate Bar"},"content":{"rendered":"<h3><strong>Osta Polkadot Cookies &amp; Cacao suklaapatukka<\/strong><\/h3>\n<p>Polkadot Cookies &amp; Cacao -suklaapatukan hieno maku on ihastuttava yhdistelm\u00e4 ensiluokkaista belgialaista suklaata, rapeita keksinpaloja ja rikkaita, maanl\u00e4heisi\u00e4 kaakaon s\u00e4vyj\u00e4. T\u00e4m\u00e4 suklaapatukka tarjoaa ainutlaatuisen aistikokemuksen, jossa yhdistyv\u00e4t hienon suklaan pehmeys, keksien tyydytt\u00e4v\u00e4 rapeus ja kaakaon vivahteikas maku.<\/p>\n<h4><strong>T\u00e4ydellinen tasapaino maun ja rakenteen v\u00e4lill\u00e4<\/strong><\/h4>\n<p>Hienoimmista raaka-aineista valmistettu Polkadot Cookies &amp; Cacao -suklaapatukka on t\u00e4ydellinen tasapaino makeuden ja kitkeryyden v\u00e4lill\u00e4, joten se on ihanteellinen valinta suklaan yst\u00e4ville. Laadukas belgialainen suklaa antaa kermaisen pohjan, kun taas keksinpalaset tuovat ihastuttavan rapeuden ja kaakao lis\u00e4\u00e4 maun syvyytt\u00e4.<\/p>\n<h4><strong>Kakaon terveysvaikutukset<\/strong><\/h4>\n<p>Kakao ei ole vain herkullista, vaan my\u00f6s t\u00e4ynn\u00e4 terveyshy\u00f6tyj\u00e4. Se sis\u00e4lt\u00e4\u00e4 runsaasti antioksidantteja, flavonoideja ja muita t\u00e4rkeit\u00e4 ravintoaineita, jotka voivat auttaa v\u00e4hent\u00e4m\u00e4\u00e4n tulehduksia, alentamaan verenpainetta ja parantamaan syd\u00e4men terveytt\u00e4. Kaakaon sis\u00e4llytt\u00e4minen ruokavalioon voi my\u00f6s parantaa kognitiivisia toimintoja ja mielialaa, joten t\u00e4m\u00e4 suklaapatukka on syyllisyydentuntoa vailla oleva nautinto.<\/p>\n<h4><strong>Nauti vastuullisesti: Annostusopas<\/strong><\/h4>\n<p>Jokaisessa Polkadot Cookies &amp; Cacao -suklaapatukassa on huolellisesti valittuja ainesosia tasapainoisen ja nautinnollisen kokemuksen takaamiseksi. Niille, joille sienipitoisten suklaiden nauttiminen on uutta, suositellaan aloittamaan pienell\u00e4 annoksella, kuten yhdell\u00e4 neli\u00f6ll\u00e4, ja odottamaan v\u00e4hint\u00e4\u00e4n tunti vaikutusten arvioimiseksi ennen lis\u00e4k\u00e4yt\u00f6n aloittamista. T\u00e4m\u00e4 varovainen l\u00e4hestymistapa auttaa sinua ymm\u00e4rt\u00e4m\u00e4\u00e4n sietokykysi ja nauttimaan kokemuksesta turvallisesti.<\/p>\n<h4><strong>Oikea varastointi<\/strong><\/h4>\n<p>S\u00e4ilyt\u00e4 Polkadot Cookies &amp; Cacao -suklaapatukan laatu ja tuoreus viile\u00e4ss\u00e4 ja kuivassa paikassa. Asianmukainen s\u00e4ilytys takaa, ett\u00e4 suklaa s\u00e4ilytt\u00e4\u00e4 runsaan makunsa ja rakenteensa jopa kuusi kuukautta. Sen herkullisen maun vuoksi se ei kuitenkaan v\u00e4ltt\u00e4m\u00e4tt\u00e4 kest\u00e4 niin kauan!<\/p>\n<h4><strong>Aiheeseen liittyv\u00e4t tuotteet ja sis\u00e4iset linkit<\/strong><\/h4>\n<p>Tutustu muihin Polkadot-sarjan herkullisiin vaihtoehtoihin:<\/p>\n<ul>\n<li><a href=\"https:\/\/shroomschocolatebars.com\/fi\/tuote\/polkadot-karamelli-macchiato-suklaapatukka\/\" target=\"_new\" rel=\"noreferrer noopener\">Polkadot Caramel Macchiato -suklaapatukka<\/a><\/li>\n<li><a href=\"https:\/\/shroomschocolatebars.com\/fi\/tuote\/polkadot-classic-belgian-milk-chocolate-bar\/\" target=\"_new\" rel=\"noreferrer noopener\">Polkadot Classic belgialainen maitosuklaapatukka<\/a><\/li>\n<li><a href=\"https:\/\/shroomschocolatebars.com\/fi\/tuote\/polkadot-voinfinger-suklaapatukka\/\" target=\"_new\" rel=\"noreferrer noopener\">Polkadot Butterfinger suklaapatukka<\/a><\/li>\n<li><a href=\"https:\/\/shroomschocolatebars.com\/fi\/tuote\/polkadot-kaneli-toast-krunssi-suklaapatukka\/\" target=\"_new\" rel=\"noreferrer noopener\">Polkadot Cinnamon Toast Crunch suklaapatukka<\/a><\/li>\n<\/ul>\n<p>N\u00e4m\u00e4 patukat tarjoavat ainutlaatuisia makuyhdistelmi\u00e4, joten jokaiselle suklaan yst\u00e4v\u00e4lle l\u00f6ytyy jotakin.<\/p>\n<h4><strong>Asiakkaiden arvostelut<\/strong><\/h4>\n<p>Asiakkaat kehuvat Polkadot Cookies &amp; Cacao -suklaapatukkaa ja korostavat sen t\u00e4ydellist\u00e4 makuyhdistelm\u00e4\u00e4 ja tyydytt\u00e4v\u00e4\u00e4 koostumusta. Monet ovat huomanneet sen pirist\u00e4v\u00e4t vaikutukset ja ainesosien laadun, mik\u00e4 tekee siit\u00e4 suosikkivalinnan sek\u00e4 uusien ett\u00e4 palaavien asiakkaiden keskuudessa.<\/p>\n<h4><strong>Miksi valita Polkadot?<\/strong><\/h4>\n<p>Polkadot on omistautunut laadukkaiden, herkullisten ja innovatiivisten suklaatuotteiden valmistamiseen. Sitoutumisemme ensiluokkaisten raaka-aineiden k\u00e4ytt\u00f6\u00f6n ja intohimomme ihastuttavien makuel\u00e4mysten luomiseen erottavat meid\u00e4t muista. Jokainen patukka on osoitus omistautumisestamme huippuosaamiselle ja takaa, ett\u00e4 saat tuotteen, joka ei vain maistu hyv\u00e4lt\u00e4 vaan tarjoaa my\u00f6s mahdollisia terveyshy\u00f6tyj\u00e4.<\/p>\n<p>Tutustu Polkadot-suklaapatukoiden lumoavaan maailmaan ja korosta suklaakokemustasi jo t\u00e4n\u00e4\u00e4n!<\/p>","protected":false},"excerpt":{"rendered":"<p>Buy Polkadot Cookies &amp; Cacao Chocolate Bar Indulge in the exquisite taste of the Polkadot Cookies &amp; Cacao Chocolate Bar, a delightful fusion of premium Belgian chocolate, crunchy cookie pieces, and the rich, earthy notes of cacao. This chocolate bar offers a unique sensory experience, combining the smoothness of fine chocolate with the satisfying crunch [&#8230;]\n","protected":false},"featured_media":1509,"comment_status":"open","ping_status":"closed","template":"","meta":[],"product_brand":[],"product_cat":[331],"product_tag":[],"class_list":{"0":"post-1506","1":"product","2":"type-product","3":"status-publish","4":"has-post-thumbnail","6":"product_cat-polkadot-chocolate-bars","8":"first","9":"instock","10":"shipping-taxable","11":"purchasable","12":"product-type-simple"},"jetpack_sharing_enabled":true,"_links":{"self":[{"href":"https:\/\/shroomschocolatebars.com\/fi\/wp-json\/wp\/v2\/product\/1506","targetHints":{"allow":["GET"]}}],"collection":[{"href":"https:\/\/shroomschocolatebars.com\/fi\/wp-json\/wp\/v2\/product"}],"about":[{"href":"https:\/\/shroomschocolatebars.com\/fi\/wp-json\/wp\/v2\/types\/product"}],"replies":[{"embeddable":true,"href":"https:\/\/shroomschocolatebars.com\/fi\/wp-json\/wp\/v2\/comments?post=1506"}],"wp:featuredmedia":[{"embeddable":true,"href":"https:\/\/shroomschocolatebars.com\/fi\/wp-json\/wp\/v2\/media\/1509"}],"wp:attachment":[{"href":"https:\/\/shroomschocolatebars.com\/fi\/wp-json\/wp\/v2\/media?parent=1506"}],"wp:term":[{"taxonomy":"product_brand","embeddable":true,"href":"https:\/\/shroomschocolatebars.com\/fi\/wp-json\/wp\/v2\/product_brand?post=1506"},{"taxonomy":"product_cat","embeddable":true,"href":"https:\/\/shroomschocolatebars.com\/fi\/wp-json\/wp\/v2\/product_cat?post=1506"},{"taxonomy":"product_tag","embeddable":true,"href":"https:\/\/shroomschocolatebars.com\/fi\/wp-json\/wp\/v2\/product_tag?post=1506"}],"curies":[{"name":"wp","href":"https:\/\/api.w.org\/{rel}","templated":true}]}}