{"id":1498,"date":"2024-07-29T08:41:54","date_gmt":"2024-07-29T08:41:54","guid":{"rendered":"https:\/\/shroomschocolatebars.com\/?post_type=product&#038;p=1498"},"modified":"2024-09-01T00:59:06","modified_gmt":"2024-09-01T00:59:06","slug":"polkadot-karamelli-macchiato-suklaapatukka","status":"publish","type":"product","link":"https:\/\/shroomschocolatebars.com\/fi\/product\/polkadot-caramel-macchiato-chocolate-bar\/","title":{"rendered":"Polkadot Caramel Macchiato -suklaapatukka"},"content":{"rendered":"<h3><strong>Osta Polkadot Caramel Macchiato suklaapatukka<\/strong><\/h3>\n<p>Tervetuloa Polkadot Caramel Macchiato -suklaapatukoiden ihastuttavaan maailmaan, jossa ensiluokkainen laatu kohtaa poikkeuksellisen maun. T\u00e4m\u00e4 herkullinen herkku on suunniteltu niille, jotka kaipaavat ainutlaatuista ja ylellist\u00e4 suklaakokemusta, ja siin\u00e4 yhdistyv\u00e4t saumattomasti karamellimakiaton t\u00e4ytel\u00e4inen maku ja hienoin belgialainen suklaa. Polkadot Caramel Macchiato -suklaapatukkamme ei ole vain herkkua makuhermoille, vaan my\u00f6s matka maagisten sieniruokien maailmaan, joka on suunniteltu tarjoamaan sek\u00e4 nautinnollisen ett\u00e4 terapeuttisen kokemuksen.<\/p>\n<h4><strong>Hieno makuprofiili<\/strong><\/h4>\n<p>Nauti korkealaatuisen belgialaisen suklaan pehme\u00e4st\u00e4 ja samettisesta koostumuksesta, jota t\u00e4ydent\u00e4\u00e4 caramel macchiaton selke\u00e4 ja ihastuttava maku. Jokainen suupala tarjoaa harmonisen sekoituksen t\u00e4ytel\u00e4ist\u00e4, kermaista suklaata ja makeaa, voista karamellin makua, jonka viimeistelee hienovarainen vivahde kahvia, joka kohottaa kokonaisvaltaista aistikokemusta. Sis\u00e4\u00e4n sekoitetut taikasienet tuovat maalaismaisen pohjavireen, joka luo tasapainoisen ja unohtumattoman makumatkan.<\/p>\n<h4><strong>Magic Mushroom Suklaan terveyshy\u00f6dyt<\/strong><\/h4>\n<p>Our Polkadot Caramel Macchiato Chocolate Bar isn&#8217;t just a tasty indulgence; it&#8217;s packed with the potential health benefits of psilocybin mushrooms. Psilocybin has been known to promote mental well-being by enhancing mood, increasing creativity, and improving focus. Research has shown that psilocybin can help reconnect brain networks, aiding in the treatment of conditions such as depression, anxiety, PTSD, and addiction\u200b<span class=\"\" data-state=\"closed\"><span class=\"text-token-text-secondary\"> (<\/span><a class=\"text-green-600 !no-underline\" href=\"https:\/\/shroomschocolatebars.com\/fi\/\" target=\"_blank\" rel=\"noopener noreferrer\">sienet suklaapatukat<\/a><span class=\"text-token-text-secondary\">)<\/span><\/span>\u200b\u200b<\/p>\n<h4><strong>Mikroannosteluopas<\/strong><\/h4>\n<p>Jotta kokemuksesi Polkadot Caramel Macchiato -suklaapatukoista olisi mahdollisimman hyv\u00e4, annamme annosteluoppaan, joka auttaa sinua valitsemaan tarpeisiisi sopivan m\u00e4\u00e4r\u00e4n:<\/p>\n<ul>\n<li><strong>Mikroannos (1-3 kappaletta):<\/strong> Ihanteellinen mielen stimulointiin ja hienovaraiseen, pirist\u00e4v\u00e4\u00e4n kokemukseen ilman merkitt\u00e4vi\u00e4 psykoaktiivisia vaikutuksia.<\/li>\n<li><strong>Terapeuttinen annos (4-9 kpl):<\/strong> Soveltuu mielenmaisemaan ja kohottuneeseen tilaan, joka sopii erinomaisesti terapeuttisiin hetkiin ja syvemp\u00e4\u00e4n itsetutkiskeluun.<\/li>\n<li><strong>God Mode (10-15 kappaletta):<\/strong> Suositellaan intensiivist\u00e4, mukaansatempaavaa kokemusta varten, jossa visuaaliset ja aistien tehosteet ovat n\u00e4kyvi\u00e4. Nauti turvallisessa ymp\u00e4rist\u00f6ss\u00e4 ja v\u00e4lt\u00e4 ajoneuvojen k\u00e4ytt\u00f6\u00e4.<\/li>\n<\/ul>\n<h4><strong>Ravitsemukselliset tiedot<\/strong><\/h4>\n<p>Each Polkadot Caramel Macchiato Chocolate Bar is crafted with care, ensuring you enjoy every bite. Here&#8217;s the nutritional breakdown per serving:<\/p>\n<ul>\n<li><strong>Annoskoko:<\/strong> 1 neli\u00f6<\/li>\n<li><strong>Annokset per patukka:<\/strong> 20<\/li>\n<li><strong>Psilosybiinipitoisuus:<\/strong> 500mg per pala, 10,000mg per patukka<\/li>\n<li><strong>Kaloreita:<\/strong> 17<\/li>\n<li><strong>Rasvan kokonaism\u00e4\u00e4r\u00e4:<\/strong> 1g<\/li>\n<li><strong>Tyydyttynyt rasva:<\/strong> 1g<\/li>\n<li><strong>Kolesteroli:<\/strong> 1mg<\/li>\n<li><strong>Natrium:<\/strong> 1mg<\/li>\n<li><strong>Hiilihydraatit yhteens\u00e4:<\/strong> 2g<\/li>\n<li><strong>Sokerit yhteens\u00e4:<\/strong> 2g<\/li>\n<li><strong>Proteiini:<\/strong> 0g<\/li>\n<\/ul>\n<h4><strong>Kest\u00e4v\u00e4 ja eettinen tuotanto<\/strong><\/h4>\n<p>Olemme ylpeit\u00e4 siit\u00e4, ett\u00e4 Polkadot Caramel Macchiato -suklaapatukat ovat paitsi herkullisia my\u00f6s eettisesti tuotettuja. Suklaamme on per\u00e4isin kest\u00e4v\u00e4sti kasvatetusta kaakaosta, ja varmistamme, ett\u00e4 tuotantoprosessimme ovat ymp\u00e4rist\u00f6yst\u00e4v\u00e4llisi\u00e4. Pakkaus on suunniteltu ekotietoiseksi, joten se on syyllisyydentuntoa her\u00e4tt\u00e4m\u00e4t\u00f6n nautinto useammalla kuin yhdell\u00e4 tavalla.<\/p>\n<h4><strong>Miksi valita Polkadot-suklaapatukat?<\/strong><\/h4>\n<ul>\n<li><strong>Ensiluokkaiset ainesosat:<\/strong> Suklaapatukoissamme k\u00e4ytet\u00e4\u00e4n parasta belgialaista suklaata, joka takaa t\u00e4ytel\u00e4isen ja pehme\u00e4n rakenteen.<\/li>\n<li><strong>Ainutlaatuiset maut:<\/strong> Karamellimacciaton ja suklaan yhdistelm\u00e4 antaa omaleimaisen ja miellytt\u00e4v\u00e4n maun.<\/li>\n<li><strong>Terveysvaikutukset:<\/strong> Maagisilla sienill\u00e4 t\u00e4ytetyt patukkamme tarjoavat mahdollisia terapeuttisia hy\u00f6tyj\u00e4 ja parantavat henkist\u00e4 hyvinvointia.<\/li>\n<li><strong>Eettinen tuotanto:<\/strong> Suklaapatukoiden kest\u00e4v\u00e4sti hankitut ja ymp\u00e4rist\u00f6yst\u00e4v\u00e4lliset tuotteet ovat vastuullinen valinta tunnollisille kuluttajille.<\/li>\n<\/ul>\n<h4><strong>Asiakkaiden arvostelut<\/strong><\/h4>\n<p>Asiakkaamme rakastavat Polkadot Caramel Macchiato -suklaapatukoita niiden hienon maun ja hy\u00f6dyllisten vaikutusten vuoksi:<\/p>\n<ul>\n<li><strong>Adam Peebles:<\/strong> &#8220;These are a revelation! The rich cocoa perfectly complements the earthy mushroom undertones, creating a taste experience unlike any other.&#8221;<\/li>\n<li><strong>Mark Jance:<\/strong> &#8220;As a wellness enthusiast, I&#8217;m always on the hunt for healthy alternatives. These psilocybin chocolate bars hit the mark!&#8221;<\/li>\n<li><strong>Serge Hertzog:<\/strong> &#8220;The blend of flavors is unique and exciting, and the health benefits add a guilt-free dimension to my chocolate indulgence.&#8221;<\/li>\n<\/ul>\n<h4><strong>Tutustu lis\u00e4\u00e4<\/strong><\/h4>\n<p>Tutustu koko Polkadot-suklaapatukoiden ja muiden taikasienien sy\u00f6t\u00e4vien tuotteiden valikoimaan:<\/p>\n<ul>\n<li><a href=\"https:\/\/shroomschocolatebars.com\/fi\/tuote-osasto\/polkadot-suklaapatukat\/\" target=\"_new\" rel=\"noreferrer noopener\">Polkadot-suklaapatukat<\/a><\/li>\n<li><a href=\"https:\/\/shroomschocolatebars.com\/fi\/tuote\/polkadot-magic-chocolate\/\" target=\"_new\" rel=\"noreferrer noopener\">Polkadot Apple Jacks -suklaapatukka<\/a><\/li>\n<li><a href=\"https:\/\/shroomschocolatebars.com\/fi\/tuote\/polkadot-omenapiirakka-suklaapatukka\/\" target=\"_new\" rel=\"noreferrer noopener\">Polkadot omenapiirakka suklaapatukka<\/a><\/li>\n<li><a href=\"https:\/\/shroomschocolatebars.com\/fi\/tuote\/polkadot-voi-pekaani-suklaapatukka\/\" target=\"_new\" rel=\"noreferrer noopener\">Polkadot Butter Pecan suklaapatukka<\/a><\/li>\n<\/ul>","protected":false},"excerpt":{"rendered":"<p>Tervetuloa Polkadot Caramel Macchiato -suklaapatukoiden ihastuttavaan maailmaan, jossa ensiluokkainen laatu kohtaa poikkeuksellisen maun. T\u00e4m\u00e4 herkullinen herkku on suunniteltu niille, jotka kaipaavat ainutlaatuista ja ylellist\u00e4 suklaakokemusta, ja siin\u00e4 yhdistyv\u00e4t saumattomasti karamellimakiaton t\u00e4ytel\u00e4inen maku ja hienoin belgialainen suklaa. Polkadot Caramel Macchiato -suklaapatukkamme ei ole vain herkkua makuhermoille, vaan my\u00f6s matka maagisten sieniruokien maailmaan, joka on suunniteltu tarjoamaan sek\u00e4 nautinnollisen ett\u00e4 terapeuttisen kokemuksen.<\/p>","protected":false},"featured_media":1499,"comment_status":"open","ping_status":"closed","template":"","meta":[],"product_brand":[],"product_cat":[331],"product_tag":[],"class_list":{"0":"post-1498","1":"product","2":"type-product","3":"status-publish","4":"has-post-thumbnail","6":"product_cat-polkadot-chocolate-bars","8":"first","9":"instock","10":"shipping-taxable","11":"purchasable","12":"product-type-simple"},"jetpack_sharing_enabled":true,"_links":{"self":[{"href":"https:\/\/shroomschocolatebars.com\/fi\/wp-json\/wp\/v2\/product\/1498","targetHints":{"allow":["GET"]}}],"collection":[{"href":"https:\/\/shroomschocolatebars.com\/fi\/wp-json\/wp\/v2\/product"}],"about":[{"href":"https:\/\/shroomschocolatebars.com\/fi\/wp-json\/wp\/v2\/types\/product"}],"replies":[{"embeddable":true,"href":"https:\/\/shroomschocolatebars.com\/fi\/wp-json\/wp\/v2\/comments?post=1498"}],"wp:featuredmedia":[{"embeddable":true,"href":"https:\/\/shroomschocolatebars.com\/fi\/wp-json\/wp\/v2\/media\/1499"}],"wp:attachment":[{"href":"https:\/\/shroomschocolatebars.com\/fi\/wp-json\/wp\/v2\/media?parent=1498"}],"wp:term":[{"taxonomy":"product_brand","embeddable":true,"href":"https:\/\/shroomschocolatebars.com\/fi\/wp-json\/wp\/v2\/product_brand?post=1498"},{"taxonomy":"product_cat","embeddable":true,"href":"https:\/\/shroomschocolatebars.com\/fi\/wp-json\/wp\/v2\/product_cat?post=1498"},{"taxonomy":"product_tag","embeddable":true,"href":"https:\/\/shroomschocolatebars.com\/fi\/wp-json\/wp\/v2\/product_tag?post=1498"}],"curies":[{"name":"wp","href":"https:\/\/api.w.org\/{rel}","templated":true}]}}