{"id":1305,"date":"2024-07-22T16:23:42","date_gmt":"2024-07-22T16:23:42","guid":{"rendered":"https:\/\/shroomschocolatebars.com\/?page_id=1305"},"modified":"2024-07-22T16:26:35","modified_gmt":"2024-07-22T16:26:35","slug":"meista","status":"publish","type":"page","link":"https:\/\/shroomschocolatebars.com\/fi\/about-us\/","title":{"rendered":"Tietoa meist\u00e4"},"content":{"rendered":"<p class=\"has-medium-font-size\">Tietoa meist\u00e4<\/p>\n\n\n\n<p class=\"has-medium-font-size\">Tervetuloa Shrooms suklaapatukoiden pariin! Viimeisen 10 vuoden ajan olemme omistautuneet valmistamaan hienoja sienisuklaapatukoita, joissa yhdistyv\u00e4t gourmet-suklaa ja hienoimmat sienet. Matkamme alkoi intohimosta luoda ainutlaatuisia, herkullisia ja terveystietoisia herkkuja.<\/p>\n\n\n\n<p class=\"has-medium-font-size\">Me Shrooms-suklaapatukoissa uskomme sienien taikaan ja suklaan iloon. Missiomme on tarjota ainutlaatuinen makuel\u00e4mys, joka ei vain ilahduta aistejasi vaan my\u00f6s edist\u00e4\u00e4 hyvinvointia. Olemme ylpeit\u00e4 siit\u00e4, ett\u00e4 k\u00e4yt\u00e4mme ensiluokkaisia ainesosia, kest\u00e4v\u00e4\u00e4 hankintaa ja innovatiivisia reseptej\u00e4, jotta voimme tarjota sinulle markkinoiden parhaat sienisuklaapatukat.<\/p>\n\n\n\n<p class=\"has-medium-font-size\">Sitoutumisemme laatuun ja asiakastyytyv\u00e4isyyteen on ollut toimintamme ytimess\u00e4 ensimm\u00e4isest\u00e4 p\u00e4iv\u00e4st\u00e4 l\u00e4htien. Olemme kiitollisia uskollisten asiakkaidemme tuesta ja luottamuksesta, sill\u00e4 he ovat tehneet matkamme mahdolliseksi. Liity seuraamme, kun jatkamme uusien makujen tutkimista ja jaamme sienisuklaan ihmeit\u00e4 maailman kanssa.<\/p>\n\n\n\n<p class=\"has-medium-font-size\">Kiitos, ett\u00e4 valitsit Shrooms-suklaapatukat. Odotamme innolla, ett\u00e4 voimme palvella teit\u00e4 viel\u00e4 monta vuotta.<\/p>","protected":false},"excerpt":{"rendered":"<p>About Us Welcome to Shrooms Chocolate Bars! For the past 10 years, we have been dedicated to crafting exquisite mushroom chocolate bars that combine gourmet chocolate with the finest mushrooms. Our journey began with a passion for creating unique, delicious, and health-conscious treats. At Shrooms Chocolate Bars, we believe in the magic of mushrooms and [&#8230;]\n","protected":false},"author":1,"featured_media":0,"parent":0,"menu_order":0,"comment_status":"closed","ping_status":"closed","template":"","meta":{"footnotes":""},"class_list":["post-1305","page","type-page","status-publish","hentry"],"jetpack_sharing_enabled":true,"_links":{"self":[{"href":"https:\/\/shroomschocolatebars.com\/fi\/wp-json\/wp\/v2\/pages\/1305","targetHints":{"allow":["GET"]}}],"collection":[{"href":"https:\/\/shroomschocolatebars.com\/fi\/wp-json\/wp\/v2\/pages"}],"about":[{"href":"https:\/\/shroomschocolatebars.com\/fi\/wp-json\/wp\/v2\/types\/page"}],"author":[{"embeddable":true,"href":"https:\/\/shroomschocolatebars.com\/fi\/wp-json\/wp\/v2\/users\/1"}],"replies":[{"embeddable":true,"href":"https:\/\/shroomschocolatebars.com\/fi\/wp-json\/wp\/v2\/comments?post=1305"}],"version-history":[{"count":0,"href":"https:\/\/shroomschocolatebars.com\/fi\/wp-json\/wp\/v2\/pages\/1305\/revisions"}],"wp:attachment":[{"href":"https:\/\/shroomschocolatebars.com\/fi\/wp-json\/wp\/v2\/media?parent=1305"}],"curies":[{"name":"wp","href":"https:\/\/api.w.org\/{rel}","templated":true}]}}