{"id":924,"date":"2022-05-26T03:01:08","date_gmt":"2022-05-26T03:01:08","guid":{"rendered":"https:\/\/shroomschocolatebars.com\/?post_type=product&#038;p=924"},"modified":"2025-07-30T04:15:16","modified_gmt":"2025-07-30T04:15:16","slug":"setas-gomitas","status":"publish","type":"product","link":"https:\/\/shroomschocolatebars.com\/es\/product\/infinite-rx-shroom-infused-albino-penis-envy-gummies\/","title":{"rendered":"INfinite Rx Gominolas de Envidia de Pene Albino con Infusi\u00f3n de Hongos"},"content":{"rendered":"<h2><strong>INfinite Rx Shroom Infused Albino Penis Envy Gummies Descripci\u00f3n del producto<\/strong><\/h2>\n<h4><strong>Descubre el poder de las gominolas INfinite Rx Shroom Infused Albino Penis Envy<\/strong><\/h4>\n<p>Experimenta un nuevo reino de consumo de psilocibina con INfinite Rx Shroom Infused Albino Penis Envy Gummies. Estas gominolas gourmet est\u00e1n dise\u00f1adas para proporcionar una forma c\u00f3moda, sabrosa y potente de disfrutar de los beneficios de las setas m\u00e1gicas. Elaboradas espec\u00edficamente para aquellos que aprecian lo mejor de las experiencias psicod\u00e9licas, estas gominolas son una elecci\u00f3n excepcional. Gominolas INfinite Rx Shroom Infused Albino Penis Envy<\/p>\n<h3><strong>Productos destacados<\/strong><\/h3>\n<ul>\n<li><strong>Potente contenido de psilocibina<\/strong>: Each gummy is infused with 1000 mg of the powerful Albino Penis Envy (A.P.E) magic mushroom strain, making them suitable for seasoned psychonauts.<\/li>\n<li><strong>Sabores deliciosos<\/strong>: Disfrute de un surtido de sabores, incluyendo cereza, fresa, ar\u00e1ndano, naranja, lima y lim\u00f3n, asegurando una experiencia deliciosa con cada bocado.<\/li>\n<li><strong>Dosificaci\u00f3n c\u00f3moda<\/strong>: Con cuatro gominolas por paquete, con un total de 2000 mg de psilocibina, la dosificaci\u00f3n es sencilla y constante.<\/li>\n<\/ul>\n<h3><strong>Why Choose INfinite Rx Shroom-Infused Gummies?<\/strong><\/h3>\n<h4>Digestibilidad mejorada<\/h4>\n<p>One of the key advantages of consuming INfinite Rx gummies is their enhanced digestibility. Unlike traditional dried mushrooms, these gummies are easy on the stomach, reducing the likelihood of gastrointestinal discomfort, often referred to as &#8220;gut rot.&#8221; This means you can enjoy your journey without the unpleasant physical side effects.<\/p>\n<h4>Sabor superior<\/h4>\n<p>Las gominolas INfinite Rx enmascaran el sabor a menudo desagradable de las setas crudas con sus deliciosos sabores afrutados. Esto hace que la experiencia de consumo sea mucho m\u00e1s agradable, permiti\u00e9ndote centrarte en los efectos y no en el sabor.<\/p>\n<h4>Elevaci\u00f3n r\u00e1pida y controlada<\/h4>\n<p>These gummies are designed to be fast-acting, with effects typically beginning within 30\u201345 minutes of consumption. Additionally, the experience lasts about half as long as that of traditional magic mushrooms, giving you better control over the duration of your trip. This is particularly beneficial for those who need to plan their experiences around other commitments.<\/p>\n<h3><strong>Posolog\u00eda e instrucciones de uso<\/strong><\/h3>\n<p>For those new to psilocybin, it&#8217;s recommended to start with half a gummy to assess tolerance. Experienced users may consume one to two gummies based on their preference. Allow up to 45 minutes for the effects to start before considering an additional dose.<\/p>\n<h3><strong>Ingredientes<\/strong><\/h3>\n<ul>\n<li>Az\u00facar<\/li>\n<li>Gelatina<\/li>\n<li>Jarabe de ma\u00edz<\/li>\n<li>\u00c1cido c\u00edtrico<\/li>\n<li>Aromas naturales y artificiales<\/li>\n<li>Color artificial<\/li>\n<li>Aceite de coco<\/li>\n<li>Setas de psilocibina<\/li>\n<\/ul>\n<h3><strong>Beneficios para la salud<\/strong><\/h3>\n<p>Consumir INfinite Rx Shroom Infused Albino Penis Envy Gummies puede ofrecer numerosos beneficios, incluyendo el aumento de la creatividad, la mejora del estado de \u00e1nimo y los posibles efectos terap\u00e9uticos para enfermedades mentales como la depresi\u00f3n y el TEPT. La cepa Albino Penis Envy destaca especialmente por su potencia y sus propiedades psicotr\u00f3picas \u00fanicas, lo que convierte a estas gominolas en una poderosa herramienta para la exploraci\u00f3n y el crecimiento personal.<\/p>\n<h3><strong>Testimonios de usuarios<\/strong><\/h3>\n<ul>\n<li><strong>Lynda F.<\/strong> &#8211; &#8220;These gummies are amazing! The taste is fantastic, and the effects are just what I needed for my spiritual journey. Highly recommend for anyone experienced with psychedelics.&#8221;<\/li>\n<li><strong>Daniel M.<\/strong> &#8211; &#8220;Took two gummies and felt incredible. Planning to try four next time. These are perfect for a controlled, enjoyable trip.&#8221;<\/li>\n<\/ul>\n<h3><strong>Informaci\u00f3n adicional<\/strong><\/h3>\n<ul>\n<li><strong>Almacenamiento<\/strong>: Cons\u00e9rvese en un lugar fresco y seco, alejado de la luz solar directa, para mantener su potencia y frescura.<\/li>\n<li><strong>Advertencia<\/strong>: Mantener fuera del alcance de los ni\u00f1os y animales dom\u00e9sticos. No consumir en caso de embarazo o lactancia. Consulte a su m\u00e9dico si padece alguna enfermedad o est\u00e1 tomando alg\u00fan medicamento.<\/li>\n<\/ul>\n<h3><strong>Productos relacionados<\/strong><\/h3>\n<ul>\n<li><strong>Gominolas de coraz\u00f3n con infusi\u00f3n de setas INfinite Rx<\/strong>: Una opci\u00f3n de dosis m\u00e1s peque\u00f1a para aquellos que buscan microdosis o una experiencia m\u00e1s ligera.<\/li>\n<li><strong>Barritas de chocolate Wonder Psilocybin<\/strong>: Para quienes prefieren el chocolate a las gominolas, estas barritas son una alternativa deliciosa.<\/li>\n<\/ul>\n<h3><strong>Conclusi\u00f3n<\/strong><\/h3>\n<p>INfinite Rx Shroom Infused Albino Penis Envy Gummies ofrecen una experiencia superior de psilocibina, combinando potencia, sabor y comodidad. Tanto si eres un psiconauta experimentado como si buscas profundizar en tu pr\u00e1ctica psicod\u00e9lica, estas gominolas son una excelente elecci\u00f3n. Eleva tu viaje con la calidad de confianza de INfinite Rx.<\/p>\n<p>Para obtener m\u00e1s informaci\u00f3n o realizar una compra, visite nuestro <a href=\"https:\/\/shroomschocolatebars.com\/es\/tienda\/\">P\u00e1gina de la tienda\u00a0<\/a><\/p>\n<p>By optimizing your product description with relevant keywords and phrases such as &#8220;Albino Penis Envy gummies,&#8221; &#8220;psilocybin-infused,&#8221; and &#8220;magic mushrooms,&#8221; you can enhance your search engine rankings and attract more customers searching for these specific products\u200b.<\/p>","protected":false},"excerpt":{"rendered":"<p class=\"product_title entry-title\"><strong>INfinite Rx Shroom Infused Albino Penis Envy Edition Large Heart Gummies Edibles (4000mg)<\/strong><\/p>\n<p>&nbsp;<\/p>","protected":false},"featured_media":922,"comment_status":"open","ping_status":"closed","template":"","meta":[],"product_brand":[],"product_cat":[234],"product_tag":[],"class_list":{"0":"post-924","1":"product","2":"type-product","3":"status-publish","4":"has-post-thumbnail","6":"product_cat-buy-lsd-sheets-online","8":"first","9":"instock","10":"shipping-taxable","11":"purchasable","12":"product-type-simple"},"jetpack_sharing_enabled":true,"_links":{"self":[{"href":"https:\/\/shroomschocolatebars.com\/es\/wp-json\/wp\/v2\/product\/924","targetHints":{"allow":["GET"]}}],"collection":[{"href":"https:\/\/shroomschocolatebars.com\/es\/wp-json\/wp\/v2\/product"}],"about":[{"href":"https:\/\/shroomschocolatebars.com\/es\/wp-json\/wp\/v2\/types\/product"}],"replies":[{"embeddable":true,"href":"https:\/\/shroomschocolatebars.com\/es\/wp-json\/wp\/v2\/comments?post=924"}],"wp:featuredmedia":[{"embeddable":true,"href":"https:\/\/shroomschocolatebars.com\/es\/wp-json\/wp\/v2\/media\/922"}],"wp:attachment":[{"href":"https:\/\/shroomschocolatebars.com\/es\/wp-json\/wp\/v2\/media?parent=924"}],"wp:term":[{"taxonomy":"product_brand","embeddable":true,"href":"https:\/\/shroomschocolatebars.com\/es\/wp-json\/wp\/v2\/product_brand?post=924"},{"taxonomy":"product_cat","embeddable":true,"href":"https:\/\/shroomschocolatebars.com\/es\/wp-json\/wp\/v2\/product_cat?post=924"},{"taxonomy":"product_tag","embeddable":true,"href":"https:\/\/shroomschocolatebars.com\/es\/wp-json\/wp\/v2\/product_tag?post=924"}],"curies":[{"name":"wp","href":"https:\/\/api.w.org\/{rel}","templated":true}]}}