{"id":596,"date":"2022-03-23T09:07:17","date_gmt":"2022-03-23T09:07:17","guid":{"rendered":"https:\/\/shroomschocolatebars.com\/?post_type=product&#038;p=596"},"modified":"2024-09-01T01:05:08","modified_gmt":"2024-09-01T01:05:08","slug":"setas-magicas-birmanas","status":"publish","type":"product","link":"https:\/\/shroomschocolatebars.com\/es\/product\/burmese-magic-mushrooms\/","title":{"rendered":"Setas m\u00e1gicas birmanas"},"content":{"rendered":"<h2><strong>Comprar setas m\u00e1gicas birmanas en l\u00ednea<\/strong><\/h2>\n<p>Bienvenido al destino definitivo para comprar setas m\u00e1gicas birmanas, famosas por su excepcional potencia y efectos \u00fanicos. Nuestra completa gu\u00eda te proporcionar\u00e1 toda la informaci\u00f3n que necesitas para realizar una compra informada, garantizando una experiencia memorable y segura.<\/p>\n<h3><strong>\u00bfQu\u00e9 son las setas m\u00e1gicas birmanas?<\/strong><\/h3>\n<p>Las setas m\u00e1gicas birmanas pertenecen a la especie Psilocybe Cubensis, uno de los tipos de setas m\u00e1gicas m\u00e1s populares y consumidas. Esta cepa fue descubierta originalmente por John W. Allen, un etnomic\u00f3logo aficionado, en Birmania (actual Myanmar). Estas setas son conocidas por su r\u00e1pido crecimiento y gran potencia, lo que las convierte en las favoritas tanto de los psiconautas novatos como de los experimentados.<\/p>\n<h4><strong>\u00bfPor qu\u00e9 elegir las setas m\u00e1gicas birmanas?<\/strong><\/h4>\n<ol>\n<li><strong>Alta potencia<\/strong>: Las setas m\u00e1gicas birmanas son famosas por su potencia superior a la media. Producen fuertes efectos psicoactivos que pueden proporcionar una experiencia profunda e introspectiva.<\/li>\n<li><strong>Efectos visuales y mentales<\/strong>: Los usuarios afirman haber experimentado intensas mejoras visuales, euforia y una profunda introspecci\u00f3n. La experiencia puede variar en funci\u00f3n de la dosis y la tolerancia individual, pero suele incluir una mayor apreciaci\u00f3n de la m\u00fasica y el arte, as\u00ed como una sensaci\u00f3n de conexi\u00f3n con la naturaleza.<\/li>\n<li><strong>Versatilidad<\/strong>: Tanto si buscas un viaje suave como uno m\u00e1s intenso, las setas m\u00e1gicas birmanas pueden dosificarse seg\u00fan tus preferencias.<\/li>\n<\/ol>\n<h4><strong>M\u00e9todos de consumo<\/strong><\/h4>\n<ol>\n<li><strong>Masticar y tragar<\/strong>: El m\u00e9todo m\u00e1s sencillo. Mastica las setas a conciencia para que se liberen y absorban todos los compuestos psicoactivos. Los efectos suelen empezar en 45 minutos.<\/li>\n<li><strong>T\u00e9 m\u00e1gico de setas<\/strong>: Este m\u00e9todo ayuda a enmascarar el sabor terroso de las setas. Pica o tritura las setas, d\u00e9jalas en remojo en agua caliente durante 10-15 minutos, cu\u00e9lalas y disfruta.<\/li>\n<li><strong>Mezclar con alimentos<\/strong>: Incorpore setas molidas a sus comidas favoritas, como batidos o chocolate, para que su consumo sea m\u00e1s apetecible.<\/li>\n<\/ol>\n<h4><strong>Recomendaciones de dosificaci\u00f3n<\/strong><\/h4>\n<ul>\n<li><strong>Microdosis (0,1-0,3 gramos)<\/strong>: Efectos subperceptuales que pueden potenciar la creatividad y reducir la ansiedad sin efectos psicod\u00e9licos apreciables.<\/li>\n<li><strong>Dosis Museo (0,5-1,5 gramos)<\/strong>: Efectos psicoactivos leves, adecuados para una experiencia ligera y manejable.<\/li>\n<li><strong>Dosis moderada (2-3,5 gramos)<\/strong>: Proporciona una experiencia psicod\u00e9lica completa con importantes mejoras visuales y auditivas.<\/li>\n<li><strong>Dosis altas (a partir de 4 gramos)<\/strong>: Experiencias intensas y profundas, recomendadas s\u00f3lo para usuarios experimentados.<\/li>\n<\/ul>\n<h3><strong>\u00bfPor qu\u00e9 elegirnos?<\/strong><\/h3>\n<p>En shroomschocolatebars, nos enorgullecemos de ofrecer s\u00f3lo las mejores setas m\u00e1gicas Penis Envy. Nuestro compromiso con la calidad y la satisfacci\u00f3n del cliente nos distingue. Ofrecemos:<\/p>\n<ul>\n<li><strong>Transparencia:<\/strong>\u00a0Full details about our cultivation process and third-party testing results ensure you know exactly what you\u2019re getting.<\/li>\n<li><strong><a href=\"https:\/\/shroomschocolatebars.com\/es\/politica-de-envios\/\">Env\u00edo discreto<\/a>:<\/strong>\u00a0Damos prioridad a su privacidad con un embalaje discreto y m\u00e9todos de env\u00edo seguros.<\/li>\n<li><strong><a href=\"https:\/\/shroomschocolatebars.com\/es\/contacto\/\">Atenci\u00f3n al cliente<\/a>:<\/strong>\u00a0Nuestro competente y amable equipo de atenci\u00f3n al cliente est\u00e1 a su disposici\u00f3n para ayudarle con cualquier pregunta o duda.<\/li>\n<\/ul>\n<h3><strong>Opiniones de los clientes<\/strong><\/h3>\n<p>Nuestros clientes alaban la calidad constante y los potentes efectos de nuestras setas m\u00e1gicas birmanas. Estos son algunos testimonios:<\/p>\n<ul>\n<li>&#8220;A truly enlightening experience! The visuals were incredible, and I felt a deep connection with nature.&#8221; &#8211; Alex P.<\/li>\n<li>&#8220;Perfect for a weekend trip. The effects were strong but manageable, and the shipping was super fast!&#8221; &#8211; Jamie L.<\/li>\n<\/ul>\n<h3><strong>Productos relacionados<\/strong><\/h3>\n<p>Si te gust\u00f3 Setas m\u00e1gicas birmanas, puede que tambi\u00e9n te guste:<\/p>\n<ul>\n<li><strong>Setas m\u00e1gicas Golden Teacher<\/strong>: son conocidos por sus efectos equilibrados y sus experiencias espirituales.<\/li>\n<li><strong>Setas m\u00e1gicas del Amazonas<\/strong>: Famosos por sus potentes alucinaciones visuales y auditivas.<\/li>\n<\/ul>\n<h3><strong>Conclusi\u00f3n<\/strong><\/h3>\n<p>Burmese Magic Mushrooms offer a potent and profound psychedelic experience. Whether you&#8217;re a first-timer or an experienced psychonaut, these mushrooms can provide a memorable journey into the depths of your consciousness. Purchase your Burmese Magic Mushrooms from our trusted online store and embark on a transformative adventure.<\/p>","protected":false},"excerpt":{"rendered":"<p><strong>Comprar las mejores setas m\u00e1gicas birmanas<\/strong><\/p>\n<p><strong><u>Compre m\u00e1s, ahorre m\u00e1s:<\/u><\/strong><\/p>\n<ul>\n<li>28 gramos = $170<\/li>\n<\/ul>\n<p><strong>Detalles de env\u00edo<\/strong>:<\/p>\n<ul>\n<li>Env\u00edo urgente gratuito<\/li>\n<li>Realizamos env\u00edos a todo el mundo con n\u00famero de seguimiento<\/li>\n<li>Envase discreto y sellado al vac\u00edo para su intimidad<\/li>\n<\/ul>","protected":false},"featured_media":1132,"comment_status":"open","ping_status":"closed","template":"","meta":[],"product_brand":[],"product_cat":[45],"product_tag":[],"class_list":{"0":"post-596","1":"product","2":"type-product","3":"status-publish","4":"has-post-thumbnail","6":"product_cat-magic-mushroom","8":"first","9":"instock","10":"shipping-taxable","11":"purchasable","12":"product-type-simple"},"jetpack_sharing_enabled":true,"_links":{"self":[{"href":"https:\/\/shroomschocolatebars.com\/es\/wp-json\/wp\/v2\/product\/596","targetHints":{"allow":["GET"]}}],"collection":[{"href":"https:\/\/shroomschocolatebars.com\/es\/wp-json\/wp\/v2\/product"}],"about":[{"href":"https:\/\/shroomschocolatebars.com\/es\/wp-json\/wp\/v2\/types\/product"}],"replies":[{"embeddable":true,"href":"https:\/\/shroomschocolatebars.com\/es\/wp-json\/wp\/v2\/comments?post=596"}],"wp:featuredmedia":[{"embeddable":true,"href":"https:\/\/shroomschocolatebars.com\/es\/wp-json\/wp\/v2\/media\/1132"}],"wp:attachment":[{"href":"https:\/\/shroomschocolatebars.com\/es\/wp-json\/wp\/v2\/media?parent=596"}],"wp:term":[{"taxonomy":"product_brand","embeddable":true,"href":"https:\/\/shroomschocolatebars.com\/es\/wp-json\/wp\/v2\/product_brand?post=596"},{"taxonomy":"product_cat","embeddable":true,"href":"https:\/\/shroomschocolatebars.com\/es\/wp-json\/wp\/v2\/product_cat?post=596"},{"taxonomy":"product_tag","embeddable":true,"href":"https:\/\/shroomschocolatebars.com\/es\/wp-json\/wp\/v2\/product_tag?post=596"}],"curies":[{"name":"wp","href":"https:\/\/api.w.org\/{rel}","templated":true}]}}