{"id":562,"date":"2022-03-22T18:29:47","date_gmt":"2022-03-22T18:29:47","guid":{"rendered":"https:\/\/shroomschocolatebars.com\/?post_type=product&#038;p=562"},"modified":"2024-09-01T01:05:14","modified_gmt":"2024-09-01T01:05:14","slug":"setas-magicas-blue-magnolia-2","status":"publish","type":"product","link":"https:\/\/shroomschocolatebars.com\/es\/product\/blue-magnolia-magic-mushrooms\/","title":{"rendered":"Magnolia azul Setas m\u00e1gicas"},"content":{"rendered":"<h2><strong>Comprar setas m\u00e1gicas Blue Magnolia en l\u00ednea<\/strong><\/h2>\n<p>Bienvenido a nuestra exclusiva selecci\u00f3n de setas m\u00e1gicas Blue Magnolia, una variedad poco com\u00fan y muy buscada, conocida por sus potentes efectos y su atractivo visual \u00fanico. Tanto si eres un psiconauta experimentado como si exploras el mundo de las setas m\u00e1gicas por primera vez, la Blue Magnolia promete un viaje de iluminaci\u00f3n, creatividad y profunda introspecci\u00f3n.<\/p>\n<h3><strong>\u00bfQu\u00e9 son las setas m\u00e1gicas Blue Magnolia?<\/strong><\/h3>\n<p>Las setas m\u00e1gicas Blue Magnolia, conocidas cient\u00edficamente como <strong>Psilocybe Cubensis<\/strong>, son una cepa m\u00e1s reciente y extremadamente potente desarrollada a partir de muestras silvestres de Mississippi recogidas en 2011 por los mic\u00f3logos Doc y Mycotek. Estas setas se distinguen por sus sombreros azulados con manchas de \u00f3xido y tallos gruesos, que ofrecen una experiencia visual y sensorial \u00fanica.<\/p>\n<h3><strong>Caracter\u00edsticas principales:<\/strong><\/h3>\n<ul>\n<li><strong>Cepa:<\/strong> Magnolia azul<\/li>\n<li><strong>Potencia:<\/strong> Coloc\u00f3n, comparable a la famosa cepa Penis Envy<\/li>\n<li><strong>Efectos:<\/strong> Im\u00e1genes intensas, sentidos agudizados, experiencias espirituales e introspectivas<\/li>\n<li><strong>Forma:<\/strong> Capuchones y tallos secos de primera calidad<\/li>\n<\/ul>\n<h3><strong>Efectos de las setas m\u00e1gicas Blue Magnolia<\/strong><\/h3>\n<p>Las setas m\u00e1gicas Blue Magnolia son famosas por sus potentes efectos psicoactivos. Los consumidores suelen tener alucinaciones visuales v\u00edvidas, una mayor percepci\u00f3n sensorial y profundas percepciones espirituales. Los efectos pueden variar en funci\u00f3n de la dosis:<\/p>\n<ul>\n<li><strong>Microdosis (0,2-0,5 g):<\/strong> Mejora sutilmente el estado de \u00e1nimo, aumenta la creatividad y la productividad sin alucinaciones.<\/li>\n<li><strong>Dosis bajas (0,5-1,0g):<\/strong> Alteraciones visuales y sensoriales leves, ideales para entornos sociales y actividades creativas.<\/li>\n<li><strong>Dosis media (1,0-2,0g):<\/strong> Im\u00e1genes impactantes, euforia, profunda introspecci\u00f3n y una sensaci\u00f3n de conexi\u00f3n.<\/li>\n<li><strong>High Dose (2.5\u20135.0 g):<\/strong> Alucinaciones intensas, posibilidad de muerte del ego y experiencias espirituales profundas.<\/li>\n<\/ul>\n<h3><strong>\u00bfPor qu\u00e9 elegir las setas m\u00e1gicas Blue Magnolia?<\/strong><\/h3>\n<ol>\n<li><strong>Alta potencia:<\/strong> La Magnolia Azul es conocida por sus fuertes efectos, lo que la convierte en una de las favoritas entre los consumidores experimentados que buscan un potente viaje psicod\u00e9lico.<\/li>\n<li><strong>Beneficios terap\u00e9uticos:<\/strong> Los consumidores han declarado que alivian el estr\u00e9s, la ansiedad y la depresi\u00f3n. Estos hongos tambi\u00e9n fomentan la creatividad y la introspecci\u00f3n.<\/li>\n<li><strong>Raro y exclusivo:<\/strong> Esta cepa es relativamente nueva y poco com\u00fan en el mercado, ofreciendo una experiencia \u00fanica para los entusiastas de las setas.<\/li>\n<\/ol>\n<h3><strong>\u00bfPor qu\u00e9 elegirnos?<\/strong><\/h3>\n<p>En shroomschocolatebars, nos enorgullecemos de ofrecer s\u00f3lo las mejores setas m\u00e1gicas Penis Envy. Nuestro compromiso con la calidad y la satisfacci\u00f3n del cliente nos distingue. Ofrecemos:<\/p>\n<ul>\n<li><strong>Transparencia:<\/strong>\u00a0Full details about our cultivation process and third-party testing results ensure you know exactly what you\u2019re getting.<\/li>\n<li><strong><a href=\"https:\/\/shroomschocolatebars.com\/es\/politica-de-envios\/\">Env\u00edo discreto<\/a>:<\/strong>\u00a0Damos prioridad a su privacidad con un embalaje discreto y m\u00e9todos de env\u00edo seguros.<\/li>\n<li><strong><a href=\"https:\/\/shroomschocolatebars.com\/es\/contacto\/\">Atenci\u00f3n al cliente<\/a>:<\/strong> Nuestro competente y amable equipo de atenci\u00f3n al cliente est\u00e1 a su disposici\u00f3n para ayudarle con cualquier pregunta o duda.<\/li>\n<\/ul>\n<h3><strong>Pautas posol\u00f3gicas<\/strong><\/h3>\n<p>Debido a su alta potencia, es esencial empezar con una dosis baja para calibrar su tolerancia:<\/p>\n<ul>\n<li><strong>Microdosis (0,2-0,5 g):<\/strong> Ideal para principiantes que buscan mejorar su estado de \u00e1nimo y creatividad sin efectos intensos.<\/li>\n<li><strong>Dosis peque\u00f1as (0,5-1,0g):<\/strong> Adecuado para quienes buscan efectos de leves a moderados, incluidas mejoras visuales y sensoriales.<\/li>\n<li><strong>Dosis media (1,0-2,0g):<\/strong> Para una experiencia psicod\u00e9lica completa con fuertes efectos visuales y una profunda introspecci\u00f3n.<\/li>\n<li><strong>Dosis fuerte (2,5-5,0g):<\/strong> Recomendado para usuarios experimentados que buscan un viaje profundo que puede cambiarles la vida.<\/li>\n<\/ul>\n<h3><strong>Compra en l\u00ednea segura<\/strong><\/h3>\n<p>Ofrecemos una experiencia de compra en l\u00ednea c\u00f3moda y discreta para Blue Magnolia Magic Mushrooms. La calidad y la potencia de nuestros productos han sido probadas en laboratorio para garantizar que recibas el mejor producto posible. Disfrute de un env\u00edo r\u00e1pido y seguro con entrega gratuita en pedidos superiores a $50 dentro de Canad\u00e1.<\/p>\n<h3><strong>Satisfacci\u00f3n del cliente<\/strong><\/h3>\n<p>Nos enorgullecemos de la satisfacci\u00f3n de nuestros clientes y proporcionamos dosis detalladas y directrices de seguridad con cada compra. Nuestros envases est\u00e1n sellados al vac\u00edo para garantizar la m\u00e1xima frescura y una entrega discreta.<\/p>\n<h3><strong>C\u00f3mo comprar setas m\u00e1gicas Blue Magnolia<\/strong><\/h3>\n<p>Comprar Setas M\u00e1gicas Magnolia Azul es sencillo y seguro. Elija entre varias cantidades para adaptarse a sus necesidades:<\/p>\n<ul>\n<li><strong>3.5g<\/strong><\/li>\n<li><strong>7g<\/strong><\/li>\n<li><strong>14g<\/strong><\/li>\n<li><strong>28g<\/strong><\/li>\n<\/ul>\n<p>Cada compra incluye instrucciones de uso detalladas y precauciones de seguridad para garantizar una experiencia segura y agradable.<\/p>\n<h3><strong>Conclusi\u00f3n<\/strong><\/h3>\n<p>Disfruta de la experiencia \u00fanica y poderosa de las setas m\u00e1gicas Blue Magnolia. Tanto si buscas beneficios terap\u00e9uticos como una mejora creativa o un profundo viaje espiritual, Blue Magnolia te ofrece una opci\u00f3n vers\u00e1til y potente. Compra ahora y eleva tu experiencia psicod\u00e9lica con la elegancia y perspicacia que s\u00f3lo Blue Magnolia puede proporcionar.<\/p>","protected":false},"excerpt":{"rendered":"<p><strong>Comprar las mejores setas m\u00e1gicas Blue Magnolia<\/strong><\/p>\n<p><strong><u>Compre m\u00e1s, ahorre m\u00e1s:<\/u><\/strong><\/p>\n<ul>\n<li>28 gramos = $170<\/li>\n<\/ul>\n<p><strong>Detalles de env\u00edo<\/strong>:<\/p>\n<ul>\n<li>Env\u00edo urgente gratuito<\/li>\n<li>Realizamos env\u00edos a todo el mundo con n\u00famero de seguimiento<\/li>\n<li>Envase discreto y sellado al vac\u00edo para su intimidad<\/li>\n<\/ul>","protected":false},"featured_media":1043,"comment_status":"open","ping_status":"closed","template":"","meta":[],"product_brand":[],"product_cat":[45],"product_tag":[],"class_list":{"0":"post-562","1":"product","2":"type-product","3":"status-publish","4":"has-post-thumbnail","6":"product_cat-magic-mushroom","8":"first","9":"instock","10":"shipping-taxable","11":"purchasable","12":"product-type-simple"},"jetpack_sharing_enabled":true,"_links":{"self":[{"href":"https:\/\/shroomschocolatebars.com\/es\/wp-json\/wp\/v2\/product\/562","targetHints":{"allow":["GET"]}}],"collection":[{"href":"https:\/\/shroomschocolatebars.com\/es\/wp-json\/wp\/v2\/product"}],"about":[{"href":"https:\/\/shroomschocolatebars.com\/es\/wp-json\/wp\/v2\/types\/product"}],"replies":[{"embeddable":true,"href":"https:\/\/shroomschocolatebars.com\/es\/wp-json\/wp\/v2\/comments?post=562"}],"wp:featuredmedia":[{"embeddable":true,"href":"https:\/\/shroomschocolatebars.com\/es\/wp-json\/wp\/v2\/media\/1043"}],"wp:attachment":[{"href":"https:\/\/shroomschocolatebars.com\/es\/wp-json\/wp\/v2\/media?parent=562"}],"wp:term":[{"taxonomy":"product_brand","embeddable":true,"href":"https:\/\/shroomschocolatebars.com\/es\/wp-json\/wp\/v2\/product_brand?post=562"},{"taxonomy":"product_cat","embeddable":true,"href":"https:\/\/shroomschocolatebars.com\/es\/wp-json\/wp\/v2\/product_cat?post=562"},{"taxonomy":"product_tag","embeddable":true,"href":"https:\/\/shroomschocolatebars.com\/es\/wp-json\/wp\/v2\/product_tag?post=562"}],"curies":[{"name":"wp","href":"https:\/\/api.w.org\/{rel}","templated":true}]}}