{"id":470,"date":"2022-03-20T05:21:07","date_gmt":"2022-03-20T05:21:07","guid":{"rendered":"https:\/\/shroomschocolatebars.com\/?post_type=product&#038;p=470"},"modified":"2024-09-01T01:05:23","modified_gmt":"2024-09-01T01:05:23","slug":"hongos-ahumados","status":"publish","type":"product","link":"https:\/\/shroomschocolatebars.com\/es\/product\/amazonian-magic-mushrooms\/","title":{"rendered":"Setas m\u00e1gicas del Amazonas"},"content":{"rendered":"<h2><strong>Comprar setas m\u00e1gicas amaz\u00f3nicas\u00a0<\/strong><\/h2>\n<p>Las setas m\u00e1gicas amaz\u00f3nicas, conocidas cient\u00edficamente como <em>Psilocybe cubensis<\/em>son una potente y codiciada variedad de setas psicod\u00e9licas. Originarias de las exuberantes selvas tropicales del Amazonas, estas setas tienen una rica historia de uso en rituales espirituales y cham\u00e1nicos. Hoy en d\u00eda, son populares entre los psiconautas y los usuarios recreativos por sus profundos efectos alucin\u00f3genos, que ofrecen un viaje hacia la introspecci\u00f3n, la euforia y la estimulaci\u00f3n visual.<\/p>\n<h3><strong>\u00bfQu\u00e9 hace \u00fanicas a las setas m\u00e1gicas amaz\u00f3nicas?<\/strong><\/h3>\n<p>Las setas m\u00e1gicas amaz\u00f3nicas son veneradas por su alto contenido en psilocibina, que induce viajes potentes y v\u00edvidos. Los consumidores suelen experimentar intensas alucinaciones visuales y auditivas, una profunda sensaci\u00f3n de conexi\u00f3n con la naturaleza y un gran estado de euforia. Estas setas son ideales para quienes buscan una experiencia psicod\u00e9lica fuerte y transformadora.<\/p>\n<h4>Caracter\u00edsticas clave:<\/h4>\n<ul>\n<li><strong>Origen:<\/strong> Selva amaz\u00f3nica<\/li>\n<li><strong>Especies:<\/strong> Psilocybe cubensis<\/li>\n<li><strong>Potencia:<\/strong> Alta<\/li>\n<li><strong>Efectos:<\/strong> Euforia, alucinaciones visuales y auditivas, despertar espiritual, introspecci\u00f3n profunda.<\/li>\n<\/ul>\n<h3><strong>Efectos y experiencia<\/strong><\/h3>\n<p>Cuando consumes Setas M\u00e1gicas Amaz\u00f3nicas, puedes esperar un viaje que dura entre 4 y 6 horas. El viaje suele empezar con una sensaci\u00f3n de euforia y ligereza, que va derivando gradualmente en distorsiones visuales y auditivas m\u00e1s intensas. Muchos consumidores afirman haber experimentado profundas percepciones, avances emocionales y un mayor sentido de la creatividad.<\/p>\n<h4><strong>Efectos comunes:<\/strong><\/h4>\n<ul>\n<li><strong>Euforia:<\/strong> Una mayor sensaci\u00f3n de felicidad y bienestar.<\/li>\n<li><strong>Alucinaciones visuales:<\/strong> Colores vivos, dibujos y movimiento en el entorno.<\/li>\n<li><strong>Alucinaciones auditivas:<\/strong> Aumento de la percepci\u00f3n de los sonidos, que a menudo conduce a alucinaciones auditivas.<\/li>\n<li><strong>Introspecci\u00f3n:<\/strong> Pensamientos profundos y reflexivos y una sensaci\u00f3n de despertar espiritual.<\/li>\n<\/ul>\n<h3><strong>C\u00f3mo utilizar con seguridad las setas m\u00e1gicas amaz\u00f3nicas<\/strong><\/h3>\n<p>Safety is paramount when embarking on a psychedelic journey. Start with a low dose, especially if you are new to magic mushrooms. This allows you to gauge your body&#8217;s reaction and avoid an overwhelming experience. Always consume mushrooms in a safe, comfortable environment, ideally with a trusted friend who can act as a trip sitter.<\/p>\n<h3><strong>\u00bfPor qu\u00e9 elegirnos?<\/strong><\/h3>\n<p>En shroomschocolatebars, nos enorgullecemos de ofrecer s\u00f3lo las mejores setas m\u00e1gicas Penis Envy. Nuestro compromiso con la calidad y la satisfacci\u00f3n del cliente nos distingue. Ofrecemos:<\/p>\n<ul>\n<li><strong>Transparencia:<\/strong>\u00a0Full details about our cultivation process and third-party testing results ensure you know exactly what you\u2019re getting.<\/li>\n<li><strong><a href=\"https:\/\/shroomschocolatebars.com\/es\/politica-de-envios\/\">Env\u00edo discreto<\/a>:<\/strong>\u00a0Damos prioridad a su privacidad con un embalaje discreto y m\u00e9todos de env\u00edo seguros.<\/li>\n<li><strong><a href=\"https:\/\/shroomschocolatebars.com\/es\/contacto\/\">Atenci\u00f3n al cliente<\/a>:<\/strong>\u00a0Nuestro competente y amable equipo de atenci\u00f3n al cliente est\u00e1 a su disposici\u00f3n para ayudarle con cualquier pregunta o duda.<\/li>\n<\/ul>\n<h4><strong>Gu\u00eda de dosificaci\u00f3n:<\/strong><\/h4>\n<ul>\n<li><strong>Microdosis:<\/strong> 0.1 &#8211; 0.5 grams for subtle effects.<\/li>\n<li><strong>Dosis bajas:<\/strong> 0.5 &#8211; 1.5 grams for a mild trip.<\/li>\n<li><strong>Dosis moderada:<\/strong> 1.5 &#8211; 3 grams for a standard psychedelic experience.<\/li>\n<li><strong>Dosis altas:<\/strong> 3 &#8211; 5 grams for a profound and intense journey.<\/li>\n<\/ul>\n<h3><strong>Beneficios de las setas m\u00e1gicas amaz\u00f3nicas<\/strong><\/h3>\n<p>M\u00e1s all\u00e1 del uso recreativo, las setas m\u00e1gicas amaz\u00f3nicas se han estudiado por sus posibles beneficios terap\u00e9uticos. Las investigaciones indican que la psilocibina, el compuesto activo de estas setas, puede ayudar a tratar trastornos como la depresi\u00f3n, la ansiedad, el TEPT y la adicci\u00f3n. Muchos consumidores consideran que estas setas proporcionan una sensaci\u00f3n de claridad y liberaci\u00f3n emocional, ayudando al crecimiento personal y a la curaci\u00f3n.<\/p>\n<h4><strong>Beneficios terap\u00e9uticos:<\/strong><\/h4>\n<ul>\n<li><strong>Salud mental:<\/strong> Posible tratamiento de la depresi\u00f3n, la ansiedad y el TEPT.<\/li>\n<li><strong>Adicci\u00f3n:<\/strong> Ayuda a controlar y superar las adicciones, sobre todo al alcohol y la nicotina.<\/li>\n<li><strong>Liberaci\u00f3n emocional:<\/strong> Facilita los avances emocionales y el crecimiento personal.<\/li>\n<\/ul>\n<h3><strong>C\u00f3mo comprar setas m\u00e1gicas amaz\u00f3nicas en l\u00ednea<\/strong><\/h3>\n<p>Comprar en el Amazonas <a href=\"https:\/\/shroomschocolatebars.com\/es\/categoria-producto\/seta-magica\/\">Setas m\u00e1gicas<\/a> en l\u00ednea nunca ha sido tan f\u00e1cil. Aseg\u00farese de elegir un vendedor de confianza que ofrezca productos de alta calidad probados en laboratorio. Busque un embalaje discreto y un env\u00edo fiable para mantener su privacidad y garantizar una experiencia de compra perfecta.<\/p>\n<h4><strong>Qu\u00e9 buscar en un proveedor:<\/strong><\/h4>\n<ul>\n<li><strong>Garant\u00eda de calidad:<\/strong> Setas probadas en laboratorio para garantizar su seguridad y potencia.<\/li>\n<li><strong>Embalaje discreto:<\/strong> Embalaje seguro y sin marcas para mantener la privacidad.<\/li>\n<li><strong>Env\u00edos fiables:<\/strong> Opciones de env\u00edo r\u00e1pidas y fiables con seguimiento.<\/li>\n<li><strong>Atenci\u00f3n al cliente:<\/strong> Personal bien informado para ayudar con cualquier pregunta o preocupaci\u00f3n.<\/li>\n<\/ul>\n<h3><strong>Preguntas frecuentes<\/strong><\/h3>\n<p><strong>P: \u00bfC\u00f3mo se consumen las setas m\u00e1gicas amaz\u00f3nicas?<\/strong> R: Hay varias formas de consumir setas m\u00e1gicas, como masticarlas directamente, prepararlas en infusi\u00f3n o incorporarlas a la comida. Masticarlas permite que los efectos aparezcan m\u00e1s r\u00e1pidamente, mientras que el t\u00e9 puede ser m\u00e1s suave para el est\u00f3mago.<\/p>\n<p><strong>P: \u00bfSon legales las setas m\u00e1gicas amaz\u00f3nicas?<\/strong> R: La legalidad de las setas m\u00e1gicas var\u00eda seg\u00fan el pa\u00eds y la regi\u00f3n. Consulta siempre la legislaci\u00f3n local antes de comprar o consumir estas setas.<\/p>\n<p><strong>P: \u00bfQu\u00e9 debo hacer si tengo un mal viaje?<\/strong> R: Si experimentas un mal viaje, intenta mantener la calma y recu\u00e9rdate a ti mismo que los efectos son temporales. Que te acompa\u00f1e un amigo de confianza puede reconfortarte y tranquilizarte. La respiraci\u00f3n profunda y un cambio de ambiente tambi\u00e9n pueden ayudar a calmar la ansiedad.<\/p>\n<p><strong>P: \u00bfPuedo tomar microdosis de setas m\u00e1gicas amaz\u00f3nicas?<\/strong> R: S\u00ed, la microdosificaci\u00f3n consiste en tomar cantidades muy peque\u00f1as de setas para experimentar beneficios sutiles sin los efectos psicod\u00e9licos completos. Esto puede mejorar la creatividad, la concentraci\u00f3n y el bienestar general.<\/p>\n<h3><strong>Conclusi\u00f3n<\/strong><\/h3>\n<p>Amazonian Magic Mushrooms offer a powerful and transformative psychedelic experience. Whether you&#8217;re seeking spiritual enlightenment, therapeutic benefits, or a recreational journey, these mushrooms provide an unparalleled adventure into the mind&#8217;s depths. Always prioritize safety, start with a low dose, and choose a reputable vendor to ensure a positive and enlightening experience.<\/p>\n<p>Para obtener m\u00e1s informaci\u00f3n sobre la compra y el uso de las setas m\u00e1gicas amaz\u00f3nicas, visite nuestro <a href=\"https:\/\/shroomschocolatebars.com\/es\/tienda\/\">tienda<\/a><\/p>","protected":false},"excerpt":{"rendered":"<p><strong>Comprar las mejores setas m\u00e1gicas amaz\u00f3nicas<\/strong><\/p>\n<p><strong><u>Compre m\u00e1s, ahorre m\u00e1s:<\/u><\/strong><\/p>\n<ul>\n<li>28 gramos = $170<\/li>\n<\/ul>\n<p><strong>Detalles de env\u00edo<\/strong>:<\/p>\n<ul>\n<li>Env\u00edo urgente gratuito<\/li>\n<li>Realizamos env\u00edos a todo el mundo con n\u00famero de seguimiento<\/li>\n<li>Envase discreto y sellado al vac\u00edo para su intimidad<\/li>\n<\/ul>","protected":false},"featured_media":1145,"comment_status":"open","ping_status":"closed","template":"","meta":[],"product_brand":[],"product_cat":[45],"product_tag":[],"class_list":{"0":"post-470","1":"product","2":"type-product","3":"status-publish","4":"has-post-thumbnail","6":"product_cat-magic-mushroom","8":"first","9":"instock","10":"shipping-taxable","11":"purchasable","12":"product-type-simple"},"jetpack_sharing_enabled":true,"_links":{"self":[{"href":"https:\/\/shroomschocolatebars.com\/es\/wp-json\/wp\/v2\/product\/470","targetHints":{"allow":["GET"]}}],"collection":[{"href":"https:\/\/shroomschocolatebars.com\/es\/wp-json\/wp\/v2\/product"}],"about":[{"href":"https:\/\/shroomschocolatebars.com\/es\/wp-json\/wp\/v2\/types\/product"}],"replies":[{"embeddable":true,"href":"https:\/\/shroomschocolatebars.com\/es\/wp-json\/wp\/v2\/comments?post=470"}],"wp:featuredmedia":[{"embeddable":true,"href":"https:\/\/shroomschocolatebars.com\/es\/wp-json\/wp\/v2\/media\/1145"}],"wp:attachment":[{"href":"https:\/\/shroomschocolatebars.com\/es\/wp-json\/wp\/v2\/media?parent=470"}],"wp:term":[{"taxonomy":"product_brand","embeddable":true,"href":"https:\/\/shroomschocolatebars.com\/es\/wp-json\/wp\/v2\/product_brand?post=470"},{"taxonomy":"product_cat","embeddable":true,"href":"https:\/\/shroomschocolatebars.com\/es\/wp-json\/wp\/v2\/product_cat?post=470"},{"taxonomy":"product_tag","embeddable":true,"href":"https:\/\/shroomschocolatebars.com\/es\/wp-json\/wp\/v2\/product_tag?post=470"}],"curies":[{"name":"wp","href":"https:\/\/api.w.org\/{rel}","templated":true}]}}