{"id":440,"date":"2022-03-20T03:36:06","date_gmt":"2022-03-20T03:36:06","guid":{"rendered":"https:\/\/shroomschocolatebars.com\/?post_type=product&#038;p=440"},"modified":"2024-09-01T01:05:31","modified_gmt":"2024-09-01T01:05:31","slug":"psilocibina-esporas","status":"publish","type":"product","link":"https:\/\/shroomschocolatebars.com\/es\/product\/bayou-magic-mushrooms\/","title":{"rendered":"Setas m\u00e1gicas de Bayou"},"content":{"rendered":"<h2><strong>Comprar setas m\u00e1gicas de Bayou<\/strong><\/h2>\n<p>Las Bayou Magic Mushrooms, conocidas cient\u00edficamente como Psilocybe Cubensis Bayou, son una variedad extraordinaria originaria de las regiones h\u00famedas y pantanosas del Golfo y el Sur de los Estados Unidos. Conocidas por su potencia distintiva y sus profundos efectos psicod\u00e9licos, estas setas tienen una larga historia arraigada tanto en las culturas antiguas como en los entusiastas modernos.<\/p>\n<h3><strong>Caracter\u00edsticas y aspecto<\/strong><\/h3>\n<p>Bayou Magic Mushrooms are characterized by their dark to light brown hues, medium-sized caps, and slender stems. The caps often open wide, revealing gills with dark spores. Despite their simple appearance, these mushrooms pack a powerful punch, boasting a higher potency than many other Psilocybe Cubensis strains\u200b<\/p>\n<h3><strong>Cultivo y calidad<\/strong><\/h3>\n<p>Cultivated with meticulous care to ensure consistency and quality, Bayou Magic Mushrooms offer an unparalleled psychedelic experience. Each mushroom is dried and prepared to maintain its integrity and potency, making it easy to dose accurately and consume\u200b \u200b.<\/p>\n<h3><strong>Efectos y experiencia<\/strong><\/h3>\n<p>Consuming Bayou Magic Mushrooms typically results in a gradual onset of effects within 10-30 minutes. Users often report a wave of euphoria and mental clarity, followed by vivid visual enhancements, profound emotional and philosophical insights, and an overwhelming sense of tranquility. The experience can last several hours, gradually easing back to a state of normalcy, leaving a lingering feeling of peace and enlightenment\u200b \u200b.<\/p>\n<h3><strong>Gu\u00eda de dosificaci\u00f3n<\/strong><\/h3>\n<p>Proper dosage is crucial to achieving the desired experience with Bayou Magic Mushrooms. Here\u2019s a general guide to help you navigate your journey:<\/p>\n<ul>\n<li><strong>Experiencia leve<\/strong>: 0.75\u20131.25 grams<\/li>\n<li><strong>Experiencia media<\/strong>: 1.75\u20132.5 grams<\/li>\n<li><strong>Experiencia completa<\/strong>: 3\u20135 grams<\/li>\n<\/ul>\n<p>For beginners, starting with a lower dose is recommended to gauge the effects and adjust accordingly\u200b.<\/p>\n<h3><strong>\u00bfPor qu\u00e9 elegirnos?<\/strong><\/h3>\n<p>En shroomschocolatebars, nos enorgullecemos de ofrecer s\u00f3lo las mejores setas m\u00e1gicas Penis Envy. Nuestro compromiso con la calidad y la satisfacci\u00f3n del cliente nos distingue. Ofrecemos:<\/p>\n<ul>\n<li><strong>Transparencia:<\/strong>\u00a0Full details about our cultivation process and third-party testing results ensure you know exactly what you\u2019re getting.<\/li>\n<li><strong><a href=\"https:\/\/shroomschocolatebars.com\/es\/politica-de-envios\/\">Env\u00edo discreto<\/a>:<\/strong>\u00a0Damos prioridad a su privacidad con un embalaje discreto y m\u00e9todos de env\u00edo seguros.<\/li>\n<li><strong><a href=\"https:\/\/shroomschocolatebars.com\/es\/contacto\/\">Atenci\u00f3n al cliente<\/a>:<\/strong>\u00a0Nuestro competente y amable equipo de atenci\u00f3n al cliente est\u00e1 a su disposici\u00f3n para ayudarle con cualquier pregunta o duda.<\/li>\n<\/ul>\n<p>&nbsp;<\/p>\n<p>Para m\u00e1s opciones, explore nuestros productos relacionados:<\/p>\n<ul>\n<li><a href=\"https:\/\/shroomschocolatebars.com\/es\/producto\/envidia-del-pene-albino\/\" target=\"_new\" rel=\"noreferrer noopener\">Envidia del pene albino<\/a><\/li>\n<li><a href=\"https:\/\/shroomschocolatebars.com\/es\/producto\/hongos-ahumados\/\" target=\"_new\" rel=\"noreferrer noopener\">Setas m\u00e1gicas del Amazonas<\/a><\/li>\n<li><a href=\"https:\/\/shroomschocolatebars.com\/es\/producto\/magic-mushrooms-texas\/\" target=\"_new\" rel=\"noreferrer noopener\">Setas m\u00e1gicas del Volc\u00e1n Arenal<\/a><\/li>\n<\/ul>\n<p>Estos enlaces ofrecen cepas adicionales que pueden adaptarse a sus necesidades y proporcionarle experiencias a\u00fan m\u00e1s enriquecedoras.<\/p>\n<div class=\"css-a5m6co-text css-p8ym46-fontFamily css-11397xj-fontSize css-15qzf5r-display css-7bji7i-wordBreak\" style=\"text-align: center;\">\n<div class=\"css-a5m6co-text css-p8ym46-fontFamily css-11397xj-fontSize css-15qzf5r-display css-7bji7i-wordBreak\" style=\"text-align: center;\">\n<div class=\"css-a5m6co-text css-p8ym46-fontFamily css-11397xj-fontSize css-15qzf5r-display css-7bji7i-wordBreak\" style=\"text-align: center;\"><\/div>\n<\/div>\n<\/div>","protected":false},"excerpt":{"rendered":"<p><strong>Comprar las mejores setas m\u00e1gicas de Bayou<\/strong><\/p>\n<p><strong><u>Compre m\u00e1s, ahorre m\u00e1s:<\/u><\/strong><\/p>\n<ul>\n<li>28 gramos = $170<\/li>\n<\/ul>\n<p><strong>Detalles de env\u00edo<\/strong>:<\/p>\n<ul>\n<li>Env\u00edo urgente gratuito<\/li>\n<li>Realizamos env\u00edos a todo el mundo con n\u00famero de seguimiento<\/li>\n<li>Envase discreto y sellado al vac\u00edo para su intimidad<\/li>\n<\/ul>","protected":false},"featured_media":1144,"comment_status":"open","ping_status":"closed","template":"","meta":[],"product_brand":[],"product_cat":[45],"product_tag":[],"class_list":{"0":"post-440","1":"product","2":"type-product","3":"status-publish","4":"has-post-thumbnail","6":"product_cat-magic-mushroom","8":"first","9":"instock","10":"shipping-taxable","11":"purchasable","12":"product-type-simple"},"jetpack_sharing_enabled":true,"_links":{"self":[{"href":"https:\/\/shroomschocolatebars.com\/es\/wp-json\/wp\/v2\/product\/440","targetHints":{"allow":["GET"]}}],"collection":[{"href":"https:\/\/shroomschocolatebars.com\/es\/wp-json\/wp\/v2\/product"}],"about":[{"href":"https:\/\/shroomschocolatebars.com\/es\/wp-json\/wp\/v2\/types\/product"}],"replies":[{"embeddable":true,"href":"https:\/\/shroomschocolatebars.com\/es\/wp-json\/wp\/v2\/comments?post=440"}],"wp:featuredmedia":[{"embeddable":true,"href":"https:\/\/shroomschocolatebars.com\/es\/wp-json\/wp\/v2\/media\/1144"}],"wp:attachment":[{"href":"https:\/\/shroomschocolatebars.com\/es\/wp-json\/wp\/v2\/media?parent=440"}],"wp:term":[{"taxonomy":"product_brand","embeddable":true,"href":"https:\/\/shroomschocolatebars.com\/es\/wp-json\/wp\/v2\/product_brand?post=440"},{"taxonomy":"product_cat","embeddable":true,"href":"https:\/\/shroomschocolatebars.com\/es\/wp-json\/wp\/v2\/product_cat?post=440"},{"taxonomy":"product_tag","embeddable":true,"href":"https:\/\/shroomschocolatebars.com\/es\/wp-json\/wp\/v2\/product_tag?post=440"}],"curies":[{"name":"wp","href":"https:\/\/api.w.org\/{rel}","templated":true}]}}