{"id":434,"date":"2022-03-20T03:23:19","date_gmt":"2022-03-20T03:23:19","guid":{"rendered":"https:\/\/shroomschocolatebars.com\/?post_type=product&#038;p=434"},"modified":"2024-10-10T02:36:54","modified_gmt":"2024-10-10T02:36:54","slug":"setas-de-birmania","status":"publish","type":"product","link":"https:\/\/shroomschocolatebars.com\/es\/product\/alacabenzi-magic-mushrooms\/","title":{"rendered":"Setas m\u00e1gicas Alacabenzi"},"content":{"rendered":"<h2><strong>Comprar setas m\u00e1gicas Alacabenzi<\/strong><\/h2>\n<p>Las Setas M\u00e1gicas Alacabenzi son una cepa \u00fanica y popular de Psilocybe cubensis conocida por sus efectos psicod\u00e9licos equilibrados y moderados. Esta cepa es especialmente popular entre los principiantes debido a su naturaleza suave y su experiencia completa, lo que la convierte en un punto de entrada perfecto en el mundo de las setas m\u00e1gicas.<\/p>\n<h3><strong>Or\u00edgenes y antecedentes gen\u00e9ticos<\/strong><\/h3>\n<p>The Alacabenzi strain is theorized to be a hybrid of two prominent strains: the Mexican cubensis and the Alabama cubensis. This combination brings together the potent, introspective qualities of the Mexican strain and the robust, sizable nature of the Alabama strain. The result is a mushroom that is both large and spiritually resonant, providing a deeply satisfying experience for users\u200b<span class=\"\" data-state=\"closed\"><span class=\"text-token-text-secondary\">\u00a0<\/span><\/span><\/p>\n<h3><strong>Caracter\u00edsticas f\u00edsicas<\/strong><\/h3>\n<p>Alacabenzi mushrooms typically exhibit medium-sized caps that are light yellow in color, with slender and slightly curved stems. They are known for their resilience and robust growth, making them a favorite among cultivators. The strain\u2019s fruiting bodies can vary in size, with caps ranging from 1 to 4 cm and stems that can reach lengths of over 12 inches in optimal growing conditions\u200b<span class=\"\" data-state=\"closed\"><span class=\"text-token-text-secondary\">\u00a0<\/span><\/span><\/p>\n<h3><strong>Efectos y experiencia<\/strong><\/h3>\n<p>The effects of Alacabenzi Magic Mushrooms are generally described as producing a deep body high and altered spatial awareness rather than intense visual hallucinations. This makes them an excellent choice for those looking for a relaxing and meditative experience. Users often compare the sensation to being &#8220;stoned&#8221; on strong cannabis edibles, with effects that include mild euphoria, enhanced creativity, and a sense of physical relaxation. In higher doses, users might experience slight distortions in balance and equilibrium\u200b \u200b.<\/p>\n<h3><strong>Gu\u00eda de dosificaci\u00f3n<\/strong><\/h3>\n<p>Determinar la dosis adecuada de las Setas M\u00e1gicas Alacabenzi depende de la tolerancia individual y de los efectos deseados. Aqu\u00ed tienes una gu\u00eda general de dosificaci\u00f3n que te ayudar\u00e1 a empezar:<\/p>\n<ul>\n<li><strong>Dosis de creatividad:<\/strong> De 0,5 a 1,25 gramos<\/li>\n<li><strong>Dosis recreativa media:<\/strong> 1,5 a 2 gramos<\/li>\n<li><strong>Dosis recreativa completa:<\/strong> De 2 a 3,5 gramos<\/li>\n<li><strong>Dosis recreativa completa experimentada:<\/strong> 3,5 a 5 gramos<\/li>\n<li><strong>Dosis heroica:<\/strong> 5 to 7+ grams\u200b<span class=\"\" data-state=\"closed\"><span class=\"text-token-text-secondary\">\u00a0<\/span><\/span><\/li>\n<\/ul>\n<h3><strong>Cultivo y crecimiento<\/strong><\/h3>\n<p>Alacabenzi mushrooms are relatively easy to cultivate, making them a good choice for novice growers. They prefer substrates like rye grain or a mixture of coconut coir, vermiculite, and gypsum (CVG). The strain is known for its aggressive colonization and resistance to contamination, which contributes to its popularity among home cultivators\u200b<\/p>\n<h3><strong>\u00bfPor qu\u00e9 elegirnos?<\/strong><\/h3>\n<p>En shroomschocolatebars, nos enorgullecemos de ofrecer s\u00f3lo las mejores setas m\u00e1gicas Penis Envy. Nuestro compromiso con la calidad y la satisfacci\u00f3n del cliente nos distingue. Ofrecemos:<\/p>\n<ul>\n<li><strong>Transparencia:<\/strong>\u00a0Full details about our cultivation process and third-party testing results ensure you know exactly what you\u2019re getting.<\/li>\n<li><strong><a href=\"https:\/\/shroomschocolatebars.com\/es\/politica-de-envios\/\">Env\u00edo discreto<\/a>:<\/strong>\u00a0Damos prioridad a su privacidad con un embalaje discreto y m\u00e9todos de env\u00edo seguros.<\/li>\n<li><strong><a href=\"https:\/\/shroomschocolatebars.com\/es\/contacto\/\">Atenci\u00f3n al cliente<\/a>:<\/strong>\u00a0Nuestro competente y amable equipo de atenci\u00f3n al cliente est\u00e1 a su disposici\u00f3n para ayudarle con cualquier pregunta o duda.<\/li>\n<\/ul>\n<h3><strong>Comprar setas m\u00e1gicas Alacabenzi<\/strong><\/h3>\n<p>When purchasing Alacabenzi Magic Mushrooms, it&#8217;s essential to source them from reputable vendors to ensure quality and safety. You can find these mushrooms in various quantities, ranging from small amounts for personal use to larger quantities for extended use or sharing.<\/p>\n<p>Para productos relacionados, puede que desee explorar:<\/p>\n<ul>\n<li><a href=\"https:\/\/shroomschocolatebars.com\/es\/producto\/envidia-del-pene-albino\/\" target=\"_new\" rel=\"noreferrer noopener\">Envidia del pene albino<\/a><\/li>\n<li><a href=\"https:\/\/shroomschocolatebars.com\/es\/producto\/hongos-ahumados\/\" target=\"_new\" rel=\"noreferrer noopener\">Setas m\u00e1gicas del Amazonas<\/a><\/li>\n<li><a href=\"https:\/\/shroomschocolatebars.com\/es\/producto\/magic-mushrooms-texas\/\" target=\"_new\" rel=\"noreferrer noopener\">Setas m\u00e1gicas del Volc\u00e1n Arenal<\/a><\/li>\n<\/ul>\n<h3><strong>Conclusi\u00f3n<\/strong><\/h3>\n<p>Alacabenzi Magic Mushrooms offer a balanced and accessible psychedelic experience, making them ideal for both beginners and experienced users. Their unique combination of effects, ease of cultivation, and historical significance make them a noteworthy strain in the world of psilocybin mushrooms. Whether you\u2019re seeking a gentle introduction to psychedelics or a reliable option for a relaxing and introspective journey, Alacabenzi mushrooms are a versatile and rewarding choice.<\/p>","protected":false},"excerpt":{"rendered":"<p><strong>Comprar las mejores setas m\u00e1gicas Alacabenzi<\/strong><\/p>\n<p><strong><u>Compre m\u00e1s, ahorre m\u00e1s:<\/u><\/strong><\/p>\n<ul>\n<li>28 gramos = $170<\/li>\n<\/ul>\n<p><strong>Detalles de env\u00edo<\/strong>:<\/p>\n<ul>\n<li>Env\u00edo urgente gratuito<\/li>\n<li>Realizamos env\u00edos a todo el mundo con n\u00famero de seguimiento<\/li>\n<li>Envase discreto y sellado al vac\u00edo para su intimidad<\/li>\n<\/ul>","protected":false},"featured_media":1482,"comment_status":"open","ping_status":"closed","template":"","meta":[],"product_brand":[],"product_cat":[45],"product_tag":[],"class_list":{"0":"post-434","1":"product","2":"type-product","3":"status-publish","4":"has-post-thumbnail","6":"product_cat-magic-mushroom","8":"first","9":"instock","10":"shipping-taxable","11":"purchasable","12":"product-type-simple"},"jetpack_sharing_enabled":true,"_links":{"self":[{"href":"https:\/\/shroomschocolatebars.com\/es\/wp-json\/wp\/v2\/product\/434","targetHints":{"allow":["GET"]}}],"collection":[{"href":"https:\/\/shroomschocolatebars.com\/es\/wp-json\/wp\/v2\/product"}],"about":[{"href":"https:\/\/shroomschocolatebars.com\/es\/wp-json\/wp\/v2\/types\/product"}],"replies":[{"embeddable":true,"href":"https:\/\/shroomschocolatebars.com\/es\/wp-json\/wp\/v2\/comments?post=434"}],"wp:featuredmedia":[{"embeddable":true,"href":"https:\/\/shroomschocolatebars.com\/es\/wp-json\/wp\/v2\/media\/1482"}],"wp:attachment":[{"href":"https:\/\/shroomschocolatebars.com\/es\/wp-json\/wp\/v2\/media?parent=434"}],"wp:term":[{"taxonomy":"product_brand","embeddable":true,"href":"https:\/\/shroomschocolatebars.com\/es\/wp-json\/wp\/v2\/product_brand?post=434"},{"taxonomy":"product_cat","embeddable":true,"href":"https:\/\/shroomschocolatebars.com\/es\/wp-json\/wp\/v2\/product_cat?post=434"},{"taxonomy":"product_tag","embeddable":true,"href":"https:\/\/shroomschocolatebars.com\/es\/wp-json\/wp\/v2\/product_tag?post=434"}],"curies":[{"name":"wp","href":"https:\/\/api.w.org\/{rel}","templated":true}]}}