{"id":1562,"date":"2024-07-29T11:56:49","date_gmt":"2024-07-29T11:56:49","guid":{"rendered":"https:\/\/shroomschocolatebars.com\/?post_type=product&#038;p=1562"},"modified":"2024-09-01T00:57:55","modified_gmt":"2024-09-01T00:57:55","slug":"trufas-de-mermelada-de-arandanos-polkadot","status":"publish","type":"product","link":"https:\/\/shroomschocolatebars.com\/es\/product\/polkadot-blueberry-jam-truffles\/","title":{"rendered":"Trufas de mermelada de ar\u00e1ndanos Polkadot"},"content":{"rendered":"<h2><strong>Comprar Trufas de mermelada de ar\u00e1ndanos Polkadot<\/strong><\/h2>\n<p>Del\u00e9itese con la exquisita combinaci\u00f3n de rico chocolate negro y vibrante mermelada de ar\u00e1ndanos con las Trufas Polkadot con Mermelada de Ar\u00e1ndanos. Estas delicias est\u00e1n pensadas para los paladares m\u00e1s exigentes y los amantes de los caprichos gourmet. Elaboradas con el mejor chocolate belga y rellenas con un delicioso centro de mermelada de ar\u00e1ndanos, cada trufa promete una sinfon\u00eda de sabores que bailar\u00e1n en su lengua y perdurar\u00e1n en su memoria.<\/p>\n<h4><strong>Caracter\u00edsticas de lujo<\/strong><\/h4>\n<ul>\n<li><strong>Chocolate belga gourmet:<\/strong> Nuestras trufas se elaboran con el mejor cacao, lo que proporciona una experiencia de chocolate intensa y profunda.<\/li>\n<li><strong>Vibrante relleno de ar\u00e1ndanos:<\/strong> El centro de mermelada de ar\u00e1ndanos, dulce y \u00e1cido, ofrece un refrescante contraste con el rico chocolate negro, creando un delicioso equilibrio en cada bocado.<\/li>\n<li><strong>Calidad artesanal:<\/strong> Elaboradas a mano con precisi\u00f3n, cada trufa refleja nuestro compromiso con la calidad y el sabor.<\/li>\n<li><strong>Indulgencia consciente:<\/strong> Estas trufas sin gluten y aptas para veganos se adaptan a una gran variedad de preferencias diet\u00e9ticas, encarnando nuestra dedicaci\u00f3n a la inclusi\u00f3n y la producci\u00f3n \u00e9tica.<\/li>\n<\/ul>\n<h3><strong>La experiencia chocolatera definitiva<\/strong><\/h3>\n<p>Las Trufas Polkadot con Mermelada de Ar\u00e1ndanos no son s\u00f3lo bombones; son un viaje al mundo del placer sofisticado. Cada paquete contiene cuatro trufas envueltas individualmente, garantizando que cada momento de disfrute sea tan fresco y exquisito como el anterior. Con 500 miligramos de hongos m\u00e1gicos de primera calidad infundidos en cada paquete, estas trufas ofrecen un sabor y una experiencia \u00fanicos y profundos.<\/p>\n<h4><strong>Perfecto para cualquier ocasi\u00f3n<\/strong><\/h4>\n<p>Ya sea como regalo para un ser querido o como capricho para uno mismo, las Trufas Polkadot con mermelada de ar\u00e1ndanos son perfectas para cualquier ocasi\u00f3n. Su lujosa textura y exquisito sabor las convierten en la elecci\u00f3n ideal para reuniones \u00edntimas o celebraciones fastuosas.<\/p>\n<h3><strong>Gu\u00eda de dosificaci\u00f3n<\/strong><\/h3>\n<p>Para los que se inician en el mundo de los chocolates con hongos m\u00e1gicos, es esencial empezar con una dosis peque\u00f1a para medir la tolerancia. Cada paquete de Polkadot Blueberry Jam Truffles contiene 500 miligramos de setas m\u00e1gicas, repartidos en cuatro trufas. Empieza con una trufa (125 miligramos) y espera al menos una hora para evaluar los efectos antes de consumir m\u00e1s. Consume siempre de forma responsable y en un entorno seguro.<\/p>\n<h3><strong>\u00bfPor qu\u00e9 elegir Polkadot?<\/strong><\/h3>\n<ol>\n<li><strong>Artesan\u00eda:<\/strong> Cada trufa es un testimonio de nuestra dedicaci\u00f3n a crear las mejores experiencias de chocolate.<\/li>\n<li><strong>Ingredientes de calidad:<\/strong> Obtenidos de los mejores chocolateros e infusionados con setas m\u00e1gicas de primera calidad, garantizan una experiencia \u00fanica y lujosa.<\/li>\n<li><strong>Sabores innovadores:<\/strong> La combinaci\u00f3n de chocolate negro y mermelada de ar\u00e1ndanos da un giro novedoso a las trufas tradicionales, ofreciendo una sensaci\u00f3n de sabor \u00fanica.<\/li>\n<\/ol>\n<h3><strong>Productos relacionados<\/strong><\/h3>\n<p>Explore nuestras otras deliciosas ofertas para encontrar el complemento perfecto para sus Trufas Polkadot con mermelada de ar\u00e1ndanos:<\/p>\n<ul>\n<li><a href=\"https:\/\/shroomschocolatebars.com\/es\/producto\/trufas-de-polkadot-y-nata-3\/\" target=\"_new\" rel=\"noreferrer noopener\">Trufas de nata y frutas del bosque Polkadot<\/a><\/li>\n<li><a href=\"https:\/\/shroomschocolatebars.com\/es\/producto\/polkadot-milano-magic-mushroom-belgian-chocolate-bar\/\" target=\"_new\" rel=\"noreferrer noopener\">Tableta de chocolate belga Polkadot Milano Magic Mushroom<\/a><\/li>\n<li><a href=\"https:\/\/shroomschocolatebars.com\/es\/categoria-producto\/chocolatinas-polkadot\/\" target=\"_new\" rel=\"noreferrer noopener\">Colecci\u00f3n de tabletas de chocolate Polkadot<\/a><\/li>\n<\/ul>\n<h3><strong>Opiniones de los clientes<\/strong><\/h3>\n<p>Nuestros clientes est\u00e1n encantados con la deliciosa experiencia de las Trufas Polkadot con mermelada de ar\u00e1ndanos:<\/p>\n<ul>\n<li><strong>Owens Rell:<\/strong> &#8220;This helps me with my anxiety, can&#8217;t stop taking it. I feel so attached.&#8221;<\/li>\n<li><strong>Mia:<\/strong> &#8220;Shopping at BA Sickodot Shop is like entering a treasure trove of amazing finds! I can\u2019t recommend them enough.&#8221;<\/li>\n<li><strong>Jacob:<\/strong> &#8220;Every purchase from BA Sickodot Shop feels like a special indulgence \u2013 that\u2019s how good their products are!&#8221;<\/li>\n<\/ul>\n<h3><strong>M\u00e1s informaci\u00f3n<\/strong><\/h3>\n<p>Acomp\u00e1\u00f1enos en este viaje de sabor y lujo con las Trufas Polkadot Mermelada de Ar\u00e1ndanos. Tanto si es un experto en chocolates como si desea explorar el mundo de las delicias m\u00e1gicas con hongos, estas trufas prometen una experiencia sin igual. Del\u00e9itese con las intrincadas capas de sabor y textura que hacen de Polkadot un sello distintivo del placer gourmet.<\/p>","protected":false},"excerpt":{"rendered":"<p>Las Trufas Polkadot con Mermelada de Ar\u00e1ndanos no son s\u00f3lo bombones; son un viaje al mundo del placer sofisticado. Cada paquete contiene cuatro trufas envueltas individualmente, garantizando que cada momento de disfrute sea tan fresco y exquisito como el anterior. Con 500 miligramos de hongos m\u00e1gicos de primera calidad infundidos en cada paquete, estas trufas ofrecen un sabor y una experiencia \u00fanicos y profundos.<\/p>","protected":false},"featured_media":1567,"comment_status":"open","ping_status":"closed","template":"","meta":[],"product_brand":[],"product_cat":[331],"product_tag":[],"class_list":{"0":"post-1562","1":"product","2":"type-product","3":"status-publish","4":"has-post-thumbnail","6":"product_cat-polkadot-chocolate-bars","8":"first","9":"instock","10":"shipping-taxable","11":"purchasable","12":"product-type-simple"},"jetpack_sharing_enabled":true,"_links":{"self":[{"href":"https:\/\/shroomschocolatebars.com\/es\/wp-json\/wp\/v2\/product\/1562","targetHints":{"allow":["GET"]}}],"collection":[{"href":"https:\/\/shroomschocolatebars.com\/es\/wp-json\/wp\/v2\/product"}],"about":[{"href":"https:\/\/shroomschocolatebars.com\/es\/wp-json\/wp\/v2\/types\/product"}],"replies":[{"embeddable":true,"href":"https:\/\/shroomschocolatebars.com\/es\/wp-json\/wp\/v2\/comments?post=1562"}],"wp:featuredmedia":[{"embeddable":true,"href":"https:\/\/shroomschocolatebars.com\/es\/wp-json\/wp\/v2\/media\/1567"}],"wp:attachment":[{"href":"https:\/\/shroomschocolatebars.com\/es\/wp-json\/wp\/v2\/media?parent=1562"}],"wp:term":[{"taxonomy":"product_brand","embeddable":true,"href":"https:\/\/shroomschocolatebars.com\/es\/wp-json\/wp\/v2\/product_brand?post=1562"},{"taxonomy":"product_cat","embeddable":true,"href":"https:\/\/shroomschocolatebars.com\/es\/wp-json\/wp\/v2\/product_cat?post=1562"},{"taxonomy":"product_tag","embeddable":true,"href":"https:\/\/shroomschocolatebars.com\/es\/wp-json\/wp\/v2\/product_tag?post=1562"}],"curies":[{"name":"wp","href":"https:\/\/api.w.org\/{rel}","templated":true}]}}