{"id":1558,"date":"2024-07-29T11:36:17","date_gmt":"2024-07-29T11:36:17","guid":{"rendered":"https:\/\/shroomschocolatebars.com\/?post_type=product&#038;p=1558"},"modified":"2024-09-01T00:58:01","modified_gmt":"2024-09-01T00:58:01","slug":"polkadot-whoppers-chocolate-2","status":"publish","type":"product","link":"https:\/\/shroomschocolatebars.com\/es\/product\/polkadot-whoppers-chocolate-2\/","title":{"rendered":"Polkadot Whoppers Chocolate"},"content":{"rendered":"<h2><strong>Comprar chocolatina Polkadot Whoppers<\/strong><\/h2>\n<p>Disfrute de la mejor experiencia de chocolate con la tableta Polkadot Whoppers. Una creaci\u00f3n divina de Polkadot Chocolate, esta lujosa barrita combina el irresistible crujido de las bolas de malta Whoppers con la suave riqueza del chocolate de primera calidad. Perfectamente elaborada para los amantes del chocolate, esta delicia ofrece una deliciosa combinaci\u00f3n de texturas y sabores que elevar\u00e1 sus momentos de picoteo a un nivel completamente nuevo.<\/p>\n<h3><strong>Presentaci\u00f3n de la barra de chocolate Polkadot Whoppers<\/strong><\/h3>\n<p>The Polkadot Whoppers Chocolate Bar is not just a snack; it\u2019s a culinary masterpiece designed to captivate your senses. Each bite delivers a unique fusion of crunchy malt balls coated in silky milk chocolate, offering a satisfying crunch and a creamy melt-in-your-mouth experience. This bar is perfect for those who crave a blend of classic comfort and gourmet innovation.<\/p>\n<h4><strong>\u00bfPor qu\u00e9 elegir la barra de chocolate Polkadot Whoppers?<\/strong><\/h4>\n<ol>\n<li><strong>Calidad excepcional:<\/strong> Made with the finest ingredients, including high-quality chocolate and Whoppers malt balls, this bar is a testament to Polkadot Chocolate\u2019s commitment to excellence. The premium chocolate couverture envelops each malt ball, creating a symphony of flavors and textures in every bite.<\/li>\n<li><strong>Sabor irresistible:<\/strong> La barra de chocolate Polkadot Whoppers combina las notas ricas y cremosas del chocolate con leche con el inconfundible crujiente a malta de Whoppers. Esta armoniosa mezcla crea una sensaci\u00f3n de sabor que es a la vez familiar y extraordinaria.<\/li>\n<li><strong>Hecho para disfrutar:<\/strong> Whether you\u2019re unwinding after a long day or sharing a treat with friends and family, this chocolate bar is designed to enhance any occasion. Its gourmet touch makes it a perfect gift for chocolate enthusiasts or a special indulgence for yourself.<\/li>\n<\/ol>\n<h3><strong>Experimente lo mejor del chocolate Polkadot<\/strong><\/h3>\n<p>La tableta de chocolate Polkadot Whoppers forma parte de nuestra exclusiva colecci\u00f3n de tabletas de chocolate Polkadot, elaboradas para ofrecer un sabor y una calidad incomparables. Explore toda nuestra gama de deliciosas opciones, incluyendo la barra de chocolate Polkadot Whoppers. <a href=\"https:\/\/shroomschocolatebars.com\/es\/producto\/polkadot-milano-magic-mushroom-belgian-chocolate-bar\/\" target=\"_new\" rel=\"noreferrer noopener\">Tableta de chocolate belga Polkadot Milano Magic Mushroom<\/a>, <a href=\"https:\/\/shroomschocolatebars.com\/es\/producto\/polkadot-salted-pretzel-chocolate\/\" target=\"_new\" rel=\"noreferrer noopener\">Polkadot Pretzel de chocolate salado<\/a>y <a href=\"https:\/\/shroomschocolatebars.com\/es\/producto\/polkadot-toblerone-chocolate\/\" target=\"_new\" rel=\"noreferrer noopener\">Polkadot Toblerone Chocolate<\/a>para descubrir m\u00e1s formas de disfrutar del lujo del chocolate Polkadot.<\/p>\n<h3><strong>Informaci\u00f3n nutricional y gu\u00eda de dosificaci\u00f3n<\/strong><\/h3>\n<h4><strong>Informaci\u00f3n nutricional<\/strong><\/h4>\n<ul>\n<li><strong>Dosis:<\/strong> 1 barrita (aproximadamente 50 g)<\/li>\n<li><strong>Calor\u00edas:<\/strong> 250<\/li>\n<li><strong>Grasa total:<\/strong> 15g<\/li>\n<li><strong>Grasas saturadas:<\/strong> 8g<\/li>\n<li><strong>Colesterol:<\/strong> 20 mg<\/li>\n<li><strong>Sodio:<\/strong> 40 mg<\/li>\n<li><strong>Carbohidratos totales:<\/strong> 28g<\/li>\n<li><strong>Fibra diet\u00e9tica:<\/strong> 1g<\/li>\n<li><strong>Az\u00facares:<\/strong> 25g<\/li>\n<li><strong>Prote\u00ednas:<\/strong> 3g<\/li>\n<\/ul>\n<h4><strong>Gu\u00eda de dosificaci\u00f3n<\/strong><\/h4>\n<p>Para disfrutar de la mejor experiencia, saboree una barrita de chocolate Polkadot Whoppers en una sola porci\u00f3n. La barrita est\u00e1 dise\u00f1ada para saborearla, as\u00ed que t\u00f3mese su tiempo y disfrute de cada bocado. Quienes no est\u00e9n familiarizados con el chocolate gourmet o deseen controlar su ingesta de calor\u00edas, pueden dividir la barrita en trozos m\u00e1s peque\u00f1os para disfrutarla a lo largo del d\u00eda.<\/p>\n<p><strong>Nota importante:<\/strong> While Polkadot Whoppers Chocolate Bar is crafted with premium ingredients, it should be consumed as part of a balanced diet. If you have dietary restrictions or allergies, please check the product&#8217;s ingredient list or consult with a healthcare professional before consumption.<\/p>\n<h3><strong>Maridajes perfectos y sugerencias de servicio<\/strong><\/h3>\n<ol>\n<li><strong>Con una bebida caliente:<\/strong> Mejore su experiencia chocolatera acompa\u00f1ando la tableta de chocolate Polkadot Whoppers con una taza de caf\u00e9 o cacao caliente. El calor de la bebida complementar\u00e1 la textura cremosa del chocolate y el crujido de las bolas de malta.<\/li>\n<li><strong>Como postre adicional:<\/strong> Desmenuce la barra sobre helado o yogur para a\u00f1adir un delicioso crujiente y un rico sabor a chocolate a su postre. Esta vers\u00e1til barrita es perfecta para realzar una gran variedad de dulces.<\/li>\n<li><strong>Hacer regalos:<\/strong> La tableta de chocolate Polkadot Whoppers es un excelente regalo para cumplea\u00f1os, vacaciones o cualquier ocasi\u00f3n especial. Su sofisticado sabor y su elegante envase impresionar\u00e1n a cualquiera que la reciba.<\/li>\n<\/ol>\n<h3><strong>\u00bfPor qu\u00e9 comprar la tableta de chocolate Polkadot Whoppers?<\/strong><\/h3>\n<p>Comprar la tableta de chocolate Polkadot Whoppers significa invertir en una experiencia de chocolate de primera calidad que combina el atractivo cl\u00e1sico con la calidad gourmet. Cada tableta se elabora con cuidado y atenci\u00f3n al detalle, lo que garantiza un producto que destaca en el abarrotado mundo de las golosinas de chocolate. Con su mezcla de cremoso chocolate con leche y crujientes bolas de malta, esta tableta es imprescindible para cualquier aficionado al chocolate.<\/p>\n<p>Explore m\u00e1s de lo que Chocolate Polkadot tiene que ofrecer y descubra nuestra completa selecci\u00f3n de tabletas de chocolate gourmet. Visite nuestra <a href=\"https:\/\/shroomschocolatebars.com\/es\/categoria-producto\/chocolatinas-polkadot\/\" target=\"_new\" rel=\"noreferrer noopener\">Barritas de chocolate Polkadot<\/a> para explorar nuestra variada gama de sabores y encontrar su nuevo capricho favorito.<\/p>\n<h3><strong>Opiniones y testimonios de clientes<\/strong><\/h3>\n<p>Don\u2019t just take our word for it\u2014see what our customers are saying about the Polkadot Whoppers Chocolate Bar. With rave reviews praising its exceptional taste and quality, it\u2019s clear that this chocolate bar is making a lasting impression. Check out our customer reviews to see why the Polkadot Whoppers Chocolate Bar is quickly becoming a favorite among chocolate lovers.<\/p>","protected":false},"excerpt":{"rendered":"<p>Buy Polkadot Whoppers Chocolate Bar Indulge in the ultimate chocolate experience with the Polkadot Whoppers Chocolate Bar. A divine creation by Polkadot Chocolate, this luxurious bar blends the irresistible crunch of Whoppers malt balls with the smooth richness of premium chocolate. Perfectly crafted for chocolate lovers, this treat offers a delightful combination of textures and [&#8230;]\n","protected":false},"featured_media":1560,"comment_status":"open","ping_status":"closed","template":"","meta":[],"product_brand":[],"product_cat":[331],"product_tag":[],"class_list":{"0":"post-1558","1":"product","2":"type-product","3":"status-publish","4":"has-post-thumbnail","6":"product_cat-polkadot-chocolate-bars","8":"first","9":"instock","10":"shipping-taxable","11":"purchasable","12":"product-type-simple"},"jetpack_sharing_enabled":true,"_links":{"self":[{"href":"https:\/\/shroomschocolatebars.com\/es\/wp-json\/wp\/v2\/product\/1558","targetHints":{"allow":["GET"]}}],"collection":[{"href":"https:\/\/shroomschocolatebars.com\/es\/wp-json\/wp\/v2\/product"}],"about":[{"href":"https:\/\/shroomschocolatebars.com\/es\/wp-json\/wp\/v2\/types\/product"}],"replies":[{"embeddable":true,"href":"https:\/\/shroomschocolatebars.com\/es\/wp-json\/wp\/v2\/comments?post=1558"}],"wp:featuredmedia":[{"embeddable":true,"href":"https:\/\/shroomschocolatebars.com\/es\/wp-json\/wp\/v2\/media\/1560"}],"wp:attachment":[{"href":"https:\/\/shroomschocolatebars.com\/es\/wp-json\/wp\/v2\/media?parent=1558"}],"wp:term":[{"taxonomy":"product_brand","embeddable":true,"href":"https:\/\/shroomschocolatebars.com\/es\/wp-json\/wp\/v2\/product_brand?post=1558"},{"taxonomy":"product_cat","embeddable":true,"href":"https:\/\/shroomschocolatebars.com\/es\/wp-json\/wp\/v2\/product_cat?post=1558"},{"taxonomy":"product_tag","embeddable":true,"href":"https:\/\/shroomschocolatebars.com\/es\/wp-json\/wp\/v2\/product_tag?post=1558"}],"curies":[{"name":"wp","href":"https:\/\/api.w.org\/{rel}","templated":true}]}}