{"id":1551,"date":"2024-07-29T11:34:37","date_gmt":"2024-07-29T11:34:37","guid":{"rendered":"https:\/\/shroomschocolatebars.com\/?post_type=product&#038;p=1551"},"modified":"2024-09-01T00:58:02","modified_gmt":"2024-09-01T00:58:02","slug":"chocolatina-twix-de-lunares","status":"publish","type":"product","link":"https:\/\/shroomschocolatebars.com\/es\/product\/polkadot-twix-chocolate-bar\/","title":{"rendered":"Polkadot Twix Chocolate Bar"},"content":{"rendered":"<h2><strong>Comprar Polkadot Twix Chocolate Bar<\/strong><\/h2>\n<p>Welcome to the ultimate chocolate indulgence with the Polkadot Twix Chocolate Bar! If you&#8217;re craving a delightful blend of creamy chocolate and crunchy caramel, this bar is designed to elevate your snacking experience. Combining the beloved Twix flavors with the high-quality ingredients of Polkadot Chocolate, this treat promises a gourmet twist on a classic favorite.<\/p>\n<h3><strong>\u00bfPor qu\u00e9 elegir la barra de chocolate Polkadot Twix?<\/strong><\/h3>\n<p>The Polkadot Twix Chocolate Bar is more than just a chocolate bar\u2014it&#8217;s a gourmet experience. Here\u2019s why you should add this indulgent treat to your cart:<\/p>\n<ul>\n<li><strong>Ingredientes de primera calidad<\/strong>: Each Polkadot Twix Chocolate Bar is crafted with the finest ingredients. Enjoy the rich, smooth milk chocolate encasing a layer of luscious caramel and a crunchy biscuit base. It\u2019s the perfect combination of textures and flavors that will keep you coming back for more.<\/li>\n<li><strong>Giro \u00fanico<\/strong>: This isn&#8217;t your ordinary Twix bar. Polkadot has infused its signature chocolate expertise to create a one-of-a-kind chocolate bar that offers a unique taste experience. The result is a gourmet chocolate bar that stands out from the crowd.<\/li>\n<li><strong>Un capricho vers\u00e1til<\/strong>: Whether you&#8217;re looking for a sweet pick-me-up during the day, a special treat for a celebration, or a thoughtful gift for a loved one, the Polkadot Twix Chocolate Bar is an excellent choice.<\/li>\n<\/ul>\n<h3><strong>Caracter\u00edsticas principales<\/strong><\/h3>\n<ul>\n<li><strong>Chocolate con leche<\/strong>: Cada bocado revela una aterciopelada cobertura de chocolate con leche que se deshace en la boca, proporcionando una explosi\u00f3n de cremoso dulzor.<\/li>\n<li><strong>Base de galleta crujiente<\/strong>: Disfrute del satisfactorio crujido de la galleta, que a\u00f1ade una deliciosa textura que complementa el suave caramelo y chocolate.<\/li>\n<li><strong>Decadente capa de caramelo<\/strong>: La capa de caramelo es suave y pegajosa, y ofrece un sabor dulce y mantecoso que equilibra a la perfecci\u00f3n el chocolate y la galleta.<\/li>\n<\/ul>\n<h3><strong>Gu\u00eda de dosificaci\u00f3n<\/strong><\/h3>\n<p>For those who are mindful of their intake, we recommend enjoying the Polkadot Twix Chocolate Bar in moderation. Here\u2019s a simple guide to help you savor this treat:<\/p>\n<ul>\n<li><strong>Porci\u00f3n est\u00e1ndar<\/strong>: Una barrita suele contener aproximadamente 220 calor\u00edas. Es la cantidad perfecta para un tentempi\u00e9 satisfactorio sin excederse.<\/li>\n<li><strong>Trato ocasional<\/strong>: If you&#8217;re treating yourself to this bar as a part of a special occasion, aim for one bar per day to keep your indulgence balanced.<\/li>\n<li><strong>Sugerencias de maridaje<\/strong>: Mejore su experiencia combinando la barra de chocolate Polkadot Twix con una taza de caf\u00e9 o t\u00e9. Los ricos sabores del chocolate y el caramelo complementan a la perfecci\u00f3n las bebidas calientes.<\/li>\n<\/ul>\n<h3><strong>M\u00e1s delicias de Polkadot<\/strong><\/h3>\n<p>Si te gusta la tableta de chocolate Polkadot Twix, puede que tambi\u00e9n disfrutes explorando otras ofertas de la colecci\u00f3n Polkadot. Echa un vistazo a estos productos relacionados para satisfacer todos tus antojos de chocolate:<\/p>\n<ul>\n<li><a href=\"https:\/\/shroomschocolatebars.com\/es\/producto\/polkadot-milano-magic-mushroom-belgian-chocolate-bar\/\" target=\"_new\" rel=\"noreferrer noopener\">Tableta de chocolate belga Polkadot Milano Magic Mushroom<\/a>: Experimente una tableta de chocolate \u00fanica con una encantadora mezcla de sabores y texturas.<\/li>\n<li><a href=\"https:\/\/shroomschocolatebars.com\/es\/producto\/polkadot-salted-pretzel-chocolate\/\" target=\"_new\" rel=\"noreferrer noopener\">Polkadot Pretzel de chocolate salado<\/a>: Del\u00e9itese con la combinaci\u00f3n perfecta de dulce y salado con crujientes trocitos de pretzel envueltos en suave chocolate.<\/li>\n<li><a href=\"https:\/\/shroomschocolatebars.com\/es\/producto\/polkadot-toblerone-chocolate\/\" target=\"_new\" rel=\"noreferrer noopener\">Polkadot Toblerone Chocolate<\/a>: Disfrute de un Toblerone cl\u00e1sico con la calidad superior del chocolate Polkadot.<\/li>\n<\/ul>\n<h3><strong>D\u00f3nde comprar<\/strong><\/h3>\n<p>\u00bfListo para darte un capricho? Puedes comprar la tableta de chocolate Polkadot Twix directamente en nuestro sitio web. Visite nuestro <a href=\"https:\/\/shroomschocolatebars.com\/es\/categoria-producto\/chocolatinas-polkadot\/\" target=\"_new\" rel=\"noreferrer noopener\">Colecci\u00f3n de tabletas de chocolate Polkadot<\/a> para explorar todos los sabores disponibles y hacer su compra hoy mismo.<\/p>\n<h3><strong>\u00bfPor qu\u00e9 comprar con nosotros?<\/strong><\/h3>\n<p>En nuestra tienda, nos enorgullecemos de ofrecer barritas de chocolate de la mejor calidad que satisfacen todos los gustos y preferencias. Nuestra tableta de chocolate Polkadot Twix se elabora con esmero para que cada bocado sea una experiencia deliciosa. Estamos comprometidos a proporcionar un excelente servicio al cliente y garantizar su satisfacci\u00f3n con cada compra.<\/p>\n<ul>\n<li><strong>Env\u00edo r\u00e1pido<\/strong>: Ofrecemos opciones de env\u00edo r\u00e1pidas y fiables para garantizar que su chocolate llegue fresco y a tiempo.<\/li>\n<li><strong>Pago seguro<\/strong>: Compre con confianza utilizando nuestra pasarela de pago seguro. Su informaci\u00f3n est\u00e1 protegida, por lo que su experiencia de compra en l\u00ednea es segura y sin complicaciones.<\/li>\n<li><strong>Satisfacci\u00f3n del cliente<\/strong>: Estamos detr\u00e1s de nuestros productos y estamos aqu\u00ed para ayudarle con cualquier pregunta o preocupaci\u00f3n. Su satisfacci\u00f3n es nuestra m\u00e1xima prioridad.<\/li>\n<\/ul>\n<h3><strong>Conclusi\u00f3n<\/strong><\/h3>\n<p>The Polkadot Twix Chocolate Bar is a luxurious treat that combines classic flavors with a gourmet twist. With its rich milk chocolate, crunchy biscuit, and decadent caramel, it\u2019s a must-have for any chocolate lover. Explore our <a href=\"https:\/\/shroomschocolatebars.com\/es\/categoria-producto\/chocolatinas-polkadot\/\" target=\"_new\" rel=\"noreferrer noopener\">Colecci\u00f3n de tabletas de chocolate Polkadot<\/a> para descubrir m\u00e1s opciones deliciosas, y pide hoy mismo tu tableta de chocolate Polkadot Twix. Disfruta de un momento de felicidad con cada bocado.<\/p>\n<p>No dude en explorar productos relacionados como <a href=\"https:\/\/shroomschocolatebars.com\/es\/producto\/polkadot-milano-magic-mushroom-belgian-chocolate-bar\/\" target=\"_new\" rel=\"noreferrer noopener\">Tableta de chocolate belga Polkadot Milano Magic Mushroom<\/a>, <a href=\"https:\/\/shroomschocolatebars.com\/es\/producto\/polkadot-salted-pretzel-chocolate\/\" target=\"_new\" rel=\"noreferrer noopener\">Polkadot Pretzel de chocolate salado<\/a>y <a href=\"https:\/\/shroomschocolatebars.com\/es\/producto\/polkadot-toblerone-chocolate\/\" target=\"_new\" rel=\"noreferrer noopener\">Polkadot Toblerone Chocolate<\/a> para encontrar su nuevo capricho de chocolate favorito.<\/p>","protected":false},"excerpt":{"rendered":"<p>The Polkadot Twix Chocolate Bar is more than just a chocolate bar\u2014it&#8217;s a gourmet experience. Here\u2019s why you should add this indulgent treat to your cart:<\/p>","protected":false},"featured_media":1559,"comment_status":"open","ping_status":"closed","template":"","meta":[],"product_brand":[],"product_cat":[331],"product_tag":[],"class_list":{"0":"post-1551","1":"product","2":"type-product","3":"status-publish","4":"has-post-thumbnail","6":"product_cat-polkadot-chocolate-bars","8":"first","9":"instock","10":"shipping-taxable","11":"purchasable","12":"product-type-simple"},"jetpack_sharing_enabled":true,"_links":{"self":[{"href":"https:\/\/shroomschocolatebars.com\/es\/wp-json\/wp\/v2\/product\/1551","targetHints":{"allow":["GET"]}}],"collection":[{"href":"https:\/\/shroomschocolatebars.com\/es\/wp-json\/wp\/v2\/product"}],"about":[{"href":"https:\/\/shroomschocolatebars.com\/es\/wp-json\/wp\/v2\/types\/product"}],"replies":[{"embeddable":true,"href":"https:\/\/shroomschocolatebars.com\/es\/wp-json\/wp\/v2\/comments?post=1551"}],"wp:featuredmedia":[{"embeddable":true,"href":"https:\/\/shroomschocolatebars.com\/es\/wp-json\/wp\/v2\/media\/1559"}],"wp:attachment":[{"href":"https:\/\/shroomschocolatebars.com\/es\/wp-json\/wp\/v2\/media?parent=1551"}],"wp:term":[{"taxonomy":"product_brand","embeddable":true,"href":"https:\/\/shroomschocolatebars.com\/es\/wp-json\/wp\/v2\/product_brand?post=1551"},{"taxonomy":"product_cat","embeddable":true,"href":"https:\/\/shroomschocolatebars.com\/es\/wp-json\/wp\/v2\/product_cat?post=1551"},{"taxonomy":"product_tag","embeddable":true,"href":"https:\/\/shroomschocolatebars.com\/es\/wp-json\/wp\/v2\/product_tag?post=1551"}],"curies":[{"name":"wp","href":"https:\/\/api.w.org\/{rel}","templated":true}]}}