{"id":1520,"date":"2024-07-29T09:45:28","date_gmt":"2024-07-29T09:45:28","guid":{"rendered":"https:\/\/shroomschocolatebars.com\/?post_type=product&#038;p=1520"},"modified":"2024-09-01T00:58:42","modified_gmt":"2024-09-01T00:58:42","slug":"polkadot-fruity-pebbles-chocolatina-2","status":"publish","type":"product","link":"https:\/\/shroomschocolatebars.com\/es\/product\/polkadot-fruity-pebbles-chocolate-bar-2\/","title":{"rendered":"Chocolatina Polkadot Fruity Pebbles"},"content":{"rendered":"<h2><strong>Comprar barra de chocolate Polkadot Fruity Pebbles<\/strong><\/h2>\n<p>La barra de chocolate Polkadot Fruity Pebbles es una deliciosa fusi\u00f3n de vibrantes cereales Fruity Pebbles y rico chocolate blanco belga, elaborada para ofrecer un viaje sensorial \u00fanico. Esta barrita no es s\u00f3lo una delicia para el paladar, sino tambi\u00e9n un billete a una experiencia m\u00e1gica, gracias a su infusi\u00f3n de setas m\u00e1gicas.<\/p>\n<h3><strong>Caracter\u00edsticas principales:<\/strong><\/h3>\n<ul>\n<li><strong>Ingredientes de primera calidad:<\/strong> Elaborada con el mejor chocolate blanco belga, esta tableta ofrece una textura suave y cremosa que complementa a la perfecci\u00f3n el crujiente y el sabor de los cereales Fruity Pebbles.<\/li>\n<li><strong>Infusi\u00f3n de hongos m\u00e1gicos:<\/strong> Contiene 4 gramos de setas m\u00e1gicas, que proporcionan un viaje suave e introspectivo que puede potenciar la creatividad y la introspecci\u00f3n.<\/li>\n<li><strong>Nost\u00e1lgico y l\u00fadico:<\/strong> La combinaci\u00f3n de Fruity Pebbles y cremoso chocolate blanco evoca recuerdos de la infancia, al tiempo que ofrece un toque sofisticado.<\/li>\n<li><strong>De origen sostenible:<\/strong> Elaborados con un compromiso de abastecimiento \u00e9tico, para que disfrutes de tus caprichos con la conciencia tranquila.<\/li>\n<\/ul>\n<h3><strong>Gu\u00eda de dosificaci\u00f3n:<\/strong><\/h3>\n<ul>\n<li><strong>Microdosis (1-3 piezas):<\/strong> Ideal para principiantes o para quienes buscan potenciar la creatividad y la concentraci\u00f3n sin fuertes efectos psicoactivos.<\/li>\n<li><strong>Dosis terap\u00e9utica (4-9 piezas):<\/strong> Proporciona una experiencia m\u00e1s profunda, fomentando la atenci\u00f3n plena y una conexi\u00f3n m\u00e1s profunda con el entorno.<\/li>\n<li><strong>Modo Dios (10-15 piezas):<\/strong> Para usuarios experimentados que buscan una experiencia psicod\u00e9lica completa, incluidos efectos visuales y percepciones alteradas.<\/li>\n<\/ul>\n<h3><strong>\u00bfPor qu\u00e9 elegir Polkadot Fruity Pebbles?<\/strong><\/h3>\n<p>This chocolate bar is perfect for the adventurous at heart, those who appreciate a blend of creativity, quality, and nostalgia. Whether you&#8217;re enjoying a night in or exploring nature, this bar promises an unforgettable experience.<\/p>\n<h3><strong>Beneficios para la salud:<\/strong><\/h3>\n<p>The psilocybin and psilocin in the magic mushrooms are known for their potential therapeutic benefits, including reducing stress and depression, enhancing creativity, and even helping with addiction recovery\u200b<span class=\"\" data-state=\"closed\"><span class=\"text-token-text-secondary\"> .<\/span><\/span><\/p>\n<p><strong>Descubra m\u00e1s chocolatinas Polkadot:<\/strong><\/p>\n<ul>\n<li><a href=\"https:\/\/shroomschocolatebars.com\/es\/producto\/polkadot-ferrero-rocher-chocolate-bar\/\" target=\"_new\" rel=\"noreferrer noopener\">Chocolatina Ferrero Rocher Polkadot<\/a><\/li>\n<li><a href=\"https:\/\/shroomschocolatebars.com\/es\/producto\/polkadot-cookies-cacao-chocolate-bar\/\" target=\"_new\" rel=\"noreferrer noopener\">Barra de chocolate Polkadot Cookies &amp; Cacao<\/a><\/li>\n<li><a href=\"https:\/\/shroomschocolatebars.com\/es\/producto\/polkadot-frosted-flakes-magic-mushroom-chocolatina\/\" target=\"_new\" rel=\"noreferrer noopener\">Barrita de chocolate Polkadot Frosted Flakes Magic Mushroom<\/a><\/li>\n<li><a href=\"https:\/\/shroomschocolatebars.com\/es\/producto\/barra-de-chocolate-polkadot-cinnamon-toast-crunch\/\" target=\"_new\" rel=\"noreferrer noopener\">Barrita de chocolate Polkadot Cinnamon Toast Crunch<\/a><\/li>\n<\/ul>\n<p><strong>D\u00f3nde comprarlo:<\/strong><\/p>\n<p>Puede adquirir la tableta de chocolate Polkadot Fruity Pebbles y otras variedades en nuestra p\u00e1gina web <a href=\"https:\/\/shroomschocolatebars.com\/es\/categoria-producto\/chocolatinas-polkadot\/\" target=\"_new\" rel=\"noreferrer noopener\">Colecci\u00f3n de chocolatinas Polkadot<\/a>.<\/p>\n<p>Del\u00e9itese con el colorido y encantador mundo de las tabletas de chocolate Polkadot y deje que cada bocado le transporte a un lugar de caprichosas maravillas y juguetones caprichos.<\/p>","protected":false},"excerpt":{"rendered":"<p>La barra de chocolate Polkadot Fruity Pebbles es una deliciosa fusi\u00f3n de vibrantes cereales Fruity Pebbles y rico chocolate blanco belga, elaborada para ofrecer un viaje sensorial \u00fanico. Esta barrita no es s\u00f3lo una delicia para el paladar, sino tambi\u00e9n un billete a una experiencia m\u00e1gica, gracias a su infusi\u00f3n de setas m\u00e1gicas.<\/p>","protected":false},"featured_media":1524,"comment_status":"open","ping_status":"closed","template":"","meta":[],"product_brand":[],"product_cat":[331],"product_tag":[],"class_list":{"0":"post-1520","1":"product","2":"type-product","3":"status-publish","4":"has-post-thumbnail","6":"product_cat-polkadot-chocolate-bars","8":"first","9":"instock","10":"shipping-taxable","11":"purchasable","12":"product-type-simple"},"jetpack_sharing_enabled":true,"_links":{"self":[{"href":"https:\/\/shroomschocolatebars.com\/es\/wp-json\/wp\/v2\/product\/1520","targetHints":{"allow":["GET"]}}],"collection":[{"href":"https:\/\/shroomschocolatebars.com\/es\/wp-json\/wp\/v2\/product"}],"about":[{"href":"https:\/\/shroomschocolatebars.com\/es\/wp-json\/wp\/v2\/types\/product"}],"replies":[{"embeddable":true,"href":"https:\/\/shroomschocolatebars.com\/es\/wp-json\/wp\/v2\/comments?post=1520"}],"wp:featuredmedia":[{"embeddable":true,"href":"https:\/\/shroomschocolatebars.com\/es\/wp-json\/wp\/v2\/media\/1524"}],"wp:attachment":[{"href":"https:\/\/shroomschocolatebars.com\/es\/wp-json\/wp\/v2\/media?parent=1520"}],"wp:term":[{"taxonomy":"product_brand","embeddable":true,"href":"https:\/\/shroomschocolatebars.com\/es\/wp-json\/wp\/v2\/product_brand?post=1520"},{"taxonomy":"product_cat","embeddable":true,"href":"https:\/\/shroomschocolatebars.com\/es\/wp-json\/wp\/v2\/product_cat?post=1520"},{"taxonomy":"product_tag","embeddable":true,"href":"https:\/\/shroomschocolatebars.com\/es\/wp-json\/wp\/v2\/product_tag?post=1520"}],"curies":[{"name":"wp","href":"https:\/\/api.w.org\/{rel}","templated":true}]}}