{"id":1513,"date":"2024-07-29T09:58:27","date_gmt":"2024-07-29T09:58:27","guid":{"rendered":"https:\/\/shroomschocolatebars.com\/?post_type=product&#038;p=1513"},"modified":"2024-09-01T00:58:35","modified_gmt":"2024-09-01T00:58:35","slug":"chocolatina-polkadot-lucky-charms-2","status":"publish","type":"product","link":"https:\/\/shroomschocolatebars.com\/es\/product\/polkadot-lucky-charms-chocolate-bar-2\/","title":{"rendered":"Chocolatina Polkadot Lucky Charms"},"content":{"rendered":"<h2><strong>Comprar chocolatina Polkadot Lucky Charms<\/strong><\/h2>\n<p>Sum\u00e9rjase en el encantador mundo de Polkadot Lucky Charms Chocolate Bar, donde los nost\u00e1lgicos sabores de los cereales Lucky Charms se unen a la lujosa cremosidad del chocolate blanco belga de primera calidad. Esta m\u00e1gica golosina no es s\u00f3lo un placer para el paladar, sino tambi\u00e9n la puerta de entrada a un delicioso viaje, potenciado con un toque de psilocibina para una experiencia extraordinaria. Ideal tanto para entusiastas experimentados como para novatos curiosos, esta tableta de chocolate ofrece una mezcla \u00fanica de sabor, nostalgia y un toque de aventura.<\/p>\n<h2><strong>Caracter\u00edsticas principales<\/strong><\/h2>\n<ul>\n<li><strong>Lujoso chocolate blanco belga<\/strong>: Elaborado con el mejor chocolate blanco belga, cada bocado ofrece una textura cremosa y suave que complementa a la perfecci\u00f3n los coloridos trozos de cereales incrustados en su interior.<\/li>\n<li><strong>Juguetonas piezas de Lucky Charms<\/strong>: Reviva los recuerdos de la infancia con las caprichosas formas y los vibrantes colores de Lucky Charms, integrados en el chocolate para un delicioso crujido y dulzor.<\/li>\n<li><strong>Infusi\u00f3n de setas m\u00e1gicas<\/strong>: Con una infusi\u00f3n de 3,5 a 4 gramos de setas m\u00e1gicas, esta barrita ofrece una experiencia equilibrada y controlada, ideal tanto para microdosis como para aventuras m\u00e1s inmersivas.<\/li>\n<li><strong>Gu\u00eda de dosificaci\u00f3n<\/strong>:\n<ul>\n<li><strong>Microdosis (1-3 piezas)<\/strong>: Estimulaci\u00f3n suave de la mente, perfecto para principiantes.<\/li>\n<li><strong>Terap\u00e9utico (4-9 piezas)<\/strong>: Proporciona un estado consciente y elevado.<\/li>\n<li><strong>Modo Dios (10-15 piezas)<\/strong>: Para quienes buscan una experiencia m\u00e1s intensa, con efectos visuales notables y percepciones alteradas.<\/li>\n<\/ul>\n<\/li>\n<\/ul>\n<h3><strong>La experiencia<\/strong><\/h3>\n<p>La barra de chocolate Polkadot Lucky Charms est\u00e1 dise\u00f1ada para ser un capricho que tambi\u00e9n ofrece beneficios potenciales para el bienestar mental. La psilocibina, el compuesto activo de las setas m\u00e1gicas, es conocida por su capacidad para estimular el crecimiento de las c\u00e9lulas cerebrales, mejorar la concentraci\u00f3n y reducir los s\u00edntomas de la depresi\u00f3n y la ansiedad. Esto convierte a la barrita no s\u00f3lo en un delicioso tentempi\u00e9, sino tambi\u00e9n en una herramienta para el crecimiento personal y la exploraci\u00f3n.<\/p>\n<h3><strong>C\u00f3mo disfrutar<\/strong><\/h3>\n<p>Para apreciar plenamente la Polkadot Lucky Charms Chocolate Bar, recomendamos comenzar con una dosis m\u00e1s peque\u00f1a, especialmente para los usuarios de primera vez. Esto te permitir\u00e1 medir tu tolerancia y disfrutar del viaje a tu propio ritmo. Para obtener los mejores resultados, consumir en un entorno seguro y c\u00f3modo, idealmente rodeado de amigos o seres queridos. Los efectos suelen empezar en 20 o 30 minutos, con sutiles cambios de percepci\u00f3n que se intensifican gradualmente.<\/p>\n<h3><strong>Sostenibilidad y abastecimiento \u00e9tico<\/strong><\/h3>\n<p>Estamos comprometidos con la sostenibilidad y el abastecimiento \u00e9tico. Nuestro chocolate se elabora con habas de cacao cultivadas de forma sostenible y nuestros envases son ecol\u00f3gicos. De este modo, cada bocado no solo sabe bien, sino que tambi\u00e9n sienta bien, sabiendo que apoya pr\u00e1cticas responsables y sostenibles.<\/p>\n<h3><strong>\u00bfPor qu\u00e9 elegir la barra de chocolate Polkadot Lucky Charms?<\/strong><\/h3>\n<p>Choosing the Polkadot Lucky Charms Chocolate Bar means choosing a product that blends premium quality ingredients with an unforgettable experience. Whether you&#8217;re looking to explore the benefits of psilocybin or simply indulge in a unique treat, this chocolate bar offers something for everyone. It&#8217;s a perfect gift for the adventurous spirit in your life or a delightful treat for yourself.<\/p>\n<h3><strong>Productos relacionados<\/strong><\/h3>\n<p>Ampl\u00ede su colecci\u00f3n de caprichos m\u00e1gicos con nuestras otras chocolatinas Polkadot:<\/p>\n<ul>\n<li><a href=\"https:\/\/shroomschocolatebars.com\/es\/producto\/polkadot-godiva-fresas-chocolate\/\" target=\"_new\" rel=\"noreferrer noopener\">Polkadot Godiva Fresas Chocolate<\/a><\/li>\n<li><a href=\"https:\/\/shroomschocolatebars.com\/es\/producto\/polkadot-gummy-bears-chocolate-bar\/\" target=\"_new\" rel=\"noreferrer noopener\">Chocolatina Polkadot Gummy Bears<\/a><\/li>\n<li><a href=\"https:\/\/shroomschocolatebars.com\/es\/producto\/barra-de-chocolate-polkadot-cinnamon-toast-crunch\/\" target=\"_new\" rel=\"noreferrer noopener\">Barrita de chocolate Polkadot Cinnamon Toast Crunch<\/a><\/li>\n<\/ul>\n<p>Estos productos ofrecen una variedad de sabores y experiencias, cada uno con el mismo compromiso de calidad y disfrute.<\/p>\n<h3><strong>Conclusi\u00f3n<\/strong><\/h3>\n<p>The Polkadot Lucky Charms Chocolate Bar is more than just a snack; it&#8217;s a journey into a whimsical world of flavor and sensation. With its blend of high-quality chocolate, nostalgic cereal pieces, and the added twist of psilocybin, this bar is a must-try for anyone looking to explore the intersection of taste and adventure. Order now and let the magic begin!<\/p>\n<p>Para m\u00e1s informaci\u00f3n y para comprar, visite nuestro <a href=\"https:\/\/shroomschocolatebars.com\/es\/categoria-producto\/chocolatinas-polkadot\/\" target=\"_new\" rel=\"noreferrer noopener\">Barritas de chocolate Polkadot<\/a> colecci\u00f3n.<\/p>","protected":false},"excerpt":{"rendered":"<p>Choosing the Polkadot Lucky Charms Chocolate Bar means choosing a product that blends premium quality ingredients with an unforgettable experience. Whether you&#8217;re looking to explore the benefits of psilocybin or simply indulge in a unique treat, this chocolate bar offers something for everyone. It&#8217;s a perfect gift for the adventurous spirit in your life or a delightful treat for yourself.<\/p>","protected":false},"featured_media":1532,"comment_status":"open","ping_status":"closed","template":"","meta":[],"product_brand":[],"product_cat":[331],"product_tag":[],"class_list":{"0":"post-1513","1":"product","2":"type-product","3":"status-publish","4":"has-post-thumbnail","6":"product_cat-polkadot-chocolate-bars","8":"first","9":"instock","10":"shipping-taxable","11":"purchasable","12":"product-type-simple"},"jetpack_sharing_enabled":true,"_links":{"self":[{"href":"https:\/\/shroomschocolatebars.com\/es\/wp-json\/wp\/v2\/product\/1513","targetHints":{"allow":["GET"]}}],"collection":[{"href":"https:\/\/shroomschocolatebars.com\/es\/wp-json\/wp\/v2\/product"}],"about":[{"href":"https:\/\/shroomschocolatebars.com\/es\/wp-json\/wp\/v2\/types\/product"}],"replies":[{"embeddable":true,"href":"https:\/\/shroomschocolatebars.com\/es\/wp-json\/wp\/v2\/comments?post=1513"}],"wp:featuredmedia":[{"embeddable":true,"href":"https:\/\/shroomschocolatebars.com\/es\/wp-json\/wp\/v2\/media\/1532"}],"wp:attachment":[{"href":"https:\/\/shroomschocolatebars.com\/es\/wp-json\/wp\/v2\/media?parent=1513"}],"wp:term":[{"taxonomy":"product_brand","embeddable":true,"href":"https:\/\/shroomschocolatebars.com\/es\/wp-json\/wp\/v2\/product_brand?post=1513"},{"taxonomy":"product_cat","embeddable":true,"href":"https:\/\/shroomschocolatebars.com\/es\/wp-json\/wp\/v2\/product_cat?post=1513"},{"taxonomy":"product_tag","embeddable":true,"href":"https:\/\/shroomschocolatebars.com\/es\/wp-json\/wp\/v2\/product_tag?post=1513"}],"curies":[{"name":"wp","href":"https:\/\/api.w.org\/{rel}","templated":true}]}}