{"id":1506,"date":"2024-07-29T09:06:17","date_gmt":"2024-07-29T09:06:17","guid":{"rendered":"https:\/\/shroomschocolatebars.com\/?post_type=product&#038;p=1506"},"modified":"2024-09-01T00:58:54","modified_gmt":"2024-09-01T00:58:54","slug":"polkadot-cookies-cacao-chocolate-bar-2","status":"publish","type":"product","link":"https:\/\/shroomschocolatebars.com\/es\/product\/polkadot-cookies-cacao-chocolate-bar-2\/","title":{"rendered":"Polkadot Cookies &#038; Cacao Chocolate Bar"},"content":{"rendered":"<h3><strong>Comprar barra de chocolate Polkadot Cookies &amp; Cacao<\/strong><\/h3>\n<p>Del\u00e9itese con el exquisito sabor de la tableta de chocolate Polkadot Cookies &amp; Cacao, una deliciosa fusi\u00f3n de chocolate belga de primera calidad, crujientes trozos de galleta y las ricas notas terrosas del cacao. Esta tableta de chocolate ofrece una experiencia sensorial \u00fanica, combinando la suavidad del chocolate fino con el gratificante crujido de las galletas y el matizado sabor del cacao.<\/p>\n<h4><strong>El equilibrio perfecto de sabor y textura<\/strong><\/h4>\n<p>Elaborada con los mejores ingredientes, la tableta de chocolate Polkadot Cookies &amp; Cacao consigue el equilibrio perfecto entre dulzor y amargor, lo que la convierte en la elecci\u00f3n ideal para los entendidos en chocolate. El chocolate belga de alta calidad proporciona una base cremosa, mientras que los trozos de galleta a\u00f1aden un delicioso crujiente y el cacao realza la profundidad general del sabor.<\/p>\n<h4><strong>Beneficios del cacao para la salud<\/strong><\/h4>\n<p>El cacao no s\u00f3lo es delicioso, sino que tambi\u00e9n es muy beneficioso para la salud. Es rico en antioxidantes, flavonoides y otros nutrientes esenciales que pueden ayudar a reducir la inflamaci\u00f3n, disminuir la presi\u00f3n arterial y mejorar la salud del coraz\u00f3n. Incorporar cacao a su dieta tambi\u00e9n puede potenciar la funci\u00f3n cognitiva y mejorar el estado de \u00e1nimo, lo que convierte a esta tableta de chocolate en un capricho libre de culpa.<\/p>\n<h4><strong>Disfrute con responsabilidad: Gu\u00eda de dosificaci\u00f3n<\/strong><\/h4>\n<p>Cada tableta de chocolate Polkadot Cookies &amp; Cacao contiene ingredientes cuidadosamente seleccionados para garantizar una experiencia equilibrada y placentera. Para quienes no est\u00e9n familiarizados con el consumo de chocolates con infusi\u00f3n de hongos, se recomienda empezar con una peque\u00f1a porci\u00f3n, como un cuadrado de la barra, y esperar al menos una hora para medir los efectos antes de consumir m\u00e1s. Este enfoque prudente le ayudar\u00e1 a conocer su tolerancia y a disfrutar de la experiencia con seguridad.<\/p>\n<h4><strong>Almacenamiento adecuado<\/strong><\/h4>\n<p>Para mantener la calidad y frescura de su tableta de chocolate Polkadot Cookies &amp; Cacao, gu\u00e1rdela en un lugar fresco y seco. Un almacenamiento adecuado garantiza que el chocolate conserve su rico sabor y textura hasta seis meses. Sin embargo, dado su delicioso sabor, \u00a1puede que no dure tanto!<\/p>\n<h4><strong>Productos relacionados y enlaces internos<\/strong><\/h4>\n<p>Explore otras deliciosas opciones de la gama Polkadot:<\/p>\n<ul>\n<li><a href=\"https:\/\/shroomschocolatebars.com\/es\/producto\/chocolatina-polkadot-caramel-macchiato\/\" target=\"_new\" rel=\"noreferrer noopener\">Tableta de chocolate Polkadot Caramel Macchiato<\/a><\/li>\n<li><a href=\"https:\/\/shroomschocolatebars.com\/es\/producto\/polkadot-classic-belgian-milk-chocolate-bar\/\" target=\"_new\" rel=\"noreferrer noopener\">Polkadot Classic Barra de chocolate belga con leche<\/a><\/li>\n<li><a href=\"https:\/\/shroomschocolatebars.com\/es\/producto\/barra-de-chocolate-polkadot-butterfinger\/\" target=\"_new\" rel=\"noreferrer noopener\">Tableta de chocolate Polkadot Butterfinger<\/a><\/li>\n<li><a href=\"https:\/\/shroomschocolatebars.com\/es\/producto\/barra-de-chocolate-polkadot-cinnamon-toast-crunch\/\" target=\"_new\" rel=\"noreferrer noopener\">Barrita de chocolate Polkadot Cinnamon Toast Crunch<\/a><\/li>\n<\/ul>\n<p>Estas barritas ofrecen combinaciones de sabores \u00fanicas, lo que garantiza que haya algo para cada amante del chocolate.<\/p>\n<h4><strong>Opiniones de los clientes<\/strong><\/h4>\n<p>Los clientes elogian la barrita de chocolate Polkadot Cookies &amp; Cacao, destacando su perfecta combinaci\u00f3n de sabores y su satisfactoria textura. Muchos han destacado los efectos estimulantes y la calidad de los ingredientes, lo que la convierte en la opci\u00f3n favorita tanto de los clientes nuevos como de los habituales.<\/p>\n<h4><strong>\u00bfPor qu\u00e9 elegir Polkadot?<\/strong><\/h4>\n<p>Polkadot se dedica a elaborar productos de chocolate innovadores, deliciosos y de alta calidad. Nuestro compromiso con el uso de ingredientes de primera calidad y nuestra pasi\u00f3n por crear deliciosas experiencias de sabor nos distinguen. Cada tableta es un testimonio de nuestra dedicaci\u00f3n a la excelencia, garantizando que usted reciba un producto que no s\u00f3lo sabe muy bien, sino que tambi\u00e9n ofrece beneficios potenciales para la salud.<\/p>\n<p>Descubra el encantador mundo de las tabletas de chocolate Polkadot y eleve su experiencia chocolatera hoy mismo.<\/p>","protected":false},"excerpt":{"rendered":"<p>Buy Polkadot Cookies &amp; Cacao Chocolate Bar Indulge in the exquisite taste of the Polkadot Cookies &amp; Cacao Chocolate Bar, a delightful fusion of premium Belgian chocolate, crunchy cookie pieces, and the rich, earthy notes of cacao. This chocolate bar offers a unique sensory experience, combining the smoothness of fine chocolate with the satisfying crunch [&#8230;]\n","protected":false},"featured_media":1509,"comment_status":"open","ping_status":"closed","template":"","meta":[],"product_brand":[],"product_cat":[331],"product_tag":[],"class_list":{"0":"post-1506","1":"product","2":"type-product","3":"status-publish","4":"has-post-thumbnail","6":"product_cat-polkadot-chocolate-bars","8":"first","9":"instock","10":"shipping-taxable","11":"purchasable","12":"product-type-simple"},"jetpack_sharing_enabled":true,"_links":{"self":[{"href":"https:\/\/shroomschocolatebars.com\/es\/wp-json\/wp\/v2\/product\/1506","targetHints":{"allow":["GET"]}}],"collection":[{"href":"https:\/\/shroomschocolatebars.com\/es\/wp-json\/wp\/v2\/product"}],"about":[{"href":"https:\/\/shroomschocolatebars.com\/es\/wp-json\/wp\/v2\/types\/product"}],"replies":[{"embeddable":true,"href":"https:\/\/shroomschocolatebars.com\/es\/wp-json\/wp\/v2\/comments?post=1506"}],"wp:featuredmedia":[{"embeddable":true,"href":"https:\/\/shroomschocolatebars.com\/es\/wp-json\/wp\/v2\/media\/1509"}],"wp:attachment":[{"href":"https:\/\/shroomschocolatebars.com\/es\/wp-json\/wp\/v2\/media?parent=1506"}],"wp:term":[{"taxonomy":"product_brand","embeddable":true,"href":"https:\/\/shroomschocolatebars.com\/es\/wp-json\/wp\/v2\/product_brand?post=1506"},{"taxonomy":"product_cat","embeddable":true,"href":"https:\/\/shroomschocolatebars.com\/es\/wp-json\/wp\/v2\/product_cat?post=1506"},{"taxonomy":"product_tag","embeddable":true,"href":"https:\/\/shroomschocolatebars.com\/es\/wp-json\/wp\/v2\/product_tag?post=1506"}],"curies":[{"name":"wp","href":"https:\/\/api.w.org\/{rel}","templated":true}]}}