{"id":1502,"date":"2024-07-29T08:56:30","date_gmt":"2024-07-29T08:56:30","guid":{"rendered":"https:\/\/shroomschocolatebars.com\/?post_type=product&#038;p=1502"},"modified":"2024-09-01T00:59:00","modified_gmt":"2024-09-01T00:59:00","slug":"polkadot-classic-barra-de-chocolate-belga-con-leche-2","status":"publish","type":"product","link":"https:\/\/shroomschocolatebars.com\/es\/product\/polkadot-classic-belgian-milk-chocolate-bar-2\/","title":{"rendered":"Polkadot Classic Barra de chocolate belga con leche"},"content":{"rendered":"<h2><strong>Polkadot Classic Barra de chocolate belga con leche<\/strong><\/h2>\n<p>El <strong>Polkadot Classic Barra de chocolate belga con leche<\/strong> es una lujosa golosina que combina la rica y cremosa textura del chocolate con leche belga de primera calidad con los efectos \u00fanicos y profundos de las setas m\u00e1gicas. Perfecta tanto para los amantes del chocolate como para los psiconautas, esta barrita ofrece una forma deliciosa de explorar los beneficios de la psilocibina en un formato seguro y agradable.<\/p>\n<h4><strong>Principales caracter\u00edsticas y ventajas<\/strong><\/h4>\n<ol>\n<li><strong>Ingredientes de primera calidad<\/strong>: Nuestra tableta de chocolate se elabora con las mejores habas de cacao belgas, lo que garantiza un sabor rico y suave. Los ingredientes incluyen:\n<ul>\n<li>Cacao belga en grano<\/li>\n<li>Az\u00facar<\/li>\n<li>Manteca de cacao<\/li>\n<li>Lecitina de soja (emulgente)<\/li>\n<li>Extracto natural de vainilla<\/li>\n<li>Setas m\u00e1gicas<\/li>\n<\/ul>\n<\/li>\n<li><strong>Infusi\u00f3n de setas m\u00e1gicas<\/strong>: Cada barrita contiene 4 gramos de setas m\u00e1gicas de primera calidad, que ofrecen una experiencia esclarecedora que mejora el estado de \u00e1nimo, la funci\u00f3n cognitiva y el bienestar general. Esta infusi\u00f3n eleva el simple placer del chocolate a un profundo viaje de descubrimiento.<\/li>\n<li><strong>Abastecimiento \u00e9tico<\/strong>: Estamos comprometidos con la sostenibilidad y las pr\u00e1cticas de comercio justo. Todos los ingredientes de nuestras tabletas de chocolate proceden de fuentes \u00e9ticas, por un mundo mejor para todos.<\/li>\n<li><strong>Beneficios para la salud<\/strong>:\n<ul>\n<li><strong>Mejora del estado de \u00e1nimo<\/strong>: La psilocibina de las setas m\u00e1gicas puede elevar tu estado de \u00e1nimo y promover una sensaci\u00f3n de bienestar.<\/li>\n<li><strong>Refuerzo cognitivo<\/strong>: Mejora la claridad mental y la concentraci\u00f3n, favoreciendo la funci\u00f3n cognitiva.<\/li>\n<li><strong>Sin gluten<\/strong>: Apto para personas sensibles al gluten, por lo que es un capricho seguro y placentero.<\/li>\n<\/ul>\n<\/li>\n<\/ol>\n<h4><strong>Informaci\u00f3n nutricional<\/strong><\/h4>\n<p>Por raci\u00f3n de 30 g:<\/p>\n<ul>\n<li>Calor\u00edas: 160<\/li>\n<li>Grasa total: 9 g<\/li>\n<li>Grasas saturadas: 5g<\/li>\n<li>Colesterol: 0 mg<\/li>\n<li>Sodio: 20 mg<\/li>\n<li>Carbohidratos totales: 18g<\/li>\n<li>Fibra alimentaria: 2 g<\/li>\n<li>Az\u00facares: 14 g<\/li>\n<li>Prote\u00edna: 2g<\/li>\n<\/ul>\n<h4><strong>Sugerencias de uso<\/strong><\/h4>\n<ul>\n<li><strong>Indulgencia en solitario<\/strong>: Disfrute de la tableta sola para una experiencia de chocolate en estado puro.<\/li>\n<li><strong>Emparejamiento<\/strong>: Acomp\u00e1\u00f1elo con vino tinto o caf\u00e9 para realzar los sabores.<\/li>\n<li><strong>Horneado<\/strong>: Util\u00edcelo en postres para darles un toque rico y cremoso.<\/li>\n<\/ul>\n<h4><strong>Gu\u00eda de dosificaci\u00f3n<\/strong><\/h4>\n<p>For those new to magic mushroom edibles, it&#8217;s important to start with a small portion and gradually increase the dosage to find your comfort level. We recommend starting with a quarter of the bar (1 gram of magic mushrooms) and waiting for at least an hour to gauge the effects before consuming more. Always consume in a safe and comfortable environment, preferably with a trusted friend if it&#8217;s your first experience.<\/p>\n<h4><strong>\u00bfPor qu\u00e9 elegir la tableta de chocolate belga con leche Polkadot Classic?<\/strong><\/h4>\n<p>In a world of complex flavors and endless choices, the Polkadot Classic Belgian Milk Chocolate Bar stands out for its simplicity and quality. It\u2019s a reminder of the pure, uncomplicated joy that chocolate can bring, enhanced by the thoughtful addition of magic mushrooms for those seeking depth and introspection in their indulgence.<\/p>\n<p>Esta barra es ideal para cualquiera que aprecie las cosas buenas de la vida, valore la sostenibilidad y est\u00e9 abierto a explorar los profundos efectos de los psicod\u00e9licos en un formato seguro y agradable. Sum\u00e9rgete en la elegancia atemporal de nuestra tableta de chocolate con leche belga cl\u00e1sico y descubre un mundo de felicidad pura y sedosa.<\/p>\n<h4><strong>Productos relacionados<\/strong><\/h4>\n<p>Si desea m\u00e1s opciones deliciosas, explore nuestra gama de tabletas de chocolate Polkadot:<\/p>\n<ul>\n<li><a href=\"https:\/\/shroomschocolatebars.com\/es\/producto\/chocolatina-polkadot-caramel-macchiato\/\" target=\"_new\" rel=\"noreferrer noopener\">Tableta de chocolate Polkadot Caramel Macchiato<\/a><\/li>\n<li><a href=\"https:\/\/shroomschocolatebars.com\/es\/producto\/barra-de-chocolate-polkadot-apple-pie\/\" target=\"_new\" rel=\"noreferrer noopener\">Barrita de chocolate Polkadot Apple Pie<\/a><\/li>\n<li><a href=\"https:\/\/shroomschocolatebars.com\/es\/producto\/barra-de-chocolate-polkadot-butterfinger\/\" target=\"_new\" rel=\"noreferrer noopener\">Tableta de chocolate Polkadot Butterfinger<\/a><\/li>\n<li><a href=\"https:\/\/shroomschocolatebars.com\/es\/producto\/barra-de-chocolate-polkadot-cinnamon-toast-crunch\/\" target=\"_new\" rel=\"noreferrer noopener\">Barrita de chocolate Polkadot Cinnamon Toast Crunch<\/a><\/li>\n<\/ul>\n<h4><strong>Preguntas frecuentes<\/strong><\/h4>\n<p><strong>\u00bfEs esta chocolatina apta para vegetarianos?<\/strong><br \/>\nS\u00ed, es apto para vegetarianos.<\/p>\n<p><strong>\u00bfContiene este producto aditivos artificiales?<\/strong><br \/>\nNo, no contiene aditivos artificiales ni conservantes.<\/p>\n<p><strong>\u00bfCu\u00e1l es el m\u00e9todo de almacenamiento recomendado?<\/strong><br \/>\nGu\u00e1rdelo en un lugar fresco y seco, alejado de la luz solar directa.<\/p>\n<p><strong>Pedir ahora<\/strong><\/p>\n<p>Don\u2019t miss out on the luxurious taste of the Polkadot Classic Belgian Milk Chocolate Bar. Click <a href=\"https:\/\/shroomschocolatebars.com\/es\/categoria-producto\/chocolatinas-polkadot\/\" target=\"_new\" rel=\"noreferrer noopener\">aqu\u00ed<\/a> para hacer su pedido ahora y disfrutar de env\u00edo gratuito en pedidos superiores a $20.<\/p>","protected":false},"excerpt":{"rendered":"<p>El <strong>Polkadot Classic Barra de chocolate belga con leche<\/strong> es una lujosa golosina que combina la rica y cremosa textura del chocolate con leche belga de primera calidad con los efectos \u00fanicos y profundos de las setas m\u00e1gicas. Perfecta tanto para los amantes del chocolate como para los psiconautas, esta barrita ofrece una forma deliciosa de explorar los beneficios de la psilocibina en un formato seguro y agradable.<\/p>","protected":false},"featured_media":1504,"comment_status":"open","ping_status":"closed","template":"","meta":[],"product_brand":[],"product_cat":[331],"product_tag":[],"class_list":{"0":"post-1502","1":"product","2":"type-product","3":"status-publish","4":"has-post-thumbnail","6":"product_cat-polkadot-chocolate-bars","8":"first","9":"instock","10":"shipping-taxable","11":"purchasable","12":"product-type-simple"},"jetpack_sharing_enabled":true,"_links":{"self":[{"href":"https:\/\/shroomschocolatebars.com\/es\/wp-json\/wp\/v2\/product\/1502","targetHints":{"allow":["GET"]}}],"collection":[{"href":"https:\/\/shroomschocolatebars.com\/es\/wp-json\/wp\/v2\/product"}],"about":[{"href":"https:\/\/shroomschocolatebars.com\/es\/wp-json\/wp\/v2\/types\/product"}],"replies":[{"embeddable":true,"href":"https:\/\/shroomschocolatebars.com\/es\/wp-json\/wp\/v2\/comments?post=1502"}],"wp:featuredmedia":[{"embeddable":true,"href":"https:\/\/shroomschocolatebars.com\/es\/wp-json\/wp\/v2\/media\/1504"}],"wp:attachment":[{"href":"https:\/\/shroomschocolatebars.com\/es\/wp-json\/wp\/v2\/media?parent=1502"}],"wp:term":[{"taxonomy":"product_brand","embeddable":true,"href":"https:\/\/shroomschocolatebars.com\/es\/wp-json\/wp\/v2\/product_brand?post=1502"},{"taxonomy":"product_cat","embeddable":true,"href":"https:\/\/shroomschocolatebars.com\/es\/wp-json\/wp\/v2\/product_cat?post=1502"},{"taxonomy":"product_tag","embeddable":true,"href":"https:\/\/shroomschocolatebars.com\/es\/wp-json\/wp\/v2\/product_tag?post=1502"}],"curies":[{"name":"wp","href":"https:\/\/api.w.org\/{rel}","templated":true}]}}