{"id":1498,"date":"2024-07-29T08:41:54","date_gmt":"2024-07-29T08:41:54","guid":{"rendered":"https:\/\/shroomschocolatebars.com\/?post_type=product&#038;p=1498"},"modified":"2024-09-01T00:59:06","modified_gmt":"2024-09-01T00:59:06","slug":"chocolatina-polkadot-caramel-macchiato","status":"publish","type":"product","link":"https:\/\/shroomschocolatebars.com\/es\/product\/polkadot-caramel-macchiato-chocolate-bar\/","title":{"rendered":"Tableta de chocolate Polkadot Caramel Macchiato"},"content":{"rendered":"<h3><strong>Comprar barra de chocolate Polkadot Caramel Macchiato<\/strong><\/h3>\n<p>Bienvenido al delicioso mundo de las tabletas de chocolate Polkadot Caramel Macchiato, donde la calidad superior se une a un sabor extraordinario. Dise\u00f1ado para aquellos que anhelan una experiencia de chocolate \u00fanica y lujosa, este delicioso manjar combina a la perfecci\u00f3n el rico sabor del caramelo macchiato con el mejor chocolate belga. Nuestra Polkadot Caramel Macchiato Chocolate Bar no es s\u00f3lo un placer para el paladar, sino tambi\u00e9n un viaje al reino de las setas m\u00e1gicas comestibles, elaboradas para proporcionar una experiencia placentera y terap\u00e9utica.<\/p>\n<h4><strong>Exquisito perfil de sabor<\/strong><\/h4>\n<p>Del\u00e9itese con la textura suave y aterciopelada del chocolate belga de alta calidad, realzada con el sabor inconfundible y delicioso del caramelo macchiato. Cada bocado ofrece una mezcla armoniosa de chocolate rico y cremoso y el sabor dulce y mantecoso del caramelo, rematado con un sutil toque de caf\u00e9 que eleva la experiencia sensorial global. Las setas m\u00e1gicas infundidas a\u00f1aden un matiz terroso, creando un viaje de sabores equilibrado e inolvidable.<\/p>\n<h4><strong>Beneficios para la salud del chocolate con hongos m\u00e1gicos<\/strong><\/h4>\n<p>Our Polkadot Caramel Macchiato Chocolate Bar isn&#8217;t just a tasty indulgence; it&#8217;s packed with the potential health benefits of psilocybin mushrooms. Psilocybin has been known to promote mental well-being by enhancing mood, increasing creativity, and improving focus. Research has shown that psilocybin can help reconnect brain networks, aiding in the treatment of conditions such as depression, anxiety, PTSD, and addiction\u200b<span class=\"\" data-state=\"closed\"><span class=\"text-token-text-secondary\"> (<\/span><a class=\"text-green-600 !no-underline\" href=\"https:\/\/shroomschocolatebars.com\/es\/\" target=\"_blank\" rel=\"noopener noreferrer\">barritas de chocolate con setas<\/a><span class=\"text-token-text-secondary\">)<\/span><\/span>\u200b\u200b<\/p>\n<h4><strong>Gu\u00eda de microdosificaci\u00f3n<\/strong><\/h4>\n<p>Para optimizar su experiencia con las Barritas de Chocolate Polkadot Caramel Macchiato, le proporcionamos una gu\u00eda de dosificaci\u00f3n para ayudarle a elegir la cantidad adecuada a sus necesidades:<\/p>\n<ul>\n<li><strong>Microdosis (1-3 piezas):<\/strong> Ideal para estimular la mente y proporcionar una experiencia sutil y estimulante sin efectos psicoactivos significativos.<\/li>\n<li><strong>Dosis terap\u00e9utica (4-9 piezas):<\/strong> Adecuado para un estado consciente y elevado, perfecto para momentos terap\u00e9uticos y de introspecci\u00f3n m\u00e1s profunda.<\/li>\n<li><strong>Modo Dios (10-15 piezas):<\/strong> Recomendado para una experiencia intensa y envolvente en la que destacan las mejoras visuales y sensoriales. Consumir en un entorno seguro y evitar el manejo de veh\u00edculos.<\/li>\n<\/ul>\n<h4><strong>Informaci\u00f3n nutricional<\/strong><\/h4>\n<p>Each Polkadot Caramel Macchiato Chocolate Bar is crafted with care, ensuring you enjoy every bite. Here&#8217;s the nutritional breakdown per serving:<\/p>\n<ul>\n<li><strong>Dosis:<\/strong> 1 plaza<\/li>\n<li><strong>Raciones por barrita:<\/strong> 20<\/li>\n<li><strong>Contenido de psilocibina:<\/strong> 500 mg por pieza, 10.000 mg por barra<\/li>\n<li><strong>Calor\u00edas:<\/strong> 17<\/li>\n<li><strong>Grasa total:<\/strong> 1g<\/li>\n<li><strong>Grasas saturadas:<\/strong> 1g<\/li>\n<li><strong>Colesterol:<\/strong> 1mg<\/li>\n<li><strong>Sodio:<\/strong> 1mg<\/li>\n<li><strong>Carbohidratos totales:<\/strong> 2g<\/li>\n<li><strong>Az\u00facares totales:<\/strong> 2g<\/li>\n<li><strong>Prote\u00ednas:<\/strong> 0g<\/li>\n<\/ul>\n<h4><strong>Producci\u00f3n sostenible y \u00e9tica<\/strong><\/h4>\n<p>Nos enorgullece garantizar que nuestras tabletas de chocolate Polkadot Caramel Macchiato no s\u00f3lo sean deliciosas, sino tambi\u00e9n producidas de forma \u00e9tica. Nuestro chocolate procede de cacao cultivado de forma sostenible y nos aseguramos de que nuestros procesos de producci\u00f3n sean respetuosos con el medio ambiente. El envase ha sido dise\u00f1ado para ser respetuoso con el medio ambiente, lo que lo convierte en un placer libre de culpa en m\u00e1s de un sentido.<\/p>\n<h4><strong>\u00bfPor qu\u00e9 elegir las tabletas de chocolate Polkadot?<\/strong><\/h4>\n<ul>\n<li><strong>Ingredientes de primera calidad:<\/strong> Nuestras tabletas de chocolate se elaboran con el mejor chocolate belga, lo que garantiza una textura rica y suave.<\/li>\n<li><strong>Sabores \u00fanicos:<\/strong> La combinaci\u00f3n de caramelo macchiato y chocolate proporciona un sabor distintivo y agradable.<\/li>\n<li><strong>Beneficios para la salud:<\/strong> Con una infusi\u00f3n de hongos m\u00e1gicos, nuestras barritas ofrecen potenciales beneficios terap\u00e9uticos, mejorando el bienestar mental.<\/li>\n<li><strong>Producci\u00f3n \u00e9tica:<\/strong> De origen sostenible y respetuosas con el medio ambiente, nuestras tabletas de chocolate son una elecci\u00f3n responsable para los consumidores concienciados.<\/li>\n<\/ul>\n<h4><strong>Opiniones de los clientes<\/strong><\/h4>\n<p>A nuestros clientes les encantan las barritas de chocolate Polkadot Caramel Macchiato por su exquisito sabor y sus efectos beneficiosos:<\/p>\n<ul>\n<li><strong>Adam Peebles:<\/strong> &#8220;These are a revelation! The rich cocoa perfectly complements the earthy mushroom undertones, creating a taste experience unlike any other.&#8221;<\/li>\n<li><strong>Mark Jance:<\/strong> &#8220;As a wellness enthusiast, I&#8217;m always on the hunt for healthy alternatives. These psilocybin chocolate bars hit the mark!&#8221;<\/li>\n<li><strong>Serge Hertzog:<\/strong> &#8220;The blend of flavors is unique and exciting, and the health benefits add a guilt-free dimension to my chocolate indulgence.&#8221;<\/li>\n<\/ul>\n<h4><strong>M\u00e1s informaci\u00f3n<\/strong><\/h4>\n<p>Descubra nuestra gama completa de tabletas de chocolate Polkadot y otras setas m\u00e1gicas comestibles:<\/p>\n<ul>\n<li><a href=\"https:\/\/shroomschocolatebars.com\/es\/categoria-producto\/chocolatinas-polkadot\/\" target=\"_new\" rel=\"noreferrer noopener\">Barritas de chocolate Polkadot<\/a><\/li>\n<li><a href=\"https:\/\/shroomschocolatebars.com\/es\/producto\/chocolatina-polkadot-apple-jacks\/\" target=\"_new\" rel=\"noreferrer noopener\">Chocolatina Polkadot Apple Jacks<\/a><\/li>\n<li><a href=\"https:\/\/shroomschocolatebars.com\/es\/producto\/barra-de-chocolate-polkadot-apple-pie\/\" target=\"_new\" rel=\"noreferrer noopener\">Barrita de chocolate Polkadot Apple Pie<\/a><\/li>\n<li><a href=\"https:\/\/shroomschocolatebars.com\/es\/producto\/barra-de-chocolate-con-nueces-y-mantequilla-polkadot\/\" target=\"_new\" rel=\"noreferrer noopener\">Tableta de chocolate Polkadot Butter Pecan<\/a><\/li>\n<\/ul>","protected":false},"excerpt":{"rendered":"<p>Bienvenido al delicioso mundo de las tabletas de chocolate Polkadot Caramel Macchiato, donde la calidad superior se une a un sabor extraordinario. Dise\u00f1ado para aquellos que anhelan una experiencia de chocolate \u00fanica y lujosa, este delicioso manjar combina a la perfecci\u00f3n el rico sabor del caramelo macchiato con el mejor chocolate belga. Nuestra Polkadot Caramel Macchiato Chocolate Bar no es s\u00f3lo un placer para el paladar, sino tambi\u00e9n un viaje al reino de las setas m\u00e1gicas comestibles, elaboradas para proporcionar una experiencia placentera y terap\u00e9utica.<\/p>","protected":false},"featured_media":1499,"comment_status":"open","ping_status":"closed","template":"","meta":[],"product_brand":[],"product_cat":[331],"product_tag":[],"class_list":{"0":"post-1498","1":"product","2":"type-product","3":"status-publish","4":"has-post-thumbnail","6":"product_cat-polkadot-chocolate-bars","8":"first","9":"instock","10":"shipping-taxable","11":"purchasable","12":"product-type-simple"},"jetpack_sharing_enabled":true,"_links":{"self":[{"href":"https:\/\/shroomschocolatebars.com\/es\/wp-json\/wp\/v2\/product\/1498","targetHints":{"allow":["GET"]}}],"collection":[{"href":"https:\/\/shroomschocolatebars.com\/es\/wp-json\/wp\/v2\/product"}],"about":[{"href":"https:\/\/shroomschocolatebars.com\/es\/wp-json\/wp\/v2\/types\/product"}],"replies":[{"embeddable":true,"href":"https:\/\/shroomschocolatebars.com\/es\/wp-json\/wp\/v2\/comments?post=1498"}],"wp:featuredmedia":[{"embeddable":true,"href":"https:\/\/shroomschocolatebars.com\/es\/wp-json\/wp\/v2\/media\/1499"}],"wp:attachment":[{"href":"https:\/\/shroomschocolatebars.com\/es\/wp-json\/wp\/v2\/media?parent=1498"}],"wp:term":[{"taxonomy":"product_brand","embeddable":true,"href":"https:\/\/shroomschocolatebars.com\/es\/wp-json\/wp\/v2\/product_brand?post=1498"},{"taxonomy":"product_cat","embeddable":true,"href":"https:\/\/shroomschocolatebars.com\/es\/wp-json\/wp\/v2\/product_cat?post=1498"},{"taxonomy":"product_tag","embeddable":true,"href":"https:\/\/shroomschocolatebars.com\/es\/wp-json\/wp\/v2\/product_tag?post=1498"}],"curies":[{"name":"wp","href":"https:\/\/api.w.org\/{rel}","templated":true}]}}