{"id":1305,"date":"2024-07-22T16:23:42","date_gmt":"2024-07-22T16:23:42","guid":{"rendered":"https:\/\/shroomschocolatebars.com\/?page_id=1305"},"modified":"2024-07-22T16:26:35","modified_gmt":"2024-07-22T16:26:35","slug":"acerca-de-nosotros","status":"publish","type":"page","link":"https:\/\/shroomschocolatebars.com\/es\/about-us\/","title":{"rendered":"Qui\u00e9nes somos"},"content":{"rendered":"<p class=\"has-medium-font-size\">Qui\u00e9nes somos<\/p>\n\n\n\n<p class=\"has-medium-font-size\">\u00a1Bienvenido a Shrooms Chocolate Bars! Durante los \u00faltimos 10 a\u00f1os, nos hemos dedicado a elaborar exquisitas tabletas de chocolate con setas que combinan el chocolate gourmet con las mejores setas. Nuestro viaje comenz\u00f3 con la pasi\u00f3n por crear productos \u00fanicos, deliciosos y saludables.<\/p>\n\n\n\n<p class=\"has-medium-font-size\">En Shrooms Chocolate Bars, creemos en la magia de las setas y en el placer del chocolate. Nuestra misi\u00f3n es ofrecer una experiencia de sabor \u00fanica que no s\u00f3lo deleite sus sentidos, sino que tambi\u00e9n promueva el bienestar. Nos enorgullecemos de utilizar ingredientes de primera calidad, fuentes sostenibles y recetas innovadoras para ofrecerle las mejores barritas de chocolate con setas del mercado.<\/p>\n\n\n\n<p class=\"has-medium-font-size\">Nuestro compromiso con la calidad y la satisfacci\u00f3n del cliente ha estado en el centro de nuestras operaciones desde el primer d\u00eda. Agradecemos el apoyo y la confianza de nuestros fieles clientes, que han hecho posible nuestro viaje. Acomp\u00e1\u00f1enos mientras seguimos explorando nuevos sabores y compartiendo con el mundo las maravillas del chocolate con setas.<\/p>\n\n\n\n<p class=\"has-medium-font-size\">Gracias por elegir Shrooms Chocolate Bars. Esperamos poder servirle durante muchos a\u00f1os m\u00e1s.<\/p>","protected":false},"excerpt":{"rendered":"<p>About Us Welcome to Shrooms Chocolate Bars! For the past 10 years, we have been dedicated to crafting exquisite mushroom chocolate bars that combine gourmet chocolate with the finest mushrooms. Our journey began with a passion for creating unique, delicious, and health-conscious treats. At Shrooms Chocolate Bars, we believe in the magic of mushrooms and [&#8230;]\n","protected":false},"author":1,"featured_media":0,"parent":0,"menu_order":0,"comment_status":"closed","ping_status":"closed","template":"","meta":{"footnotes":""},"class_list":["post-1305","page","type-page","status-publish","hentry"],"jetpack_sharing_enabled":true,"_links":{"self":[{"href":"https:\/\/shroomschocolatebars.com\/es\/wp-json\/wp\/v2\/pages\/1305","targetHints":{"allow":["GET"]}}],"collection":[{"href":"https:\/\/shroomschocolatebars.com\/es\/wp-json\/wp\/v2\/pages"}],"about":[{"href":"https:\/\/shroomschocolatebars.com\/es\/wp-json\/wp\/v2\/types\/page"}],"author":[{"embeddable":true,"href":"https:\/\/shroomschocolatebars.com\/es\/wp-json\/wp\/v2\/users\/1"}],"replies":[{"embeddable":true,"href":"https:\/\/shroomschocolatebars.com\/es\/wp-json\/wp\/v2\/comments?post=1305"}],"version-history":[{"count":0,"href":"https:\/\/shroomschocolatebars.com\/es\/wp-json\/wp\/v2\/pages\/1305\/revisions"}],"wp:attachment":[{"href":"https:\/\/shroomschocolatebars.com\/es\/wp-json\/wp\/v2\/media?parent=1305"}],"curies":[{"name":"wp","href":"https:\/\/api.w.org\/{rel}","templated":true}]}}