{"id":976,"date":"2022-05-29T16:35:34","date_gmt":"2022-05-29T16:35:34","guid":{"rendered":"https:\/\/shroomschocolatebars.com\/?post_type=product&#038;p=976"},"modified":"2024-09-01T01:26:50","modified_gmt":"2024-09-01T01:26:50","slug":"5-meo-dmt-cart-5ml-purecybin-2","status":"publish","type":"product","link":"https:\/\/shroomschocolatebars.com\/de\/product\/5-meo-dmt-cart-5ml-purecybin-2\/","title":{"rendered":"5-MeO-DMT-Wagen 5mL Purecybin"},"content":{"rendered":"<h2><strong>5-MeO-DMT Cart 5mL Purecybin: Die ultimative psychedelische Erfahrung<\/strong><\/h2>\n<p>Welcome to the transformative world of 5-MeO-DMT Cart 5mL Purecybin, often referred to as &#8216;The God Molecule.&#8217; This powerful psychedelic offers a profound, life-altering experience that is both intense and enlightening. Our 5mL Purecybin cartridges are crafted to provide a consistent and pure experience, ensuring that each use is as impactful as the last. 5-MeO-DMT Cart 5mL Purecybin<\/p>\n<h3><strong>\u00dcbersicht<\/strong><\/h3>\n<p>5-MeO-DMT oder 5-Methoxy-N,N-Dimethyltryptamin ist ein starkes Psychedelikum der Tryptaminklasse. Es kommt nat\u00fcrlich in verschiedenen Pflanzen und im Gift der Bufo-Alvarius-Kr\u00f6te vor. Diese Verbindung ist bekannt f\u00fcr ihren schnellen Wirkungseintritt und ihre kurze Wirkungsdauer, die in der Regel etwa 30 Minuten betr\u00e4gt. Die 5-MeO-DMT-Erfahrung ist gekennzeichnet durch intensive visuelle und auditive Halluzinationen, ein Gef\u00fchl der Losl\u00f6sung von der Realit\u00e4t und tiefe spirituelle Einsichten.<\/p>\n<h4><strong>Produktmerkmale<\/strong><\/h4>\n<ul>\n<li><strong>Volumen der Kartusche<\/strong>: 5mL<\/li>\n<li><strong>DMT-Gehalt<\/strong>: 150mg pro Patrone<\/li>\n<li><strong>Kompatibilit\u00e4t<\/strong>: Passt auf alle Standard 510 Gewinde Patronen<\/li>\n<li><strong>Verwendung<\/strong>: Verdampft f\u00fcr optimale Wirkung<\/li>\n<\/ul>\n<h4><strong>Dosierungsrichtlinien<\/strong><\/h4>\n<p>Understanding the appropriate dosage for 5-MeO-DMT is crucial for a safe and transformative experience. Our 5mL Purecybin cartridges provide an estimated 4mg of DMT per 3-second pull. Here&#8217;s a breakdown of dosages:<\/p>\n<ul>\n<li><strong>Erlebnis Licht<\/strong>: 1-5 Z\u00fcge (4-24mg DMT)<\/li>\n<li><strong>Mittlere Erfahrung<\/strong>6-10 Z\u00fcge (24-50mg DMT)<\/li>\n<li><strong>Starke Erfahrung<\/strong>: 10+ Z\u00fcge (50+ mg DMT)<\/li>\n<\/ul>\n<p>It&#8217;s essential to start with a lower dose if you are new to 5-MeO-DMT and gradually increase it as you become more comfortable with the effects.<\/p>\n<h4><strong>Auswirkungen und Erfahrungen<\/strong><\/h4>\n<p>Die Wirkung von 5-MeO-DMT ist unmittelbar und stark. Innerhalb von 30 Sekunden nach der Inhalation, erleben die Nutzer typischerweise:<\/p>\n<ul>\n<li><strong>Visuelle und auditive Halluzinationen<\/strong>: Leuchtende Farben, bewegte Muster und verschlungene geometrische Formen<\/li>\n<li><strong>Dissoziation<\/strong>: Ein tiefes Gef\u00fchl des Losgel\u00f6stseins vom physischen K\u00f6rper und der Umgebung<\/li>\n<li><strong>Euphorie<\/strong>: Ein \u00fcberw\u00e4ltigendes Gef\u00fchl von Freude und Frieden<\/li>\n<li><strong>Spirituelle Einsichten<\/strong>: Viele Nutzer berichten von lebensver\u00e4ndernden spirituellen Erfahrungen und einem Gef\u00fchl der Einheit mit dem Universum<\/li>\n<\/ul>\n<p>The peak effects occur within 1-15 minutes and gradually fade over the next 30 minutes. It&#8217;s crucial to be in a safe and comfortable environment during the experience.<\/p>\n<h4><strong>Vorteile von 5-MeO-DMT<\/strong><\/h4>\n<p>Benutzer von 5-MeO-DMT beschreiben die Erfahrung oft als eine der tiefgreifendsten in ihrem Leben. Einige m\u00f6gliche Vorteile sind:<\/p>\n<ul>\n<li><strong>Verbesserte Selbstwahrnehmung<\/strong>: Tiefere Einblicke in pers\u00f6nliche Themen und Verhaltensweisen gewinnen<\/li>\n<li><strong>Geistliches Wachstum<\/strong>: Viele Nutzer berichten von einem verst\u00e4rkten Gef\u00fchl der Spiritualit\u00e4t und der Verbundenheit mit dem Universum<\/li>\n<li><strong>Emotionale Befreiung<\/strong>: Die Erfahrung kann zu einer erheblichen emotionalen Katharsis und Heilung f\u00fchren<\/li>\n<li><strong>Klarheit und Fokus<\/strong>: Nach der Erfahrung f\u00fchlen sich die Nutzer oft wieder zielgerichtet und klar<\/li>\n<\/ul>\n<h4><strong>Sicherheit und Vorsichtsma\u00dfnahmen<\/strong><\/h4>\n<p>Obwohl 5-MeO-DMT tiefgreifende Vorteile bieten kann, ist es wichtig, es verantwortungsbewusst zu verwenden. Hier sind einige Sicherheitsrichtlinien:<\/p>\n<ul>\n<li><strong>Satz und Einstellung<\/strong>: Stellen Sie sicher, dass Sie sich in einer sicheren, komfortablen Umgebung befinden, vorzugsweise in Anwesenheit eines vertrauten Sitters.<\/li>\n<li><strong>Start Niedrig<\/strong>: Beginnen Sie mit einer niedrigeren Dosis, um Ihre Empfindlichkeit gegen\u00fcber der Substanz abzusch\u00e4tzen<\/li>\n<li><strong>Vermischung vermeiden<\/strong>: Mischen Sie 5-MeO-DMT nicht mit anderen Substanzen, insbesondere nicht mit anderen Psychedelika oder Alkohol.<\/li>\n<li><strong>Hydratisiert bleiben<\/strong>: Trinken Sie viel Wasser vor und nach dem Erlebnis<\/li>\n<\/ul>\n<h4><strong>Warum unser 5-MeO-DMT Cart 5mL Purecybin w\u00e4hlen?<\/strong><\/h4>\n<p>Unser Produkt zeichnet sich durch seine Reinheit, Konsistenz und Kompatibilit\u00e4t mit Standard 510 Gewindepatronen aus. Jede Patrone wird sorgf\u00e4ltig getestet, um sicherzustellen, dass sie die h\u00f6chsten Standards f\u00fcr Qualit\u00e4t und Potenz erf\u00fcllt. Wenn Sie unsere 5-MeO-DMT Cart 5mL Purecybin w\u00e4hlen, entscheiden Sie sich f\u00fcr eine zuverl\u00e4ssige und transformative psychedelische Erfahrung.<\/p>\n<h4><strong>Schlussfolgerung<\/strong><\/h4>\n<p>Das 5-MeO-DMT Cart 5mL Purecybin bietet eine einzigartige Gelegenheit, die Tiefen Deines Bewusstseins zu erforschen und tiefe Einsichten zu gewinnen. Egal, ob Du ein erfahrener Psychonaut oder ein neugieriger Entdecker bist, dieses kraftvolle Psychedelikum kann Dir eine zutiefst transformative Erfahrung bieten. Denke daran, verantwortungsvoll zu handeln und die tiefgreifende Natur dieser Substanz zu respektieren.<\/p>\n<p>F\u00fcr weitere Informationen oder zum Kauf, besuchen Sie unsere Website <a href=\"https:\/\/shroomschocolatebars.com\/de\/shop\/\">Shop<\/a> und beginnen Sie noch heute Ihre Reise mit 5-MeO-DMT.<\/p>","protected":false},"excerpt":{"rendered":"<h3>5-MeO-DMT-Wagen 5mL Purecybin<\/h3>","protected":false},"featured_media":978,"comment_status":"open","ping_status":"closed","template":"","meta":[],"product_brand":[],"product_cat":[234],"product_tag":[],"class_list":{"0":"post-976","1":"product","2":"type-product","3":"status-publish","4":"has-post-thumbnail","6":"product_cat-buy-lsd-sheets-online","8":"first","9":"instock","10":"shipping-taxable","11":"purchasable","12":"product-type-simple"},"jetpack_sharing_enabled":true,"_links":{"self":[{"href":"https:\/\/shroomschocolatebars.com\/de\/wp-json\/wp\/v2\/product\/976","targetHints":{"allow":["GET"]}}],"collection":[{"href":"https:\/\/shroomschocolatebars.com\/de\/wp-json\/wp\/v2\/product"}],"about":[{"href":"https:\/\/shroomschocolatebars.com\/de\/wp-json\/wp\/v2\/types\/product"}],"replies":[{"embeddable":true,"href":"https:\/\/shroomschocolatebars.com\/de\/wp-json\/wp\/v2\/comments?post=976"}],"wp:featuredmedia":[{"embeddable":true,"href":"https:\/\/shroomschocolatebars.com\/de\/wp-json\/wp\/v2\/media\/978"}],"wp:attachment":[{"href":"https:\/\/shroomschocolatebars.com\/de\/wp-json\/wp\/v2\/media?parent=976"}],"wp:term":[{"taxonomy":"product_brand","embeddable":true,"href":"https:\/\/shroomschocolatebars.com\/de\/wp-json\/wp\/v2\/product_brand?post=976"},{"taxonomy":"product_cat","embeddable":true,"href":"https:\/\/shroomschocolatebars.com\/de\/wp-json\/wp\/v2\/product_cat?post=976"},{"taxonomy":"product_tag","embeddable":true,"href":"https:\/\/shroomschocolatebars.com\/de\/wp-json\/wp\/v2\/product_tag?post=976"}],"curies":[{"name":"wp","href":"https:\/\/api.w.org\/{rel}","templated":true}]}}