{"id":924,"date":"2022-05-26T03:01:08","date_gmt":"2022-05-26T03:01:08","guid":{"rendered":"https:\/\/shroomschocolatebars.com\/?post_type=product&#038;p=924"},"modified":"2025-07-30T04:15:16","modified_gmt":"2025-07-30T04:15:16","slug":"unendliche-rx-shroom-infundiert-albino-penis-neid-gummis","status":"publish","type":"product","link":"https:\/\/shroomschocolatebars.com\/de\/product\/infinite-rx-shroom-infused-albino-penis-envy-gummies\/","title":{"rendered":"INfinite Rx Shroom Infused Albino Penis Envy Gummib\u00e4rchen"},"content":{"rendered":"<h2><strong>INfinite Rx Shroom Infused Albino Penis Envy Gummies Produktbeschreibung<\/strong><\/h2>\n<h4><strong>Entdecken Sie die Kraft von INfinite Rx Shroom Infused Albino Penis Envy gummies<\/strong><\/h4>\n<p>Erleben Sie eine neue Dimension des Psilocybin-Konsums mit INfinite Rx Shroom Infused Albino Penis Envy Gummies. Diese Gourmet-Gummis wurden entwickelt, um eine bequeme, schmackhafte und potente M\u00f6glichkeit zu bieten, die Vorteile von Magic Mushrooms zu genie\u00dfen. Speziell f\u00fcr diejenigen, die die feineren Dinge in psychedelischen Erfahrungen zu sch\u00e4tzen wissen, sind diese Gummib\u00e4rchen eine au\u00dfergew\u00f6hnliche Wahl. INfinite Rx Shroom Infused Albino Penis Envy Gummib\u00e4rchen<\/p>\n<h3><strong>Produkt-Highlights<\/strong><\/h3>\n<ul>\n<li><strong>Potenter Psilocybin-Gehalt<\/strong>: Each gummy is infused with 1000 mg of the powerful Albino Penis Envy (A.P.E) magic mushroom strain, making them suitable for seasoned psychonauts.<\/li>\n<li><strong>K\u00f6stliche Geschmacksrichtungen<\/strong>: Genie\u00dfen Sie eine Auswahl an Geschmacksrichtungen, darunter Kirsche, Erdbeere, Blaubeere, Orange, Limette und Zitrone, die jeden Bissen zu einem k\u00f6stlichen Erlebnis machen.<\/li>\n<li><strong>Bequeme Dosierung<\/strong>: Mit vier Gummib\u00e4rchen pro Packung, die insgesamt 2000 mg Psilocybin enthalten, ist die Dosierung einfach und konsistent.<\/li>\n<\/ul>\n<h3><strong>Why Choose INfinite Rx Shroom-Infused Gummies?<\/strong><\/h3>\n<h4>Verbesserte Verdaulichkeit<\/h4>\n<p>One of the key advantages of consuming INfinite Rx gummies is their enhanced digestibility. Unlike traditional dried mushrooms, these gummies are easy on the stomach, reducing the likelihood of gastrointestinal discomfort, often referred to as &#8220;gut rot.&#8221; This means you can enjoy your journey without the unpleasant physical side effects.<\/p>\n<h4>\u00dcberlegener Geschmack<\/h4>\n<p>INfinite Rx Gummib\u00e4rchen \u00fcberdecken den oft unangenehmen Geschmack von rohen Pilzen mit ihrem k\u00f6stlichen, fruchtigen Aroma. Dies macht die Erfahrung des Konsums viel angenehmer, so dass Sie sich auf die Wirkung und nicht auf den Geschmack konzentrieren k\u00f6nnen.<\/p>\n<h4>Schnell wirkendes und kontrolliertes Hoch<\/h4>\n<p>These gummies are designed to be fast-acting, with effects typically beginning within 30\u201345 minutes of consumption. Additionally, the experience lasts about half as long as that of traditional magic mushrooms, giving you better control over the duration of your trip. This is particularly beneficial for those who need to plan their experiences around other commitments.<\/p>\n<h3><strong>Dosierung und Gebrauchsanweisung<\/strong><\/h3>\n<p>For those new to psilocybin, it&#8217;s recommended to start with half a gummy to assess tolerance. Experienced users may consume one to two gummies based on their preference. Allow up to 45 minutes for the effects to start before considering an additional dose.<\/p>\n<h3><strong>Inhaltsstoffe<\/strong><\/h3>\n<ul>\n<li>Zucker<\/li>\n<li>Gelatine<\/li>\n<li>Maissirup<\/li>\n<li>Zitronens\u00e4ure<\/li>\n<li>Nat\u00fcrliche und k\u00fcnstliche Aromastoffe<\/li>\n<li>K\u00fcnstliche Farbe<\/li>\n<li>Kokosnuss\u00f6l<\/li>\n<li>Psilocybin-Pilze<\/li>\n<\/ul>\n<h3><strong>Gesundheitliche Vorteile<\/strong><\/h3>\n<p>Der Verzehr von INfinite Rx Shroom Infused Albino Penis Envy Gummies kann zahlreiche Vorteile bieten, darunter eine gesteigerte Kreativit\u00e4t, eine verbesserte Stimmung und potenzielle therapeutische Wirkungen bei psychischen Erkrankungen wie Depressionen und PTBS. Die Sorte Albino Penis Envy ist besonders f\u00fcr ihre Potenz und ihre einzigartigen psychotropen Eigenschaften bekannt, was diese Gummis zu einem m\u00e4chtigen Werkzeug f\u00fcr pers\u00f6nliche Erkundung und Wachstum macht.<\/p>\n<h3><strong>Erfahrungsberichte von Benutzern<\/strong><\/h3>\n<ul>\n<li><strong>Lynda F.<\/strong> &#8211; &#8220;These gummies are amazing! The taste is fantastic, and the effects are just what I needed for my spiritual journey. Highly recommend for anyone experienced with psychedelics.&#8221;<\/li>\n<li><strong>Daniel M.<\/strong> &#8211; &#8220;Took two gummies and felt incredible. Planning to try four next time. These are perfect for a controlled, enjoyable trip.&#8221;<\/li>\n<\/ul>\n<h3><strong>Zus\u00e4tzliche Informationen<\/strong><\/h3>\n<ul>\n<li><strong>Lagerung<\/strong>: An einem k\u00fchlen, trockenen Ort und vor direkter Sonneneinstrahlung gesch\u00fctzt lagern, um die Wirksamkeit und Frische zu erhalten.<\/li>\n<li><strong>Warnung<\/strong>: Au\u00dferhalb der Reichweite von Kindern und Haustieren aufbewahren. Nicht verzehren, wenn Sie schwanger sind oder stillen. Wenden Sie sich an Ihren Arzt, wenn Sie an einer Krankheit leiden oder Medikamente einnehmen.<\/li>\n<\/ul>\n<h3><strong>Verwandte Produkte<\/strong><\/h3>\n<ul>\n<li><strong>INfinite Rx Shroom Infused Heart Gummies<\/strong>: Eine kleinere Dosisoption f\u00fcr diejenigen, die eine Mikrodosierung w\u00fcnschen oder eine leichtere Erfahrung suchen.<\/li>\n<li><strong>Wunder-Psilocybin-Schokoriegel<\/strong>: F\u00fcr alle, die Schokolade den Gummib\u00e4rchen vorziehen, bieten diese Riegel eine k\u00f6stliche Alternative.<\/li>\n<\/ul>\n<h3><strong>Schlussfolgerung<\/strong><\/h3>\n<p>INfinite Rx Shroom Infused Albino Penis Envy Gummies bieten ein hervorragendes Psilocybin-Erlebnis, das Potenz, Geschmack und Bequemlichkeit vereint. Egal ob Du ein erfahrener Psychonaut bist oder Deine psychedelische Praxis vertiefen m\u00f6chtest, diese Gummis sind eine ausgezeichnete Wahl. Erh\u00f6hen Sie Ihre Reise mit der bew\u00e4hrten Qualit\u00e4t von INfinite Rx.<\/p>\n<p>F\u00fcr weitere Informationen oder um etwas zu kaufen, besuchen Sie unsere <a href=\"https:\/\/shroomschocolatebars.com\/de\/shop\/\">Shop-Seite\u00a0<\/a><\/p>\n<p>By optimizing your product description with relevant keywords and phrases such as &#8220;Albino Penis Envy gummies,&#8221; &#8220;psilocybin-infused,&#8221; and &#8220;magic mushrooms,&#8221; you can enhance your search engine rankings and attract more customers searching for these specific products\u200b.<\/p>","protected":false},"excerpt":{"rendered":"<p class=\"product_title entry-title\"><strong>INfinite Rx Shroom Infused Albino Penis Envy Edition Large Heart Gummies Edibles (4000mg)<\/strong><\/p>\n<p>&nbsp;<\/p>","protected":false},"featured_media":922,"comment_status":"open","ping_status":"closed","template":"","meta":[],"product_brand":[],"product_cat":[234],"product_tag":[],"class_list":{"0":"post-924","1":"product","2":"type-product","3":"status-publish","4":"has-post-thumbnail","6":"product_cat-buy-lsd-sheets-online","8":"first","9":"instock","10":"shipping-taxable","11":"purchasable","12":"product-type-simple"},"jetpack_sharing_enabled":true,"_links":{"self":[{"href":"https:\/\/shroomschocolatebars.com\/de\/wp-json\/wp\/v2\/product\/924","targetHints":{"allow":["GET"]}}],"collection":[{"href":"https:\/\/shroomschocolatebars.com\/de\/wp-json\/wp\/v2\/product"}],"about":[{"href":"https:\/\/shroomschocolatebars.com\/de\/wp-json\/wp\/v2\/types\/product"}],"replies":[{"embeddable":true,"href":"https:\/\/shroomschocolatebars.com\/de\/wp-json\/wp\/v2\/comments?post=924"}],"wp:featuredmedia":[{"embeddable":true,"href":"https:\/\/shroomschocolatebars.com\/de\/wp-json\/wp\/v2\/media\/922"}],"wp:attachment":[{"href":"https:\/\/shroomschocolatebars.com\/de\/wp-json\/wp\/v2\/media?parent=924"}],"wp:term":[{"taxonomy":"product_brand","embeddable":true,"href":"https:\/\/shroomschocolatebars.com\/de\/wp-json\/wp\/v2\/product_brand?post=924"},{"taxonomy":"product_cat","embeddable":true,"href":"https:\/\/shroomschocolatebars.com\/de\/wp-json\/wp\/v2\/product_cat?post=924"},{"taxonomy":"product_tag","embeddable":true,"href":"https:\/\/shroomschocolatebars.com\/de\/wp-json\/wp\/v2\/product_tag?post=924"}],"curies":[{"name":"wp","href":"https:\/\/api.w.org\/{rel}","templated":true}]}}