{"id":918,"date":"2022-05-26T02:14:27","date_gmt":"2022-05-26T02:14:27","guid":{"rendered":"https:\/\/shroomschocolatebars.com\/?post_type=product&#038;p=918"},"modified":"2024-09-01T01:12:07","modified_gmt":"2024-09-01T01:12:07","slug":"seremoni-psilocybin-schokoriegel-meersalz-goldene-lehrer-pilze-2","status":"publish","type":"product","link":"https:\/\/shroomschocolatebars.com\/de\/product\/seremoni-psilocybin-chocolate-bar-sea-salt-golden-teacher-mushrooms\/","title":{"rendered":"Seremoni Psilocybin Chocolate Bar Sea Salt &#038; Golden Teacher Mushrooms"},"content":{"rendered":"<h3><strong>Seremoni Psilocybin-Schokoladenriegel Meersalz &amp; Goldene Lehrerpilze<\/strong><\/h3>\n<hr \/>\n<h4><strong>Einf\u00fchrung<\/strong><\/h4>\n<p>Die <strong>Seremoni Psilocybin-Schokoladenriegel (Meersalz &amp; Goldene Lehrerpilze)<\/strong> ist eine Premiummischung f\u00fcr alle, die eine einzigartige und anspruchsvolle Psilocybin-Erfahrung suchen. Diese Schokoladentafel kombiniert den reichhaltigen Geschmack von fair gehandeltem Bio-Kakao mit dem subtilen Knuspern von Meersalz und der starken Wirkung von Golden Teacher Pilzen und bietet sowohl k\u00f6stlichen Geschmack als auch eine unvergessliche Reise.<\/p>\n<h4><strong>Wesentliche Merkmale<\/strong><\/h4>\n<ol>\n<li><strong>Inhaltsstoffe und Geschmacksprofil<\/strong>:\n<ul>\n<li><strong>Fair gehandelter Bio-Kakao<\/strong>: Aus nachhaltigen Betrieben, die Qualit\u00e4t und ethische Standards gew\u00e4hrleisten.<\/li>\n<li><strong>Meersalz<\/strong>: Sorgt f\u00fcr ein zartes Knuspern und verbessert den Gesamtgeschmack.<\/li>\n<li><strong>Goldener Lehrer Pilze<\/strong>: Bekannt f\u00fcr ihre best\u00e4ndige Potenz und erhellende Wirkung.<\/li>\n<li><strong>Zus\u00e4tzliche Inhaltsstoffe<\/strong>: Kakaobohnen, Zucker, Kakaobutter, P. Cubensis (Goldener Lehrer), Sojalecithin, Vanille. Kann Spuren von Milch und N\u00fcssen enthalten.<\/li>\n<\/ul>\n<\/li>\n<li><strong>Dosierung und Verwendung<\/strong>:\n<ul>\n<li>Jeder Riegel enth\u00e4lt 3 Gramm Golden Teacher Pilze.<\/li>\n<li>Aufgeteilt in 15 St\u00fccke, bietet jedes St\u00fcck eine Dosis von 200 mg.<\/li>\n<li>Empfohlene Dosierung: Beginnen Sie niedrig und gehen Sie langsam vor. Warten Sie 20-40 Minuten, bis die Wirkung eintritt.<\/li>\n<\/ul>\n<\/li>\n<li><strong>Form und Verpackung<\/strong>:\n<ul>\n<li>50-Gramm-Tafel aus temperierter Zartbitterschokolade.<\/li>\n<li>Einfach zu verwenden und ideal f\u00fcr Mikrodosierung und gemeinsame Nutzung.<\/li>\n<li>Diskrete, vakuumversiegelte Verpackung, um Frische und Privatsph\u00e4re zu bewahren.<\/li>\n<\/ul>\n<\/li>\n<li><strong>Lagerung und Handhabung<\/strong>:\n<ul>\n<li>Due to the sensitive nature of chocolate, especially during warmer months, it&#8217;s recommended to store the bar in a cool, dry place.<\/li>\n<li>K\u00fchlakkus und isolierte Versandtaschen sind im Lieferumfang enthalten, um ein Schmelzen w\u00e4hrend des Versands zu verhindern.<\/li>\n<\/ul>\n<\/li>\n<\/ol>\n<h4><strong>Vorteile und Erfahrungen<\/strong><\/h4>\n<p>Die <strong>Seremoni Psilocybin-Schokoriegel<\/strong> ist perfekt f\u00fcr diejenigen, die die Vorteile von Psilocybin auf kontrollierte und angenehme Weise erkunden wollen. Die Pilze des Goldenen Lehrers sind bekannt f\u00fcr ihre F\u00e4higkeit, Introspektion, Kreativit\u00e4t und spirituelle Einsicht zu f\u00f6rdern. In Kombination mit dem luxuri\u00f6sen Geschmack von Zartbitterschokolade und Meersalz erwartet den Konsumenten ein ganzheitliches Erlebnis, das die Geschmacksknospen verw\u00f6hnt und gleichzeitig einen sanften, erleuchtenden Trip bietet. Seremoni Psilocybin-Schokoladenriegel Meersalz &amp; Goldene Lehrerpilze<\/p>\n<h3><\/h3>\n<h4>Wie zu verwenden<\/h4>\n<ol>\n<li><strong>Mikrodosierung<\/strong>:\n<ul>\n<li>Ideal, um die t\u00e4glichen Aktivit\u00e4ten zu verbessern, die Kreativit\u00e4t zu steigern und die Stimmung zu verbessern, ohne intensive psychedelische Effekte.<\/li>\n<li>Verzehren Sie ein St\u00fcck (200 mg) als Teil Ihres Mikrodosierungsregimes.<\/li>\n<\/ul>\n<\/li>\n<li><strong>Volle Dosis<\/strong>:\n<ul>\n<li>F\u00fcr ein intensiveres Erlebnis sollten Sie je nach Ihrer Vertr\u00e4glichkeit und der gew\u00fcnschten Intensit\u00e4t mehrere St\u00fccke konsumieren.<\/li>\n<li>Always start with a lower dose to gauge your body&#8217;s response before increasing.<\/li>\n<\/ul>\n<\/li>\n<li><strong>Sicherheit und Vorsichtsma\u00dfnahmen<\/strong>:\n<ul>\n<li>Au\u00dferhalb der Reichweite von Kindern aufbewahren.<\/li>\n<li>Bewahren Sie es an einem sicheren Ort und vor direkter Sonneneinstrahlung gesch\u00fctzt auf.<\/li>\n<li>Achten Sie bei der Bestellung auf das \u00f6rtliche Wetter, um ein Schmelzen zu vermeiden.<\/li>\n<\/ul>\n<\/li>\n<\/ol>\n<h4><strong>Kundenrezensionen und Testimonials<\/strong><\/h4>\n<p>Viele Nutzer haben den Seremoni Psilocybin-Schokoriegel f\u00fcr seinen au\u00dfergew\u00f6hnlichen Geschmack und seine zuverl\u00e4ssige Wirkung gelobt. Die Mischung aus Meersalz und reichhaltigem Kakao erg\u00e4nzt die erdigen Untert\u00f6ne der Golden Teacher Pilze und sorgt f\u00fcr ein angenehmes sensorisches Erlebnis.<\/p>\n<blockquote><p>&#8220;The best way to enjoy my psilocybin journey! The taste is incredible, and the effects are just as described \u2013 mellow and enlightening.&#8221; &#8211; <strong>Zufriedener Kunde<\/strong><\/p><\/blockquote>\n<blockquote><p>&#8220;Perfect for microdosing. I love that each piece is precisely dosed, making it easy to control my intake.&#8221; &#8211; <strong>Gl\u00fccklicher Benutzer<\/strong><\/p><\/blockquote>\n<p>F\u00fcr weitere Informationen und zum Kauf besuchen Sie unsere Produktseite unter <a href=\"https:\/\/shroomschocolatebars.com\/de\/\" target=\"_new\" rel=\"noreferrer noopener\">shroomschocolatebars.com<\/a>\u200b<span class=\"\" data-state=\"closed\"><span class=\"text-token-text-secondary\">\u00a0<\/span><\/span><\/p>","protected":false},"excerpt":{"rendered":"<h4><strong>Kauf- und Versanddetails<\/strong><\/h4>\n<ul>\n<li><strong>Preis<\/strong>: $75.00 pro St\u00fcck.<\/li>\n<li><strong>Versand<\/strong>: Kostenloser Eilversand<\/li>\n<li><strong>Verpackung<\/strong>: Diskret und vakuumversiegelt f\u00fcr Privatsph\u00e4re und Frische.<\/li>\n<\/ul>","protected":false},"featured_media":1075,"comment_status":"open","ping_status":"closed","template":"","meta":[],"product_brand":[],"product_cat":[35],"product_tag":[],"class_list":{"0":"post-918","1":"product","2":"type-product","3":"status-publish","4":"has-post-thumbnail","6":"product_cat-mushroom-chocolate-bars","8":"first","9":"instock","10":"shipping-taxable","11":"purchasable","12":"product-type-simple"},"jetpack_sharing_enabled":true,"_links":{"self":[{"href":"https:\/\/shroomschocolatebars.com\/de\/wp-json\/wp\/v2\/product\/918","targetHints":{"allow":["GET"]}}],"collection":[{"href":"https:\/\/shroomschocolatebars.com\/de\/wp-json\/wp\/v2\/product"}],"about":[{"href":"https:\/\/shroomschocolatebars.com\/de\/wp-json\/wp\/v2\/types\/product"}],"replies":[{"embeddable":true,"href":"https:\/\/shroomschocolatebars.com\/de\/wp-json\/wp\/v2\/comments?post=918"}],"wp:featuredmedia":[{"embeddable":true,"href":"https:\/\/shroomschocolatebars.com\/de\/wp-json\/wp\/v2\/media\/1075"}],"wp:attachment":[{"href":"https:\/\/shroomschocolatebars.com\/de\/wp-json\/wp\/v2\/media?parent=918"}],"wp:term":[{"taxonomy":"product_brand","embeddable":true,"href":"https:\/\/shroomschocolatebars.com\/de\/wp-json\/wp\/v2\/product_brand?post=918"},{"taxonomy":"product_cat","embeddable":true,"href":"https:\/\/shroomschocolatebars.com\/de\/wp-json\/wp\/v2\/product_cat?post=918"},{"taxonomy":"product_tag","embeddable":true,"href":"https:\/\/shroomschocolatebars.com\/de\/wp-json\/wp\/v2\/product_tag?post=918"}],"curies":[{"name":"wp","href":"https:\/\/api.w.org\/{rel}","templated":true}]}}