{"id":608,"date":"2022-03-23T09:42:18","date_gmt":"2022-03-23T09:42:18","guid":{"rendered":"https:\/\/shroomschocolatebars.com\/?post_type=product&#038;p=608"},"modified":"2024-09-01T01:05:02","modified_gmt":"2024-09-01T01:05:02","slug":"wo-kann-man-enoki-pilze-kaufen","status":"publish","type":"product","link":"https:\/\/shroomschocolatebars.com\/de\/product\/cambodian-magic-mushrooms\/","title":{"rendered":"Kambodschanische Magic Mushrooms"},"content":{"rendered":"<h3><strong>Kambodschanische Magic Mushrooms kaufen<\/strong><\/h3>\n<p>Welcome to your gateway to exploring the extraordinary and mystical effects of Cambodian Magic Mushrooms. Whether you&#8217;re a seasoned psychonaut or a curious explorer, buying Cambodian Magic Mushrooms can offer a unique and enriching experience. Known for their vibrant effects and potent qualities, these mushrooms are sought after by enthusiasts around the globe. This guide provides you with everything you need to know about Cambodian Magic Mushrooms, from their origins and benefits to where and how you can purchase them safely and legally.<\/p>\n<h4><strong>Was sind kambodschanische Magic Mushrooms?<\/strong><\/h4>\n<p>Kambodschanische Magic Mushrooms, wissenschaftlich klassifiziert als <em>Psilocybe cubensis<\/em>sind f\u00fcr ihre bemerkenswerten Wirkungen und ihre reiche Geschichte bekannt. Diese Pilze stammen aus den fruchtbaren B\u00f6den Kambodschas und werden seit Jahrhunderten in traditionellen Zeremonien und spirituellen Praktiken verwendet. Sie sind f\u00fcr ihre starken psychoaktiven Eigenschaften bekannt und werden oft von denjenigen gesucht, die tiefe pers\u00f6nliche Einsichten oder ein erh\u00f6htes Gef\u00fchl der Verbundenheit suchen.<\/p>\n<h4><strong>Die einzigartigen Vorteile der kambodschanischen Magic Mushrooms<\/strong><\/h4>\n<ol>\n<li><strong>Gesteigerte Kreativit\u00e4t und Einsicht<\/strong>: Viele Nutzer berichten, dass sie einen Schub an Kreativit\u00e4t und geistiger Klarheit erleben. Die oft erlebten visuellen und auditiven Halluzinationen k\u00f6nnen zu innovativen Ideen und einem tieferen Verst\u00e4ndnis pers\u00f6nlicher und universeller Konzepte f\u00fchren.<\/li>\n<li><strong>Emotionale Heilung<\/strong>: Kambodschanische Magic Mushrooms k\u00f6nnen die emotionale Heilung erleichtern, indem sie es den Konsumenten erm\u00f6glichen, tief sitzende Gef\u00fchle zu konfrontieren und zu verarbeiten. Dies kann besonders f\u00fcr diejenigen von Vorteil sein, die ein vergangenes Trauma oder aktuelle psychologische Probleme verarbeiten wollen.<\/li>\n<li><strong>Geistliches Wachstum<\/strong>: Die psychedelische Reise, die kambodschanische Magic Mushrooms bieten, f\u00fchrt oft zu tiefgreifenden spirituellen Erfahrungen. Die Konsumenten beschreiben h\u00e4ufig ein Gef\u00fchl der Einheit mit dem Universum und ein erweitertes Bewusstsein, das zu pers\u00f6nlichem Wachstum und Erleuchtung beitragen kann.<\/li>\n<li><strong>Verbesserte Sinneswahrnehmung<\/strong>: Die Pilze sind daf\u00fcr bekannt, dass sie die Sinneswahrnehmungen verst\u00e4rken, indem sie Farben lebendiger und Kl\u00e4nge intensiver erscheinen lassen. Diese Sinnesverbesserung kann zu einem intensiveren und fesselnden Erlebnis f\u00fchren.<\/li>\n<\/ol>\n<h4><strong>Warum kambodschanische Magic Mushrooms w\u00e4hlen?<\/strong><\/h4>\n<p><strong>1. Bew\u00e4hrte Potenz:<\/strong> Kambodschanische Magic Mushrooms sind f\u00fcr ihre Potenz und Wirksamkeit bekannt. Die Konsumenten berichten durchweg von starken, lebendigen Erfahrungen, was sie zu einer beliebten Wahl unter erfahrenen Psychonauten macht.<\/p>\n<p><strong>2. Reicher historischer Hintergrund:<\/strong> With a heritage rooted in ancient Cambodian traditions, these mushrooms offer more than just a psychedelic experience\u2014they provide a connection to a rich cultural history.<\/p>\n<p><strong>3. Gleichbleibende Qualit\u00e4t:<\/strong> Die kambodschanischen Magic Mushrooms stammen aus etablierten Regionen und sind f\u00fcr ihre hohe Qualit\u00e4t und gleichbleibende Wirkung bekannt, die bei jedem Konsum ein zuverl\u00e4ssiges Erlebnis garantiert.<\/p>\n<h3><strong>Warum uns w\u00e4hlen?<\/strong><\/h3>\n<p>Bei shroomschocolatebars sind wir stolz darauf, nur die besten Penis Envy Magic Mushrooms anzubieten. Unser Engagement f\u00fcr Qualit\u00e4t und Kundenzufriedenheit zeichnet uns aus. Wir bieten:<\/p>\n<ul>\n<li><strong>Transparenz:<\/strong>\u00a0Full details about our cultivation process and third-party testing results ensure you know exactly what you\u2019re getting.<\/li>\n<li><strong><a href=\"https:\/\/shroomschocolatebars.com\/de\/schifffahrtspolitik\/\">Diskreter Versand<\/a>:<\/strong>\u00a0Mit diskreter Verpackung und sicheren Versandmethoden legen wir Wert auf Ihre Privatsph\u00e4re.<\/li>\n<li><strong><a href=\"https:\/\/shroomschocolatebars.com\/de\/kontaktieren-sie-uns\/\">Kundenbetreuung<\/a>:<\/strong>\u00a0Unser sachkundiges und freundliches Kundenbetreuungsteam steht Ihnen bei allen Fragen und Anliegen zur Seite.<\/li>\n<\/ul>\n<h4><strong>Wie man kambodschanische Zauberpilze sicher und legal kauft<\/strong><\/h4>\n<p>When purchasing Cambodian Magic Mushrooms, it&#8217;s essential to prioritize safety and legality. Here are some tips to ensure you make a safe and informed purchase:<\/p>\n<ol>\n<li><strong>W\u00e4hlen Sie seri\u00f6se Quellen:<\/strong> Kaufen Sie bei vertrauensw\u00fcrdigen Anbietern, die einen guten Ruf f\u00fcr Qualit\u00e4t und Sicherheit haben. Achten Sie auf Bewertungen und Feedback von anderen Kunden, um die Zuverl\u00e4ssigkeit der Quelle zu beurteilen.<\/li>\n<li><strong>Rechtsstatus pr\u00fcfen:<\/strong> Ensure that the purchase and use of Cambodian Magic Mushrooms are legal in your jurisdiction. Laws vary widely, so it&#8217;s crucial to be aware of local regulations.<\/li>\n<li><strong>\u00dcberpr\u00fcfen Sie die Qualit\u00e4t:<\/strong> Look for sources that provide detailed information about the mushrooms&#8217; cultivation and quality control practices. High-quality Cambodian Magic Mushrooms should be fresh, properly stored, and free from contaminants.<\/li>\n<li><strong>Verstehen Sie die Dosierung:<\/strong> Familiarize yourself with recommended dosages and effects. Overconsumption can lead to unpleasant experiences, so it&#8217;s essential to start with a lower dose and adjust as needed.<\/li>\n<li><strong>Diskretion hat Vorrang:<\/strong> If you&#8217;re concerned about privacy, look for vendors that offer discreet packaging and delivery options.<\/li>\n<\/ol>\n<h4><strong>Wo kann man kambodschanische Magic Mushrooms kaufen?<\/strong><\/h4>\n<p>Mehrere Online-Plattformen sind auf den Verkauf von kambodschanischen Zauberpilzen spezialisiert. Achten Sie bei der Auswahl eines Anbieters auf die folgenden Punkte:<\/p>\n<ul>\n<li><strong>Vertrauensw\u00fcrdige Online-Dispenser:<\/strong> Viele Online-Apotheken bieten eine breite Palette von Magic Mushrooms an, darunter auch kambodschanische Sorten. Vergewissern Sie sich, dass die Apotheke seri\u00f6s ist und positive Kundenrezensionen hat.<\/li>\n<li><strong>Fachgesch\u00e4fte:<\/strong> Einige Gesch\u00e4fte konzentrieren sich ausschlie\u00dflich auf psychedelische Produkte und bieten eine kuratierte Auswahl an kambodschanischen Magic Mushrooms an. Diese Gesch\u00e4fte bieten oft detaillierte Produktbeschreibungen und Kundenbetreuung.<\/li>\n<li><strong>Lokale Quellen:<\/strong> Je nach Ihrem Wohnort k\u00f6nnen Sie lokale Quellen f\u00fcr kambodschanische Magic Mushrooms finden. Achten Sie jedoch darauf, dass diese Quellen legal und vertrauensw\u00fcrdig sind.<\/li>\n<\/ul>\n<h4><strong>Kundenrezensionen und Testimonials<\/strong><\/h4>\n<p>Kundenrezensionen k\u00f6nnen wertvolle Einblicke in die Qualit\u00e4t und Wirkung von kambodschanischen Zauberpilzen bieten. Achten Sie auf das Feedback anderer Nutzer, um deren Erfahrungen zu verstehen und die Zuverl\u00e4ssigkeit der verschiedenen Anbieter zu beurteilen. Positive Bewertungen heben oft die Potenz, Zuverl\u00e4ssigkeit und allgemeine Zufriedenheit mit dem Produkt hervor.<\/p>\n<h4><strong>Schlussfolgerung<\/strong><\/h4>\n<p>Der Kauf von kambodschanischen Zauberpilzen kann eine aufregende und transformative Reise sein. Mit ihrer starken Wirkung, ihrer reichen Geschichte und ihrem Potenzial f\u00fcr pers\u00f6nliches Wachstum bieten diese Pilze eine einzigartige Erfahrung f\u00fcr diejenigen, die bereit sind, ihre Tiefen zu erforschen. Wenn Sie die Richtlinien f\u00fcr einen sicheren und legalen Kauf befolgen, k\u00f6nnen Sie ein lohnendes und erhellendes Abenteuer erleben.<\/p>","protected":false},"excerpt":{"rendered":"<p><strong>Kaufen Sie die besten kambodschanischen Magic Mushrooms<\/strong><\/p>\n<p><strong><u>Mehr kaufen, mehr sparen:<\/u><\/strong><\/p>\n<ul>\n<li>28 Gramm = $170<\/li>\n<\/ul>\n<p><strong>Details zum Versand<\/strong>:<\/p>\n<ul>\n<li>Kostenloser Eilversand<\/li>\n<li>Wir versenden weltweit mit einer Tracking-Nummer zur Verf\u00fcgung gestellt<\/li>\n<li>Diskrete und vakuumversiegelte Verpackung f\u00fcr Ihre Privatsph\u00e4re<\/li>\n<\/ul>","protected":false},"featured_media":932,"comment_status":"open","ping_status":"closed","template":"","meta":[],"product_brand":[],"product_cat":[45],"product_tag":[],"class_list":{"0":"post-608","1":"product","2":"type-product","3":"status-publish","4":"has-post-thumbnail","6":"product_cat-magic-mushroom","8":"first","9":"instock","10":"shipping-taxable","11":"purchasable","12":"product-type-simple"},"jetpack_sharing_enabled":true,"_links":{"self":[{"href":"https:\/\/shroomschocolatebars.com\/de\/wp-json\/wp\/v2\/product\/608","targetHints":{"allow":["GET"]}}],"collection":[{"href":"https:\/\/shroomschocolatebars.com\/de\/wp-json\/wp\/v2\/product"}],"about":[{"href":"https:\/\/shroomschocolatebars.com\/de\/wp-json\/wp\/v2\/types\/product"}],"replies":[{"embeddable":true,"href":"https:\/\/shroomschocolatebars.com\/de\/wp-json\/wp\/v2\/comments?post=608"}],"wp:featuredmedia":[{"embeddable":true,"href":"https:\/\/shroomschocolatebars.com\/de\/wp-json\/wp\/v2\/media\/932"}],"wp:attachment":[{"href":"https:\/\/shroomschocolatebars.com\/de\/wp-json\/wp\/v2\/media?parent=608"}],"wp:term":[{"taxonomy":"product_brand","embeddable":true,"href":"https:\/\/shroomschocolatebars.com\/de\/wp-json\/wp\/v2\/product_brand?post=608"},{"taxonomy":"product_cat","embeddable":true,"href":"https:\/\/shroomschocolatebars.com\/de\/wp-json\/wp\/v2\/product_cat?post=608"},{"taxonomy":"product_tag","embeddable":true,"href":"https:\/\/shroomschocolatebars.com\/de\/wp-json\/wp\/v2\/product_tag?post=608"}],"curies":[{"name":"wp","href":"https:\/\/api.w.org\/{rel}","templated":true}]}}